{"id":87,"date":"2013-09-19T07:04:23","date_gmt":"2013-09-19T07:04:23","guid":{"rendered":"http:\/\/sandbox.ocean-vida.com\/fr\/?page_id=87"},"modified":"2016-10-03T01:06:53","modified_gmt":"2016-10-03T01:06:53","slug":"family-rooms","status":"publish","type":"page","link":"http:\/\/ocean-vida.com\/fr\/accomodation\/family-rooms\/","title":{"rendered":"Chambres Familiar"},"content":{"rendered":"<h2>Chambres Familiales<\/h2>\n<p>Ces chambres font partie des chambres avec vue sur le jardin et sont parfaites pour accueillir les familles ayant plus d&#8217;un enfant. Une combinaison de deux chambres avec vue sur le jardin ayant une porte d&#8217;acc\u00e8s permettant le passage de l&#8217;une \u00e0 l&#8217;autre compose nos chambres familiales. Parents et enfants ont donc leur propre chambre, lit et salle de bain. Les chambres peuvent facilement accommoder jusqu&#8217;\u00e0 deux adultes et quatres enfants, pour autant qu&#8217;un des enfants reste avec les parents. Les chambres familiales sont \u00e9galement dot\u00e9es d&#8217;un air climatis\u00e9, ventilateur, coffre-fort, mini-bar, douche chaude et froide ainsi que de serviettes de plage.<\/p>\n\n\t\t<style type=\"text\/css\">\n\t\t\t#gallery-1 {\n\t\t\t\tmargin: auto;\n\t\t\t}\n\t\t\t#gallery-1 .gallery-item {\n\t\t\t\tfloat: left;\n\t\t\t\tmargin-top: 10px;\n\t\t\t\ttext-align: center;\n\t\t\t\twidth: 50%;\n\t\t\t}\n\t\t\t#gallery-1 img {\n\t\t\t\tborder: 2px solid #cfcfcf;\n\t\t\t}\n\t\t\t#gallery-1 .gallery-caption {\n\t\t\t\tmargin-left: 0;\n\t\t\t}\n\t\t\t\/* see gallery_shortcode() in wp-includes\/media.php *\/\n\t\t<\/style>\n\t\t<div id='gallery-1' class='gallery galleryid-87 gallery-columns-2 gallery-size-medium'><dl class='gallery-item'>\n\t\t\t<dt class='gallery-icon landscape'>\n\t\t\t\t<a href='http:\/\/ocean-vida.com\/fr\/files\/2013\/09\/Family-Room-Ocean-Vida.jpg' rel=\"lightbox[87]\"><img loading=\"lazy\" decoding=\"async\" width=\"300\" height=\"214\" src=\"http:\/\/ocean-vida.com\/fr\/files\/2013\/09\/Family-Room-Ocean-Vida-300x214.jpg\" class=\"attachment-medium size-medium\" alt=\"Family-Room-Ocean-Vida\" \/><\/a>\n\t\t\t<\/dt><\/dl><dl class='gallery-item'>\n\t\t\t<dt class='gallery-icon landscape'>\n\t\t\t\t<a href='http:\/\/ocean-vida.com\/fr\/files\/2013\/09\/Family-Room-2-Ocean-Vida.jpg' rel=\"lightbox[87]\"><img loading=\"lazy\" decoding=\"async\" width=\"300\" height=\"214\" src=\"http:\/\/ocean-vida.com\/fr\/files\/2013\/09\/Family-Room-2-Ocean-Vida-300x214.jpg\" class=\"attachment-medium size-medium\" alt=\"Family-Room-2-Ocean-Vida\" \/><\/a>\n\t\t\t<\/dt><\/dl><br style=\"clear: both\" \/><dl class='gallery-item'>\n\t\t\t<dt class='gallery-icon landscape'>\n\t\t\t\t<a href='http:\/\/ocean-vida.com\/fr\/files\/2013\/09\/Family-Room-Ocean-Vida-3.jpg' rel=\"lightbox[87]\"><img loading=\"lazy\" decoding=\"async\" width=\"300\" height=\"214\" src=\"http:\/\/ocean-vida.com\/fr\/files\/2013\/09\/Family-Room-Ocean-Vida-3-300x214.jpg\" class=\"attachment-medium size-medium\" alt=\"Family-Room-Ocean-Vida-3\" \/><\/a>\n\t\t\t<\/dt><\/dl><dl class='gallery-item'>\n\t\t\t<dt class='gallery-icon landscape'>\n\t\t\t\t<a href='http:\/\/ocean-vida.com\/fr\/files\/2013\/09\/Family-Room-Garden-Ocean-Vida.jpg' rel=\"lightbox[87]\"><img loading=\"lazy\" decoding=\"async\" width=\"300\" height=\"214\" src=\"http:\/\/ocean-vida.com\/fr\/files\/2013\/09\/Family-Room-Garden-Ocean-Vida-300x214.jpg\" class=\"attachment-medium size-medium\" alt=\"Family-Room-Garden-Ocean-Vida\" \/><\/a>\n\t\t\t<\/dt><\/dl><br style=\"clear: both\" \/>\n\t\t<\/div>\n\n","protected":false},"excerpt":{"rendered":"<p>Chambres Familiales Ces chambres font partie des chambres avec vue sur le jardin et sont parfaites pour accueillir les familles ayant plus d&#8217;un enfant. Une combinaison de deux chambres avec vue sur le jardin ayant une porte d&#8217;acc\u00e8s permettant le passage de l&#8217;une \u00e0 l&#8217;autre compose nos chambres familiales. Parents et enfants ont donc leur propre chambre, lit et salle&nbsp;<a href=\"http:\/\/ocean-vida.com\/fr\/accomodation\/family-rooms\/\" class=\"read-more\">Continue Reading<\/a><\/p>\n","protected":false},"author":1,"featured_media":0,"parent":17,"menu_order":3,"comment_status":"open","ping_status":"open","template":"","meta":{"footnotes":""},"class_list":["post-87","page","type-page","status-publish","hentry"],"yoast_head":"<!-- This site is optimized with the Yoast SEO plugin v26.4 - https:\/\/yoast.com\/wordpress\/plugins\/seo\/ -->\n<title>Chambres Familiar - Ocean Vida - French<\/title>\n<meta name=\"robots\" content=\"noindex, follow, max-snippet:-1, max-image-preview:large, max-video-preview:-1\" \/>\n<meta name=\"twitter:label1\" content=\"Est. reading time\" \/>\n\t<meta name=\"twitter:data1\" content=\"1 minute\" \/>\n<script type=\"application\/ld+json\" class=\"yoast-schema-graph\">{\"@context\":\"https:\/\/schema.org\",\"@graph\":[{\"@type\":\"WebPage\",\"@id\":\"https:\/\/ocean-vida.com\/fr\/accomodation\/family-rooms\/\",\"url\":\"https:\/\/ocean-vida.com\/fr\/accomodation\/family-rooms\/\",\"name\":\"Chambres Familiar - Ocean Vida - French\",\"isPartOf\":{\"@id\":\"http:\/\/ocean-vida.com\/fr\/#website\"},\"datePublished\":\"2013-09-19T07:04:23+00:00\",\"dateModified\":\"2016-10-03T01:06:53+00:00\",\"breadcrumb\":{\"@id\":\"https:\/\/ocean-vida.com\/fr\/accomodation\/family-rooms\/#breadcrumb\"},\"inLanguage\":\"en-US\",\"potentialAction\":[{\"@type\":\"ReadAction\",\"target\":[\"https:\/\/ocean-vida.com\/fr\/accomodation\/family-rooms\/\"]}]},{\"@type\":\"BreadcrumbList\",\"@id\":\"https:\/\/ocean-vida.com\/fr\/accomodation\/family-rooms\/#breadcrumb\",\"itemListElement\":[{\"@type\":\"ListItem\",\"position\":1,\"name\":\"Home\",\"item\":\"http:\/\/ocean-vida.com\/fr\/\"},{\"@type\":\"ListItem\",\"position\":2,\"name\":\"Chambres\",\"item\":\"https:\/\/ocean-vida.com\/fr\/accomodation\/\"},{\"@type\":\"ListItem\",\"position\":3,\"name\":\"Chambres Familiar\"}]},{\"@type\":\"WebSite\",\"@id\":\"http:\/\/ocean-vida.com\/fr\/#website\",\"url\":\"http:\/\/ocean-vida.com\/fr\/\",\"name\":\"Ocean Vida - French\",\"description\":\"Beach and Dive Resort\",\"potentialAction\":[{\"@type\":\"SearchAction\",\"target\":{\"@type\":\"EntryPoint\",\"urlTemplate\":\"http:\/\/ocean-vida.com\/fr\/?s={search_term_string}\"},\"query-input\":{\"@type\":\"PropertyValueSpecification\",\"valueRequired\":true,\"valueName\":\"search_term_string\"}}],\"inLanguage\":\"en-US\"}]}<\/script>\n<!-- \/ Yoast SEO plugin. -->","yoast_head_json":{"title":"Chambres Familiar - Ocean Vida - French","robots":{"index":"noindex","follow":"follow","max-snippet":"max-snippet:-1","max-image-preview":"max-image-preview:large","max-video-preview":"max-video-preview:-1"},"twitter_misc":{"Est. reading time":"1 minute"},"schema":{"@context":"https:\/\/schema.org","@graph":[{"@type":"WebPage","@id":"https:\/\/ocean-vida.com\/fr\/accomodation\/family-rooms\/","url":"https:\/\/ocean-vida.com\/fr\/accomodation\/family-rooms\/","name":"Chambres Familiar - Ocean Vida - French","isPartOf":{"@id":"http:\/\/ocean-vida.com\/fr\/#website"},"datePublished":"2013-09-19T07:04:23+00:00","dateModified":"2016-10-03T01:06:53+00:00","breadcrumb":{"@id":"https:\/\/ocean-vida.com\/fr\/accomodation\/family-rooms\/#breadcrumb"},"inLanguage":"en-US","potentialAction":[{"@type":"ReadAction","target":["https:\/\/ocean-vida.com\/fr\/accomodation\/family-rooms\/"]}]},{"@type":"BreadcrumbList","@id":"https:\/\/ocean-vida.com\/fr\/accomodation\/family-rooms\/#breadcrumb","itemListElement":[{"@type":"ListItem","position":1,"name":"Home","item":"http:\/\/ocean-vida.com\/fr\/"},{"@type":"ListItem","position":2,"name":"Chambres","item":"https:\/\/ocean-vida.com\/fr\/accomodation\/"},{"@type":"ListItem","position":3,"name":"Chambres Familiar"}]},{"@type":"WebSite","@id":"http:\/\/ocean-vida.com\/fr\/#website","url":"http:\/\/ocean-vida.com\/fr\/","name":"Ocean Vida - French","description":"Beach and Dive Resort","potentialAction":[{"@type":"SearchAction","target":{"@type":"EntryPoint","urlTemplate":"http:\/\/ocean-vida.com\/fr\/?s={search_term_string}"},"query-input":{"@type":"PropertyValueSpecification","valueRequired":true,"valueName":"search_term_string"}}],"inLanguage":"en-US"}]}},"_links":{"self":[{"href":"http:\/\/ocean-vida.com\/fr\/wp-json\/wp\/v2\/pages\/87","targetHints":{"allow":["GET"]}}],"collection":[{"href":"http:\/\/ocean-vida.com\/fr\/wp-json\/wp\/v2\/pages"}],"about":[{"href":"http:\/\/ocean-vida.com\/fr\/wp-json\/wp\/v2\/types\/page"}],"author":[{"embeddable":true,"href":"http:\/\/ocean-vida.com\/fr\/wp-json\/wp\/v2\/users\/1"}],"replies":[{"embeddable":true,"href":"http:\/\/ocean-vida.com\/fr\/wp-json\/wp\/v2\/comments?post=87"}],"version-history":[{"count":7,"href":"http:\/\/ocean-vida.com\/fr\/wp-json\/wp\/v2\/pages\/87\/revisions"}],"predecessor-version":[{"id":502,"href":"http:\/\/ocean-vida.com\/fr\/wp-json\/wp\/v2\/pages\/87\/revisions\/502"}],"up":[{"embeddable":true,"href":"http:\/\/ocean-vida.com\/fr\/wp-json\/wp\/v2\/pages\/17"}],"wp:attachment":[{"href":"http:\/\/ocean-vida.com\/fr\/wp-json\/wp\/v2\/media?parent=87"}],"curies":[{"name":"wp","href":"https:\/\/api.w.org\/{rel}","templated":true}]}}