{"id":75,"date":"2013-09-19T06:51:26","date_gmt":"2013-09-19T06:51:26","guid":{"rendered":"http:\/\/sandbox.ocean-vida.com\/fr\/?page_id=75"},"modified":"2016-10-03T00:59:47","modified_gmt":"2016-10-03T00:59:47","slug":"garden-view-rooms","status":"publish","type":"page","link":"http:\/\/ocean-vida.com\/fr\/accomodation\/garden-view-rooms\/","title":{"rendered":"Chambres vue jardin"},"content":{"rendered":"<h2>Chambres avec vue sur le jardin<\/h2>\n<p>Nos huit chambres avec vue sur le jardin, de dimension similaire \u00e0 nos chambres deluxes, sont situ\u00e9es \u00e0 l&#8217;arri\u00e8re de la r\u00e9ception. Vous y trouverez intimit\u00e9 et tranquilit\u00e9. Situ\u00e9es au rez-de-chauss\u00e9e, elles sont toutes \u00e9quip\u00e9es d&#8217;un air climatis\u00e9, ventilateur, coffre-fort, mini bar, douche chaude et froide, serviettes de plage ainsi que de th\u00e9 et caf\u00e9.<\/p>\n\n\t\t<style type=\"text\/css\">\n\t\t\t#gallery-1 {\n\t\t\t\tmargin: auto;\n\t\t\t}\n\t\t\t#gallery-1 .gallery-item {\n\t\t\t\tfloat: left;\n\t\t\t\tmargin-top: 10px;\n\t\t\t\ttext-align: center;\n\t\t\t\twidth: 50%;\n\t\t\t}\n\t\t\t#gallery-1 img {\n\t\t\t\tborder: 2px solid #cfcfcf;\n\t\t\t}\n\t\t\t#gallery-1 .gallery-caption {\n\t\t\t\tmargin-left: 0;\n\t\t\t}\n\t\t\t\/* see gallery_shortcode() in wp-includes\/media.php *\/\n\t\t<\/style>\n\t\t<div id='gallery-1' class='gallery galleryid-75 gallery-columns-2 gallery-size-medium'><dl class='gallery-item'>\n\t\t\t<dt class='gallery-icon landscape'>\n\t\t\t\t<a href='http:\/\/ocean-vida.com\/fr\/files\/2013\/09\/Garden-Room-Ocean-Vida-Malapscua1.jpg' rel=\"lightbox[75]\"><img loading=\"lazy\" decoding=\"async\" width=\"300\" height=\"214\" src=\"http:\/\/ocean-vida.com\/fr\/files\/2013\/09\/Garden-Room-Ocean-Vida-Malapscua1-300x214.jpg\" class=\"attachment-medium size-medium\" alt=\"Garden-Room-Ocean-Vida-Malapscua\" \/><\/a>\n\t\t\t<\/dt><\/dl><dl class='gallery-item'>\n\t\t\t<dt class='gallery-icon landscape'>\n\t\t\t\t<a href='http:\/\/ocean-vida.com\/fr\/files\/2013\/09\/Garden-Room-v2-Ocean-Vida-Malapscua.jpg' rel=\"lightbox[75]\"><img loading=\"lazy\" decoding=\"async\" width=\"300\" height=\"214\" src=\"http:\/\/ocean-vida.com\/fr\/files\/2013\/09\/Garden-Room-v2-Ocean-Vida-Malapscua-300x214.jpg\" class=\"attachment-medium size-medium\" alt=\"Garden Room Ocean Vida\" \/><\/a>\n\t\t\t<\/dt><\/dl><br style=\"clear: both\" \/><dl class='gallery-item'>\n\t\t\t<dt class='gallery-icon landscape'>\n\t\t\t\t<a href='http:\/\/ocean-vida.com\/fr\/files\/2013\/09\/Garden-Room-Bathroom.jpg' rel=\"lightbox[75]\"><img loading=\"lazy\" decoding=\"async\" width=\"300\" height=\"214\" src=\"http:\/\/ocean-vida.com\/fr\/files\/2013\/09\/Garden-Room-Bathroom-300x214.jpg\" class=\"attachment-medium size-medium\" alt=\"Garden Room Bathroom\" \/><\/a>\n\t\t\t<\/dt><\/dl><dl class='gallery-item'>\n\t\t\t<dt class='gallery-icon landscape'>\n\t\t\t\t<a href='http:\/\/ocean-vida.com\/fr\/files\/2013\/09\/Bathroom-Garden-Room-Ocean-Vida.jpg' rel=\"lightbox[75]\"><img loading=\"lazy\" decoding=\"async\" width=\"300\" height=\"214\" src=\"http:\/\/ocean-vida.com\/fr\/files\/2013\/09\/Bathroom-Garden-Room-Ocean-Vida-300x214.jpg\" class=\"attachment-medium size-medium\" alt=\"Bathroom-Garden-Room-Ocean-Vida\" \/><\/a>\n\t\t\t<\/dt><\/dl><br style=\"clear: both\" \/><dl class='gallery-item'>\n\t\t\t<dt class='gallery-icon landscape'>\n\t\t\t\t<a href='http:\/\/ocean-vida.com\/fr\/files\/2013\/09\/Garden-Room-Porch-Ocean-Vida-Malapscua.jpg' rel=\"lightbox[75]\"><img loading=\"lazy\" decoding=\"async\" width=\"300\" height=\"214\" src=\"http:\/\/ocean-vida.com\/fr\/files\/2013\/09\/Garden-Room-Porch-Ocean-Vida-Malapscua-300x214.jpg\" class=\"attachment-medium size-medium\" alt=\"Garden-Room-Porch-Ocean-Vida-Malapscua.\" \/><\/a>\n\t\t\t<\/dt><\/dl><dl class='gallery-item'>\n\t\t\t<dt class='gallery-icon landscape'>\n\t\t\t\t<a href='http:\/\/ocean-vida.com\/fr\/files\/2013\/09\/Malapascua_Resort_15_1600x10671.png' rel=\"lightbox[75]\"><img loading=\"lazy\" decoding=\"async\" width=\"300\" height=\"214\" src=\"http:\/\/ocean-vida.com\/fr\/files\/2013\/09\/Malapascua_Resort_15_1600x10671-300x214.png\" class=\"attachment-medium size-medium\" alt=\"\" \/><\/a>\n\t\t\t<\/dt><\/dl><br style=\"clear: both\" \/>\n\t\t<\/div>\n\n","protected":false},"excerpt":{"rendered":"<p>Chambres avec vue sur le jardin Nos huit chambres avec vue sur le jardin, de dimension similaire \u00e0 nos chambres deluxes, sont situ\u00e9es \u00e0 l&#8217;arri\u00e8re de la r\u00e9ception. Vous y trouverez intimit\u00e9 et tranquilit\u00e9. Situ\u00e9es au rez-de-chauss\u00e9e, elles sont toutes \u00e9quip\u00e9es d&#8217;un air climatis\u00e9, ventilateur, coffre-fort, mini bar, douche chaude et froide, serviettes de plage ainsi que de th\u00e9 et&nbsp;<a href=\"http:\/\/ocean-vida.com\/fr\/accomodation\/garden-view-rooms\/\" class=\"read-more\">Continue Reading<\/a><\/p>\n","protected":false},"author":1,"featured_media":0,"parent":17,"menu_order":2,"comment_status":"open","ping_status":"open","template":"","meta":{"footnotes":""},"class_list":["post-75","page","type-page","status-publish","hentry"],"yoast_head":"<!-- This site is optimized with the Yoast SEO plugin v26.4 - https:\/\/yoast.com\/wordpress\/plugins\/seo\/ -->\n<title>Chambres vue jardin - Ocean Vida - French<\/title>\n<meta name=\"robots\" content=\"noindex, follow, max-snippet:-1, max-image-preview:large, max-video-preview:-1\" \/>\n<script type=\"application\/ld+json\" class=\"yoast-schema-graph\">{\"@context\":\"https:\/\/schema.org\",\"@graph\":[{\"@type\":\"WebPage\",\"@id\":\"https:\/\/ocean-vida.com\/fr\/accomodation\/garden-view-rooms\/\",\"url\":\"https:\/\/ocean-vida.com\/fr\/accomodation\/garden-view-rooms\/\",\"name\":\"Chambres vue jardin - Ocean Vida - French\",\"isPartOf\":{\"@id\":\"http:\/\/ocean-vida.com\/fr\/#website\"},\"datePublished\":\"2013-09-19T06:51:26+00:00\",\"dateModified\":\"2016-10-03T00:59:47+00:00\",\"breadcrumb\":{\"@id\":\"https:\/\/ocean-vida.com\/fr\/accomodation\/garden-view-rooms\/#breadcrumb\"},\"inLanguage\":\"en-US\",\"potentialAction\":[{\"@type\":\"ReadAction\",\"target\":[\"https:\/\/ocean-vida.com\/fr\/accomodation\/garden-view-rooms\/\"]}]},{\"@type\":\"BreadcrumbList\",\"@id\":\"https:\/\/ocean-vida.com\/fr\/accomodation\/garden-view-rooms\/#breadcrumb\",\"itemListElement\":[{\"@type\":\"ListItem\",\"position\":1,\"name\":\"Home\",\"item\":\"http:\/\/ocean-vida.com\/fr\/\"},{\"@type\":\"ListItem\",\"position\":2,\"name\":\"Chambres\",\"item\":\"https:\/\/ocean-vida.com\/fr\/accomodation\/\"},{\"@type\":\"ListItem\",\"position\":3,\"name\":\"Chambres vue jardin\"}]},{\"@type\":\"WebSite\",\"@id\":\"http:\/\/ocean-vida.com\/fr\/#website\",\"url\":\"http:\/\/ocean-vida.com\/fr\/\",\"name\":\"Ocean Vida - French\",\"description\":\"Beach and Dive Resort\",\"potentialAction\":[{\"@type\":\"SearchAction\",\"target\":{\"@type\":\"EntryPoint\",\"urlTemplate\":\"http:\/\/ocean-vida.com\/fr\/?s={search_term_string}\"},\"query-input\":{\"@type\":\"PropertyValueSpecification\",\"valueRequired\":true,\"valueName\":\"search_term_string\"}}],\"inLanguage\":\"en-US\"}]}<\/script>\n<!-- \/ Yoast SEO plugin. -->","yoast_head_json":{"title":"Chambres vue jardin - Ocean Vida - French","robots":{"index":"noindex","follow":"follow","max-snippet":"max-snippet:-1","max-image-preview":"max-image-preview:large","max-video-preview":"max-video-preview:-1"},"schema":{"@context":"https:\/\/schema.org","@graph":[{"@type":"WebPage","@id":"https:\/\/ocean-vida.com\/fr\/accomodation\/garden-view-rooms\/","url":"https:\/\/ocean-vida.com\/fr\/accomodation\/garden-view-rooms\/","name":"Chambres vue jardin - Ocean Vida - French","isPartOf":{"@id":"http:\/\/ocean-vida.com\/fr\/#website"},"datePublished":"2013-09-19T06:51:26+00:00","dateModified":"2016-10-03T00:59:47+00:00","breadcrumb":{"@id":"https:\/\/ocean-vida.com\/fr\/accomodation\/garden-view-rooms\/#breadcrumb"},"inLanguage":"en-US","potentialAction":[{"@type":"ReadAction","target":["https:\/\/ocean-vida.com\/fr\/accomodation\/garden-view-rooms\/"]}]},{"@type":"BreadcrumbList","@id":"https:\/\/ocean-vida.com\/fr\/accomodation\/garden-view-rooms\/#breadcrumb","itemListElement":[{"@type":"ListItem","position":1,"name":"Home","item":"http:\/\/ocean-vida.com\/fr\/"},{"@type":"ListItem","position":2,"name":"Chambres","item":"https:\/\/ocean-vida.com\/fr\/accomodation\/"},{"@type":"ListItem","position":3,"name":"Chambres vue jardin"}]},{"@type":"WebSite","@id":"http:\/\/ocean-vida.com\/fr\/#website","url":"http:\/\/ocean-vida.com\/fr\/","name":"Ocean Vida - French","description":"Beach and Dive Resort","potentialAction":[{"@type":"SearchAction","target":{"@type":"EntryPoint","urlTemplate":"http:\/\/ocean-vida.com\/fr\/?s={search_term_string}"},"query-input":{"@type":"PropertyValueSpecification","valueRequired":true,"valueName":"search_term_string"}}],"inLanguage":"en-US"}]}},"_links":{"self":[{"href":"http:\/\/ocean-vida.com\/fr\/wp-json\/wp\/v2\/pages\/75","targetHints":{"allow":["GET"]}}],"collection":[{"href":"http:\/\/ocean-vida.com\/fr\/wp-json\/wp\/v2\/pages"}],"about":[{"href":"http:\/\/ocean-vida.com\/fr\/wp-json\/wp\/v2\/types\/page"}],"author":[{"embeddable":true,"href":"http:\/\/ocean-vida.com\/fr\/wp-json\/wp\/v2\/users\/1"}],"replies":[{"embeddable":true,"href":"http:\/\/ocean-vida.com\/fr\/wp-json\/wp\/v2\/comments?post=75"}],"version-history":[{"count":11,"href":"http:\/\/ocean-vida.com\/fr\/wp-json\/wp\/v2\/pages\/75\/revisions"}],"predecessor-version":[{"id":500,"href":"http:\/\/ocean-vida.com\/fr\/wp-json\/wp\/v2\/pages\/75\/revisions\/500"}],"up":[{"embeddable":true,"href":"http:\/\/ocean-vida.com\/fr\/wp-json\/wp\/v2\/pages\/17"}],"wp:attachment":[{"href":"http:\/\/ocean-vida.com\/fr\/wp-json\/wp\/v2\/media?parent=75"}],"curies":[{"name":"wp","href":"https:\/\/api.w.org\/{rel}","templated":true}]}}