{"id":61,"date":"2013-09-19T05:48:36","date_gmt":"2013-09-19T05:48:36","guid":{"rendered":"http:\/\/sandbox.ocean-vida.com\/fr\/?page_id=61"},"modified":"2016-10-03T00:57:02","modified_gmt":"2016-10-03T00:57:02","slug":"sea-view-rooms","status":"publish","type":"page","link":"http:\/\/ocean-vida.com\/fr\/accomodation\/sea-view-rooms\/","title":{"rendered":"Chambres Deluxes"},"content":{"rendered":"<h2>Chambres Deluxes avec vue sur la mer<\/h2>\n<p>Les douze chambres sont situ\u00e9es juste au centre de Bounty Beach. Elles sont toutes dot\u00e9es d&#8217;un balcon ou d&#8217;une terrasse priv\u00e9e o\u00f9 vous trouverez des meubles d&#8217;abaca et d&#8217;acajou. Les chambres sont \u00e9galement \u00e9quip\u00e9es d&#8217;un air climatis\u00e9, ventilateur, coffre-fort, mini bar, douche chaude et froide, serviettes de plage, caf\u00e9 et th\u00e9 ainsi que de robes de chambre.<\/p>\n\n\t\t<style type=\"text\/css\">\n\t\t\t#gallery-1 {\n\t\t\t\tmargin: auto;\n\t\t\t}\n\t\t\t#gallery-1 .gallery-item {\n\t\t\t\tfloat: left;\n\t\t\t\tmargin-top: 10px;\n\t\t\t\ttext-align: center;\n\t\t\t\twidth: 50%;\n\t\t\t}\n\t\t\t#gallery-1 img {\n\t\t\t\tborder: 2px solid #cfcfcf;\n\t\t\t}\n\t\t\t#gallery-1 .gallery-caption {\n\t\t\t\tmargin-left: 0;\n\t\t\t}\n\t\t\t\/* see gallery_shortcode() in wp-includes\/media.php *\/\n\t\t<\/style>\n\t\t<div id='gallery-1' class='gallery galleryid-61 gallery-columns-2 gallery-size-medium'><dl class='gallery-item'>\n\t\t\t<dt class='gallery-icon landscape'>\n\t\t\t\t<a href='http:\/\/ocean-vida.com\/fr\/files\/2013\/09\/Ocean-Vida-sea-view-f.jpg' rel=\"lightbox[61]\"><img loading=\"lazy\" decoding=\"async\" width=\"300\" height=\"183\" src=\"http:\/\/ocean-vida.com\/fr\/files\/2013\/09\/Ocean-Vida-sea-view-f-300x183.jpg\" class=\"attachment-medium size-medium\" alt=\"\" \/><\/a>\n\t\t\t<\/dt><\/dl><dl class='gallery-item'>\n\t\t\t<dt class='gallery-icon landscape'>\n\t\t\t\t<a href='http:\/\/ocean-vida.com\/fr\/files\/2013\/09\/Ocean-Vida-sea-view-2.jpg' rel=\"lightbox[61]\"><img loading=\"lazy\" decoding=\"async\" width=\"300\" height=\"183\" src=\"http:\/\/ocean-vida.com\/fr\/files\/2013\/09\/Ocean-Vida-sea-view-2-300x183.jpg\" class=\"attachment-medium size-medium\" alt=\"\" \/><\/a>\n\t\t\t<\/dt><\/dl><br style=\"clear: both\" \/><dl class='gallery-item'>\n\t\t\t<dt class='gallery-icon landscape'>\n\t\t\t\t<a href='http:\/\/ocean-vida.com\/fr\/files\/2013\/09\/Seaview-Room-Bathroom-Ocean-Vida-Malapascua.jpg' rel=\"lightbox[61]\"><img loading=\"lazy\" decoding=\"async\" width=\"300\" height=\"214\" src=\"http:\/\/ocean-vida.com\/fr\/files\/2013\/09\/Seaview-Room-Bathroom-Ocean-Vida-Malapascua-300x214.jpg\" class=\"attachment-medium size-medium\" alt=\"Seaview-Room-Bathroom-Ocean-Vida-Malapascua\" \/><\/a>\n\t\t\t<\/dt><\/dl><dl class='gallery-item'>\n\t\t\t<dt class='gallery-icon landscape'>\n\t\t\t\t<a href='http:\/\/ocean-vida.com\/fr\/files\/2013\/09\/Ocean-Vida-sea-view-deluxe-room-10.jpg' rel=\"lightbox[61]\"><img loading=\"lazy\" decoding=\"async\" width=\"300\" height=\"214\" src=\"http:\/\/ocean-vida.com\/fr\/files\/2013\/09\/Ocean-Vida-sea-view-deluxe-room-10-300x214.jpg\" class=\"attachment-medium size-medium\" alt=\"\" \/><\/a>\n\t\t\t<\/dt><\/dl><br style=\"clear: both\" \/><dl class='gallery-item'>\n\t\t\t<dt class='gallery-icon landscape'>\n\t\t\t\t<a href='http:\/\/ocean-vida.com\/fr\/files\/2013\/09\/Seaview-Room-Balcony-View-Ocean-Vida-Malapascua.jpg' rel=\"lightbox[61]\"><img loading=\"lazy\" decoding=\"async\" width=\"300\" height=\"214\" src=\"http:\/\/ocean-vida.com\/fr\/files\/2013\/09\/Seaview-Room-Balcony-View-Ocean-Vida-Malapascua-300x214.jpg\" class=\"attachment-medium size-medium\" alt=\"Seaview-Room-Balcony-View-Ocean-Vida-Malapascua\" \/><\/a>\n\t\t\t<\/dt><\/dl><dl class='gallery-item'>\n\t\t\t<dt class='gallery-icon landscape'>\n\t\t\t\t<a href='http:\/\/ocean-vida.com\/fr\/files\/2013\/09\/Ocean-Vida-sea-view-rooms-f2.jpg' rel=\"lightbox[61]\"><img loading=\"lazy\" decoding=\"async\" width=\"300\" height=\"214\" src=\"http:\/\/ocean-vida.com\/fr\/files\/2013\/09\/Ocean-Vida-sea-view-rooms-f2-300x214.jpg\" class=\"attachment-medium size-medium\" alt=\"\" \/><\/a>\n\t\t\t<\/dt><\/dl><br style=\"clear: both\" \/>\n\t\t<\/div>\n\n","protected":false},"excerpt":{"rendered":"<p>Chambres Deluxes avec vue sur la mer Les douze chambres sont situ\u00e9es juste au centre de Bounty Beach. Elles sont toutes dot\u00e9es d&#8217;un balcon ou d&#8217;une terrasse priv\u00e9e o\u00f9 vous trouverez des meubles d&#8217;abaca et d&#8217;acajou. Les chambres sont \u00e9galement \u00e9quip\u00e9es d&#8217;un air climatis\u00e9, ventilateur, coffre-fort, mini bar, douche chaude et froide, serviettes de plage, caf\u00e9 et th\u00e9 ainsi que&nbsp;<a href=\"http:\/\/ocean-vida.com\/fr\/accomodation\/sea-view-rooms\/\" class=\"read-more\">Continue Reading<\/a><\/p>\n","protected":false},"author":1,"featured_media":0,"parent":17,"menu_order":1,"comment_status":"open","ping_status":"open","template":"","meta":{"footnotes":""},"class_list":["post-61","page","type-page","status-publish","hentry"],"yoast_head":"<!-- This site is optimized with the Yoast SEO plugin v26.4 - https:\/\/yoast.com\/wordpress\/plugins\/seo\/ -->\n<title>Chambres Deluxes - Ocean Vida - French<\/title>\n<meta name=\"robots\" content=\"noindex, follow, max-snippet:-1, max-image-preview:large, max-video-preview:-1\" \/>\n<script type=\"application\/ld+json\" class=\"yoast-schema-graph\">{\"@context\":\"https:\/\/schema.org\",\"@graph\":[{\"@type\":\"WebPage\",\"@id\":\"https:\/\/ocean-vida.com\/fr\/accomodation\/sea-view-rooms\/\",\"url\":\"https:\/\/ocean-vida.com\/fr\/accomodation\/sea-view-rooms\/\",\"name\":\"Chambres Deluxes - Ocean Vida - French\",\"isPartOf\":{\"@id\":\"http:\/\/ocean-vida.com\/fr\/#website\"},\"datePublished\":\"2013-09-19T05:48:36+00:00\",\"dateModified\":\"2016-10-03T00:57:02+00:00\",\"breadcrumb\":{\"@id\":\"https:\/\/ocean-vida.com\/fr\/accomodation\/sea-view-rooms\/#breadcrumb\"},\"inLanguage\":\"en-US\",\"potentialAction\":[{\"@type\":\"ReadAction\",\"target\":[\"https:\/\/ocean-vida.com\/fr\/accomodation\/sea-view-rooms\/\"]}]},{\"@type\":\"BreadcrumbList\",\"@id\":\"https:\/\/ocean-vida.com\/fr\/accomodation\/sea-view-rooms\/#breadcrumb\",\"itemListElement\":[{\"@type\":\"ListItem\",\"position\":1,\"name\":\"Home\",\"item\":\"http:\/\/ocean-vida.com\/fr\/\"},{\"@type\":\"ListItem\",\"position\":2,\"name\":\"Chambres\",\"item\":\"https:\/\/ocean-vida.com\/fr\/accomodation\/\"},{\"@type\":\"ListItem\",\"position\":3,\"name\":\"Chambres Deluxes\"}]},{\"@type\":\"WebSite\",\"@id\":\"http:\/\/ocean-vida.com\/fr\/#website\",\"url\":\"http:\/\/ocean-vida.com\/fr\/\",\"name\":\"Ocean Vida - French\",\"description\":\"Beach and Dive Resort\",\"potentialAction\":[{\"@type\":\"SearchAction\",\"target\":{\"@type\":\"EntryPoint\",\"urlTemplate\":\"http:\/\/ocean-vida.com\/fr\/?s={search_term_string}\"},\"query-input\":{\"@type\":\"PropertyValueSpecification\",\"valueRequired\":true,\"valueName\":\"search_term_string\"}}],\"inLanguage\":\"en-US\"}]}<\/script>\n<!-- \/ Yoast SEO plugin. -->","yoast_head_json":{"title":"Chambres Deluxes - Ocean Vida - French","robots":{"index":"noindex","follow":"follow","max-snippet":"max-snippet:-1","max-image-preview":"max-image-preview:large","max-video-preview":"max-video-preview:-1"},"schema":{"@context":"https:\/\/schema.org","@graph":[{"@type":"WebPage","@id":"https:\/\/ocean-vida.com\/fr\/accomodation\/sea-view-rooms\/","url":"https:\/\/ocean-vida.com\/fr\/accomodation\/sea-view-rooms\/","name":"Chambres Deluxes - Ocean Vida - French","isPartOf":{"@id":"http:\/\/ocean-vida.com\/fr\/#website"},"datePublished":"2013-09-19T05:48:36+00:00","dateModified":"2016-10-03T00:57:02+00:00","breadcrumb":{"@id":"https:\/\/ocean-vida.com\/fr\/accomodation\/sea-view-rooms\/#breadcrumb"},"inLanguage":"en-US","potentialAction":[{"@type":"ReadAction","target":["https:\/\/ocean-vida.com\/fr\/accomodation\/sea-view-rooms\/"]}]},{"@type":"BreadcrumbList","@id":"https:\/\/ocean-vida.com\/fr\/accomodation\/sea-view-rooms\/#breadcrumb","itemListElement":[{"@type":"ListItem","position":1,"name":"Home","item":"http:\/\/ocean-vida.com\/fr\/"},{"@type":"ListItem","position":2,"name":"Chambres","item":"https:\/\/ocean-vida.com\/fr\/accomodation\/"},{"@type":"ListItem","position":3,"name":"Chambres Deluxes"}]},{"@type":"WebSite","@id":"http:\/\/ocean-vida.com\/fr\/#website","url":"http:\/\/ocean-vida.com\/fr\/","name":"Ocean Vida - French","description":"Beach and Dive Resort","potentialAction":[{"@type":"SearchAction","target":{"@type":"EntryPoint","urlTemplate":"http:\/\/ocean-vida.com\/fr\/?s={search_term_string}"},"query-input":{"@type":"PropertyValueSpecification","valueRequired":true,"valueName":"search_term_string"}}],"inLanguage":"en-US"}]}},"_links":{"self":[{"href":"http:\/\/ocean-vida.com\/fr\/wp-json\/wp\/v2\/pages\/61","targetHints":{"allow":["GET"]}}],"collection":[{"href":"http:\/\/ocean-vida.com\/fr\/wp-json\/wp\/v2\/pages"}],"about":[{"href":"http:\/\/ocean-vida.com\/fr\/wp-json\/wp\/v2\/types\/page"}],"author":[{"embeddable":true,"href":"http:\/\/ocean-vida.com\/fr\/wp-json\/wp\/v2\/users\/1"}],"replies":[{"embeddable":true,"href":"http:\/\/ocean-vida.com\/fr\/wp-json\/wp\/v2\/comments?post=61"}],"version-history":[{"count":12,"href":"http:\/\/ocean-vida.com\/fr\/wp-json\/wp\/v2\/pages\/61\/revisions"}],"predecessor-version":[{"id":499,"href":"http:\/\/ocean-vida.com\/fr\/wp-json\/wp\/v2\/pages\/61\/revisions\/499"}],"up":[{"embeddable":true,"href":"http:\/\/ocean-vida.com\/fr\/wp-json\/wp\/v2\/pages\/17"}],"wp:attachment":[{"href":"http:\/\/ocean-vida.com\/fr\/wp-json\/wp\/v2\/media?parent=61"}],"curies":[{"name":"wp","href":"https:\/\/api.w.org\/{rel}","templated":true}]}}