{"id":34,"date":"2013-09-15T17:19:03","date_gmt":"2013-09-15T17:19:03","guid":{"rendered":"http:\/\/sandbox.ocean-vida.com\/fr\/?page_id=34"},"modified":"2016-10-05T02:19:18","modified_gmt":"2016-10-05T02:19:18","slug":"diving","status":"publish","type":"page","link":"http:\/\/ocean-vida.com\/fr\/diving\/","title":{"rendered":"Diving"},"content":{"rendered":"<h2>Diving<\/h2>\n<p><img decoding=\"async\" class=\"resize600 blackborder\" src=\"\/wp-content\/uploads\/2013\/08\/Sea-Explorers-Header.jpg\" alt=\"\" \/><\/p>\n<p>Sea Explorers PADI 5 Star Instructor Development Dive Resort est op\u00e9rationel depuis l&#8217;an 2000 \u00e0 Malapascua, sur la magnifique plage Bounty Beach. Des r\u00e9novations ont \u00e9t\u00e9 effectu\u00e9es en 2010, avec une nouvelle salle de classe air-conditionn\u00e9e et une nouvelle chambre d&#8217;\u00e9quipement. &#8220;Dive with a smile&#8221; et venez admirer le requin renard. Les magnifiques jardins de coraux mous, les falaises ainsi que la plong\u00e9e sur \u00e9pave font de Malapascua l&#8217;une des meilleures zones de plong\u00e9e aux Philippines.<\/p>\n<p>Le centre Sea Explorers est dirig\u00e9 par Keith Santillano et les plong\u00e9es sont guid\u00e9es par les Dive masters PADI locaux, Martin, Rex, J.N., Vanessa, Marrisa, Lydio et Arnil. Nos Instructeurs PADI locaux sont Toto, Tongi, Maricris et Onjay.<\/p>\n<p>&nbsp;<\/p>\n<p><a href=\"\/wp-content\/uploads\/2013\/08\/Sea-Explorers-Team-in-Malapascua.jpg\" rel=\"lightbox\"><img decoding=\"async\" class=\"standard\" src=\"\/wp-content\/uploads\/2013\/08\/Sea-Explorers-Team-in-Malapascua.jpg\" alt=\"\" \/><\/a><\/p>\n<p><a href=\"\/wp-content\/uploads\/2013\/08\/PADI-5-star-instructor-development-dive-resort.jpg\" rel=\"lightbox\"><img loading=\"lazy\" decoding=\"async\" class=\"blackborder\" src=\"\/wp-content\/uploads\/2013\/08\/PADI-5-star-instructor-development-dive-resort.jpg\" alt=\"\" width=\"200\" height=\"250\" \/><\/a><\/p>\n<h3>Sea Explorers Malapascua offers<\/h3>\n<ul>\n<li style=\"text-align: justify;\">English management<\/li>\n<li style=\"text-align: justify;\">The only places in the world that you will see Thresher sharks almost on a daily basis.<\/li>\n<li style=\"text-align: justify;\">Up to 4 dives a day<\/li>\n<li style=\"text-align: justify;\">Maximum 4 divers per guide<\/li>\n<li style=\"text-align: justify;\">Good quality, well maintained rental equipment<\/li>\n<li style=\"text-align: justify;\">Best wreck dive in the Visayas on the Dona Marilyn<\/li>\n<li style=\"text-align: justify;\">PADI courses up to Instructor<\/li>\n<li style=\"text-align: justify;\">PADI courses in German and English<\/li>\n<li style=\"text-align: justify;\">Nitrox 32%<\/li>\n<li style=\"text-align: justify;\">DIN and INT valves<\/li>\n<li style=\"text-align: justify;\">12 l. and 15 l. scuba tanks<\/li>\n<\/ul>\n<h3>Sea Explorers boats<\/h3>\n<p>Three Sea Explorers boats to take the guests to the beautiful dive sites in the area. All boats have VHF radio, first aid kit and oxygen available.<\/p>\n<p>OCEAN HUNTER : Outrigger boat for day trips and single dives.<br \/>\nCapacity: max. 12 divers.<\/p>\n<p><a href=\"\/wp-content\/uploads\/2013\/10\/Ocean-hunter-boat-in-Malapascua.jpg\" rel=\"lightbox\"><img decoding=\"async\" class=\"standard\" src=\"\/wp-content\/uploads\/2013\/10\/Ocean-hunter-boat-in-Malapascua.jpg\" alt=\"Dive Boat Ocean Hunter\" \/><\/a><\/p>\n<p>TALISIN : Outrigger boat for day trips and single dives.<br \/>\nCapacity: max. 18 divers.<\/p>\n<p><a href=\"\/wp-content\/uploads\/2013\/10\/Talisin-boat.jpg\" rel=\"lightbox\"><img decoding=\"async\" class=\"standard\" src=\"\/wp-content\/uploads\/2013\/10\/Talisin-boat.jpg\" alt=\"Talisin dive boat\" \/><\/a><\/p>\n","protected":false},"excerpt":{"rendered":"<p>Diving Sea Explorers PADI 5 Star Instructor Development Dive Resort est op\u00e9rationel depuis l&#8217;an 2000 \u00e0 Malapascua, sur la magnifique plage Bounty Beach. Des r\u00e9novations ont \u00e9t\u00e9 effectu\u00e9es en 2010, avec une nouvelle salle de classe air-conditionn\u00e9e et une nouvelle chambre d&#8217;\u00e9quipement. &#8220;Dive with a smile&#8221; et venez admirer le requin renard. Les magnifiques jardins de coraux mous, les falaises&nbsp;<a href=\"http:\/\/ocean-vida.com\/fr\/diving\/\" class=\"read-more\">Continue Reading<\/a><\/p>\n","protected":false},"author":1,"featured_media":0,"parent":0,"menu_order":0,"comment_status":"open","ping_status":"open","template":"","meta":{"footnotes":""},"class_list":["post-34","page","type-page","status-publish","hentry"],"yoast_head":"<!-- This site is optimized with the Yoast SEO plugin v26.4 - https:\/\/yoast.com\/wordpress\/plugins\/seo\/ -->\n<title>Diving - Ocean Vida - French<\/title>\n<meta name=\"robots\" content=\"noindex, follow, max-snippet:-1, max-image-preview:large, max-video-preview:-1\" \/>\n<meta name=\"twitter:label1\" content=\"Est. reading time\" \/>\n\t<meta name=\"twitter:data1\" content=\"1 minute\" \/>\n<script type=\"application\/ld+json\" class=\"yoast-schema-graph\">{\"@context\":\"https:\/\/schema.org\",\"@graph\":[{\"@type\":\"WebPage\",\"@id\":\"https:\/\/ocean-vida.com\/fr\/diving\/\",\"url\":\"https:\/\/ocean-vida.com\/fr\/diving\/\",\"name\":\"Diving - Ocean Vida - French\",\"isPartOf\":{\"@id\":\"http:\/\/ocean-vida.com\/fr\/#website\"},\"datePublished\":\"2013-09-15T17:19:03+00:00\",\"dateModified\":\"2016-10-05T02:19:18+00:00\",\"breadcrumb\":{\"@id\":\"https:\/\/ocean-vida.com\/fr\/diving\/#breadcrumb\"},\"inLanguage\":\"en-US\",\"potentialAction\":[{\"@type\":\"ReadAction\",\"target\":[\"https:\/\/ocean-vida.com\/fr\/diving\/\"]}]},{\"@type\":\"BreadcrumbList\",\"@id\":\"https:\/\/ocean-vida.com\/fr\/diving\/#breadcrumb\",\"itemListElement\":[{\"@type\":\"ListItem\",\"position\":1,\"name\":\"Home\",\"item\":\"http:\/\/ocean-vida.com\/fr\/\"},{\"@type\":\"ListItem\",\"position\":2,\"name\":\"Diving\"}]},{\"@type\":\"WebSite\",\"@id\":\"http:\/\/ocean-vida.com\/fr\/#website\",\"url\":\"http:\/\/ocean-vida.com\/fr\/\",\"name\":\"Ocean Vida - French\",\"description\":\"Beach and Dive Resort\",\"potentialAction\":[{\"@type\":\"SearchAction\",\"target\":{\"@type\":\"EntryPoint\",\"urlTemplate\":\"http:\/\/ocean-vida.com\/fr\/?s={search_term_string}\"},\"query-input\":{\"@type\":\"PropertyValueSpecification\",\"valueRequired\":true,\"valueName\":\"search_term_string\"}}],\"inLanguage\":\"en-US\"}]}<\/script>\n<!-- \/ Yoast SEO plugin. -->","yoast_head_json":{"title":"Diving - Ocean Vida - French","robots":{"index":"noindex","follow":"follow","max-snippet":"max-snippet:-1","max-image-preview":"max-image-preview:large","max-video-preview":"max-video-preview:-1"},"twitter_misc":{"Est. reading time":"1 minute"},"schema":{"@context":"https:\/\/schema.org","@graph":[{"@type":"WebPage","@id":"https:\/\/ocean-vida.com\/fr\/diving\/","url":"https:\/\/ocean-vida.com\/fr\/diving\/","name":"Diving - Ocean Vida - French","isPartOf":{"@id":"http:\/\/ocean-vida.com\/fr\/#website"},"datePublished":"2013-09-15T17:19:03+00:00","dateModified":"2016-10-05T02:19:18+00:00","breadcrumb":{"@id":"https:\/\/ocean-vida.com\/fr\/diving\/#breadcrumb"},"inLanguage":"en-US","potentialAction":[{"@type":"ReadAction","target":["https:\/\/ocean-vida.com\/fr\/diving\/"]}]},{"@type":"BreadcrumbList","@id":"https:\/\/ocean-vida.com\/fr\/diving\/#breadcrumb","itemListElement":[{"@type":"ListItem","position":1,"name":"Home","item":"http:\/\/ocean-vida.com\/fr\/"},{"@type":"ListItem","position":2,"name":"Diving"}]},{"@type":"WebSite","@id":"http:\/\/ocean-vida.com\/fr\/#website","url":"http:\/\/ocean-vida.com\/fr\/","name":"Ocean Vida - French","description":"Beach and Dive Resort","potentialAction":[{"@type":"SearchAction","target":{"@type":"EntryPoint","urlTemplate":"http:\/\/ocean-vida.com\/fr\/?s={search_term_string}"},"query-input":{"@type":"PropertyValueSpecification","valueRequired":true,"valueName":"search_term_string"}}],"inLanguage":"en-US"}]}},"_links":{"self":[{"href":"http:\/\/ocean-vida.com\/fr\/wp-json\/wp\/v2\/pages\/34","targetHints":{"allow":["GET"]}}],"collection":[{"href":"http:\/\/ocean-vida.com\/fr\/wp-json\/wp\/v2\/pages"}],"about":[{"href":"http:\/\/ocean-vida.com\/fr\/wp-json\/wp\/v2\/types\/page"}],"author":[{"embeddable":true,"href":"http:\/\/ocean-vida.com\/fr\/wp-json\/wp\/v2\/users\/1"}],"replies":[{"embeddable":true,"href":"http:\/\/ocean-vida.com\/fr\/wp-json\/wp\/v2\/comments?post=34"}],"version-history":[{"count":8,"href":"http:\/\/ocean-vida.com\/fr\/wp-json\/wp\/v2\/pages\/34\/revisions"}],"predecessor-version":[{"id":522,"href":"http:\/\/ocean-vida.com\/fr\/wp-json\/wp\/v2\/pages\/34\/revisions\/522"}],"wp:attachment":[{"href":"http:\/\/ocean-vida.com\/fr\/wp-json\/wp\/v2\/media?parent=34"}],"curies":[{"name":"wp","href":"https:\/\/api.w.org\/{rel}","templated":true}]}}