{"id":24,"date":"2013-09-15T17:05:51","date_gmt":"2013-09-15T17:05:51","guid":{"rendered":"http:\/\/sandbox.ocean-vida.com\/fr\/?page_id=24"},"modified":"2016-03-21T06:04:37","modified_gmt":"2016-03-21T06:04:37","slug":"food-drinks","status":"publish","type":"page","link":"http:\/\/ocean-vida.com\/fr\/food-drinks\/","title":{"rendered":"Bistro"},"content":{"rendered":"<h2>Nourriture &amp; Boissons<\/h2>\n<p>Ocean Vida Beach &amp; Dive Resort offre un menu vari\u00e9 compos\u00e9 de plats internationaux et locaux et ce, sans aucun\u00a0<span lang=\"fr\">exhausteur\u00a0<\/span><span style=\"line-height: 1.5;\">de go\u00fbt. Des fruits, l\u00e9gumes et poissons frais sont propos\u00e9s \u00e0 nos invit\u00e9s. Afin de fournir du poisson de qualit\u00e9 et de grande fra\u00eecheur \u00e0 notre client\u00e8le, nous en achetons quotidiennement aux p\u00eacheurs locaux qui viennent nous offrir leurs meilleures prises de la journ\u00e9e. Sashimi et Kinilaw, une sp\u00e9cialit\u00e9 de poisson frais locale, sont donc disponibles tous les jours. Jus et shakes sont \u00e9galement faits \u00e0 partir de fruits frais, de telle sorte que vous pouvez go\u00fbter au paradis tropical ici \u00e0 Ocean Vida Beach &amp; Dive Resort!<\/span><\/p>\n<p>Le d\u00e9jeuner, quant \u00e0 lui, est servi sous forme de buffet; vous y trouverez jus de fruits frais, yaourt, pain maison et croissants, mais aussi bacon ou omelettes.<\/p>\n\n\t\t<style type=\"text\/css\">\n\t\t\t#gallery-1 {\n\t\t\t\tmargin: auto;\n\t\t\t}\n\t\t\t#gallery-1 .gallery-item {\n\t\t\t\tfloat: left;\n\t\t\t\tmargin-top: 10px;\n\t\t\t\ttext-align: center;\n\t\t\t\twidth: 50%;\n\t\t\t}\n\t\t\t#gallery-1 img {\n\t\t\t\tborder: 2px solid #cfcfcf;\n\t\t\t}\n\t\t\t#gallery-1 .gallery-caption {\n\t\t\t\tmargin-left: 0;\n\t\t\t}\n\t\t\t\/* see gallery_shortcode() in wp-includes\/media.php *\/\n\t\t<\/style>\n\t\t<div id='gallery-1' class='gallery galleryid-24 gallery-columns-2 gallery-size-medium'><dl class='gallery-item'>\n\t\t\t<dt class='gallery-icon landscape'>\n\t\t\t\t<a href='http:\/\/ocean-vida.com\/fr\/files\/2013\/09\/Restaurant-Ocean-Vida-Beach-and-Dive-Resort.jpg' rel=\"lightbox[24]\"><img loading=\"lazy\" decoding=\"async\" width=\"300\" height=\"214\" src=\"http:\/\/ocean-vida.com\/fr\/files\/2013\/09\/Restaurant-Ocean-Vida-Beach-and-Dive-Resort-300x214.jpg\" class=\"attachment-medium size-medium\" alt=\"Restaurant-Ocean-Vida-Beach-and-Dive-Resort...\" \/><\/a>\n\t\t\t<\/dt><\/dl><dl class='gallery-item'>\n\t\t\t<dt class='gallery-icon landscape'>\n\t\t\t\t<a href='http:\/\/ocean-vida.com\/fr\/files\/2013\/09\/Breakfast-Buffet-Ocean-Vida-Restaurant.jpg' rel=\"lightbox[24]\"><img loading=\"lazy\" decoding=\"async\" width=\"300\" height=\"214\" src=\"http:\/\/ocean-vida.com\/fr\/files\/2013\/09\/Breakfast-Buffet-Ocean-Vida-Restaurant-300x214.jpg\" class=\"attachment-medium size-medium\" alt=\"Breakfast-Buffet-Ocean-Vida-Restaurant...\" \/><\/a>\n\t\t\t<\/dt><\/dl><br style=\"clear: both\" \/><dl class='gallery-item'>\n\t\t\t<dt class='gallery-icon landscape'>\n\t\t\t\t<a href='http:\/\/ocean-vida.com\/fr\/files\/2013\/09\/Food-Ocean-Vida-Restaurant.jpg' rel=\"lightbox[24]\"><img loading=\"lazy\" decoding=\"async\" width=\"300\" height=\"214\" src=\"http:\/\/ocean-vida.com\/fr\/files\/2013\/09\/Food-Ocean-Vida-Restaurant-300x214.jpg\" class=\"attachment-medium size-medium\" alt=\"Food-Ocean-Vida-Restaurant...\" \/><\/a>\n\t\t\t<\/dt><\/dl><dl class='gallery-item'>\n\t\t\t<dt class='gallery-icon landscape'>\n\t\t\t\t<a href='http:\/\/ocean-vida.com\/fr\/files\/2013\/09\/Food-Shrimps-Ocean-Vida-Restaurant.jpg' rel=\"lightbox[24]\"><img loading=\"lazy\" decoding=\"async\" width=\"300\" height=\"214\" src=\"http:\/\/ocean-vida.com\/fr\/files\/2013\/09\/Food-Shrimps-Ocean-Vida-Restaurant-300x214.jpg\" class=\"attachment-medium size-medium\" alt=\"Food-Shrimps-Ocean-Vida-Restaurant ...\" \/><\/a>\n\t\t\t<\/dt><\/dl><br style=\"clear: both\" \/><dl class='gallery-item'>\n\t\t\t<dt class='gallery-icon landscape'>\n\t\t\t\t<a href='http:\/\/ocean-vida.com\/fr\/files\/2013\/09\/Drinks-Ocean-Vida-Restaurant.jpg' rel=\"lightbox[24]\"><img loading=\"lazy\" decoding=\"async\" width=\"300\" height=\"214\" src=\"http:\/\/ocean-vida.com\/fr\/files\/2013\/09\/Drinks-Ocean-Vida-Restaurant-300x214.jpg\" class=\"attachment-medium size-medium\" alt=\"Drinks-Ocean-Vida-Restaurant...\" \/><\/a>\n\t\t\t<\/dt><\/dl><dl class='gallery-item'>\n\t\t\t<dt class='gallery-icon landscape'>\n\t\t\t\t<a href='http:\/\/ocean-vida.com\/fr\/files\/2013\/09\/Cocktails-Ocean-Vida-Restaurant.jpg' rel=\"lightbox[24]\"><img loading=\"lazy\" decoding=\"async\" width=\"300\" height=\"214\" src=\"http:\/\/ocean-vida.com\/fr\/files\/2013\/09\/Cocktails-Ocean-Vida-Restaurant-300x214.jpg\" class=\"attachment-medium size-medium\" alt=\"Cocktails-Ocean-Vida-Restaurant...\" \/><\/a>\n\t\t\t<\/dt><\/dl><br style=\"clear: both\" \/>\n\t\t<\/div>\n\n","protected":false},"excerpt":{"rendered":"<p>Nourriture &amp; Boissons Ocean Vida Beach &amp; Dive Resort offre un menu vari\u00e9 compos\u00e9 de plats internationaux et locaux et ce, sans aucun\u00a0exhausteur\u00a0de go\u00fbt. Des fruits, l\u00e9gumes et poissons frais sont propos\u00e9s \u00e0 nos invit\u00e9s. Afin de fournir du poisson de qualit\u00e9 et de grande fra\u00eecheur \u00e0 notre client\u00e8le, nous en achetons quotidiennement aux p\u00eacheurs locaux qui viennent nous offrir&nbsp;<a href=\"http:\/\/ocean-vida.com\/fr\/food-drinks\/\" class=\"read-more\">Continue Reading<\/a><\/p>\n","protected":false},"author":1,"featured_media":0,"parent":0,"menu_order":0,"comment_status":"open","ping_status":"open","template":"","meta":{"footnotes":""},"class_list":["post-24","page","type-page","status-publish","hentry"],"yoast_head":"<!-- This site is optimized with the Yoast SEO plugin v26.4 - https:\/\/yoast.com\/wordpress\/plugins\/seo\/ -->\n<title>Bistro - Ocean Vida - French<\/title>\n<meta name=\"robots\" content=\"noindex, follow, max-snippet:-1, max-image-preview:large, max-video-preview:-1\" \/>\n<meta name=\"twitter:label1\" content=\"Est. reading time\" \/>\n\t<meta name=\"twitter:data1\" content=\"1 minute\" \/>\n<script type=\"application\/ld+json\" class=\"yoast-schema-graph\">{\"@context\":\"https:\/\/schema.org\",\"@graph\":[{\"@type\":\"WebPage\",\"@id\":\"http:\/\/ocean-vida.com\/fr\/food-drinks\/\",\"url\":\"http:\/\/ocean-vida.com\/fr\/food-drinks\/\",\"name\":\"Bistro - Ocean Vida - French\",\"isPartOf\":{\"@id\":\"http:\/\/ocean-vida.com\/fr\/#website\"},\"datePublished\":\"2013-09-15T17:05:51+00:00\",\"dateModified\":\"2016-03-21T06:04:37+00:00\",\"breadcrumb\":{\"@id\":\"http:\/\/ocean-vida.com\/fr\/food-drinks\/#breadcrumb\"},\"inLanguage\":\"en-US\",\"potentialAction\":[{\"@type\":\"ReadAction\",\"target\":[\"http:\/\/ocean-vida.com\/fr\/food-drinks\/\"]}]},{\"@type\":\"BreadcrumbList\",\"@id\":\"http:\/\/ocean-vida.com\/fr\/food-drinks\/#breadcrumb\",\"itemListElement\":[{\"@type\":\"ListItem\",\"position\":1,\"name\":\"Home\",\"item\":\"http:\/\/ocean-vida.com\/fr\/\"},{\"@type\":\"ListItem\",\"position\":2,\"name\":\"Bistro\"}]},{\"@type\":\"WebSite\",\"@id\":\"http:\/\/ocean-vida.com\/fr\/#website\",\"url\":\"http:\/\/ocean-vida.com\/fr\/\",\"name\":\"Ocean Vida - French\",\"description\":\"Beach and Dive Resort\",\"potentialAction\":[{\"@type\":\"SearchAction\",\"target\":{\"@type\":\"EntryPoint\",\"urlTemplate\":\"http:\/\/ocean-vida.com\/fr\/?s={search_term_string}\"},\"query-input\":{\"@type\":\"PropertyValueSpecification\",\"valueRequired\":true,\"valueName\":\"search_term_string\"}}],\"inLanguage\":\"en-US\"}]}<\/script>\n<!-- \/ Yoast SEO plugin. -->","yoast_head_json":{"title":"Bistro - Ocean Vida - French","robots":{"index":"noindex","follow":"follow","max-snippet":"max-snippet:-1","max-image-preview":"max-image-preview:large","max-video-preview":"max-video-preview:-1"},"twitter_misc":{"Est. reading time":"1 minute"},"schema":{"@context":"https:\/\/schema.org","@graph":[{"@type":"WebPage","@id":"http:\/\/ocean-vida.com\/fr\/food-drinks\/","url":"http:\/\/ocean-vida.com\/fr\/food-drinks\/","name":"Bistro - Ocean Vida - French","isPartOf":{"@id":"http:\/\/ocean-vida.com\/fr\/#website"},"datePublished":"2013-09-15T17:05:51+00:00","dateModified":"2016-03-21T06:04:37+00:00","breadcrumb":{"@id":"http:\/\/ocean-vida.com\/fr\/food-drinks\/#breadcrumb"},"inLanguage":"en-US","potentialAction":[{"@type":"ReadAction","target":["http:\/\/ocean-vida.com\/fr\/food-drinks\/"]}]},{"@type":"BreadcrumbList","@id":"http:\/\/ocean-vida.com\/fr\/food-drinks\/#breadcrumb","itemListElement":[{"@type":"ListItem","position":1,"name":"Home","item":"http:\/\/ocean-vida.com\/fr\/"},{"@type":"ListItem","position":2,"name":"Bistro"}]},{"@type":"WebSite","@id":"http:\/\/ocean-vida.com\/fr\/#website","url":"http:\/\/ocean-vida.com\/fr\/","name":"Ocean Vida - French","description":"Beach and Dive Resort","potentialAction":[{"@type":"SearchAction","target":{"@type":"EntryPoint","urlTemplate":"http:\/\/ocean-vida.com\/fr\/?s={search_term_string}"},"query-input":{"@type":"PropertyValueSpecification","valueRequired":true,"valueName":"search_term_string"}}],"inLanguage":"en-US"}]}},"_links":{"self":[{"href":"http:\/\/ocean-vida.com\/fr\/wp-json\/wp\/v2\/pages\/24","targetHints":{"allow":["GET"]}}],"collection":[{"href":"http:\/\/ocean-vida.com\/fr\/wp-json\/wp\/v2\/pages"}],"about":[{"href":"http:\/\/ocean-vida.com\/fr\/wp-json\/wp\/v2\/types\/page"}],"author":[{"embeddable":true,"href":"http:\/\/ocean-vida.com\/fr\/wp-json\/wp\/v2\/users\/1"}],"replies":[{"embeddable":true,"href":"http:\/\/ocean-vida.com\/fr\/wp-json\/wp\/v2\/comments?post=24"}],"version-history":[{"count":8,"href":"http:\/\/ocean-vida.com\/fr\/wp-json\/wp\/v2\/pages\/24\/revisions"}],"predecessor-version":[{"id":474,"href":"http:\/\/ocean-vida.com\/fr\/wp-json\/wp\/v2\/pages\/24\/revisions\/474"}],"wp:attachment":[{"href":"http:\/\/ocean-vida.com\/fr\/wp-json\/wp\/v2\/media?parent=24"}],"curies":[{"name":"wp","href":"https:\/\/api.w.org\/{rel}","templated":true}]}}