{"id":174,"date":"2013-09-19T09:31:07","date_gmt":"2013-09-19T09:31:07","guid":{"rendered":"http:\/\/sandbox.ocean-vida.com\/fr\/?page_id=174"},"modified":"2016-10-03T03:50:57","modified_gmt":"2016-10-03T03:50:57","slug":"weather","status":"publish","type":"page","link":"http:\/\/ocean-vida.com\/fr\/information\/weather\/","title":{"rendered":"Weather"},"content":{"rendered":"<h2>M\u00e9t\u00e9o \u00e0 Malapascua<\/h2>\n<p>Le temps et les saisons changent de mani\u00e8re significative en fonction de la r\u00e9gion que vous visitez aux Philippines. En raison de sa situation g\u00e9ographique, Malapascua offre des conditions m\u00e9t\u00e9orologiques uniques. Veuillez noter que les informations ci-dessous sont indicatives et bas\u00e9es sur note exp\u00e9rience de vie sur Malapascua depuis plus de 10 ans. Nous ne voulons pas pr\u00e9dire ce qui se passera l&#8217;ann\u00e9e prochaine.<\/p>\n<h2>Typhoons autour de Malapascua<\/h2>\n<p>Nous avons connu plusieurs typhons ici ces derni\u00e8res ann\u00e9es. Le plus violent \u00e9tant le typhon Haiyan en Novembre 2013. L&#8217;\u00eele de Malapascua, sur la trajectoire directe de ce super typhon de category 5, a subi des dommages importants. Ocean Vida a \u00e9t\u00e9 ferm\u00e9 \u00e0 partir du 6 Novembre et nous avons \u00e9vacu\u00e9 tous nos clients \u00e0 Cebu.\u00a0Les r\u00e9parations ont \u00e9t\u00e9 achev\u00e9es rapidement et nous avons \u00e0 nouveau \u00e9t\u00e9 pleinement op\u00e9rationel le 20 D\u00e9cembre 2013. L&#8217;aide incroyable des personnes priv\u00e9es ainsi que des op\u00e9rations internationales de secours ont permis \u00e0 la plupart des habitants de recevoir de nouveaux toits et des mat\u00e9riaux de construction pour r\u00e9parer leurs maisons.<\/p>\n<p>Nous avons eu environ 5-6 Typhons durant les six derni\u00e8res ann\u00e9es \u00e0 Malapascua. Les typhons peuvent frapper toute l&#8217;ann\u00e9e et il n&#8217;y a aucun mois o\u00f9 vous pouvez \u00eatre s\u00fbr de l&#8217;\u00e9viter. A l&#8217;approche d&#8217;un typhon, la plong\u00e9e est limit\u00e9e \u00e0 quelques sites \u00e0 l&#8217;abri du vent.<\/p>\n<p>Pour des informations sur les typhons:\u00a0<a href=\"http:\/\/www.typhoon2000.ph\/\" target=\"_blank\">click here<\/a>.<\/p>\n<h2>D\u00e9cembre \u00e0 F\u00e9vrier<\/h2>\n<p>Bien que pas vraiment froid, ce sont les mois les plus frais durant l&#8217;ann\u00e9e. Ceci est aussi le moment de l&#8217;ann\u00e9e o\u00f9 nous avons la plupart des pr\u00e9cipitations. Il est g\u00e9n\u00e9ralement venteux et les trajets en bateau peut \u00eatre instables. Beaucoup de gens appr\u00e9cient le fait que cette \u00e9poque de l&#8217;ann\u00e9e est agr\u00e9ablement fra\u00eeche. Nous conseillons d&#8217;apporter un poncho de pluie.<\/p>\n<p>Temp\u00e9rature de jour 27-29 Celsius<br \/>\nTemp\u00e9rature de nuit 26-27 Celsius<br \/>\nTemp\u00e9rature de l&#8217;eau 26-28 Celsius<\/p>\n<h2>F\u00e9vrier \u00e0 Mai<\/h2>\n<p>M\u00eame si cela fluctue parfois juste avant ou apr\u00e8s F\u00e9vrier, l&#8217;\u00e9t\u00e9 commence avec l&#8217;augmentation de la temp\u00e9rature de l&#8217;air et de l&#8217;eau. Habituellement, les vents et les eaux se font aussi plus calme. Ceci est la saison la plus occup\u00e9e \u00e0 Malapascua.<\/p>\n<p>Temp\u00e9rature de jour 28-31 Celsius<br \/>\nTemp\u00e9rature de nuit 28-29 Celsius<br \/>\nTemp\u00e9rature de l&#8217;eau 27-29 Celsius<\/p>\n<h2>Mai \u00e0 Octobre<\/h2>\n<p>L&#8217;\u00e9t\u00e9 sur Malapascua est le meilleur temps de l&#8217;ann\u00e9e en termes de temp\u00e9ratures \u00e9lev\u00e9es et eaux calmes. Plusieurs guides de voyage indiqueront que c&#8217;est la saison des pluies; alors que ceci est vrai pour certaines r\u00e9gions des Philippines, ceci a \u00e9t\u00e9 la p\u00e9riode la plus s\u00e8che des six derni\u00e8res ann\u00e9es \u00e0 Malapascua. En outre, c&#8217;est la basse saison, ce qui signifie que le nombre de touristes sur l&#8217;\u00eele ainsi que sur les sites de plong\u00e9e aux alentours diminue, et vous pouvez obtenir des prix r\u00e9duits sur l&#8217;h\u00e9bergement.<\/p>\n<p>Temp\u00e9rature de jour\u00a029-31 Celsius<br \/>\nTemp\u00e9rature de nuit 28-31 Celsius<br \/>\nTemp\u00e9rature de l&#8217;eau 29-30 Celsius<\/p>\n<h2>Novembre \u00e0 D\u00e9cembre<\/h2>\n<p>Il est difficile d&#8217;estimer quand la saison change de l&#8217;\u00e9t\u00e9 \u00e0 l&#8217;hiver. Ceci\u00a0semble fluctuer d&#8217;une ann\u00e9e \u00e0 l&#8217;autre. Parfois, la fin de l&#8217;\u00e9t\u00e9 et des temp\u00e9ratures plus froides arrivent \u00e0 fin Novembre tandis que d&#8217;autres fois, ce ne sont que des semaines plus tard. Certains mois d&#8217;hiver peuvent \u00eatre exceptionnellement ensoleill\u00e9s avec presque pas de vent, mais il se peut aussi qu&#8217;il pleuve pendant tout le mois de Janvier.<\/p>\n<p>Temp\u00e9rature de jour 28-30 Celsius<br \/>\nTemp\u00e9rature de nuit 27-29 Celsius<br \/>\nTemp\u00e9rature de l&#8217;eau 28-29 Celsius<\/p>\n","protected":false},"excerpt":{"rendered":"<p>M\u00e9t\u00e9o \u00e0 Malapascua Le temps et les saisons changent de mani\u00e8re significative en fonction de la r\u00e9gion que vous visitez aux Philippines. En raison de sa situation g\u00e9ographique, Malapascua offre des conditions m\u00e9t\u00e9orologiques uniques. Veuillez noter que les informations ci-dessous sont indicatives et bas\u00e9es sur note exp\u00e9rience de vie sur Malapascua depuis plus de 10 ans. Nous ne voulons pas&nbsp;<a href=\"http:\/\/ocean-vida.com\/fr\/information\/weather\/\" class=\"read-more\">Continue Reading<\/a><\/p>\n","protected":false},"author":1,"featured_media":0,"parent":36,"menu_order":1,"comment_status":"open","ping_status":"open","template":"","meta":{"footnotes":""},"class_list":["post-174","page","type-page","status-publish","hentry"],"yoast_head":"<!-- This site is optimized with the Yoast SEO plugin v27.4 - https:\/\/yoast.com\/product\/yoast-seo-wordpress\/ -->\n<title>Weather - Ocean Vida - French<\/title>\n<meta name=\"robots\" content=\"noindex, follow, max-snippet:-1, max-image-preview:large, max-video-preview:-1\" \/>\n<meta name=\"twitter:label1\" content=\"Est. reading time\" \/>\n\t<meta name=\"twitter:data1\" content=\"3 minutes\" \/>\n<script type=\"application\/ld+json\" class=\"yoast-schema-graph\">{\"@context\":\"https:\\\/\\\/schema.org\",\"@graph\":[{\"@type\":\"WebPage\",\"@id\":\"https:\\\/\\\/ocean-vida.com\\\/fr\\\/information\\\/weather\\\/\",\"url\":\"https:\\\/\\\/ocean-vida.com\\\/fr\\\/information\\\/weather\\\/\",\"name\":\"Weather - Ocean Vida - French\",\"isPartOf\":{\"@id\":\"http:\\\/\\\/ocean-vida.com\\\/fr\\\/#website\"},\"datePublished\":\"2013-09-19T09:31:07+00:00\",\"dateModified\":\"2016-10-03T03:50:57+00:00\",\"breadcrumb\":{\"@id\":\"https:\\\/\\\/ocean-vida.com\\\/fr\\\/information\\\/weather\\\/#breadcrumb\"},\"inLanguage\":\"en-US\",\"potentialAction\":[{\"@type\":\"ReadAction\",\"target\":[\"https:\\\/\\\/ocean-vida.com\\\/fr\\\/information\\\/weather\\\/\"]}]},{\"@type\":\"BreadcrumbList\",\"@id\":\"https:\\\/\\\/ocean-vida.com\\\/fr\\\/information\\\/weather\\\/#breadcrumb\",\"itemListElement\":[{\"@type\":\"ListItem\",\"position\":1,\"name\":\"Home\",\"item\":\"http:\\\/\\\/ocean-vida.com\\\/fr\\\/\"},{\"@type\":\"ListItem\",\"position\":2,\"name\":\"Info\",\"item\":\"http:\\\/\\\/ocean-vida.com\\\/fr\\\/information\\\/\"},{\"@type\":\"ListItem\",\"position\":3,\"name\":\"Weather\"}]},{\"@type\":\"WebSite\",\"@id\":\"http:\\\/\\\/ocean-vida.com\\\/fr\\\/#website\",\"url\":\"http:\\\/\\\/ocean-vida.com\\\/fr\\\/\",\"name\":\"Ocean Vida - French\",\"description\":\"Beach and Dive Resort\",\"potentialAction\":[{\"@type\":\"SearchAction\",\"target\":{\"@type\":\"EntryPoint\",\"urlTemplate\":\"http:\\\/\\\/ocean-vida.com\\\/fr\\\/?s={search_term_string}\"},\"query-input\":{\"@type\":\"PropertyValueSpecification\",\"valueRequired\":true,\"valueName\":\"search_term_string\"}}],\"inLanguage\":\"en-US\"}]}<\/script>\n<!-- \/ Yoast SEO plugin. -->","yoast_head_json":{"title":"Weather - Ocean Vida - French","robots":{"index":"noindex","follow":"follow","max-snippet":"max-snippet:-1","max-image-preview":"max-image-preview:large","max-video-preview":"max-video-preview:-1"},"twitter_misc":{"Est. reading time":"3 minutes"},"schema":{"@context":"https:\/\/schema.org","@graph":[{"@type":"WebPage","@id":"https:\/\/ocean-vida.com\/fr\/information\/weather\/","url":"https:\/\/ocean-vida.com\/fr\/information\/weather\/","name":"Weather - Ocean Vida - French","isPartOf":{"@id":"http:\/\/ocean-vida.com\/fr\/#website"},"datePublished":"2013-09-19T09:31:07+00:00","dateModified":"2016-10-03T03:50:57+00:00","breadcrumb":{"@id":"https:\/\/ocean-vida.com\/fr\/information\/weather\/#breadcrumb"},"inLanguage":"en-US","potentialAction":[{"@type":"ReadAction","target":["https:\/\/ocean-vida.com\/fr\/information\/weather\/"]}]},{"@type":"BreadcrumbList","@id":"https:\/\/ocean-vida.com\/fr\/information\/weather\/#breadcrumb","itemListElement":[{"@type":"ListItem","position":1,"name":"Home","item":"http:\/\/ocean-vida.com\/fr\/"},{"@type":"ListItem","position":2,"name":"Info","item":"http:\/\/ocean-vida.com\/fr\/information\/"},{"@type":"ListItem","position":3,"name":"Weather"}]},{"@type":"WebSite","@id":"http:\/\/ocean-vida.com\/fr\/#website","url":"http:\/\/ocean-vida.com\/fr\/","name":"Ocean Vida - French","description":"Beach and Dive Resort","potentialAction":[{"@type":"SearchAction","target":{"@type":"EntryPoint","urlTemplate":"http:\/\/ocean-vida.com\/fr\/?s={search_term_string}"},"query-input":{"@type":"PropertyValueSpecification","valueRequired":true,"valueName":"search_term_string"}}],"inLanguage":"en-US"}]}},"_links":{"self":[{"href":"http:\/\/ocean-vida.com\/fr\/wp-json\/wp\/v2\/pages\/174","targetHints":{"allow":["GET"]}}],"collection":[{"href":"http:\/\/ocean-vida.com\/fr\/wp-json\/wp\/v2\/pages"}],"about":[{"href":"http:\/\/ocean-vida.com\/fr\/wp-json\/wp\/v2\/types\/page"}],"author":[{"embeddable":true,"href":"http:\/\/ocean-vida.com\/fr\/wp-json\/wp\/v2\/users\/1"}],"replies":[{"embeddable":true,"href":"http:\/\/ocean-vida.com\/fr\/wp-json\/wp\/v2\/comments?post=174"}],"version-history":[{"count":14,"href":"http:\/\/ocean-vida.com\/fr\/wp-json\/wp\/v2\/pages\/174\/revisions"}],"predecessor-version":[{"id":516,"href":"http:\/\/ocean-vida.com\/fr\/wp-json\/wp\/v2\/pages\/174\/revisions\/516"}],"up":[{"embeddable":true,"href":"http:\/\/ocean-vida.com\/fr\/wp-json\/wp\/v2\/pages\/36"}],"wp:attachment":[{"href":"http:\/\/ocean-vida.com\/fr\/wp-json\/wp\/v2\/media?parent=174"}],"curies":[{"name":"wp","href":"https:\/\/api.w.org\/{rel}","templated":true}]}}