{"id":17,"date":"2013-09-15T16:49:14","date_gmt":"2013-09-15T16:49:14","guid":{"rendered":"http:\/\/sandbox.ocean-vida.com\/fr\/?page_id=17"},"modified":"2016-10-03T00:52:59","modified_gmt":"2016-10-03T00:52:59","slug":"accomodation","status":"publish","type":"page","link":"http:\/\/ocean-vida.com\/fr\/accomodation\/","title":{"rendered":"Chambres"},"content":{"rendered":"<h2>Chambres<\/h2>\n<p>Ocean Vida Beach and Dive Resort a ouvert ses portes en 2010 et nous sommes fiers de nos 20 chambres qui jouissent d\u2019un des standards les plus \u00e9lev\u00e9 de l\u2019\u00eele. Toutes les chambres ont une terrasse priv\u00e9e ou un balcon et sont magnifiquement d\u00e9cor\u00e9es de meubles en bois d\u2019abaca et d\u2019acajou. Les chambres sont \u00e9quip\u00e9es de l&#8217;air climatis\u00e9, d&#8217;un petit coffre-fort, d&#8217;un frigo, de l&#8217;eau chaude et de serviettes pour la plage. Toutes les chambres ont en outre le wifi gratuit.<\/p>\n<p>Vous avez le choix entre les chambres avec vue sur la mer, situ\u00e9es juste en face de la plage, et les chambres plus calmes donnant sur le jardin situ\u00e9 juste derri\u00e8re le centre de plong\u00e9e. Nous avons \u00e9galement \u00e0 disposition une chambre famille qui peut accueillir 2 adultes et 4 enfants.<\/p>\n\n\t\t<style type=\"text\/css\">\n\t\t\t#gallery-1 {\n\t\t\t\tmargin: auto;\n\t\t\t}\n\t\t\t#gallery-1 .gallery-item {\n\t\t\t\tfloat: left;\n\t\t\t\tmargin-top: 10px;\n\t\t\t\ttext-align: center;\n\t\t\t\twidth: 50%;\n\t\t\t}\n\t\t\t#gallery-1 img {\n\t\t\t\tborder: 2px solid #cfcfcf;\n\t\t\t}\n\t\t\t#gallery-1 .gallery-caption {\n\t\t\t\tmargin-left: 0;\n\t\t\t}\n\t\t\t\/* see gallery_shortcode() in wp-includes\/media.php *\/\n\t\t<\/style>\n\t\t<div id='gallery-1' class='gallery galleryid-17 gallery-columns-2 gallery-size-medium'><dl class='gallery-item'>\n\t\t\t<dt class='gallery-icon landscape'>\n\t\t\t\t<a href='http:\/\/ocean-vida.com\/fr\/files\/2013\/09\/Ocean-Vida-sea-view-rooms-f.jpg' rel=\"lightbox[17]\"><img loading=\"lazy\" decoding=\"async\" width=\"300\" height=\"214\" src=\"http:\/\/ocean-vida.com\/fr\/files\/2013\/09\/Ocean-Vida-sea-view-rooms-f-300x214.jpg\" class=\"attachment-medium size-medium\" alt=\"\" aria-describedby=\"gallery-1-375\" \/><\/a>\n\t\t\t<\/dt>\n\t\t\t\t<dd class='wp-caption-text gallery-caption' id='gallery-1-375'>\n\t\t\t\tChambres Deluxes avec vue sur la mer\n\t\t\t\t<\/dd><\/dl><dl class='gallery-item'>\n\t\t\t<dt class='gallery-icon landscape'>\n\t\t\t\t<a href='http:\/\/ocean-vida.com\/fr\/files\/2013\/09\/Malapascua_Resort_15_1600x1067.png' rel=\"lightbox[17]\"><img loading=\"lazy\" decoding=\"async\" width=\"300\" height=\"214\" src=\"http:\/\/ocean-vida.com\/fr\/files\/2013\/09\/Malapascua_Resort_15_1600x1067-300x214.png\" class=\"attachment-medium size-medium\" alt=\"\" aria-describedby=\"gallery-1-357\" \/><\/a>\n\t\t\t<\/dt>\n\t\t\t\t<dd class='wp-caption-text gallery-caption' id='gallery-1-357'>\n\t\t\t\tChambres avec vue sur le jardin\n\t\t\t\t<\/dd><\/dl><br style=\"clear: both\" \/>\n\t\t<\/div>\n\n","protected":false},"excerpt":{"rendered":"<p>Chambres Ocean Vida Beach and Dive Resort a ouvert ses portes en 2010 et nous sommes fiers de nos 20 chambres qui jouissent d\u2019un des standards les plus \u00e9lev\u00e9 de l\u2019\u00eele. Toutes les chambres ont une terrasse priv\u00e9e ou un balcon et sont magnifiquement d\u00e9cor\u00e9es de meubles en bois d\u2019abaca et d\u2019acajou. Les chambres sont \u00e9quip\u00e9es de l&#8217;air climatis\u00e9, d&#8217;un&nbsp;<a href=\"http:\/\/ocean-vida.com\/fr\/accomodation\/\" class=\"read-more\">Continue Reading<\/a><\/p>\n","protected":false},"author":1,"featured_media":0,"parent":0,"menu_order":0,"comment_status":"open","ping_status":"open","template":"","meta":{"footnotes":""},"class_list":["post-17","page","type-page","status-publish","hentry"],"yoast_head":"<!-- This site is optimized with the Yoast SEO plugin v26.4 - https:\/\/yoast.com\/wordpress\/plugins\/seo\/ -->\n<title>Chambres - Ocean Vida - French<\/title>\n<meta name=\"robots\" content=\"noindex, follow, max-snippet:-1, max-image-preview:large, max-video-preview:-1\" \/>\n<meta name=\"twitter:label1\" content=\"Est. reading time\" \/>\n\t<meta name=\"twitter:data1\" content=\"1 minute\" \/>\n<script type=\"application\/ld+json\" class=\"yoast-schema-graph\">{\"@context\":\"https:\/\/schema.org\",\"@graph\":[{\"@type\":\"WebPage\",\"@id\":\"https:\/\/ocean-vida.com\/fr\/accomodation\/\",\"url\":\"https:\/\/ocean-vida.com\/fr\/accomodation\/\",\"name\":\"Chambres - Ocean Vida - French\",\"isPartOf\":{\"@id\":\"http:\/\/ocean-vida.com\/fr\/#website\"},\"datePublished\":\"2013-09-15T16:49:14+00:00\",\"dateModified\":\"2016-10-03T00:52:59+00:00\",\"breadcrumb\":{\"@id\":\"https:\/\/ocean-vida.com\/fr\/accomodation\/#breadcrumb\"},\"inLanguage\":\"en-US\",\"potentialAction\":[{\"@type\":\"ReadAction\",\"target\":[\"https:\/\/ocean-vida.com\/fr\/accomodation\/\"]}]},{\"@type\":\"BreadcrumbList\",\"@id\":\"https:\/\/ocean-vida.com\/fr\/accomodation\/#breadcrumb\",\"itemListElement\":[{\"@type\":\"ListItem\",\"position\":1,\"name\":\"Home\",\"item\":\"http:\/\/ocean-vida.com\/fr\/\"},{\"@type\":\"ListItem\",\"position\":2,\"name\":\"Chambres\"}]},{\"@type\":\"WebSite\",\"@id\":\"http:\/\/ocean-vida.com\/fr\/#website\",\"url\":\"http:\/\/ocean-vida.com\/fr\/\",\"name\":\"Ocean Vida - French\",\"description\":\"Beach and Dive Resort\",\"potentialAction\":[{\"@type\":\"SearchAction\",\"target\":{\"@type\":\"EntryPoint\",\"urlTemplate\":\"http:\/\/ocean-vida.com\/fr\/?s={search_term_string}\"},\"query-input\":{\"@type\":\"PropertyValueSpecification\",\"valueRequired\":true,\"valueName\":\"search_term_string\"}}],\"inLanguage\":\"en-US\"}]}<\/script>\n<!-- \/ Yoast SEO plugin. -->","yoast_head_json":{"title":"Chambres - Ocean Vida - French","robots":{"index":"noindex","follow":"follow","max-snippet":"max-snippet:-1","max-image-preview":"max-image-preview:large","max-video-preview":"max-video-preview:-1"},"twitter_misc":{"Est. reading time":"1 minute"},"schema":{"@context":"https:\/\/schema.org","@graph":[{"@type":"WebPage","@id":"https:\/\/ocean-vida.com\/fr\/accomodation\/","url":"https:\/\/ocean-vida.com\/fr\/accomodation\/","name":"Chambres - Ocean Vida - French","isPartOf":{"@id":"http:\/\/ocean-vida.com\/fr\/#website"},"datePublished":"2013-09-15T16:49:14+00:00","dateModified":"2016-10-03T00:52:59+00:00","breadcrumb":{"@id":"https:\/\/ocean-vida.com\/fr\/accomodation\/#breadcrumb"},"inLanguage":"en-US","potentialAction":[{"@type":"ReadAction","target":["https:\/\/ocean-vida.com\/fr\/accomodation\/"]}]},{"@type":"BreadcrumbList","@id":"https:\/\/ocean-vida.com\/fr\/accomodation\/#breadcrumb","itemListElement":[{"@type":"ListItem","position":1,"name":"Home","item":"http:\/\/ocean-vida.com\/fr\/"},{"@type":"ListItem","position":2,"name":"Chambres"}]},{"@type":"WebSite","@id":"http:\/\/ocean-vida.com\/fr\/#website","url":"http:\/\/ocean-vida.com\/fr\/","name":"Ocean Vida - French","description":"Beach and Dive Resort","potentialAction":[{"@type":"SearchAction","target":{"@type":"EntryPoint","urlTemplate":"http:\/\/ocean-vida.com\/fr\/?s={search_term_string}"},"query-input":{"@type":"PropertyValueSpecification","valueRequired":true,"valueName":"search_term_string"}}],"inLanguage":"en-US"}]}},"_links":{"self":[{"href":"http:\/\/ocean-vida.com\/fr\/wp-json\/wp\/v2\/pages\/17","targetHints":{"allow":["GET"]}}],"collection":[{"href":"http:\/\/ocean-vida.com\/fr\/wp-json\/wp\/v2\/pages"}],"about":[{"href":"http:\/\/ocean-vida.com\/fr\/wp-json\/wp\/v2\/types\/page"}],"author":[{"embeddable":true,"href":"http:\/\/ocean-vida.com\/fr\/wp-json\/wp\/v2\/users\/1"}],"replies":[{"embeddable":true,"href":"http:\/\/ocean-vida.com\/fr\/wp-json\/wp\/v2\/comments?post=17"}],"version-history":[{"count":10,"href":"http:\/\/ocean-vida.com\/fr\/wp-json\/wp\/v2\/pages\/17\/revisions"}],"predecessor-version":[{"id":498,"href":"http:\/\/ocean-vida.com\/fr\/wp-json\/wp\/v2\/pages\/17\/revisions\/498"}],"wp:attachment":[{"href":"http:\/\/ocean-vida.com\/fr\/wp-json\/wp\/v2\/media?parent=17"}],"curies":[{"name":"wp","href":"https:\/\/api.w.org\/{rel}","templated":true}]}}