{"id":161,"date":"2013-09-19T09:06:57","date_gmt":"2013-09-19T09:06:57","guid":{"rendered":"http:\/\/sandbox.ocean-vida.com\/fr\/?page_id=161"},"modified":"2013-10-29T02:16:30","modified_gmt":"2013-10-29T02:16:30","slug":"article-about-malapascua","status":"publish","type":"page","link":"http:\/\/ocean-vida.com\/fr\/diving\/article-about-malapascua\/","title":{"rendered":"Article about Malapascua"},"content":{"rendered":"<h2>Malapascua Island<\/h2>\n<p>Malapascua est une petite \u00eele situ\u00e9e dans la mer des Visayas \u00e0 la pointe nord del\u2019\u00eele de Cebu. L\u2019\u00eele est longue \u00e0 peu pr\u00e8s de 2,5 kilom\u00e8tres et large d\u2019un kilom\u00e8tre. Vous pouvez en faire le tour en deux ou trois heures. M\u00eame si elle est situ\u00e9e dans l\u2019une des provinces les plus d\u00e9velopp\u00e9es, il y a une grosse diff\u00e9rence avec l\u2019\u00eele principale. Environ 4.000 personnes habitent sur l\u2019\u00eele qui n\u2019a ni route goudronn\u00e9e ni trottoir.<\/p>\n<p>Un p\u00eacheur local a rendu Malapascua c\u00e9l\u00e8bre en d\u00e9couvrant un requin renard qui a saut\u00e9 hors de l\u2019eau, alors qu\u2019il \u00e9tait en train de p\u00eacher \u00e0 c\u00f4t\u00e9 du site de plong\u00e9e appel\u00e9 aujourd\u2019hui Monad Shoal, il y a 20 ans. Depuis, l\u2019\u00eele a gagn\u00e9 en popularit\u00e9 et est consid\u00e9r\u00e9e comme l\u2019une des destinations les plus pris\u00e9es au monde pour observer le requin renard. Toutefois, la plong\u00e9e \u00e0 Malapascua n\u2019est pas centr\u00e9e uniquement autour du requin renard. Les plongeurs se r\u00e9galeront d\u2019une macro vari\u00e9e, de muck dive et d\u2019\u00e9paves. Lire la partie \u201cplong\u00e9e\u201d pour plus d\u2019informations sur la plong\u00e9e \u00e0 Malapascua.<\/p>\n<p>La plupart des \u00eelotiers travaillent dans le tourisme, alors que d\u2019autres se reposent encore sur la p\u00eache et l\u2019\u00e9levage. Selon eux, Malapascua veut dire \u201cmauvais No\u00ebl\u201d et vient des bateaux espagnols qui s\u2019\u00e9chou\u00e8rent sur l\u2019\u00eele un jour de No\u00ebl 1520. Il subsiste n\u00e9anmoins des discussions quand \u00e0 l\u2019origine de ce nom. \u201dMal\u201d veut dire \u201cmauvais\u201d en cebuano, \u201cpasco\u201d No\u00ebl en cebuano et \u201cpascua\u201d \u201cprintemps\u201d en espagnol.<\/p>\n<p>N\u00e9anmoins, \u00e0 l\u2019\u00e9cart de la route touristique et avec seulement quelques h\u00f4tels sur la plage de sable, Malaspascua reste l\u2019\u00eele id\u00e9ale pour s\u2019\u00e9chapper et pour plonger.<\/p>\n<h3>Quoi faire \u00e0 Malapascua<\/h3>\n<p>Malaspascua est l\u2019\u00eele id\u00e9ale pour s\u2019\u00e9chapper pour se relaxer et plonger. Loin de la foule de Boracay, cette petite \u00eele offre une atmosph\u00e8re d\u00e9tendue o\u00f9 la vie va \u00e0 son rythme.<\/p>\n<p>Alors que la plupart des voyageurs se rend sur l\u2019\u00eele pour plonger dans les eaux cristallines qui l\u2019entourent, les non-plongeurs profiteront pleinement de Malapascua. A 70 minutes de bateau se trouve l\u2019\u00eele de Calangaman, une des plus belles \u00eeles des Philippines. En 2009, une photo de Calangaman a fait la couverture du r\u00e9cent guide de voyage sur les Philippines des \u00e9ditions Jens Peteretqui est consid\u00e9r\u00e9 comme le plus facile d\u2019acc\u00e8s. Il est possible de faire du snorkeling autour de l\u2019\u00eele. Une taxe gouvernementale de 500 pesos doit \u00eatre pay\u00e9e pour se rendre sur l\u2019\u00eele.<\/p>\n<p>Se promener dans les villages locaux c\u2019est faire l\u2019exp\u00e9rience de l\u2019accueil philippin. Vous pourrez aussi assister \u00e0 des tournois de basket ball. Les samedis soirs et en des occasions particuli\u00e8res, de grands tournois de d\u00e9roulent sur le terrain de basket, o\u00f9 locaux et touristes de tout \u00e2ge se m\u00e9langent pour profiter des festivit\u00e9s. Le second sport le plus populaire sont les combats de coqs. Les philippins sont passionn\u00e9s de ce sport et partout sur Malapascua vous rencontrerez des hommes avec leur coq.Beaucoup d\u2019argent circule tous les dimanches lorsque la tension monte et que ce sport sanglant commence. Il faut vraiment y assister pour comprendre ce jeu.<\/p>\n<p>Apr\u00e8s une longue journ\u00e9e pass\u00e9e au soleil ou \u00e0 se balancer dans un hamac, vous pourrez vous faire masser pour peu cher par une masseuse sur la plage ou dans votre chambre.<\/p>\n<h3>Se rendre \u00e0 Malapascua<\/h3>\n<p>Ocean Vida Beach and Dive Resort propose une navette de n\u2019importe o\u00f9 dans la ville de Cebu ou de l\u2019\u00eele de Mactan. Le service inclut un transport en van par un chauffeur priv\u00e9, des porteurs de baggages sur le bateau et un transfert assur\u00e9 par un bateau de Sea Explorers jusqu\u2019\u00e0 Malapascua o\u00f9 vous serez accueillis par le personnel philippin.<\/p>\n<h3>Renseignez vous pour les tarifs.<\/h3>\n<p>Il est possible de se rendre \u00e0 Malapascua en emprutant les transports publics. Si vous arrivez \u00e0 l\u2019a\u00e9roport international Ninoy Aquino (NAIA) \u00e0 Manille ou \u00e0 l\u2019a\u00e9roport de Clark \u00e0 Angeles, le plus simple est de prendre un vol domestique pour Cebu. Cebu Pacific Air, Zest Airlines et Airphil Express ainsi que bien d\u2019autres compagnies proposent des vols environ toutes les heures entre Manille et Cebu \u00e0 un prix raisonnable. Les tarifs varient entre 1.000 et 5.000 pesos en fonction des disponibilit\u00e9s. De l\u2019a\u00e9roport de Mactan-Cebu, prendre un taxi jusqu\u2019\u00e0 la gare routi\u00e8re nord de Cebu. La station officielle de taxis se trouve \u00e0 l\u2019ext\u00e9rieur du terminal sur votre droite. La course co\u00fbte au minimum 80 pesos et 4 pesos en plus \u00e0 chaque 300 m\u00e8tres. De l\u00e0 des bus publics avec ou sans air conditionn\u00e9 assurent le transport jusqu\u2019\u00e0 Maya. Le trajet dure de 4 \u00e0 5 heures jusqu\u2019au terminus pr\u00e8sde l\u2019embarquement. De Maya, prendre une bangka locale pour Malapascua. Les bateaux partent toutes les heures ou \u00e0 chaque fois qu\u2019il sont pleins.<br \/>\nAttention le dernier bateau part \u00e0 16 heures. Tarif 80 pesos.<\/p>\n","protected":false},"excerpt":{"rendered":"<p>Malapascua Island Malapascua est une petite \u00eele situ\u00e9e dans la mer des Visayas \u00e0 la pointe nord del\u2019\u00eele de Cebu. L\u2019\u00eele est longue \u00e0 peu pr\u00e8s de 2,5 kilom\u00e8tres et large d\u2019un kilom\u00e8tre. Vous pouvez en faire le tour en deux ou trois heures. M\u00eame si elle est situ\u00e9e dans l\u2019une des provinces les plus d\u00e9velopp\u00e9es, il y a une&nbsp;<a href=\"http:\/\/ocean-vida.com\/fr\/diving\/article-about-malapascua\/\" class=\"read-more\">Continue Reading<\/a><\/p>\n","protected":false},"author":1,"featured_media":0,"parent":34,"menu_order":5,"comment_status":"open","ping_status":"open","template":"page-fullwidth.php","meta":{"footnotes":""},"class_list":["post-161","page","type-page","status-publish","hentry"],"yoast_head":"<!-- This site is optimized with the Yoast SEO plugin v26.4 - https:\/\/yoast.com\/wordpress\/plugins\/seo\/ -->\n<title>Article about Malapascua - Ocean Vida - French<\/title>\n<meta name=\"robots\" content=\"noindex, follow, max-snippet:-1, max-image-preview:large, max-video-preview:-1\" \/>\n<meta name=\"twitter:label1\" content=\"Est. reading time\" \/>\n\t<meta name=\"twitter:data1\" content=\"4 minutes\" \/>\n<script type=\"application\/ld+json\" class=\"yoast-schema-graph\">{\"@context\":\"https:\/\/schema.org\",\"@graph\":[{\"@type\":\"WebPage\",\"@id\":\"http:\/\/ocean-vida.com\/fr\/diving\/article-about-malapascua\/\",\"url\":\"http:\/\/ocean-vida.com\/fr\/diving\/article-about-malapascua\/\",\"name\":\"Article about Malapascua - Ocean Vida - French\",\"isPartOf\":{\"@id\":\"http:\/\/ocean-vida.com\/fr\/#website\"},\"datePublished\":\"2013-09-19T09:06:57+00:00\",\"dateModified\":\"2013-10-29T02:16:30+00:00\",\"breadcrumb\":{\"@id\":\"http:\/\/ocean-vida.com\/fr\/diving\/article-about-malapascua\/#breadcrumb\"},\"inLanguage\":\"en-US\",\"potentialAction\":[{\"@type\":\"ReadAction\",\"target\":[\"http:\/\/ocean-vida.com\/fr\/diving\/article-about-malapascua\/\"]}]},{\"@type\":\"BreadcrumbList\",\"@id\":\"http:\/\/ocean-vida.com\/fr\/diving\/article-about-malapascua\/#breadcrumb\",\"itemListElement\":[{\"@type\":\"ListItem\",\"position\":1,\"name\":\"Home\",\"item\":\"http:\/\/ocean-vida.com\/fr\/\"},{\"@type\":\"ListItem\",\"position\":2,\"name\":\"Diving\",\"item\":\"https:\/\/ocean-vida.com\/fr\/diving\/\"},{\"@type\":\"ListItem\",\"position\":3,\"name\":\"Article about Malapascua\"}]},{\"@type\":\"WebSite\",\"@id\":\"http:\/\/ocean-vida.com\/fr\/#website\",\"url\":\"http:\/\/ocean-vida.com\/fr\/\",\"name\":\"Ocean Vida - French\",\"description\":\"Beach and Dive Resort\",\"potentialAction\":[{\"@type\":\"SearchAction\",\"target\":{\"@type\":\"EntryPoint\",\"urlTemplate\":\"http:\/\/ocean-vida.com\/fr\/?s={search_term_string}\"},\"query-input\":{\"@type\":\"PropertyValueSpecification\",\"valueRequired\":true,\"valueName\":\"search_term_string\"}}],\"inLanguage\":\"en-US\"}]}<\/script>\n<!-- \/ Yoast SEO plugin. -->","yoast_head_json":{"title":"Article about Malapascua - Ocean Vida - French","robots":{"index":"noindex","follow":"follow","max-snippet":"max-snippet:-1","max-image-preview":"max-image-preview:large","max-video-preview":"max-video-preview:-1"},"twitter_misc":{"Est. reading time":"4 minutes"},"schema":{"@context":"https:\/\/schema.org","@graph":[{"@type":"WebPage","@id":"http:\/\/ocean-vida.com\/fr\/diving\/article-about-malapascua\/","url":"http:\/\/ocean-vida.com\/fr\/diving\/article-about-malapascua\/","name":"Article about Malapascua - Ocean Vida - French","isPartOf":{"@id":"http:\/\/ocean-vida.com\/fr\/#website"},"datePublished":"2013-09-19T09:06:57+00:00","dateModified":"2013-10-29T02:16:30+00:00","breadcrumb":{"@id":"http:\/\/ocean-vida.com\/fr\/diving\/article-about-malapascua\/#breadcrumb"},"inLanguage":"en-US","potentialAction":[{"@type":"ReadAction","target":["http:\/\/ocean-vida.com\/fr\/diving\/article-about-malapascua\/"]}]},{"@type":"BreadcrumbList","@id":"http:\/\/ocean-vida.com\/fr\/diving\/article-about-malapascua\/#breadcrumb","itemListElement":[{"@type":"ListItem","position":1,"name":"Home","item":"http:\/\/ocean-vida.com\/fr\/"},{"@type":"ListItem","position":2,"name":"Diving","item":"https:\/\/ocean-vida.com\/fr\/diving\/"},{"@type":"ListItem","position":3,"name":"Article about Malapascua"}]},{"@type":"WebSite","@id":"http:\/\/ocean-vida.com\/fr\/#website","url":"http:\/\/ocean-vida.com\/fr\/","name":"Ocean Vida - French","description":"Beach and Dive Resort","potentialAction":[{"@type":"SearchAction","target":{"@type":"EntryPoint","urlTemplate":"http:\/\/ocean-vida.com\/fr\/?s={search_term_string}"},"query-input":{"@type":"PropertyValueSpecification","valueRequired":true,"valueName":"search_term_string"}}],"inLanguage":"en-US"}]}},"_links":{"self":[{"href":"http:\/\/ocean-vida.com\/fr\/wp-json\/wp\/v2\/pages\/161","targetHints":{"allow":["GET"]}}],"collection":[{"href":"http:\/\/ocean-vida.com\/fr\/wp-json\/wp\/v2\/pages"}],"about":[{"href":"http:\/\/ocean-vida.com\/fr\/wp-json\/wp\/v2\/types\/page"}],"author":[{"embeddable":true,"href":"http:\/\/ocean-vida.com\/fr\/wp-json\/wp\/v2\/users\/1"}],"replies":[{"embeddable":true,"href":"http:\/\/ocean-vida.com\/fr\/wp-json\/wp\/v2\/comments?post=161"}],"version-history":[{"count":5,"href":"http:\/\/ocean-vida.com\/fr\/wp-json\/wp\/v2\/pages\/161\/revisions"}],"predecessor-version":[{"id":207,"href":"http:\/\/ocean-vida.com\/fr\/wp-json\/wp\/v2\/pages\/161\/revisions\/207"}],"up":[{"embeddable":true,"href":"http:\/\/ocean-vida.com\/fr\/wp-json\/wp\/v2\/pages\/34"}],"wp:attachment":[{"href":"http:\/\/ocean-vida.com\/fr\/wp-json\/wp\/v2\/media?parent=161"}],"curies":[{"name":"wp","href":"https:\/\/api.w.org\/{rel}","templated":true}]}}