{"id":14,"date":"2013-09-15T16:43:01","date_gmt":"2013-09-15T16:43:01","guid":{"rendered":"http:\/\/sandbox.ocean-vida.com\/fr\/?page_id=14"},"modified":"2016-11-18T08:05:22","modified_gmt":"2016-11-18T08:05:22","slug":"about-us","status":"publish","type":"page","link":"http:\/\/ocean-vida.com\/fr\/about-us\/","title":{"rendered":"\u00c0 propos de nous"},"content":{"rendered":"<h2>\u00c0 propos de nous<\/h2>\n<p>Ocean Vida Beach and Dive Resort est situ\u00e9 sur la plage de Bounty Beach, la plage principale de Malapascua. Nous offrons 20 chambres spacieuses, de diff\u00e9rentes cat\u00e9gories: vue mer, qui sont les plus luxueuses, vue jardin, ainsi qu&#8217;une chambre familiale pour 2 adultes et 4 enfants. En plus du restaurant construit au-dessus du centre de plong\u00e9e Sea Explorers, nous avons \u00e9galement un bar de plage o<span lang=\"fr\">\u00f9 les clients peuvent d\u00e9guster de d\u00e9licieux cocktails et profiter de la plage de sable blanc.<br \/>\n<\/span><\/p>\n<p>Sven et Fabienne, un couple d&#8217;origine allemande et suisse, ont\u00a0d\u00e9m\u00e9nag\u00e9 \u00e0 Malapascua en 2005. Apr\u00e8s avoir d\u00e9but\u00e9 comme managers du centre de plong\u00e9e Sea Explorers, ils ont ouvert Ocean Vida Beach &amp; Dive Resort en d\u00e9cembre 2010 dont ils sont maintenant les propri\u00e9taires. Depuis Octobre 2016, ils sont aid\u00e9s par Reinart, g\u00e9n\u00e9ral manager, et par Stef, manager du bar\/restaurant.<\/p>\n<p>En mars 2015, Sven et Fabienne ont ouvert un deuxi<span lang=\"fr\">\u00e8me h\u00f4tel de 12 chambres, appel\u00e9\u00a0<\/span><span lang=\"fr\">Buena Vida Resort and Spa. Il est localis\u00e9 <\/span><span lang=\"fr\">\u00e0 quelques minutes de Ocean Vida et offre diff\u00e9rents traitements, massages et des cours de yoga quotidiens. <a href=\"http:\/\/buenavida-malapascua.com\/\" target=\"_blank\">http:\/\/buenavida-malapascua.com\/<\/a><br \/>\n<\/span><\/p>\n<p>Nous sommes fiers de vous dire qu&#8217;au cours des trois premi\u00e8res ann\u00e9es d&#8217;existence, nous avons r\u00e9ussi \u00e0 nous positionner en tant que \u00ab Travellers&#8217; Choice \u00bb pour Malapascua sur le site Tripadvisor, de m\u00eame que parmi un des douze meilleurs h\u00f4tels aux Philippines sur le site de voyage Agoda. Notre but depuis lors est de maintenir une qualit<span lang=\"fr\">\u00e9<\/span> de service aussi haute que possible afin de rendre votre s<span lang=\"fr\">\u00e9<\/span>jour inoubliable.<\/p>\n<p>Nous nous r\u00e9jouissons de vous accueillir tr\u00e8s bient\u00f4t!<\/p>\n<h2 style=\"text-align: justify;\">Ocean Vida Team<\/h2>\n<p><span style=\"color: #000000; font-size: 1.4em; line-height: 1.5em;\">\u00a0<\/span><\/p>\n<h3>Fabienne and Sven<\/h3>\n<p><a href=\"http:\/\/ocean-vida.com\/wp-content\/uploads\/2013\/08\/sven-and-fabienne-photo.jpg\" rel=\"lightbox[14]\"><img loading=\"lazy\" decoding=\"async\" class=\"alignleft wp-image-1889 size-medium\" src=\"http:\/\/ocean-vida.com\/wp-content\/uploads\/2013\/08\/sven-and-fabienne-photo-199x300.jpg\" alt=\"\" width=\"199\" height=\"300\" \/><\/a><\/p>\n<h3>Staff<\/h3>\n<p><a href=\"\/wp-content\/uploads\/2013\/08\/Ocean-Vida-Staff.jpg\" rel=\"lightbox\"><img decoding=\"async\" class=\"blackborder\" src=\"\/wp-content\/uploads\/2013\/10\/Ocean-Vida-staff-thumbnail.jpg\" alt=\"Restaurant of Ocean Vida\" \/><\/a><\/p>\n","protected":false},"excerpt":{"rendered":"<p>\u00c0 propos de nous Ocean Vida Beach and Dive Resort est situ\u00e9 sur la plage de Bounty Beach, la plage principale de Malapascua. Nous offrons 20 chambres spacieuses, de diff\u00e9rentes cat\u00e9gories: vue mer, qui sont les plus luxueuses, vue jardin, ainsi qu&#8217;une chambre familiale pour 2 adultes et 4 enfants. En plus du restaurant construit au-dessus du centre de plong\u00e9e&nbsp;<a href=\"http:\/\/ocean-vida.com\/fr\/about-us\/\" class=\"read-more\">Continue Reading<\/a><\/p>\n","protected":false},"author":1,"featured_media":0,"parent":0,"menu_order":0,"comment_status":"open","ping_status":"open","template":"","meta":{"footnotes":""},"class_list":["post-14","page","type-page","status-publish","hentry"],"yoast_head":"<!-- This site is optimized with the Yoast SEO plugin v26.4 - https:\/\/yoast.com\/wordpress\/plugins\/seo\/ -->\n<title>\u00c0 propos de nous - Ocean Vida - French<\/title>\n<meta name=\"robots\" content=\"noindex, follow, max-snippet:-1, max-image-preview:large, max-video-preview:-1\" \/>\n<meta name=\"twitter:label1\" content=\"Est. reading time\" \/>\n\t<meta name=\"twitter:data1\" content=\"1 minute\" \/>\n<script type=\"application\/ld+json\" class=\"yoast-schema-graph\">{\"@context\":\"https:\/\/schema.org\",\"@graph\":[{\"@type\":\"WebPage\",\"@id\":\"http:\/\/ocean-vida.com\/fr\/about-us\/\",\"url\":\"http:\/\/ocean-vida.com\/fr\/about-us\/\",\"name\":\"\u00c0 propos de nous - Ocean Vida - French\",\"isPartOf\":{\"@id\":\"http:\/\/ocean-vida.com\/fr\/#website\"},\"primaryImageOfPage\":{\"@id\":\"http:\/\/ocean-vida.com\/fr\/about-us\/#primaryimage\"},\"image\":{\"@id\":\"http:\/\/ocean-vida.com\/fr\/about-us\/#primaryimage\"},\"thumbnailUrl\":\"http:\/\/ocean-vida.com\/wp-content\/uploads\/2013\/08\/sven-and-fabienne-photo-199x300.jpg\",\"datePublished\":\"2013-09-15T16:43:01+00:00\",\"dateModified\":\"2016-11-18T08:05:22+00:00\",\"breadcrumb\":{\"@id\":\"http:\/\/ocean-vida.com\/fr\/about-us\/#breadcrumb\"},\"inLanguage\":\"en-US\",\"potentialAction\":[{\"@type\":\"ReadAction\",\"target\":[\"http:\/\/ocean-vida.com\/fr\/about-us\/\"]}]},{\"@type\":\"ImageObject\",\"inLanguage\":\"en-US\",\"@id\":\"http:\/\/ocean-vida.com\/fr\/about-us\/#primaryimage\",\"url\":\"http:\/\/ocean-vida.com\/wp-content\/uploads\/2013\/08\/sven-and-fabienne-photo-199x300.jpg\",\"contentUrl\":\"http:\/\/ocean-vida.com\/wp-content\/uploads\/2013\/08\/sven-and-fabienne-photo-199x300.jpg\"},{\"@type\":\"BreadcrumbList\",\"@id\":\"http:\/\/ocean-vida.com\/fr\/about-us\/#breadcrumb\",\"itemListElement\":[{\"@type\":\"ListItem\",\"position\":1,\"name\":\"Home\",\"item\":\"http:\/\/ocean-vida.com\/fr\/\"},{\"@type\":\"ListItem\",\"position\":2,\"name\":\"\u00c0 propos de nous\"}]},{\"@type\":\"WebSite\",\"@id\":\"http:\/\/ocean-vida.com\/fr\/#website\",\"url\":\"http:\/\/ocean-vida.com\/fr\/\",\"name\":\"Ocean Vida - French\",\"description\":\"Beach and Dive Resort\",\"potentialAction\":[{\"@type\":\"SearchAction\",\"target\":{\"@type\":\"EntryPoint\",\"urlTemplate\":\"http:\/\/ocean-vida.com\/fr\/?s={search_term_string}\"},\"query-input\":{\"@type\":\"PropertyValueSpecification\",\"valueRequired\":true,\"valueName\":\"search_term_string\"}}],\"inLanguage\":\"en-US\"}]}<\/script>\n<!-- \/ Yoast SEO plugin. -->","yoast_head_json":{"title":"\u00c0 propos de nous - Ocean Vida - French","robots":{"index":"noindex","follow":"follow","max-snippet":"max-snippet:-1","max-image-preview":"max-image-preview:large","max-video-preview":"max-video-preview:-1"},"twitter_misc":{"Est. reading time":"1 minute"},"schema":{"@context":"https:\/\/schema.org","@graph":[{"@type":"WebPage","@id":"http:\/\/ocean-vida.com\/fr\/about-us\/","url":"http:\/\/ocean-vida.com\/fr\/about-us\/","name":"\u00c0 propos de nous - Ocean Vida - French","isPartOf":{"@id":"http:\/\/ocean-vida.com\/fr\/#website"},"primaryImageOfPage":{"@id":"http:\/\/ocean-vida.com\/fr\/about-us\/#primaryimage"},"image":{"@id":"http:\/\/ocean-vida.com\/fr\/about-us\/#primaryimage"},"thumbnailUrl":"http:\/\/ocean-vida.com\/wp-content\/uploads\/2013\/08\/sven-and-fabienne-photo-199x300.jpg","datePublished":"2013-09-15T16:43:01+00:00","dateModified":"2016-11-18T08:05:22+00:00","breadcrumb":{"@id":"http:\/\/ocean-vida.com\/fr\/about-us\/#breadcrumb"},"inLanguage":"en-US","potentialAction":[{"@type":"ReadAction","target":["http:\/\/ocean-vida.com\/fr\/about-us\/"]}]},{"@type":"ImageObject","inLanguage":"en-US","@id":"http:\/\/ocean-vida.com\/fr\/about-us\/#primaryimage","url":"http:\/\/ocean-vida.com\/wp-content\/uploads\/2013\/08\/sven-and-fabienne-photo-199x300.jpg","contentUrl":"http:\/\/ocean-vida.com\/wp-content\/uploads\/2013\/08\/sven-and-fabienne-photo-199x300.jpg"},{"@type":"BreadcrumbList","@id":"http:\/\/ocean-vida.com\/fr\/about-us\/#breadcrumb","itemListElement":[{"@type":"ListItem","position":1,"name":"Home","item":"http:\/\/ocean-vida.com\/fr\/"},{"@type":"ListItem","position":2,"name":"\u00c0 propos de nous"}]},{"@type":"WebSite","@id":"http:\/\/ocean-vida.com\/fr\/#website","url":"http:\/\/ocean-vida.com\/fr\/","name":"Ocean Vida - French","description":"Beach and Dive Resort","potentialAction":[{"@type":"SearchAction","target":{"@type":"EntryPoint","urlTemplate":"http:\/\/ocean-vida.com\/fr\/?s={search_term_string}"},"query-input":{"@type":"PropertyValueSpecification","valueRequired":true,"valueName":"search_term_string"}}],"inLanguage":"en-US"}]}},"_links":{"self":[{"href":"http:\/\/ocean-vida.com\/fr\/wp-json\/wp\/v2\/pages\/14","targetHints":{"allow":["GET"]}}],"collection":[{"href":"http:\/\/ocean-vida.com\/fr\/wp-json\/wp\/v2\/pages"}],"about":[{"href":"http:\/\/ocean-vida.com\/fr\/wp-json\/wp\/v2\/types\/page"}],"author":[{"embeddable":true,"href":"http:\/\/ocean-vida.com\/fr\/wp-json\/wp\/v2\/users\/1"}],"replies":[{"embeddable":true,"href":"http:\/\/ocean-vida.com\/fr\/wp-json\/wp\/v2\/comments?post=14"}],"version-history":[{"count":18,"href":"http:\/\/ocean-vida.com\/fr\/wp-json\/wp\/v2\/pages\/14\/revisions"}],"predecessor-version":[{"id":540,"href":"http:\/\/ocean-vida.com\/fr\/wp-json\/wp\/v2\/pages\/14\/revisions\/540"}],"wp:attachment":[{"href":"http:\/\/ocean-vida.com\/fr\/wp-json\/wp\/v2\/media?parent=14"}],"curies":[{"name":"wp","href":"https:\/\/api.w.org\/{rel}","templated":true}]}}