{"id":139,"date":"2013-09-19T08:30:32","date_gmt":"2013-09-19T08:30:32","guid":{"rendered":"http:\/\/sandbox.ocean-vida.com\/fr\/?page_id=139"},"modified":"2013-10-29T02:21:55","modified_gmt":"2013-10-29T02:21:55","slug":"transfer-service","status":"publish","type":"page","link":"http:\/\/ocean-vida.com\/fr\/information\/transfer-service\/","title":{"rendered":"Service de transfert"},"content":{"rendered":"<h2>Service de transfert<\/h2>\n<p style=\"text-align: left;\">Une fois arriv\u00e9 \u00e0 l&#8217;a\u00e9roport de Cebu, vous avez le choix entre deux options pour vous rendre \u00e0 Malapascua.<\/p>\n<h3>Service de transfert de Ocean Vida Beach &amp; Dive Resort<\/h3>\n<p style=\"text-align: left;\">Nous offrons quotidiennement un service de transfert de Cebu \u00e0 Malapascua et ce, \u00e0 toute heure de la journ\u00e9e. Nous pouvons venir vous chercher \u00e0 votre h\u00f4tel ou encore \u00e0 l&#8217;a\u00e9roport. Le trajet pour se rendre \u00e0 Maya dure environ 2.5-3 heures tout d\u00e9pendant du trafic. \u00c0 partir de l\u00e0, un de nos bateaux vous am\u00e8nera, en environ 30 minutes, directement sur la magnifique Bounty Beach situ\u00e9e juste en face de Ocean Vida Beach &amp; Dive Resort.<\/p>\n<p style=\"text-align: left;\">Pour toute information concernant les prix, vous pouvez nous envoyer un courriel \u00e0 l&#8217;adresse suivante :<\/p>\n<p>reservation@ocean-vida.com<\/p>\n<h3>Autobus local ou minivan<\/h3>\n<p style=\"text-align: left;\">Prenez un taxi de l&#8217;a\u00e9roport jusqu&#8217;au Terminal d&#8217;autobus Nord. \u00c0 partir de l\u00e0, vous en avez pour 3-5 heures de trajet afin de vous rendre jusqu&#8217;\u00e0 Maya. Il est possible de prendre l&#8217;autobus \u00e0 partir de 3AM et ce, jusque tard en apr\u00e8s-midi \u00e0 destination de Maya.<\/p>\n<p style=\"text-align: left;\">Il est possible de choisir entre un autobus avec ou sans air climatis\u00e9 et le prix, pour un aller-simple, est d&#8217;environ 180 pesos. Plus rapide et co\u00fbtant environ 200 pesos, des minivans sont \u00e9galement disponibles. Vous les trouverez \u00e0 proximit\u00e9 de la sortie du terminal d&#8217;autobus.<\/p>\n<p style=\"text-align: left;\">Une fois rendu au quai \u00e0 Maya, vous devrez payer pour le transport de vos bagages des frais d&#8217;environ 20 pesos ainsi que le billet pour le bateau qui est d&#8217;environ 80 pesos. Il est possible de prendre les bateaux publics jusqu&#8217;en fin d&#8217;apr\u00e8s-midi et ils vous d\u00e9poseront au village principal de Malapascua. \u00c0 partir de l\u00e0, une petite marche de dix minutes vous m\u00e8nera directement \u00e0 Ocean Vida Beach &amp; Dive Resort.<\/p>\n<p style=\"text-align: left;\">Il est \u00e9galement possible de louer son propre bateau pour un prix variant entre 1000 et 2500 pesos, d\u00e9pendant de l&#8217;heure et des conditions m\u00e9t\u00e9orologiques. Ils vous d\u00e9poseront directement en face de notre resort.<\/p>\n\n\t\t<style type=\"text\/css\">\n\t\t\t#gallery-1 {\n\t\t\t\tmargin: auto;\n\t\t\t}\n\t\t\t#gallery-1 .gallery-item {\n\t\t\t\tfloat: left;\n\t\t\t\tmargin-top: 10px;\n\t\t\t\ttext-align: center;\n\t\t\t\twidth: 50%;\n\t\t\t}\n\t\t\t#gallery-1 img {\n\t\t\t\tborder: 2px solid #cfcfcf;\n\t\t\t}\n\t\t\t#gallery-1 .gallery-caption {\n\t\t\t\tmargin-left: 0;\n\t\t\t}\n\t\t\t\/* see gallery_shortcode() in wp-includes\/media.php *\/\n\t\t<\/style>\n\t\t<div id='gallery-1' class='gallery galleryid-139 gallery-columns-2 gallery-size-medium'><dl class='gallery-item'>\n\t\t\t<dt class='gallery-icon landscape'>\n\t\t\t\t<a href='http:\/\/ocean-vida.com\/fr\/files\/2013\/09\/Ceres-Bus-Aircon.jpg' rel=\"lightbox[139]\"><img loading=\"lazy\" decoding=\"async\" width=\"256\" height=\"192\" src=\"http:\/\/ocean-vida.com\/fr\/files\/2013\/09\/Ceres-Bus-Aircon.jpg\" class=\"attachment-medium size-medium\" alt=\"\" \/><\/a>\n\t\t\t<\/dt><\/dl><dl class='gallery-item'>\n\t\t\t<dt class='gallery-icon landscape'>\n\t\t\t\t<a href='http:\/\/ocean-vida.com\/fr\/files\/2013\/09\/Ceres-Bus-Non-Aircon.jpg' rel=\"lightbox[139]\"><img loading=\"lazy\" decoding=\"async\" width=\"256\" height=\"192\" src=\"http:\/\/ocean-vida.com\/fr\/files\/2013\/09\/Ceres-Bus-Non-Aircon.jpg\" class=\"attachment-medium size-medium\" alt=\"\" \/><\/a>\n\t\t\t<\/dt><\/dl><br style=\"clear: both\" \/>\n\t\t<\/div>\n\n\n<h3>Comment se rendre jusqu&#8217;\u00e0 Cebu<\/h3>\n<p>Vols \u00e0 partir de l&#8217;Europe<\/p>\n<p>(1 escale)<\/p>\n<p><a href=\"http:\/\/www.singaporeair.com\/\">Singapore Airlines<\/a> (escale \u00e0 Singapour)<br \/>\n<a href=\"http:\/\/www.cathaypacific.com\/\">Cathay Pacific<\/a> (escale \u00e0 Hong Kong)<br \/>\n<a href=\"http:\/\/flyasiana.com\/gateway\/gateway_en.html\">Asiana Airlines<\/a> (escale \u00e0 S\u00e9oul)<br \/>\n<a href=\"http:\/\/www1.philippineairlines.com\/\">Philippine Airlines<\/a> (escale \u00e0 Manille)<\/p>\n<p>Il existe de nombreuses autres alternatives pour se rendre \u00e0 Cebu. Les compagnies a\u00e9riennes desservant les vols domestiques sont :<\/p>\n<p><a href=\"http:\/\/www.cebupacificair.com\/\">Cebu pacific<\/a><br \/>\nZest Air<br \/>\n<a href=\"http:\/\/www1.philippineairlines.com\/\">Philippine Airlines<\/a><br \/>\n<a href=\"http:\/\/www.airphilexpress.com\/\" target=\"_blank\">AirPhil Express<\/a><\/p>\n<p>Pour n&#8217;en mentionner que quelques-uns.<\/p>\n","protected":false},"excerpt":{"rendered":"<p>Service de transfert Une fois arriv\u00e9 \u00e0 l&#8217;a\u00e9roport de Cebu, vous avez le choix entre deux options pour vous rendre \u00e0 Malapascua. Service de transfert de Ocean Vida Beach &amp; Dive Resort Nous offrons quotidiennement un service de transfert de Cebu \u00e0 Malapascua et ce, \u00e0 toute heure de la journ\u00e9e. Nous pouvons venir vous chercher \u00e0 votre h\u00f4tel ou&nbsp;<a href=\"http:\/\/ocean-vida.com\/fr\/information\/transfer-service\/\" class=\"read-more\">Continue Reading<\/a><\/p>\n","protected":false},"author":1,"featured_media":0,"parent":36,"menu_order":1,"comment_status":"open","ping_status":"open","template":"page-fullwidth.php","meta":{"footnotes":""},"class_list":["post-139","page","type-page","status-publish","hentry"],"yoast_head":"<!-- This site is optimized with the Yoast SEO plugin v26.4 - https:\/\/yoast.com\/wordpress\/plugins\/seo\/ -->\n<title>Service de transfert - Ocean Vida - French<\/title>\n<meta name=\"robots\" content=\"noindex, follow, max-snippet:-1, max-image-preview:large, max-video-preview:-1\" \/>\n<meta name=\"twitter:label1\" content=\"Est. reading time\" \/>\n\t<meta name=\"twitter:data1\" content=\"2 minutes\" \/>\n<script type=\"application\/ld+json\" class=\"yoast-schema-graph\">{\"@context\":\"https:\/\/schema.org\",\"@graph\":[{\"@type\":\"WebPage\",\"@id\":\"http:\/\/ocean-vida.com\/fr\/information\/transfer-service\/\",\"url\":\"http:\/\/ocean-vida.com\/fr\/information\/transfer-service\/\",\"name\":\"Service de transfert - Ocean Vida - French\",\"isPartOf\":{\"@id\":\"http:\/\/ocean-vida.com\/fr\/#website\"},\"datePublished\":\"2013-09-19T08:30:32+00:00\",\"dateModified\":\"2013-10-29T02:21:55+00:00\",\"breadcrumb\":{\"@id\":\"http:\/\/ocean-vida.com\/fr\/information\/transfer-service\/#breadcrumb\"},\"inLanguage\":\"en-US\",\"potentialAction\":[{\"@type\":\"ReadAction\",\"target\":[\"http:\/\/ocean-vida.com\/fr\/information\/transfer-service\/\"]}]},{\"@type\":\"BreadcrumbList\",\"@id\":\"http:\/\/ocean-vida.com\/fr\/information\/transfer-service\/#breadcrumb\",\"itemListElement\":[{\"@type\":\"ListItem\",\"position\":1,\"name\":\"Home\",\"item\":\"http:\/\/ocean-vida.com\/fr\/\"},{\"@type\":\"ListItem\",\"position\":2,\"name\":\"Info\",\"item\":\"http:\/\/ocean-vida.com\/fr\/information\/\"},{\"@type\":\"ListItem\",\"position\":3,\"name\":\"Service de transfert\"}]},{\"@type\":\"WebSite\",\"@id\":\"http:\/\/ocean-vida.com\/fr\/#website\",\"url\":\"http:\/\/ocean-vida.com\/fr\/\",\"name\":\"Ocean Vida - French\",\"description\":\"Beach and Dive Resort\",\"potentialAction\":[{\"@type\":\"SearchAction\",\"target\":{\"@type\":\"EntryPoint\",\"urlTemplate\":\"http:\/\/ocean-vida.com\/fr\/?s={search_term_string}\"},\"query-input\":{\"@type\":\"PropertyValueSpecification\",\"valueRequired\":true,\"valueName\":\"search_term_string\"}}],\"inLanguage\":\"en-US\"}]}<\/script>\n<!-- \/ Yoast SEO plugin. -->","yoast_head_json":{"title":"Service de transfert - Ocean Vida - French","robots":{"index":"noindex","follow":"follow","max-snippet":"max-snippet:-1","max-image-preview":"max-image-preview:large","max-video-preview":"max-video-preview:-1"},"twitter_misc":{"Est. reading time":"2 minutes"},"schema":{"@context":"https:\/\/schema.org","@graph":[{"@type":"WebPage","@id":"http:\/\/ocean-vida.com\/fr\/information\/transfer-service\/","url":"http:\/\/ocean-vida.com\/fr\/information\/transfer-service\/","name":"Service de transfert - Ocean Vida - French","isPartOf":{"@id":"http:\/\/ocean-vida.com\/fr\/#website"},"datePublished":"2013-09-19T08:30:32+00:00","dateModified":"2013-10-29T02:21:55+00:00","breadcrumb":{"@id":"http:\/\/ocean-vida.com\/fr\/information\/transfer-service\/#breadcrumb"},"inLanguage":"en-US","potentialAction":[{"@type":"ReadAction","target":["http:\/\/ocean-vida.com\/fr\/information\/transfer-service\/"]}]},{"@type":"BreadcrumbList","@id":"http:\/\/ocean-vida.com\/fr\/information\/transfer-service\/#breadcrumb","itemListElement":[{"@type":"ListItem","position":1,"name":"Home","item":"http:\/\/ocean-vida.com\/fr\/"},{"@type":"ListItem","position":2,"name":"Info","item":"http:\/\/ocean-vida.com\/fr\/information\/"},{"@type":"ListItem","position":3,"name":"Service de transfert"}]},{"@type":"WebSite","@id":"http:\/\/ocean-vida.com\/fr\/#website","url":"http:\/\/ocean-vida.com\/fr\/","name":"Ocean Vida - French","description":"Beach and Dive Resort","potentialAction":[{"@type":"SearchAction","target":{"@type":"EntryPoint","urlTemplate":"http:\/\/ocean-vida.com\/fr\/?s={search_term_string}"},"query-input":{"@type":"PropertyValueSpecification","valueRequired":true,"valueName":"search_term_string"}}],"inLanguage":"en-US"}]}},"_links":{"self":[{"href":"http:\/\/ocean-vida.com\/fr\/wp-json\/wp\/v2\/pages\/139","targetHints":{"allow":["GET"]}}],"collection":[{"href":"http:\/\/ocean-vida.com\/fr\/wp-json\/wp\/v2\/pages"}],"about":[{"href":"http:\/\/ocean-vida.com\/fr\/wp-json\/wp\/v2\/types\/page"}],"author":[{"embeddable":true,"href":"http:\/\/ocean-vida.com\/fr\/wp-json\/wp\/v2\/users\/1"}],"replies":[{"embeddable":true,"href":"http:\/\/ocean-vida.com\/fr\/wp-json\/wp\/v2\/comments?post=139"}],"version-history":[{"count":7,"href":"http:\/\/ocean-vida.com\/fr\/wp-json\/wp\/v2\/pages\/139\/revisions"}],"predecessor-version":[{"id":146,"href":"http:\/\/ocean-vida.com\/fr\/wp-json\/wp\/v2\/pages\/139\/revisions\/146"}],"up":[{"embeddable":true,"href":"http:\/\/ocean-vida.com\/fr\/wp-json\/wp\/v2\/pages\/36"}],"wp:attachment":[{"href":"http:\/\/ocean-vida.com\/fr\/wp-json\/wp\/v2\/media?parent=139"}],"curies":[{"name":"wp","href":"https:\/\/api.w.org\/{rel}","templated":true}]}}