{"id":124,"date":"2013-09-19T08:03:05","date_gmt":"2013-09-19T08:03:05","guid":{"rendered":"http:\/\/sandbox.ocean-vida.com\/fr\/?page_id=124"},"modified":"2016-10-03T01:12:38","modified_gmt":"2016-10-03T01:12:38","slug":"restaurant","status":"publish","type":"page","link":"http:\/\/ocean-vida.com\/fr\/food-drinks\/restaurant\/","title":{"rendered":"Le Restaurant"},"content":{"rendered":"<h2>Le Restaurant<\/h2>\n<p>Le restaurant de l&#8217;h\u00f4tel\u00a0surplombe le bar de plage et le centre de plong\u00e9e. Vous pouvez choisir de manger\u00a0au restaurant \u00e0 l\u2019\u00e9tage, face \u00e0 la plage de \u201dBounty Beach\u201d, ou directement sur la plage de sable blanc.<\/p>\n<p>Notre d\u00e9licieux petit d\u00e9jeuner est propos\u00e9 d\u00e8s 7h30, heure \u00e0 laquelle\u00a0nos bateaux rentrent de la premi\u00e8re plong\u00e9e \u00e0 Monad Shoal, jusqu\u2019\u00e0 10h. Le buffet est compos\u00e9 de pain frais, de croissants, omelettes, bacon, viandes froides, un large choix de confitures, th\u00e9, caf\u00e9 et des jus de fruits frais de votre choix.<\/p>\n<p>Le restaurant est ouvert jusqu&#8217;\u00e0 22 heures. Nous offrons un large choix de plats europ\u00e9ens et locaux. Cela inclut entre autre sandwiches et paninis, soupes, salades, des sp\u00e9cialit\u00e9s philippines et tha\u00efes, des cordons bleus, ou encore des p\u00e2tes et des pizzas. Vous pouvez aussi d\u00e9guster de d\u00e9licieux plats de fruits de mer venus tout droit de la p\u00eache du matin. Un large choix de vins blancs et rouges sont disponibles pour accompagner votre repas.<\/p>\n\n\t\t<style type=\"text\/css\">\n\t\t\t#gallery-1 {\n\t\t\t\tmargin: auto;\n\t\t\t}\n\t\t\t#gallery-1 .gallery-item {\n\t\t\t\tfloat: left;\n\t\t\t\tmargin-top: 10px;\n\t\t\t\ttext-align: center;\n\t\t\t\twidth: 50%;\n\t\t\t}\n\t\t\t#gallery-1 img {\n\t\t\t\tborder: 2px solid #cfcfcf;\n\t\t\t}\n\t\t\t#gallery-1 .gallery-caption {\n\t\t\t\tmargin-left: 0;\n\t\t\t}\n\t\t\t\/* see gallery_shortcode() in wp-includes\/media.php *\/\n\t\t<\/style>\n\t\t<div id='gallery-1' class='gallery galleryid-124 gallery-columns-2 gallery-size-medium'><dl class='gallery-item'>\n\t\t\t<dt class='gallery-icon landscape'>\n\t\t\t\t<a href='http:\/\/ocean-vida.com\/fr\/files\/2013\/09\/Restaurant-Ocean-Vida-Malapscua.jpg' rel=\"lightbox[124]\"><img loading=\"lazy\" decoding=\"async\" width=\"300\" height=\"214\" src=\"http:\/\/ocean-vida.com\/fr\/files\/2013\/09\/Restaurant-Ocean-Vida-Malapscua-300x214.jpg\" class=\"attachment-medium size-medium\" alt=\"\" \/><\/a>\n\t\t\t<\/dt><\/dl><dl class='gallery-item'>\n\t\t\t<dt class='gallery-icon landscape'>\n\t\t\t\t<a href='http:\/\/ocean-vida.com\/fr\/files\/2013\/09\/Restaurant-Ocean-Vida-Beach-and-Dive-Resort1.jpg' rel=\"lightbox[124]\"><img loading=\"lazy\" decoding=\"async\" width=\"300\" height=\"214\" src=\"http:\/\/ocean-vida.com\/fr\/files\/2013\/09\/Restaurant-Ocean-Vida-Beach-and-Dive-Resort1-300x214.jpg\" class=\"attachment-medium size-medium\" alt=\"\" \/><\/a>\n\t\t\t<\/dt><\/dl><br style=\"clear: both\" \/><dl class='gallery-item'>\n\t\t\t<dt class='gallery-icon landscape'>\n\t\t\t\t<a href='http:\/\/ocean-vida.com\/fr\/files\/2013\/09\/Restaurant-Seaview-Ocean-Vida-Malapscua.jpg' rel=\"lightbox[124]\"><img loading=\"lazy\" decoding=\"async\" width=\"300\" height=\"214\" src=\"http:\/\/ocean-vida.com\/fr\/files\/2013\/09\/Restaurant-Seaview-Ocean-Vida-Malapscua-300x214.jpg\" class=\"attachment-medium size-medium\" alt=\"\" \/><\/a>\n\t\t\t<\/dt><\/dl><dl class='gallery-item'>\n\t\t\t<dt class='gallery-icon landscape'>\n\t\t\t\t<a href='http:\/\/ocean-vida.com\/fr\/files\/2013\/09\/buffet-ocean-vida-v3.png' rel=\"lightbox[124]\"><img loading=\"lazy\" decoding=\"async\" width=\"300\" height=\"214\" src=\"http:\/\/ocean-vida.com\/fr\/files\/2013\/09\/buffet-ocean-vida-v3-300x214.png\" class=\"attachment-medium size-medium\" alt=\"buffet ocean vida\" \/><\/a>\n\t\t\t<\/dt><\/dl><br style=\"clear: both\" \/><dl class='gallery-item'>\n\t\t\t<dt class='gallery-icon landscape'>\n\t\t\t\t<a href='http:\/\/ocean-vida.com\/fr\/files\/2013\/09\/Food-Ocean-Vida-Restaurant1.jpg' rel=\"lightbox[124]\"><img loading=\"lazy\" decoding=\"async\" width=\"300\" height=\"214\" src=\"http:\/\/ocean-vida.com\/fr\/files\/2013\/09\/Food-Ocean-Vida-Restaurant1-300x214.jpg\" class=\"attachment-medium size-medium\" alt=\"\" \/><\/a>\n\t\t\t<\/dt><\/dl><dl class='gallery-item'>\n\t\t\t<dt class='gallery-icon landscape'>\n\t\t\t\t<a href='http:\/\/ocean-vida.com\/fr\/files\/2013\/09\/Food-Shrimps-Ocean-Vida-Restaurant1.jpg' rel=\"lightbox[124]\"><img loading=\"lazy\" decoding=\"async\" width=\"300\" height=\"214\" src=\"http:\/\/ocean-vida.com\/fr\/files\/2013\/09\/Food-Shrimps-Ocean-Vida-Restaurant1-300x214.jpg\" class=\"attachment-medium size-medium\" alt=\"\" \/><\/a>\n\t\t\t<\/dt><\/dl><br style=\"clear: both\" \/>\n\t\t<\/div>\n\n","protected":false},"excerpt":{"rendered":"<p>Le Restaurant Le restaurant de l&#8217;h\u00f4tel\u00a0surplombe le bar de plage et le centre de plong\u00e9e. Vous pouvez choisir de manger\u00a0au restaurant \u00e0 l\u2019\u00e9tage, face \u00e0 la plage de \u201dBounty Beach\u201d, ou directement sur la plage de sable blanc. Notre d\u00e9licieux petit d\u00e9jeuner est propos\u00e9 d\u00e8s 7h30, heure \u00e0 laquelle\u00a0nos bateaux rentrent de la premi\u00e8re plong\u00e9e \u00e0 Monad Shoal, jusqu\u2019\u00e0 10h.&nbsp;<a href=\"http:\/\/ocean-vida.com\/fr\/food-drinks\/restaurant\/\" class=\"read-more\">Continue Reading<\/a><\/p>\n","protected":false},"author":1,"featured_media":0,"parent":24,"menu_order":3,"comment_status":"open","ping_status":"open","template":"","meta":{"footnotes":""},"class_list":["post-124","page","type-page","status-publish","hentry"],"yoast_head":"<!-- This site is optimized with the Yoast SEO plugin v26.4 - https:\/\/yoast.com\/wordpress\/plugins\/seo\/ -->\n<title>Le Restaurant - Ocean Vida - French<\/title>\n<meta name=\"robots\" content=\"noindex, follow, max-snippet:-1, max-image-preview:large, max-video-preview:-1\" \/>\n<meta name=\"twitter:label1\" content=\"Est. reading time\" \/>\n\t<meta name=\"twitter:data1\" content=\"1 minute\" \/>\n<script type=\"application\/ld+json\" class=\"yoast-schema-graph\">{\"@context\":\"https:\/\/schema.org\",\"@graph\":[{\"@type\":\"WebPage\",\"@id\":\"https:\/\/ocean-vida.com\/fr\/food-drinks\/restaurant\/\",\"url\":\"https:\/\/ocean-vida.com\/fr\/food-drinks\/restaurant\/\",\"name\":\"Le Restaurant - Ocean Vida - French\",\"isPartOf\":{\"@id\":\"http:\/\/ocean-vida.com\/fr\/#website\"},\"datePublished\":\"2013-09-19T08:03:05+00:00\",\"dateModified\":\"2016-10-03T01:12:38+00:00\",\"breadcrumb\":{\"@id\":\"https:\/\/ocean-vida.com\/fr\/food-drinks\/restaurant\/#breadcrumb\"},\"inLanguage\":\"en-US\",\"potentialAction\":[{\"@type\":\"ReadAction\",\"target\":[\"https:\/\/ocean-vida.com\/fr\/food-drinks\/restaurant\/\"]}]},{\"@type\":\"BreadcrumbList\",\"@id\":\"https:\/\/ocean-vida.com\/fr\/food-drinks\/restaurant\/#breadcrumb\",\"itemListElement\":[{\"@type\":\"ListItem\",\"position\":1,\"name\":\"Home\",\"item\":\"http:\/\/ocean-vida.com\/fr\/\"},{\"@type\":\"ListItem\",\"position\":2,\"name\":\"Bistro\",\"item\":\"http:\/\/ocean-vida.com\/fr\/food-drinks\/\"},{\"@type\":\"ListItem\",\"position\":3,\"name\":\"Le Restaurant\"}]},{\"@type\":\"WebSite\",\"@id\":\"http:\/\/ocean-vida.com\/fr\/#website\",\"url\":\"http:\/\/ocean-vida.com\/fr\/\",\"name\":\"Ocean Vida - French\",\"description\":\"Beach and Dive Resort\",\"potentialAction\":[{\"@type\":\"SearchAction\",\"target\":{\"@type\":\"EntryPoint\",\"urlTemplate\":\"http:\/\/ocean-vida.com\/fr\/?s={search_term_string}\"},\"query-input\":{\"@type\":\"PropertyValueSpecification\",\"valueRequired\":true,\"valueName\":\"search_term_string\"}}],\"inLanguage\":\"en-US\"}]}<\/script>\n<!-- \/ Yoast SEO plugin. -->","yoast_head_json":{"title":"Le Restaurant - Ocean Vida - French","robots":{"index":"noindex","follow":"follow","max-snippet":"max-snippet:-1","max-image-preview":"max-image-preview:large","max-video-preview":"max-video-preview:-1"},"twitter_misc":{"Est. reading time":"1 minute"},"schema":{"@context":"https:\/\/schema.org","@graph":[{"@type":"WebPage","@id":"https:\/\/ocean-vida.com\/fr\/food-drinks\/restaurant\/","url":"https:\/\/ocean-vida.com\/fr\/food-drinks\/restaurant\/","name":"Le Restaurant - Ocean Vida - French","isPartOf":{"@id":"http:\/\/ocean-vida.com\/fr\/#website"},"datePublished":"2013-09-19T08:03:05+00:00","dateModified":"2016-10-03T01:12:38+00:00","breadcrumb":{"@id":"https:\/\/ocean-vida.com\/fr\/food-drinks\/restaurant\/#breadcrumb"},"inLanguage":"en-US","potentialAction":[{"@type":"ReadAction","target":["https:\/\/ocean-vida.com\/fr\/food-drinks\/restaurant\/"]}]},{"@type":"BreadcrumbList","@id":"https:\/\/ocean-vida.com\/fr\/food-drinks\/restaurant\/#breadcrumb","itemListElement":[{"@type":"ListItem","position":1,"name":"Home","item":"http:\/\/ocean-vida.com\/fr\/"},{"@type":"ListItem","position":2,"name":"Bistro","item":"http:\/\/ocean-vida.com\/fr\/food-drinks\/"},{"@type":"ListItem","position":3,"name":"Le Restaurant"}]},{"@type":"WebSite","@id":"http:\/\/ocean-vida.com\/fr\/#website","url":"http:\/\/ocean-vida.com\/fr\/","name":"Ocean Vida - French","description":"Beach and Dive Resort","potentialAction":[{"@type":"SearchAction","target":{"@type":"EntryPoint","urlTemplate":"http:\/\/ocean-vida.com\/fr\/?s={search_term_string}"},"query-input":{"@type":"PropertyValueSpecification","valueRequired":true,"valueName":"search_term_string"}}],"inLanguage":"en-US"}]}},"_links":{"self":[{"href":"http:\/\/ocean-vida.com\/fr\/wp-json\/wp\/v2\/pages\/124","targetHints":{"allow":["GET"]}}],"collection":[{"href":"http:\/\/ocean-vida.com\/fr\/wp-json\/wp\/v2\/pages"}],"about":[{"href":"http:\/\/ocean-vida.com\/fr\/wp-json\/wp\/v2\/types\/page"}],"author":[{"embeddable":true,"href":"http:\/\/ocean-vida.com\/fr\/wp-json\/wp\/v2\/users\/1"}],"replies":[{"embeddable":true,"href":"http:\/\/ocean-vida.com\/fr\/wp-json\/wp\/v2\/comments?post=124"}],"version-history":[{"count":14,"href":"http:\/\/ocean-vida.com\/fr\/wp-json\/wp\/v2\/pages\/124\/revisions"}],"predecessor-version":[{"id":503,"href":"http:\/\/ocean-vida.com\/fr\/wp-json\/wp\/v2\/pages\/124\/revisions\/503"}],"up":[{"embeddable":true,"href":"http:\/\/ocean-vida.com\/fr\/wp-json\/wp\/v2\/pages\/24"}],"wp:attachment":[{"href":"http:\/\/ocean-vida.com\/fr\/wp-json\/wp\/v2\/media?parent=124"}],"curies":[{"name":"wp","href":"https:\/\/api.w.org\/{rel}","templated":true}]}}