{"id":111,"date":"2013-09-19T07:43:50","date_gmt":"2013-09-19T07:43:50","guid":{"rendered":"http:\/\/sandbox.ocean-vida.com\/fr\/?page_id=111"},"modified":"2016-03-21T06:44:14","modified_gmt":"2016-03-21T06:44:14","slug":"chill-out-area","status":"publish","type":"page","link":"http:\/\/ocean-vida.com\/fr\/food-drinks\/chill-out-area\/","title":{"rendered":"Aire de d\u00e9tente"},"content":{"rendered":"<h2>Aire de d\u00e9tente<\/h2>\n<p>Entre 3PM et 11PM, des poufs ainsi que des tables sont install\u00e9s sur la plage pour assurer votre confort durant le coucher de soleil. De plus, des lampes suspendues aux palmiers permettent d&#8217;obtenir un \u00e9clairage feutr\u00e9 juste parfait pour la d\u00e9tente. L&#8217;atmosph\u00e8re ainsi cr\u00e9\u00e9e est unique et inoubliable. Un \u00ab must try \u00bb pour toutes les personnes qui restent quelques jours \u00e0 Malapascua!<\/p>\n\n\t\t<style type=\"text\/css\">\n\t\t\t#gallery-1 {\n\t\t\t\tmargin: auto;\n\t\t\t}\n\t\t\t#gallery-1 .gallery-item {\n\t\t\t\tfloat: left;\n\t\t\t\tmargin-top: 10px;\n\t\t\t\ttext-align: center;\n\t\t\t\twidth: 50%;\n\t\t\t}\n\t\t\t#gallery-1 img {\n\t\t\t\tborder: 2px solid #cfcfcf;\n\t\t\t}\n\t\t\t#gallery-1 .gallery-caption {\n\t\t\t\tmargin-left: 0;\n\t\t\t}\n\t\t\t\/* see gallery_shortcode() in wp-includes\/media.php *\/\n\t\t<\/style>\n\t\t<div id='gallery-1' class='gallery galleryid-111 gallery-columns-2 gallery-size-medium'><dl class='gallery-item'>\n\t\t\t<dt class='gallery-icon landscape'>\n\t\t\t\t<a href='http:\/\/ocean-vida.com\/fr\/files\/2013\/09\/Chill-Out-Area-Ocean-Vida.jpg' rel=\"lightbox[111]\"><img loading=\"lazy\" decoding=\"async\" width=\"300\" height=\"214\" src=\"http:\/\/ocean-vida.com\/fr\/files\/2013\/09\/Chill-Out-Area-Ocean-Vida-300x214.jpg\" class=\"attachment-medium size-medium\" alt=\"Chill-Out-Area-Ocean-Vida\" \/><\/a>\n\t\t\t<\/dt><\/dl><dl class='gallery-item'>\n\t\t\t<dt class='gallery-icon landscape'>\n\t\t\t\t<a href='http:\/\/ocean-vida.com\/fr\/files\/2013\/09\/Malapascua-Ocean-Vida.jpg' rel=\"lightbox[111]\"><img loading=\"lazy\" decoding=\"async\" width=\"300\" height=\"214\" src=\"http:\/\/ocean-vida.com\/fr\/files\/2013\/09\/Malapascua-Ocean-Vida-300x214.jpg\" class=\"attachment-medium size-medium\" alt=\"\" \/><\/a>\n\t\t\t<\/dt><\/dl><br style=\"clear: both\" \/><dl class='gallery-item'>\n\t\t\t<dt class='gallery-icon landscape'>\n\t\t\t\t<a href='http:\/\/ocean-vida.com\/fr\/files\/2013\/09\/Sunset-Chill-Out-Area-2-Ocean-Vida.jpg' rel=\"lightbox[111]\"><img loading=\"lazy\" decoding=\"async\" width=\"300\" height=\"214\" src=\"http:\/\/ocean-vida.com\/fr\/files\/2013\/09\/Sunset-Chill-Out-Area-2-Ocean-Vida-300x214.jpg\" class=\"attachment-medium size-medium\" alt=\"\" \/><\/a>\n\t\t\t<\/dt><\/dl><dl class='gallery-item'>\n\t\t\t<dt class='gallery-icon landscape'>\n\t\t\t\t<a href='http:\/\/ocean-vida.com\/fr\/files\/2013\/09\/Sunset-Chill-Out-Area-Ocean-Vida.jpg' rel=\"lightbox[111]\"><img loading=\"lazy\" decoding=\"async\" width=\"300\" height=\"214\" src=\"http:\/\/ocean-vida.com\/fr\/files\/2013\/09\/Sunset-Chill-Out-Area-Ocean-Vida-300x214.jpg\" class=\"attachment-medium size-medium\" alt=\"ocean vida sunset and chill out\" \/><\/a>\n\t\t\t<\/dt><\/dl><br style=\"clear: both\" \/><dl class='gallery-item'>\n\t\t\t<dt class='gallery-icon landscape'>\n\t\t\t\t<a href='http:\/\/ocean-vida.com\/fr\/files\/2013\/09\/Malapascua-Ocean-Vida-2.jpg' rel=\"lightbox[111]\"><img loading=\"lazy\" decoding=\"async\" width=\"300\" height=\"214\" src=\"http:\/\/ocean-vida.com\/fr\/files\/2013\/09\/Malapascua-Ocean-Vida-2-300x214.jpg\" class=\"attachment-medium size-medium\" alt=\"\" \/><\/a>\n\t\t\t<\/dt><\/dl><dl class='gallery-item'>\n\t\t\t<dt class='gallery-icon landscape'>\n\t\t\t\t<a href='http:\/\/ocean-vida.com\/fr\/files\/2013\/09\/Night-Time-Ocean-Vida.jpg' rel=\"lightbox[111]\"><img loading=\"lazy\" decoding=\"async\" width=\"300\" height=\"214\" src=\"http:\/\/ocean-vida.com\/fr\/files\/2013\/09\/Night-Time-Ocean-Vida-300x214.jpg\" class=\"attachment-medium size-medium\" alt=\"Night-Time-Ocean-Vida\" \/><\/a>\n\t\t\t<\/dt><\/dl><br style=\"clear: both\" \/>\n\t\t<\/div>\n\n","protected":false},"excerpt":{"rendered":"<p>Aire de d\u00e9tente Entre 3PM et 11PM, des poufs ainsi que des tables sont install\u00e9s sur la plage pour assurer votre confort durant le coucher de soleil. De plus, des lampes suspendues aux palmiers permettent d&#8217;obtenir un \u00e9clairage feutr\u00e9 juste parfait pour la d\u00e9tente. L&#8217;atmosph\u00e8re ainsi cr\u00e9\u00e9e est unique et inoubliable. Un \u00ab must try \u00bb pour toutes les personnes&nbsp;<a href=\"http:\/\/ocean-vida.com\/fr\/food-drinks\/chill-out-area\/\" class=\"read-more\">Continue Reading<\/a><\/p>\n","protected":false},"author":1,"featured_media":0,"parent":24,"menu_order":3,"comment_status":"open","ping_status":"open","template":"","meta":{"footnotes":""},"class_list":["post-111","page","type-page","status-publish","hentry"],"yoast_head":"<!-- This site is optimized with the Yoast SEO plugin v26.4 - https:\/\/yoast.com\/wordpress\/plugins\/seo\/ -->\n<title>Aire de d\u00e9tente - Ocean Vida - French<\/title>\n<meta name=\"robots\" content=\"noindex, follow, max-snippet:-1, max-image-preview:large, max-video-preview:-1\" \/>\n<script type=\"application\/ld+json\" class=\"yoast-schema-graph\">{\"@context\":\"https:\/\/schema.org\",\"@graph\":[{\"@type\":\"WebPage\",\"@id\":\"http:\/\/ocean-vida.com\/fr\/food-drinks\/chill-out-area\/\",\"url\":\"http:\/\/ocean-vida.com\/fr\/food-drinks\/chill-out-area\/\",\"name\":\"Aire de d\u00e9tente - Ocean Vida - French\",\"isPartOf\":{\"@id\":\"http:\/\/ocean-vida.com\/fr\/#website\"},\"datePublished\":\"2013-09-19T07:43:50+00:00\",\"dateModified\":\"2016-03-21T06:44:14+00:00\",\"breadcrumb\":{\"@id\":\"http:\/\/ocean-vida.com\/fr\/food-drinks\/chill-out-area\/#breadcrumb\"},\"inLanguage\":\"en-US\",\"potentialAction\":[{\"@type\":\"ReadAction\",\"target\":[\"http:\/\/ocean-vida.com\/fr\/food-drinks\/chill-out-area\/\"]}]},{\"@type\":\"BreadcrumbList\",\"@id\":\"http:\/\/ocean-vida.com\/fr\/food-drinks\/chill-out-area\/#breadcrumb\",\"itemListElement\":[{\"@type\":\"ListItem\",\"position\":1,\"name\":\"Home\",\"item\":\"http:\/\/ocean-vida.com\/fr\/\"},{\"@type\":\"ListItem\",\"position\":2,\"name\":\"Bistro\",\"item\":\"http:\/\/ocean-vida.com\/fr\/food-drinks\/\"},{\"@type\":\"ListItem\",\"position\":3,\"name\":\"Aire de d\u00e9tente\"}]},{\"@type\":\"WebSite\",\"@id\":\"http:\/\/ocean-vida.com\/fr\/#website\",\"url\":\"http:\/\/ocean-vida.com\/fr\/\",\"name\":\"Ocean Vida - French\",\"description\":\"Beach and Dive Resort\",\"potentialAction\":[{\"@type\":\"SearchAction\",\"target\":{\"@type\":\"EntryPoint\",\"urlTemplate\":\"http:\/\/ocean-vida.com\/fr\/?s={search_term_string}\"},\"query-input\":{\"@type\":\"PropertyValueSpecification\",\"valueRequired\":true,\"valueName\":\"search_term_string\"}}],\"inLanguage\":\"en-US\"}]}<\/script>\n<!-- \/ Yoast SEO plugin. -->","yoast_head_json":{"title":"Aire de d\u00e9tente - Ocean Vida - French","robots":{"index":"noindex","follow":"follow","max-snippet":"max-snippet:-1","max-image-preview":"max-image-preview:large","max-video-preview":"max-video-preview:-1"},"schema":{"@context":"https:\/\/schema.org","@graph":[{"@type":"WebPage","@id":"http:\/\/ocean-vida.com\/fr\/food-drinks\/chill-out-area\/","url":"http:\/\/ocean-vida.com\/fr\/food-drinks\/chill-out-area\/","name":"Aire de d\u00e9tente - Ocean Vida - French","isPartOf":{"@id":"http:\/\/ocean-vida.com\/fr\/#website"},"datePublished":"2013-09-19T07:43:50+00:00","dateModified":"2016-03-21T06:44:14+00:00","breadcrumb":{"@id":"http:\/\/ocean-vida.com\/fr\/food-drinks\/chill-out-area\/#breadcrumb"},"inLanguage":"en-US","potentialAction":[{"@type":"ReadAction","target":["http:\/\/ocean-vida.com\/fr\/food-drinks\/chill-out-area\/"]}]},{"@type":"BreadcrumbList","@id":"http:\/\/ocean-vida.com\/fr\/food-drinks\/chill-out-area\/#breadcrumb","itemListElement":[{"@type":"ListItem","position":1,"name":"Home","item":"http:\/\/ocean-vida.com\/fr\/"},{"@type":"ListItem","position":2,"name":"Bistro","item":"http:\/\/ocean-vida.com\/fr\/food-drinks\/"},{"@type":"ListItem","position":3,"name":"Aire de d\u00e9tente"}]},{"@type":"WebSite","@id":"http:\/\/ocean-vida.com\/fr\/#website","url":"http:\/\/ocean-vida.com\/fr\/","name":"Ocean Vida - French","description":"Beach and Dive Resort","potentialAction":[{"@type":"SearchAction","target":{"@type":"EntryPoint","urlTemplate":"http:\/\/ocean-vida.com\/fr\/?s={search_term_string}"},"query-input":{"@type":"PropertyValueSpecification","valueRequired":true,"valueName":"search_term_string"}}],"inLanguage":"en-US"}]}},"_links":{"self":[{"href":"http:\/\/ocean-vida.com\/fr\/wp-json\/wp\/v2\/pages\/111","targetHints":{"allow":["GET"]}}],"collection":[{"href":"http:\/\/ocean-vida.com\/fr\/wp-json\/wp\/v2\/pages"}],"about":[{"href":"http:\/\/ocean-vida.com\/fr\/wp-json\/wp\/v2\/types\/page"}],"author":[{"embeddable":true,"href":"http:\/\/ocean-vida.com\/fr\/wp-json\/wp\/v2\/users\/1"}],"replies":[{"embeddable":true,"href":"http:\/\/ocean-vida.com\/fr\/wp-json\/wp\/v2\/comments?post=111"}],"version-history":[{"count":9,"href":"http:\/\/ocean-vida.com\/fr\/wp-json\/wp\/v2\/pages\/111\/revisions"}],"predecessor-version":[{"id":480,"href":"http:\/\/ocean-vida.com\/fr\/wp-json\/wp\/v2\/pages\/111\/revisions\/480"}],"up":[{"embeddable":true,"href":"http:\/\/ocean-vida.com\/fr\/wp-json\/wp\/v2\/pages\/24"}],"wp:attachment":[{"href":"http:\/\/ocean-vida.com\/fr\/wp-json\/wp\/v2\/media?parent=111"}],"curies":[{"name":"wp","href":"https:\/\/api.w.org\/{rel}","templated":true}]}}