{"id":104,"date":"2013-09-19T07:33:12","date_gmt":"2013-09-19T07:33:12","guid":{"rendered":"http:\/\/sandbox.ocean-vida.com\/fr\/?page_id=104"},"modified":"2016-03-21T06:41:35","modified_gmt":"2016-03-21T06:41:35","slug":"beach-bar","status":"publish","type":"page","link":"http:\/\/ocean-vida.com\/fr\/food-drinks\/beach-bar\/","title":{"rendered":"Beach Bar"},"content":{"rendered":"<h2>Beach Bar<\/h2>\n<p>Notre bar de plage\u00a0est ouvert de 8AM jusqu&#8217;\u00e0 11PM et ce, 365 jours par ann\u00e9e. Une vaste s\u00e9lection de consommations, allant de diff\u00e9rentes boissons gazeuses, \u00a0de jus de noix de coco frais, shake ou jus de fruits frais ou encore nos fameux cocktails, vous est offerte toute la journ\u00e9e.<\/p>\n<p>Tous les jours, de 4PM \u00e0 6PM, profitez de\u00a0notre \u00ab Happy Hour \u00bb o\u00f9 vous pourrez obtenir deux cocktails pour le prix d&#8217;un. Ne manquez pas de go\u00fbter \u00e0 la sp\u00e9cialit\u00e9 de la maison, notre fameux Mango Daiquiri!<\/p>\n\n\t\t<style type=\"text\/css\">\n\t\t\t#gallery-1 {\n\t\t\t\tmargin: auto;\n\t\t\t}\n\t\t\t#gallery-1 .gallery-item {\n\t\t\t\tfloat: left;\n\t\t\t\tmargin-top: 10px;\n\t\t\t\ttext-align: center;\n\t\t\t\twidth: 33%;\n\t\t\t}\n\t\t\t#gallery-1 img {\n\t\t\t\tborder: 2px solid #cfcfcf;\n\t\t\t}\n\t\t\t#gallery-1 .gallery-caption {\n\t\t\t\tmargin-left: 0;\n\t\t\t}\n\t\t\t\/* see gallery_shortcode() in wp-includes\/media.php *\/\n\t\t<\/style>\n\t\t<div id='gallery-1' class='gallery galleryid-104 gallery-columns-3 gallery-size-medium'><dl class='gallery-item'>\n\t\t\t<dt class='gallery-icon landscape'>\n\t\t\t\t<a href='http:\/\/ocean-vida.com\/fr\/files\/2013\/09\/Beach-Bar-Ocean-Vida.jpg' rel=\"lightbox[104]\"><img loading=\"lazy\" decoding=\"async\" width=\"300\" height=\"214\" src=\"http:\/\/ocean-vida.com\/fr\/files\/2013\/09\/Beach-Bar-Ocean-Vida-300x214.jpg\" class=\"attachment-medium size-medium\" alt=\"Beach-Bar-Ocean-Vida\" \/><\/a>\n\t\t\t<\/dt><\/dl><dl class='gallery-item'>\n\t\t\t<dt class='gallery-icon landscape'>\n\t\t\t\t<a href='http:\/\/ocean-vida.com\/fr\/files\/2013\/09\/Sunset-Ocean-Vida1.jpg' rel=\"lightbox[104]\"><img loading=\"lazy\" decoding=\"async\" width=\"300\" height=\"214\" src=\"http:\/\/ocean-vida.com\/fr\/files\/2013\/09\/Sunset-Ocean-Vida1-300x214.jpg\" class=\"attachment-medium size-medium\" alt=\"Ocean Vida Sunset\" \/><\/a>\n\t\t\t<\/dt><\/dl><dl class='gallery-item'>\n\t\t\t<dt class='gallery-icon landscape'>\n\t\t\t\t<a href='http:\/\/ocean-vida.com\/fr\/files\/2013\/09\/cocktail-Ocean-Vida-Malapascua-v3.jpg' rel=\"lightbox[104]\"><img loading=\"lazy\" decoding=\"async\" width=\"300\" height=\"214\" src=\"http:\/\/ocean-vida.com\/fr\/files\/2013\/09\/cocktail-Ocean-Vida-Malapascua-v3-300x214.jpg\" class=\"attachment-medium size-medium\" alt=\"\" \/><\/a>\n\t\t\t<\/dt><\/dl><br style=\"clear: both\" \/>\n\t\t<\/div>\n\n","protected":false},"excerpt":{"rendered":"<p>Beach Bar Notre bar de plage\u00a0est ouvert de 8AM jusqu&#8217;\u00e0 11PM et ce, 365 jours par ann\u00e9e. Une vaste s\u00e9lection de consommations, allant de diff\u00e9rentes boissons gazeuses, \u00a0de jus de noix de coco frais, shake ou jus de fruits frais ou encore nos fameux cocktails, vous est offerte toute la journ\u00e9e. Tous les jours, de 4PM \u00e0 6PM, profitez de\u00a0notre&nbsp;<a href=\"http:\/\/ocean-vida.com\/fr\/food-drinks\/beach-bar\/\" class=\"read-more\">Continue Reading<\/a><\/p>\n","protected":false},"author":1,"featured_media":0,"parent":24,"menu_order":2,"comment_status":"open","ping_status":"open","template":"","meta":{"footnotes":""},"class_list":["post-104","page","type-page","status-publish","hentry"],"yoast_head":"<!-- This site is optimized with the Yoast SEO plugin v26.4 - https:\/\/yoast.com\/wordpress\/plugins\/seo\/ -->\n<title>Beach Bar - Ocean Vida - French<\/title>\n<meta name=\"robots\" content=\"noindex, follow, max-snippet:-1, max-image-preview:large, max-video-preview:-1\" \/>\n<script type=\"application\/ld+json\" class=\"yoast-schema-graph\">{\"@context\":\"https:\/\/schema.org\",\"@graph\":[{\"@type\":\"WebPage\",\"@id\":\"https:\/\/ocean-vida.com\/fr\/food-drinks\/beach-bar\/\",\"url\":\"https:\/\/ocean-vida.com\/fr\/food-drinks\/beach-bar\/\",\"name\":\"Beach Bar - Ocean Vida - French\",\"isPartOf\":{\"@id\":\"http:\/\/ocean-vida.com\/fr\/#website\"},\"datePublished\":\"2013-09-19T07:33:12+00:00\",\"dateModified\":\"2016-03-21T06:41:35+00:00\",\"breadcrumb\":{\"@id\":\"https:\/\/ocean-vida.com\/fr\/food-drinks\/beach-bar\/#breadcrumb\"},\"inLanguage\":\"en-US\",\"potentialAction\":[{\"@type\":\"ReadAction\",\"target\":[\"https:\/\/ocean-vida.com\/fr\/food-drinks\/beach-bar\/\"]}]},{\"@type\":\"BreadcrumbList\",\"@id\":\"https:\/\/ocean-vida.com\/fr\/food-drinks\/beach-bar\/#breadcrumb\",\"itemListElement\":[{\"@type\":\"ListItem\",\"position\":1,\"name\":\"Home\",\"item\":\"http:\/\/ocean-vida.com\/fr\/\"},{\"@type\":\"ListItem\",\"position\":2,\"name\":\"Bistro\",\"item\":\"http:\/\/ocean-vida.com\/fr\/food-drinks\/\"},{\"@type\":\"ListItem\",\"position\":3,\"name\":\"Beach Bar\"}]},{\"@type\":\"WebSite\",\"@id\":\"http:\/\/ocean-vida.com\/fr\/#website\",\"url\":\"http:\/\/ocean-vida.com\/fr\/\",\"name\":\"Ocean Vida - French\",\"description\":\"Beach and Dive Resort\",\"potentialAction\":[{\"@type\":\"SearchAction\",\"target\":{\"@type\":\"EntryPoint\",\"urlTemplate\":\"http:\/\/ocean-vida.com\/fr\/?s={search_term_string}\"},\"query-input\":{\"@type\":\"PropertyValueSpecification\",\"valueRequired\":true,\"valueName\":\"search_term_string\"}}],\"inLanguage\":\"en-US\"}]}<\/script>\n<!-- \/ Yoast SEO plugin. -->","yoast_head_json":{"title":"Beach Bar - Ocean Vida - French","robots":{"index":"noindex","follow":"follow","max-snippet":"max-snippet:-1","max-image-preview":"max-image-preview:large","max-video-preview":"max-video-preview:-1"},"schema":{"@context":"https:\/\/schema.org","@graph":[{"@type":"WebPage","@id":"https:\/\/ocean-vida.com\/fr\/food-drinks\/beach-bar\/","url":"https:\/\/ocean-vida.com\/fr\/food-drinks\/beach-bar\/","name":"Beach Bar - Ocean Vida - French","isPartOf":{"@id":"http:\/\/ocean-vida.com\/fr\/#website"},"datePublished":"2013-09-19T07:33:12+00:00","dateModified":"2016-03-21T06:41:35+00:00","breadcrumb":{"@id":"https:\/\/ocean-vida.com\/fr\/food-drinks\/beach-bar\/#breadcrumb"},"inLanguage":"en-US","potentialAction":[{"@type":"ReadAction","target":["https:\/\/ocean-vida.com\/fr\/food-drinks\/beach-bar\/"]}]},{"@type":"BreadcrumbList","@id":"https:\/\/ocean-vida.com\/fr\/food-drinks\/beach-bar\/#breadcrumb","itemListElement":[{"@type":"ListItem","position":1,"name":"Home","item":"http:\/\/ocean-vida.com\/fr\/"},{"@type":"ListItem","position":2,"name":"Bistro","item":"http:\/\/ocean-vida.com\/fr\/food-drinks\/"},{"@type":"ListItem","position":3,"name":"Beach Bar"}]},{"@type":"WebSite","@id":"http:\/\/ocean-vida.com\/fr\/#website","url":"http:\/\/ocean-vida.com\/fr\/","name":"Ocean Vida - French","description":"Beach and Dive Resort","potentialAction":[{"@type":"SearchAction","target":{"@type":"EntryPoint","urlTemplate":"http:\/\/ocean-vida.com\/fr\/?s={search_term_string}"},"query-input":{"@type":"PropertyValueSpecification","valueRequired":true,"valueName":"search_term_string"}}],"inLanguage":"en-US"}]}},"_links":{"self":[{"href":"http:\/\/ocean-vida.com\/fr\/wp-json\/wp\/v2\/pages\/104","targetHints":{"allow":["GET"]}}],"collection":[{"href":"http:\/\/ocean-vida.com\/fr\/wp-json\/wp\/v2\/pages"}],"about":[{"href":"http:\/\/ocean-vida.com\/fr\/wp-json\/wp\/v2\/types\/page"}],"author":[{"embeddable":true,"href":"http:\/\/ocean-vida.com\/fr\/wp-json\/wp\/v2\/users\/1"}],"replies":[{"embeddable":true,"href":"http:\/\/ocean-vida.com\/fr\/wp-json\/wp\/v2\/comments?post=104"}],"version-history":[{"count":9,"href":"http:\/\/ocean-vida.com\/fr\/wp-json\/wp\/v2\/pages\/104\/revisions"}],"predecessor-version":[{"id":478,"href":"http:\/\/ocean-vida.com\/fr\/wp-json\/wp\/v2\/pages\/104\/revisions\/478"}],"up":[{"embeddable":true,"href":"http:\/\/ocean-vida.com\/fr\/wp-json\/wp\/v2\/pages\/24"}],"wp:attachment":[{"href":"http:\/\/ocean-vida.com\/fr\/wp-json\/wp\/v2\/media?parent=104"}],"curies":[{"name":"wp","href":"https:\/\/api.w.org\/{rel}","templated":true}]}}