{"id":85,"date":"2015-05-25T18:22:41","date_gmt":"2015-05-25T18:22:41","guid":{"rendered":"http:\/\/ocean-vida.com\/es\/?page_id=85"},"modified":"2015-06-03T10:35:44","modified_gmt":"2015-06-03T10:35:44","slug":"buceando-alrededor-de-malapascua","status":"publish","type":"page","link":"http:\/\/ocean-vida.com\/es\/buceo\/buceando-alrededor-de-malapascua\/","title":{"rendered":"BUCEANDO ALREDEDOR DE MALAPASCUA"},"content":{"rendered":"<p><a href=\"\/wp-content\/uploads\/2013\/10\/Malapascua-Dive-Sites.png\" rel=\"lightbox\"><img decoding=\"async\" class=\"map img-responsive\" alt=\"\" src=\"\/wp-content\/uploads\/2013\/10\/Malapascua-Dive-Sites.png\" \/><\/a><\/p>\n<h2>BUCEANDO ALREDEDOR DE MALAPASCUA<\/h2>\n<p>La mayor parte de los buceadores vienen a Malapascua por el Tiburon Zorro que se puede ver en Monad Shoal durante todo el a\u00f1o. Tambi\u00e9n Mantas gigantes y Mobulas son vistas a menudo en esta isla sumergida. Muchos de los buceadores que vienen se quedan sorprendidos de la gran diversidad en los puntos de buceo alrededor Malapascua. Los puntos de buceo ofrecen un gran rango de buceo macro, buceo en pecio, cueva y paredes.<\/p>\n<p>Tiburon Zorro en Monad Shoal<br \/>\nBuceo en el pecio Do\u00f1a Marilyn<br \/>\nBuceo en la cueva de Gato Island<br \/>\nBuceo en las paredes de Calanggaman<br \/>\nBuceo Muck<\/p>\n<h2>Horarios de buceos Sea Explorers Philippines<\/h2>\n<p>Maximo (4 buceos al dia )<\/p>\n<h3>Buceo por la ma\u00f1ana (Temprano)<\/h3>\n<p>Punto de Buceo: Monad Shoal<br \/>\nHora de Salida: 5 am<br \/>\nVuelta a Malapascua: 7:30 am<\/p>\n<h3>Buceo por la ma\u00f1ana:<\/h3>\n<p>Puntos de Buceo: Parte norte de Malapascua, House reef y Chocolate Island<br \/>\nHora de Salida: 9 am<br \/>\nVuelta a Malapascua: 11 am<\/p>\n<h3>Buceo por la tarde:<\/h3>\n<p>Punto de Buceo: Parte norte de Malapascua, House reef y Chocolate Island<br \/>\nHora de Salida: 1:30 pm<br \/>\nVuelta a Malapascua: 3:30 pm<\/p>\n<h3>Excursiones de dia con 2 buceos:<\/h3>\n<p>Punto de Buceo: Gato Island, Calanggaman Island, pecio Do\u00f1a Marilyn y Maria&#8217;s point<br \/>\nHora de Salida: 9 am<br \/>\nVuelta a Malapascua: 3-4 pm<\/p>\n<h3>Buceo al atardecer:<\/h3>\n<p>Punto de Buceo: Lighthouse<br \/>\nHora de Salida: 5 pm<br \/>\nVuelta a Malapascua: 7 pm<\/p>\n<h2>PUNTOS DE BUCEO ALREDEDOR MALAPASCUA:<\/h2>\n<h3>Punto de Buceo: Monad Shoal<\/h3>\n<p>Distancia : 9 Km<br \/>\nTiempo de viaje: 25 Min<br \/>\nNivel de experiencia: Open Water con un m\u00ednimo de 30 buceos o Avanzado<br \/>\nVisibilidad: 10-30 m<br \/>\nProfundidad: 15-25 m<br \/>\nCorrientes: Normalmente no hay corriente, puede ser fuerte en luna llena.<\/p>\n<h4>DESCRIPCION:<\/h4>\n<p>Este es el punto de buceo que hace a Malapascua famosa.<br \/>\nEl \u00fanico sitio de el mundo donde se puede ver el Tiburon Zorro siendo &#8220;limpiado&#8221; por la ma\u00f1ana.<\/p>\n<h4>VIDA MARINA:<\/h4>\n<p>Tiburon Zorro Pelagico, Tiburon Zorro comun, Mantas, Mobulas, Barracudas, Pargos, Pez leon, etc.<\/p>\n<p><a href=\"http:\/\/ocean-vida.com\/wp-content\/uploads\/2015\/06\/thresher-sharks-Alex-Stroyda.jpg\" rel=\"lightbox[85]\"><img decoding=\"async\" class=\"img-responsive\" alt=\"thresher sharks Alex Stroyda\" src=\"http:\/\/ocean-vida.com\/wp-content\/uploads\/2015\/06\/thresher-sharks-Alex-Stroyda.jpg\" width=\"400\" height=\"auto\" \/><\/a><\/p>\n<h3>PUNTO DE BUCEO: Kimud Shoal<\/h3>\n<p>Distancia : 16Km<br \/>\nTiempo de viaje: 45 Min<br \/>\nNivel de experiencia: Solo buceador Avanzado con min 30 buceos registrados<br \/>\nVisibilidad: 15-30 m<br \/>\nProfundidad: Max. permitida 40 m<br \/>\nCorrientes: Normalmente no hay corriente.<\/p>\n<h4>DESCRIPCION:<\/h4>\n<p>La plataforma de Kimud Shoal es mucho mas peque\u00f1a comparada con la de Monad Shoal, pero la oportunidad de ver Tiburones Martillo hace que sea f\u00e1cil levantarse aun mas pronto por la ma\u00f1ana.<br \/>\nSea Explorers sale a las 4:45 am para hacer un viaje de 45 min.<br \/>\nSe bucea en el azul a unos 50 m de la pared y ah\u00ed hay muchas posibilidades de ver los Tiburones Martillo.<br \/>\nSolo vamos all\u00ed desde febrero hasta abril, cuando el agua es mas fr\u00eda.<\/p>\n<h4>VIDA MARINA:1<\/h4>\n<p>Tiburones Martillo, Tiburones Zorro y Mobulas, etc.<\/p>\n<h3>PUNTO DE BUCEO: Lapus Lapus<\/h3>\n<p>Distancia : 2 Km<br \/>\nTiempo de viaje: 10 Min<br \/>\nNivel de experiencia: Open Water<br \/>\nVisibilidad: 10-20 m<br \/>\nProfundidad: 8-25 m<br \/>\nCorrientes: Puede ser fuerte a veces<\/p>\n<h4>DESCRIPCION:<\/h4>\n<p>El jard\u00edn de coral mas precioso alrededor Malapascua con un bonito saliente.<br \/>\nLee el articulo de buceo de un bi\u00f3logo marino que nos hizo una visita en 2011. (Haz Click aqu\u00ed)<\/p>\n<h4>VIDA MARINA:<\/h4>\n<p>Caballito de Mar pigmeo, Pez Rana, Pez Cardenal, Nudibranqueos, Pez Leon, Pez Escorpion, Gambas, etc.<\/p>\n<h3>PUNTO DE BUCEO: Deep Rock<\/h3>\n<p>Distancia : 2,5 Km<br \/>\nTiempo de viaje: 10 Min<br \/>\nNivel de experiencia: Open Water<br \/>\nVisibilidad: 10-25 m<br \/>\nProfundidad: !6-26 m<br \/>\nCorrientes: Puede ser fuerte.<\/p>\n<h4>DESCRIPCION:<\/h4>\n<p>Un bonito pinaculo de 20 m de ancho cubierto por corales duros y blandos.<\/p>\n<h4>VIDA MARINA:<\/h4>\n<p>Caballito de Mar pigmeo, Pez Rana, Nudibranqueos, Batfish, Cangrejos Zebra, Dragonets, Peces Pipa, Labios dulces Juveniles, gambas comensales, Pez Leon, etc.<\/p>\n<h3>PUNTO DE BUCEO: Bantigue<\/h3>\n<p>Distancia : 2 Km<br \/>\nTiempo de viaje: 10 Min<br \/>\nNivel de experiencia: Open Water<br \/>\nVisibilidad: 10-20 m<br \/>\nProfundidad: 5-15 m<br \/>\nCorrientes: Normalmente no hay corriente.<\/p>\n<h4>DESCRIPCION:<\/h4>\n<p>Solo a unos pocos minutos de viaje en barco, en la cara norte de Malapascua esta Bantigue.<br \/>\nEste punto de buceo es especialmente para fans de el Macro. Mayoritariamente fondos de arena con bloques de corales.<\/p>\n<h4>VIDA MARINA:<\/h4>\n<p>Sea Mouth, Nudibranqueos, Peces pipa &#8220;Ghost&#8221;, Gurnart voladores, Dragonets, Pez Leon, Morenas &#8220;Blackpitted&#8221;, Culebras de mar, Cangrejo con casco, Cangrejo porcelana, pez diablo, Pulpo de anillos azules, etc.<\/p>\n<h3>PUNTO DE BUCEO: Light House<\/h3>\n<p>Distancia : 2 Km<br \/>\nTiempo de viaje: 10 Min<br \/>\nNivel de experiencia: Open Water<br \/>\nVisibilidad: 10-30 m<br \/>\nProfundidad: 8-10 m<br \/>\nCorrientes: No hay corriente.<\/p>\n<h4>DESCRIPCION:<\/h4>\n<p>Este es el punto de buceo donde le damos la garantia de ense\u00f1arle el mating the el Pez mandarin o caballitos de mar.<\/p>\n<h4>VIDA MARINA:<\/h4>\n<p>Pez mandarin, caballitos de mar, Sepia cola Bob, Cangrejos grandes, a veces pulpo de anillos azules, pez diablo, pulpo comun, gamba boxeadora, etc.<\/p>\n<h3>PUNTO DE BUCEO: Do\u00f1a Marilyn<\/h3>\n<p>Distancia : 23 Km<br \/>\nTiempo de viaje: 70 Min<br \/>\nNivel de experiencia: Avanzado<br \/>\nVisibilidad: 10-20 m<br \/>\nProfundidad: 18-33 m<br \/>\nCorrientes: Puede ser fuerte.<\/p>\n<h4>DESCRIPCION:<\/h4>\n<p>Bucear en pecios en Malapascua puede ser una aventura.<br \/>\nEste gran ferry de pasajeros se hundi\u00f3 durante un fuerte tif\u00f3n hace mas de 20 a\u00f1os. El barco viajaba desde Manila y Cebu. El barco tiene como 100 metros de largo y descansa tumbado sobre un lado.<\/p>\n<h4>VIDA MARINA:<\/h4>\n<p>El puerto esta cubierto de corales blandos azules y rojos, Stingrays, Pez escorpion, Corales negros, Gambas Colemant, Cangrejo erizo Adams.<\/p>\n<h3>PUNTO DE BUCEO: Gato Island<\/h3>\n<p>Distancia : 17 Km<br \/>\nTiempo de viaje: 45 Min<br \/>\nNivel de experiencia: Open Water<br \/>\nVisibilidad: 10-25 m<br \/>\nProfundidad: 3-27 m<br \/>\nCorrientes: Puede ser fuerte pero normalmente no hay corriente.<\/p>\n<h4>DESCRIPCION:<\/h4>\n<p>Uno de los mejores puntos de buceo en el Mar de Visayas con un bonito t\u00fanel y muchos pasadizos entre las rocas.<\/p>\n<h4>VIDA MARINA:<\/h4>\n<p>Culebras marinas, Tiburon de punta blanca, Tiburon bamboo, Nudibranqueos, sepias, caballitos de mar pigmeos, spanish dancer, caballas , pez roca, cangrejos ara\u00f1a, Pez rana, etc.<\/p>\n<p><a title=\"Gato cave\" href=\"http:\/\/ocean-vida.com\/wp-content\/uploads\/2015\/06\/gato-cave.jpg\" rel=\"lightbox[85]\"><img decoding=\"async\" class=\"img-responsive\" alt=\"gato cave\" src=\"http:\/\/ocean-vida.com\/wp-content\/uploads\/2015\/06\/gato-cave.jpg\" width=\"400px\" height=\"auto\" \/><\/a><\/p>\n<h3>PUNTO DE BUCEO: Calanggaman Island<\/h3>\n<p>Distancia : 27 Km<br \/>\nTiempo de viaje: 80 Min<br \/>\nNivel de experiencia: Open Water<br \/>\nVisibilidad: 20-40 m<br \/>\nProfundidad: 5-40 m<br \/>\nCorrientes: No hay corriente.<\/p>\n<h4>DESCRIPCION:<\/h4>\n<p>Una preciosa isla con un incre\u00edble buceo en pared con corales duros y blandos.<br \/>\nEntre los buceos ofrecimos una BBQ en la isla.<\/p>\n<h4>VIDA MARINA:<\/h4>\n<p>Long nose hawkfish, sea mouth, nudibranqueos, peces de arrecife coloridos, pez leon, pez escorpion, cangrejo orangutan, spotted garden eels<\/p>\n<p><a href=\"\/wp-content\/uploads\/2013\/10\/Calanggaman-Island-near-Malapascua.jpg\" rel=\"lightbox\"><img decoding=\"async\" class=\"standard\" alt=\"\" width=\"400px\" height=\"auto\" src=\"\/wp-content\/uploads\/2013\/10\/Calanggaman-Island-near-Malapascua.jpg\" \/><\/a><\/p>\n","protected":false},"excerpt":{"rendered":"<p>BUCEANDO ALREDEDOR DE MALAPASCUA La mayor parte de los buceadores vienen a Malapascua por el Tiburon Zorro que se puede ver en Monad Shoal durante todo el a\u00f1o. Tambi\u00e9n Mantas gigantes y Mobulas son vistas a menudo en esta isla sumergida. Muchos de los buceadores que vienen se quedan sorprendidos de la gran diversidad en los puntos de buceo alrededor&nbsp;<a href=\"http:\/\/ocean-vida.com\/es\/buceo\/buceando-alrededor-de-malapascua\/\" class=\"read-more\">Continue Reading<\/a><\/p>\n","protected":false},"author":4,"featured_media":0,"parent":52,"menu_order":1,"comment_status":"open","ping_status":"open","template":"","meta":{"footnotes":""},"class_list":["post-85","page","type-page","status-publish","hentry"],"yoast_head":"<!-- This site is optimized with the Yoast SEO plugin v27.4 - https:\/\/yoast.com\/product\/yoast-seo-wordpress\/ -->\n<title>BUCEANDO ALREDEDOR DE MALAPASCUA - Ocean Vida - Spanish<\/title>\n<meta name=\"robots\" content=\"noindex, follow, max-snippet:-1, max-image-preview:large, max-video-preview:-1\" \/>\n<meta property=\"og:locale\" content=\"en_US\" \/>\n<meta property=\"og:type\" content=\"article\" \/>\n<meta property=\"og:title\" content=\"BUCEANDO ALREDEDOR DE MALAPASCUA - Ocean Vida - Spanish\" \/>\n<meta property=\"og:description\" content=\"BUCEANDO ALREDEDOR DE MALAPASCUA La mayor parte de los buceadores vienen a Malapascua por el Tiburon Zorro que se puede ver en Monad Shoal durante todo el a\u00f1o. Tambi\u00e9n Mantas gigantes y Mobulas son vistas a menudo en esta isla sumergida. Muchos de los buceadores que vienen se quedan sorprendidos de la gran diversidad en los puntos de buceo alrededor&nbsp;Continue Reading\" \/>\n<meta property=\"og:url\" content=\"http:\/\/ocean-vida.com\/es\/buceo\/buceando-alrededor-de-malapascua\/\" \/>\n<meta property=\"og:site_name\" content=\"Ocean Vida - Spanish\" \/>\n<meta property=\"article:modified_time\" content=\"2015-06-03T10:35:44+00:00\" \/>\n<meta property=\"og:image\" content=\"http:\/\/ocean-vida.com\/wp-content\/uploads\/2015\/06\/thresher-sharks-Alex-Stroyda.jpg\" \/>\n<meta name=\"twitter:card\" content=\"summary_large_image\" \/>\n<meta name=\"twitter:label1\" content=\"Est. reading time\" \/>\n\t<meta name=\"twitter:data1\" content=\"5 minutes\" \/>\n<script type=\"application\/ld+json\" class=\"yoast-schema-graph\">{\"@context\":\"https:\\\/\\\/schema.org\",\"@graph\":[{\"@type\":\"WebPage\",\"@id\":\"http:\\\/\\\/ocean-vida.com\\\/es\\\/buceo\\\/buceando-alrededor-de-malapascua\\\/\",\"url\":\"http:\\\/\\\/ocean-vida.com\\\/es\\\/buceo\\\/buceando-alrededor-de-malapascua\\\/\",\"name\":\"BUCEANDO ALREDEDOR DE MALAPASCUA - Ocean Vida - Spanish\",\"isPartOf\":{\"@id\":\"http:\\\/\\\/ocean-vida.com\\\/es\\\/#website\"},\"primaryImageOfPage\":{\"@id\":\"http:\\\/\\\/ocean-vida.com\\\/es\\\/buceo\\\/buceando-alrededor-de-malapascua\\\/#primaryimage\"},\"image\":{\"@id\":\"http:\\\/\\\/ocean-vida.com\\\/es\\\/buceo\\\/buceando-alrededor-de-malapascua\\\/#primaryimage\"},\"thumbnailUrl\":\"http:\\\/\\\/ocean-vida.com\\\/wp-content\\\/uploads\\\/2015\\\/06\\\/thresher-sharks-Alex-Stroyda.jpg\",\"datePublished\":\"2015-05-25T18:22:41+00:00\",\"dateModified\":\"2015-06-03T10:35:44+00:00\",\"breadcrumb\":{\"@id\":\"http:\\\/\\\/ocean-vida.com\\\/es\\\/buceo\\\/buceando-alrededor-de-malapascua\\\/#breadcrumb\"},\"inLanguage\":\"en-US\",\"potentialAction\":[{\"@type\":\"ReadAction\",\"target\":[\"http:\\\/\\\/ocean-vida.com\\\/es\\\/buceo\\\/buceando-alrededor-de-malapascua\\\/\"]}]},{\"@type\":\"ImageObject\",\"inLanguage\":\"en-US\",\"@id\":\"http:\\\/\\\/ocean-vida.com\\\/es\\\/buceo\\\/buceando-alrededor-de-malapascua\\\/#primaryimage\",\"url\":\"http:\\\/\\\/ocean-vida.com\\\/wp-content\\\/uploads\\\/2015\\\/06\\\/thresher-sharks-Alex-Stroyda.jpg\",\"contentUrl\":\"http:\\\/\\\/ocean-vida.com\\\/wp-content\\\/uploads\\\/2015\\\/06\\\/thresher-sharks-Alex-Stroyda.jpg\"},{\"@type\":\"BreadcrumbList\",\"@id\":\"http:\\\/\\\/ocean-vida.com\\\/es\\\/buceo\\\/buceando-alrededor-de-malapascua\\\/#breadcrumb\",\"itemListElement\":[{\"@type\":\"ListItem\",\"position\":1,\"name\":\"Home\",\"item\":\"http:\\\/\\\/ocean-vida.com\\\/es\\\/\"},{\"@type\":\"ListItem\",\"position\":2,\"name\":\"Buceo\",\"item\":\"http:\\\/\\\/ocean-vida.com\\\/es\\\/buceo\\\/\"},{\"@type\":\"ListItem\",\"position\":3,\"name\":\"BUCEANDO ALREDEDOR DE MALAPASCUA\"}]},{\"@type\":\"WebSite\",\"@id\":\"http:\\\/\\\/ocean-vida.com\\\/es\\\/#website\",\"url\":\"http:\\\/\\\/ocean-vida.com\\\/es\\\/\",\"name\":\"Ocean Vida - Spanish\",\"description\":\"Just another Ocean Vida Sites site\",\"potentialAction\":[{\"@type\":\"SearchAction\",\"target\":{\"@type\":\"EntryPoint\",\"urlTemplate\":\"http:\\\/\\\/ocean-vida.com\\\/es\\\/?s={search_term_string}\"},\"query-input\":{\"@type\":\"PropertyValueSpecification\",\"valueRequired\":true,\"valueName\":\"search_term_string\"}}],\"inLanguage\":\"en-US\"}]}<\/script>\n<!-- \/ Yoast SEO plugin. -->","yoast_head_json":{"title":"BUCEANDO ALREDEDOR DE MALAPASCUA - Ocean Vida - Spanish","robots":{"index":"noindex","follow":"follow","max-snippet":"max-snippet:-1","max-image-preview":"max-image-preview:large","max-video-preview":"max-video-preview:-1"},"og_locale":"en_US","og_type":"article","og_title":"BUCEANDO ALREDEDOR DE MALAPASCUA - Ocean Vida - Spanish","og_description":"BUCEANDO ALREDEDOR DE MALAPASCUA La mayor parte de los buceadores vienen a Malapascua por el Tiburon Zorro que se puede ver en Monad Shoal durante todo el a\u00f1o. Tambi\u00e9n Mantas gigantes y Mobulas son vistas a menudo en esta isla sumergida. Muchos de los buceadores que vienen se quedan sorprendidos de la gran diversidad en los puntos de buceo alrededor&nbsp;Continue Reading","og_url":"http:\/\/ocean-vida.com\/es\/buceo\/buceando-alrededor-de-malapascua\/","og_site_name":"Ocean Vida - Spanish","article_modified_time":"2015-06-03T10:35:44+00:00","og_image":[{"url":"http:\/\/ocean-vida.com\/wp-content\/uploads\/2015\/06\/thresher-sharks-Alex-Stroyda.jpg","type":"","width":"","height":""}],"twitter_card":"summary_large_image","twitter_misc":{"Est. reading time":"5 minutes"},"schema":{"@context":"https:\/\/schema.org","@graph":[{"@type":"WebPage","@id":"http:\/\/ocean-vida.com\/es\/buceo\/buceando-alrededor-de-malapascua\/","url":"http:\/\/ocean-vida.com\/es\/buceo\/buceando-alrededor-de-malapascua\/","name":"BUCEANDO ALREDEDOR DE MALAPASCUA - Ocean Vida - Spanish","isPartOf":{"@id":"http:\/\/ocean-vida.com\/es\/#website"},"primaryImageOfPage":{"@id":"http:\/\/ocean-vida.com\/es\/buceo\/buceando-alrededor-de-malapascua\/#primaryimage"},"image":{"@id":"http:\/\/ocean-vida.com\/es\/buceo\/buceando-alrededor-de-malapascua\/#primaryimage"},"thumbnailUrl":"http:\/\/ocean-vida.com\/wp-content\/uploads\/2015\/06\/thresher-sharks-Alex-Stroyda.jpg","datePublished":"2015-05-25T18:22:41+00:00","dateModified":"2015-06-03T10:35:44+00:00","breadcrumb":{"@id":"http:\/\/ocean-vida.com\/es\/buceo\/buceando-alrededor-de-malapascua\/#breadcrumb"},"inLanguage":"en-US","potentialAction":[{"@type":"ReadAction","target":["http:\/\/ocean-vida.com\/es\/buceo\/buceando-alrededor-de-malapascua\/"]}]},{"@type":"ImageObject","inLanguage":"en-US","@id":"http:\/\/ocean-vida.com\/es\/buceo\/buceando-alrededor-de-malapascua\/#primaryimage","url":"http:\/\/ocean-vida.com\/wp-content\/uploads\/2015\/06\/thresher-sharks-Alex-Stroyda.jpg","contentUrl":"http:\/\/ocean-vida.com\/wp-content\/uploads\/2015\/06\/thresher-sharks-Alex-Stroyda.jpg"},{"@type":"BreadcrumbList","@id":"http:\/\/ocean-vida.com\/es\/buceo\/buceando-alrededor-de-malapascua\/#breadcrumb","itemListElement":[{"@type":"ListItem","position":1,"name":"Home","item":"http:\/\/ocean-vida.com\/es\/"},{"@type":"ListItem","position":2,"name":"Buceo","item":"http:\/\/ocean-vida.com\/es\/buceo\/"},{"@type":"ListItem","position":3,"name":"BUCEANDO ALREDEDOR DE MALAPASCUA"}]},{"@type":"WebSite","@id":"http:\/\/ocean-vida.com\/es\/#website","url":"http:\/\/ocean-vida.com\/es\/","name":"Ocean Vida - Spanish","description":"Just another Ocean Vida Sites site","potentialAction":[{"@type":"SearchAction","target":{"@type":"EntryPoint","urlTemplate":"http:\/\/ocean-vida.com\/es\/?s={search_term_string}"},"query-input":{"@type":"PropertyValueSpecification","valueRequired":true,"valueName":"search_term_string"}}],"inLanguage":"en-US"}]}},"_links":{"self":[{"href":"http:\/\/ocean-vida.com\/es\/wp-json\/wp\/v2\/pages\/85","targetHints":{"allow":["GET"]}}],"collection":[{"href":"http:\/\/ocean-vida.com\/es\/wp-json\/wp\/v2\/pages"}],"about":[{"href":"http:\/\/ocean-vida.com\/es\/wp-json\/wp\/v2\/types\/page"}],"author":[{"embeddable":true,"href":"http:\/\/ocean-vida.com\/es\/wp-json\/wp\/v2\/users\/4"}],"replies":[{"embeddable":true,"href":"http:\/\/ocean-vida.com\/es\/wp-json\/wp\/v2\/comments?post=85"}],"version-history":[{"count":7,"href":"http:\/\/ocean-vida.com\/es\/wp-json\/wp\/v2\/pages\/85\/revisions"}],"predecessor-version":[{"id":171,"href":"http:\/\/ocean-vida.com\/es\/wp-json\/wp\/v2\/pages\/85\/revisions\/171"}],"up":[{"embeddable":true,"href":"http:\/\/ocean-vida.com\/es\/wp-json\/wp\/v2\/pages\/52"}],"wp:attachment":[{"href":"http:\/\/ocean-vida.com\/es\/wp-json\/wp\/v2\/media?parent=85"}],"curies":[{"name":"wp","href":"https:\/\/api.w.org\/{rel}","templated":true}]}}