{"id":80,"date":"2015-05-25T18:10:01","date_gmt":"2015-05-25T18:10:01","guid":{"rendered":"http:\/\/ocean-vida.com\/es\/?page_id=80"},"modified":"2015-05-25T18:10:01","modified_gmt":"2015-05-25T18:10:01","slug":"cursos-de-buceo-padi","status":"publish","type":"page","link":"http:\/\/ocean-vida.com\/es\/buceo\/cursos-de-buceo-padi\/","title":{"rendered":"CURSOS DE BUCEO PADI"},"content":{"rendered":"<h2>CURSOS DE BUCEO PADI<\/h2>\n<p style=\"text-align: justify;\"><a href=\"\/wp-content\/uploads\/2013\/08\/PADI-5-star-instructor-development-dive-resort.jpg\" rel=\"lightbox\"><img loading=\"lazy\" decoding=\"async\" class=\"blackborder\" alt=\"\" src=\"\/wp-content\/uploads\/2013\/08\/PADI-5-star-instructor-development-dive-resort.jpg\" width=\"200\" height=\"250\" \/><\/a><\/p>\n<h2>Ventajas de Sea Explorers<\/h2>\n<p>Educacion de primera clase y servicio personal en un medio ambiente tropical. Nuestros 5 instructores pueden ense\u00f1ar en muchas idiomas diferentes.<\/p>\n<p style=\"text-align: justify;\"><a href=\"https:\/\/www.padi.com\/elearning-scuba-registration\/Default.aspx\" target=\"_blank\">PADI eLearning<\/a><\/p>\n<p style=\"text-align: justify;\"><a href=\"\/wp-content\/uploads\/2013\/08\/elearning_tl_coverphoto-.jpg\" rel=\"lightbox\"><img loading=\"lazy\" decoding=\"async\" class=\"blackborder\" alt=\"\" src=\"\/wp-content\/uploads\/2013\/08\/elearning_tl_coverphoto-.jpg\" width=\"700\" height=\"120\" \/><\/a><\/p>\n<p style=\"text-align: justify;\"><a href=\"\/wp-content\/uploads\/2013\/08\/PADI-Con-Ed-FlowChart.jpg\" rel=\"lightbox\"><img decoding=\"async\" class=\"standard\" alt=\"padi eLearning\" src=\"\/wp-content\/uploads\/2013\/08\/PADI-Con-Ed-FlowChart.jpg\" \/><\/a><\/p>\n<p style=\"text-align: justify;\"><a href=\"\/wp-content\/uploads\/2013\/08\/bubble-maker.jpg\" rel=\"lightbox\"><img loading=\"lazy\" decoding=\"async\" class=\"blackborder\" alt=\"\" src=\"\/wp-content\/uploads\/2013\/08\/bubble-maker.jpg\" width=\"110\" height=\"100\" \/><\/a><\/p>\n<h3>BUBBLEMAKER<\/h3>\n<p>Edad Minima: 8 a\u00f1os Duracion: 3-4 Horas<br \/>\nLa primera oportunidad de respirar bajo el agua la puede hacer a la edad de 8. Puede probar lo divertido que es bucear en una piscina o en aguas confinadas.<\/p>\n<h3>Discover Scuba Diving(Bautizo)<\/h3>\n<p>Edad Minima: 10 a\u00f1os Duracion: 3-4 Horas<br \/>\nPrimero recibir\u00e1 30 minutos de teor\u00eda antes de sumergirse en aguas poco profundas y hacer alg\u00fan ejercicio para que se sienta comoda con el equipo de buceo.Despues de esto usted realizara un excitante buceo en aguas abiertas a una profundidad m\u00e1xima de 12 metros.<\/p>\n<p>El instructor le mostrara algunos fascinantes peces y corales. Este curso es solo para introducirle a el mundo submarino y para darle una idea de lo que es bucear. No se adquiere un certificado con el que usted puede bucear.<\/p>\n<h3>Open Water (Aguas Abiertas)<\/h3>\n<p>Edad Minima:15 a\u00f1os (10-15 a\u00f1os PADI Junior Open Water) Duracion: 3-4 d\u00edas<br \/>\nEl curso de Open Water esta considerado como un curso de nivel iniciaci\u00f3n. En 3-4 d\u00edas nuestro instructor le ense\u00f1ara el uso de el equipo de buceo y usted haga alg\u00fan buceo en aguas confinadas en donde usted se hara familiar con los ejercicios b\u00e1sicos. Entonces usted tendr\u00e1 4 buceos en aguas abiertas donde descubrir\u00e1 incre\u00edble vida marina.<\/p>\n<p>El prop\u00f3sito de este curso es que usted se sienta comodo y aprenda como comunicaste con su compa\u00f1ero de buceo. La teor\u00eda esta dividida en 5 cap\u00edtulos con v\u00eddeos y un manual que esta incluido en el curso.<\/p>\n<h3>ADVANCED OPEN WATER (Avanzado)<\/h3>\n<p>Edad Minima: 10 a\u00f1os Duracion: 2-3 d\u00edas<br \/>\n5 buceos vienen incluidos en este curso orientado a la practica. Los buceos obligatorios son el Buceo profundo y Navegacion con br\u00fajula. Los otros 3 buceos usted puede elegir entre buceo nocturno, multinivel, buceo con computadora, desde barco, buceo naturalista, etc. El buceo profundo se hace normalmente en el sitio de buceo llamado Monad Shoal a una profundidad m\u00e1xima permitida de 30 metros.<\/p>\n<h3>ADVENTURE DIVER (Buceador de Aventura)<\/h3>\n<p>Edad Minima:10 a\u00f1os Duracion: 1-2 d\u00edas<br \/>\n3 buceos vienen incluidos en este curso con los obligatorios buceos profundo, navegaci\u00f3n con br\u00fajula y uno mas para que usted elija.<\/p>\n<h3>RESCUE DIVER (Buceador de Rescate)<\/h3>\n<p>Edad Minima: 15 a\u00f1os Duracion: 5-6 d\u00edas<br \/>\nEl curso de buceador de rescate le proporciona un entrenamiento b\u00e1sico de primeros auxilios dentro y fuera de el agua. Usted aprender\u00e1 como ayudar a un buceador con stress y en p\u00e1nico y tambi\u00e9n usted obtendr\u00e1 mas conocimientos de teor\u00eda y si alguien necesita su ayuda usted sabr\u00e1 lo que hacer.<\/p>\n<h3>DIVEMASTER<\/h3>\n<p>Este curso es el paso para convertirse en un profesional y aprender\u00e1 como guiar a buceadores y como asistir a un instructor cuando diriga un curso.<br \/>\nUsted ser\u00e1 capaz de trabajar como gu\u00eda de buceo despu\u00e9s de completar este curso. Para ense\u00f1ar cursos usted necesita hacer el curso de Instructor PADI(IDC).<br \/>\nSea Explorers Filipinas ofrece un minimo de 2 cursos de Instructor al a\u00f1o. PINCHA AQUI.<\/p>\n<h3>SPECIALTY COURSES (Cursos de Especialidades)<\/h3>\n<p>Ofrecemos cursos de Nitrox, Pecios (Barcos hundidos), Profundo, Nocturno, Naturalista subaquatico y navegacion subaquatica.<\/p>\n","protected":false},"excerpt":{"rendered":"<p>CURSOS DE BUCEO PADI Ventajas de Sea Explorers Educacion de primera clase y servicio personal en un medio ambiente tropical. Nuestros 5 instructores pueden ense\u00f1ar en muchas idiomas diferentes. PADI eLearning BUBBLEMAKER Edad Minima: 8 a\u00f1os Duracion: 3-4 Horas La primera oportunidad de respirar bajo el agua la puede hacer a la edad de 8. Puede probar lo divertido que&nbsp;<a href=\"http:\/\/ocean-vida.com\/es\/buceo\/cursos-de-buceo-padi\/\" class=\"read-more\">Continue Reading<\/a><\/p>\n","protected":false},"author":4,"featured_media":0,"parent":52,"menu_order":2,"comment_status":"open","ping_status":"open","template":"","meta":{"footnotes":""},"class_list":["post-80","page","type-page","status-publish","hentry"],"yoast_head":"<!-- This site is optimized with the Yoast SEO plugin v27.4 - https:\/\/yoast.com\/product\/yoast-seo-wordpress\/ -->\n<title>CURSOS DE BUCEO PADI - Ocean Vida - Spanish<\/title>\n<meta name=\"robots\" content=\"noindex, follow, max-snippet:-1, max-image-preview:large, max-video-preview:-1\" \/>\n<meta property=\"og:locale\" content=\"en_US\" \/>\n<meta property=\"og:type\" content=\"article\" \/>\n<meta property=\"og:title\" content=\"CURSOS DE BUCEO PADI - Ocean Vida - Spanish\" \/>\n<meta property=\"og:description\" content=\"CURSOS DE BUCEO PADI Ventajas de Sea Explorers Educacion de primera clase y servicio personal en un medio ambiente tropical. Nuestros 5 instructores pueden ense\u00f1ar en muchas idiomas diferentes. PADI eLearning BUBBLEMAKER Edad Minima: 8 a\u00f1os Duracion: 3-4 Horas La primera oportunidad de respirar bajo el agua la puede hacer a la edad de 8. Puede probar lo divertido que&nbsp;Continue Reading\" \/>\n<meta property=\"og:url\" content=\"http:\/\/ocean-vida.com\/es\/buceo\/cursos-de-buceo-padi\/\" \/>\n<meta property=\"og:site_name\" content=\"Ocean Vida - Spanish\" \/>\n<meta name=\"twitter:card\" content=\"summary_large_image\" \/>\n<meta name=\"twitter:label1\" content=\"Est. reading time\" \/>\n\t<meta name=\"twitter:data1\" content=\"3 minutes\" \/>\n<script type=\"application\/ld+json\" class=\"yoast-schema-graph\">{\"@context\":\"https:\\\/\\\/schema.org\",\"@graph\":[{\"@type\":\"WebPage\",\"@id\":\"http:\\\/\\\/ocean-vida.com\\\/es\\\/buceo\\\/cursos-de-buceo-padi\\\/\",\"url\":\"http:\\\/\\\/ocean-vida.com\\\/es\\\/buceo\\\/cursos-de-buceo-padi\\\/\",\"name\":\"CURSOS DE BUCEO PADI - Ocean Vida - Spanish\",\"isPartOf\":{\"@id\":\"http:\\\/\\\/ocean-vida.com\\\/es\\\/#website\"},\"datePublished\":\"2015-05-25T18:10:01+00:00\",\"breadcrumb\":{\"@id\":\"http:\\\/\\\/ocean-vida.com\\\/es\\\/buceo\\\/cursos-de-buceo-padi\\\/#breadcrumb\"},\"inLanguage\":\"en-US\",\"potentialAction\":[{\"@type\":\"ReadAction\",\"target\":[\"http:\\\/\\\/ocean-vida.com\\\/es\\\/buceo\\\/cursos-de-buceo-padi\\\/\"]}]},{\"@type\":\"BreadcrumbList\",\"@id\":\"http:\\\/\\\/ocean-vida.com\\\/es\\\/buceo\\\/cursos-de-buceo-padi\\\/#breadcrumb\",\"itemListElement\":[{\"@type\":\"ListItem\",\"position\":1,\"name\":\"Home\",\"item\":\"http:\\\/\\\/ocean-vida.com\\\/es\\\/\"},{\"@type\":\"ListItem\",\"position\":2,\"name\":\"Buceo\",\"item\":\"http:\\\/\\\/ocean-vida.com\\\/es\\\/buceo\\\/\"},{\"@type\":\"ListItem\",\"position\":3,\"name\":\"CURSOS DE BUCEO PADI\"}]},{\"@type\":\"WebSite\",\"@id\":\"http:\\\/\\\/ocean-vida.com\\\/es\\\/#website\",\"url\":\"http:\\\/\\\/ocean-vida.com\\\/es\\\/\",\"name\":\"Ocean Vida - Spanish\",\"description\":\"Just another Ocean Vida Sites site\",\"potentialAction\":[{\"@type\":\"SearchAction\",\"target\":{\"@type\":\"EntryPoint\",\"urlTemplate\":\"http:\\\/\\\/ocean-vida.com\\\/es\\\/?s={search_term_string}\"},\"query-input\":{\"@type\":\"PropertyValueSpecification\",\"valueRequired\":true,\"valueName\":\"search_term_string\"}}],\"inLanguage\":\"en-US\"}]}<\/script>\n<!-- \/ Yoast SEO plugin. -->","yoast_head_json":{"title":"CURSOS DE BUCEO PADI - Ocean Vida - Spanish","robots":{"index":"noindex","follow":"follow","max-snippet":"max-snippet:-1","max-image-preview":"max-image-preview:large","max-video-preview":"max-video-preview:-1"},"og_locale":"en_US","og_type":"article","og_title":"CURSOS DE BUCEO PADI - Ocean Vida - Spanish","og_description":"CURSOS DE BUCEO PADI Ventajas de Sea Explorers Educacion de primera clase y servicio personal en un medio ambiente tropical. Nuestros 5 instructores pueden ense\u00f1ar en muchas idiomas diferentes. PADI eLearning BUBBLEMAKER Edad Minima: 8 a\u00f1os Duracion: 3-4 Horas La primera oportunidad de respirar bajo el agua la puede hacer a la edad de 8. Puede probar lo divertido que&nbsp;Continue Reading","og_url":"http:\/\/ocean-vida.com\/es\/buceo\/cursos-de-buceo-padi\/","og_site_name":"Ocean Vida - Spanish","twitter_card":"summary_large_image","twitter_misc":{"Est. reading time":"3 minutes"},"schema":{"@context":"https:\/\/schema.org","@graph":[{"@type":"WebPage","@id":"http:\/\/ocean-vida.com\/es\/buceo\/cursos-de-buceo-padi\/","url":"http:\/\/ocean-vida.com\/es\/buceo\/cursos-de-buceo-padi\/","name":"CURSOS DE BUCEO PADI - Ocean Vida - Spanish","isPartOf":{"@id":"http:\/\/ocean-vida.com\/es\/#website"},"datePublished":"2015-05-25T18:10:01+00:00","breadcrumb":{"@id":"http:\/\/ocean-vida.com\/es\/buceo\/cursos-de-buceo-padi\/#breadcrumb"},"inLanguage":"en-US","potentialAction":[{"@type":"ReadAction","target":["http:\/\/ocean-vida.com\/es\/buceo\/cursos-de-buceo-padi\/"]}]},{"@type":"BreadcrumbList","@id":"http:\/\/ocean-vida.com\/es\/buceo\/cursos-de-buceo-padi\/#breadcrumb","itemListElement":[{"@type":"ListItem","position":1,"name":"Home","item":"http:\/\/ocean-vida.com\/es\/"},{"@type":"ListItem","position":2,"name":"Buceo","item":"http:\/\/ocean-vida.com\/es\/buceo\/"},{"@type":"ListItem","position":3,"name":"CURSOS DE BUCEO PADI"}]},{"@type":"WebSite","@id":"http:\/\/ocean-vida.com\/es\/#website","url":"http:\/\/ocean-vida.com\/es\/","name":"Ocean Vida - Spanish","description":"Just another Ocean Vida Sites site","potentialAction":[{"@type":"SearchAction","target":{"@type":"EntryPoint","urlTemplate":"http:\/\/ocean-vida.com\/es\/?s={search_term_string}"},"query-input":{"@type":"PropertyValueSpecification","valueRequired":true,"valueName":"search_term_string"}}],"inLanguage":"en-US"}]}},"_links":{"self":[{"href":"http:\/\/ocean-vida.com\/es\/wp-json\/wp\/v2\/pages\/80","targetHints":{"allow":["GET"]}}],"collection":[{"href":"http:\/\/ocean-vida.com\/es\/wp-json\/wp\/v2\/pages"}],"about":[{"href":"http:\/\/ocean-vida.com\/es\/wp-json\/wp\/v2\/types\/page"}],"author":[{"embeddable":true,"href":"http:\/\/ocean-vida.com\/es\/wp-json\/wp\/v2\/users\/4"}],"replies":[{"embeddable":true,"href":"http:\/\/ocean-vida.com\/es\/wp-json\/wp\/v2\/comments?post=80"}],"version-history":[{"count":2,"href":"http:\/\/ocean-vida.com\/es\/wp-json\/wp\/v2\/pages\/80\/revisions"}],"predecessor-version":[{"id":82,"href":"http:\/\/ocean-vida.com\/es\/wp-json\/wp\/v2\/pages\/80\/revisions\/82"}],"up":[{"embeddable":true,"href":"http:\/\/ocean-vida.com\/es\/wp-json\/wp\/v2\/pages\/52"}],"wp:attachment":[{"href":"http:\/\/ocean-vida.com\/es\/wp-json\/wp\/v2\/media?parent=80"}],"curies":[{"name":"wp","href":"https:\/\/api.w.org\/{rel}","templated":true}]}}