{"id":66,"date":"2015-05-25T17:44:53","date_gmt":"2015-05-25T17:44:53","guid":{"rendered":"http:\/\/ocean-vida.com\/es\/?page_id=66"},"modified":"2015-05-25T17:45:55","modified_gmt":"2015-05-25T17:45:55","slug":"el-tiempo","status":"publish","type":"page","link":"http:\/\/ocean-vida.com\/es\/info\/el-tiempo\/","title":{"rendered":"El Tiempo"},"content":{"rendered":"<h2>El Tiempo en Malapascua<\/h2>\n<p>El tiempo y las temporadas cambian dependiendo de el \u00e1rea que usted visite en Filipinas. Debido a su posici\u00f3n geogr\u00e1fica Malapascua ofrece condiciones metereologicas \u00fanicas. Por favor, fijese que lo que se menciona mas abajo son indicaciones basadas en nuestra experiencia viviendo en Malapascua por mas de 6 a\u00f1os.No podemos predecir lo que va a pasar los a\u00f1os siguientes.<\/p>\n<h2>TIFONES ALREDEDOR MALAPASCUA<\/h2>\n<p>Hemos vivido muchos tifones aqu\u00ed los \u00faltimos a\u00f1os. El mas fuerte ha sido el tif\u00f3n Haiyan en Noviembre de 2013 donde Malapascua estaba b\u00e1sicamente en el camino directo de el s\u00faper tif\u00f3n de categor\u00eda 5 y la isla sufri\u00f3 cuantiosos da\u00f1os. Ocean Vida estuvo cerrado desde el 6 de Noviembre cuando evacuamos a todos nuestros clientes a Cebu City. Las reparaciones fueron completadas r\u00e1pidamente y estuvimos totalmente operacionales otra vez el 20 de Diciembre de 2013. La ayuda fue incre\u00edble desde gente privada hasta operaciones internacionales y muchos de los locales recibieron tejados nuevos y materiales de construcci\u00f3n para reparar sus casas. En los 6 \u00faltimos a\u00f1os nos han afectado unos 5-6 tifones en Malapascua. Puede haber tifones durante todo el a\u00f1o y no hay ciertos meses donde sea seguro que se pueda evitarlos. Si se aproxima un tif\u00f3n entonces el buceo esta restringido a algunos sitios e buceo protegidos de el viento. Para actualizaciones sobre tifones PINCHA AQUI<\/p>\n<h2>De Diciembre a Febrero<\/h2>\n<p> No exactamente fr\u00edo pero estos son los meses mas fr\u00edos de el a\u00f1o.Esta temporada tambi\u00e9n es cuando mas llueve.Suele haber viento y los trayectos en barco pueden ser con oleaje.Todavia mucha gente disfruta el hecho de que es confortablemente fresca esta temporada de el a\u00f1o.Recomendamos traer un chubasquero de lluvia. Temperatura durante el dia 27-29 Celsius Temperatura durante la noche 26-27 Celsius Temperatura de el agua 26-28 Celsius<\/p>\n<h2>De Febrero a Mayo<\/h2>\n<p>El verano fluct\u00faa un poco antes o despu\u00e9s de Febrero con incremento de temperatura en el aire y el agua.Los vientos y las aguas se van calmando.Esta es la temporada mas alta en Malapascua.<br \/>\nTemperatura durante el dia 28-31 Celsius Temperatura durante la noche 28-29 Celsius Temperatura de el agua 27-29 Celsius<\/p>\n<h2>De Mayo a Octubre<\/h2>\n<p>Verano en Malapascua y el mejor momento de el a\u00f1o en cuanto a altas temperaturas y aguas tranquilas.Muchas guias de viaje dicen que esta es la temporada h\u00fameda, que es cierto para alg\u00fan \u00e1rea de Filipinas, en Malapascua esta ha sido la temporada mas seca de los ultimos 6 a\u00f1os.De todas formas es temporada baja lo que significa que desciende el numero de turistas y de los puntos de buceo en la isla y usted puede obtener descuentos en alojamiento. Temperatura durante el dia 29-31Celsius Temperatura durante la noche 28-31 Celsius Temperatura de el agua 29-30 Celsius<\/p>\n<h2>De Noviembre a Diciembre<\/h2>\n<p>Es dificil estimar cuando la temporada cambia de verano a invierno. Parece que fluct\u00faa de un a\u00f1o a otro. A veces el verano acaba y llegan temperaturas fr\u00edas al final de Noviembre mientras que a veces no empieza hasta unas semanas despu\u00e9s. Los a\u00f1os pasados tuvimos unos meses de invierno soleados y casi sin viento.Durante Enero, fue lluvioso y con viento casi todo el mes. Temperatura durante el dia 28-30 Celsius Temperatura durante la noche 27-29 Celsius Temperatura de el agua 28-29 Celsius<\/p>\n","protected":false},"excerpt":{"rendered":"<p>El Tiempo en Malapascua El tiempo y las temporadas cambian dependiendo de el \u00e1rea que usted visite en Filipinas. Debido a su posici\u00f3n geogr\u00e1fica Malapascua ofrece condiciones metereologicas \u00fanicas. Por favor, fijese que lo que se menciona mas abajo son indicaciones basadas en nuestra experiencia viviendo en Malapascua por mas de 6 a\u00f1os.No podemos predecir lo que va a pasar&nbsp;<a href=\"http:\/\/ocean-vida.com\/es\/info\/el-tiempo\/\" class=\"read-more\">Continue Reading<\/a><\/p>\n","protected":false},"author":4,"featured_media":0,"parent":62,"menu_order":2,"comment_status":"open","ping_status":"open","template":"","meta":{"footnotes":""},"class_list":["post-66","page","type-page","status-publish","hentry"],"yoast_head":"<!-- This site is optimized with the Yoast SEO plugin v27.4 - https:\/\/yoast.com\/product\/yoast-seo-wordpress\/ -->\n<title>El Tiempo - Ocean Vida - Spanish<\/title>\n<meta name=\"robots\" content=\"noindex, follow, max-snippet:-1, max-image-preview:large, max-video-preview:-1\" \/>\n<meta property=\"og:locale\" content=\"en_US\" \/>\n<meta property=\"og:type\" content=\"article\" \/>\n<meta property=\"og:title\" content=\"El Tiempo - Ocean Vida - Spanish\" \/>\n<meta property=\"og:description\" content=\"El Tiempo en Malapascua El tiempo y las temporadas cambian dependiendo de el \u00e1rea que usted visite en Filipinas. Debido a su posici\u00f3n geogr\u00e1fica Malapascua ofrece condiciones metereologicas \u00fanicas. Por favor, fijese que lo que se menciona mas abajo son indicaciones basadas en nuestra experiencia viviendo en Malapascua por mas de 6 a\u00f1os.No podemos predecir lo que va a pasar&nbsp;Continue Reading\" \/>\n<meta property=\"og:url\" content=\"http:\/\/ocean-vida.com\/es\/info\/el-tiempo\/\" \/>\n<meta property=\"og:site_name\" content=\"Ocean Vida - Spanish\" \/>\n<meta property=\"article:modified_time\" content=\"2015-05-25T17:45:55+00:00\" \/>\n<meta name=\"twitter:card\" content=\"summary_large_image\" \/>\n<meta name=\"twitter:label1\" content=\"Est. reading time\" \/>\n\t<meta name=\"twitter:data1\" content=\"3 minutes\" \/>\n<script type=\"application\/ld+json\" class=\"yoast-schema-graph\">{\"@context\":\"https:\\\/\\\/schema.org\",\"@graph\":[{\"@type\":\"WebPage\",\"@id\":\"http:\\\/\\\/ocean-vida.com\\\/es\\\/info\\\/el-tiempo\\\/\",\"url\":\"http:\\\/\\\/ocean-vida.com\\\/es\\\/info\\\/el-tiempo\\\/\",\"name\":\"El Tiempo - Ocean Vida - Spanish\",\"isPartOf\":{\"@id\":\"http:\\\/\\\/ocean-vida.com\\\/es\\\/#website\"},\"datePublished\":\"2015-05-25T17:44:53+00:00\",\"dateModified\":\"2015-05-25T17:45:55+00:00\",\"breadcrumb\":{\"@id\":\"http:\\\/\\\/ocean-vida.com\\\/es\\\/info\\\/el-tiempo\\\/#breadcrumb\"},\"inLanguage\":\"en-US\",\"potentialAction\":[{\"@type\":\"ReadAction\",\"target\":[\"http:\\\/\\\/ocean-vida.com\\\/es\\\/info\\\/el-tiempo\\\/\"]}]},{\"@type\":\"BreadcrumbList\",\"@id\":\"http:\\\/\\\/ocean-vida.com\\\/es\\\/info\\\/el-tiempo\\\/#breadcrumb\",\"itemListElement\":[{\"@type\":\"ListItem\",\"position\":1,\"name\":\"Home\",\"item\":\"http:\\\/\\\/ocean-vida.com\\\/es\\\/\"},{\"@type\":\"ListItem\",\"position\":2,\"name\":\"Info\",\"item\":\"http:\\\/\\\/ocean-vida.com\\\/es\\\/info\\\/\"},{\"@type\":\"ListItem\",\"position\":3,\"name\":\"El Tiempo\"}]},{\"@type\":\"WebSite\",\"@id\":\"http:\\\/\\\/ocean-vida.com\\\/es\\\/#website\",\"url\":\"http:\\\/\\\/ocean-vida.com\\\/es\\\/\",\"name\":\"Ocean Vida - Spanish\",\"description\":\"Just another Ocean Vida Sites site\",\"potentialAction\":[{\"@type\":\"SearchAction\",\"target\":{\"@type\":\"EntryPoint\",\"urlTemplate\":\"http:\\\/\\\/ocean-vida.com\\\/es\\\/?s={search_term_string}\"},\"query-input\":{\"@type\":\"PropertyValueSpecification\",\"valueRequired\":true,\"valueName\":\"search_term_string\"}}],\"inLanguage\":\"en-US\"}]}<\/script>\n<!-- \/ Yoast SEO plugin. -->","yoast_head_json":{"title":"El Tiempo - Ocean Vida - Spanish","robots":{"index":"noindex","follow":"follow","max-snippet":"max-snippet:-1","max-image-preview":"max-image-preview:large","max-video-preview":"max-video-preview:-1"},"og_locale":"en_US","og_type":"article","og_title":"El Tiempo - Ocean Vida - Spanish","og_description":"El Tiempo en Malapascua El tiempo y las temporadas cambian dependiendo de el \u00e1rea que usted visite en Filipinas. Debido a su posici\u00f3n geogr\u00e1fica Malapascua ofrece condiciones metereologicas \u00fanicas. Por favor, fijese que lo que se menciona mas abajo son indicaciones basadas en nuestra experiencia viviendo en Malapascua por mas de 6 a\u00f1os.No podemos predecir lo que va a pasar&nbsp;Continue Reading","og_url":"http:\/\/ocean-vida.com\/es\/info\/el-tiempo\/","og_site_name":"Ocean Vida - Spanish","article_modified_time":"2015-05-25T17:45:55+00:00","twitter_card":"summary_large_image","twitter_misc":{"Est. reading time":"3 minutes"},"schema":{"@context":"https:\/\/schema.org","@graph":[{"@type":"WebPage","@id":"http:\/\/ocean-vida.com\/es\/info\/el-tiempo\/","url":"http:\/\/ocean-vida.com\/es\/info\/el-tiempo\/","name":"El Tiempo - Ocean Vida - Spanish","isPartOf":{"@id":"http:\/\/ocean-vida.com\/es\/#website"},"datePublished":"2015-05-25T17:44:53+00:00","dateModified":"2015-05-25T17:45:55+00:00","breadcrumb":{"@id":"http:\/\/ocean-vida.com\/es\/info\/el-tiempo\/#breadcrumb"},"inLanguage":"en-US","potentialAction":[{"@type":"ReadAction","target":["http:\/\/ocean-vida.com\/es\/info\/el-tiempo\/"]}]},{"@type":"BreadcrumbList","@id":"http:\/\/ocean-vida.com\/es\/info\/el-tiempo\/#breadcrumb","itemListElement":[{"@type":"ListItem","position":1,"name":"Home","item":"http:\/\/ocean-vida.com\/es\/"},{"@type":"ListItem","position":2,"name":"Info","item":"http:\/\/ocean-vida.com\/es\/info\/"},{"@type":"ListItem","position":3,"name":"El Tiempo"}]},{"@type":"WebSite","@id":"http:\/\/ocean-vida.com\/es\/#website","url":"http:\/\/ocean-vida.com\/es\/","name":"Ocean Vida - Spanish","description":"Just another Ocean Vida Sites site","potentialAction":[{"@type":"SearchAction","target":{"@type":"EntryPoint","urlTemplate":"http:\/\/ocean-vida.com\/es\/?s={search_term_string}"},"query-input":{"@type":"PropertyValueSpecification","valueRequired":true,"valueName":"search_term_string"}}],"inLanguage":"en-US"}]}},"_links":{"self":[{"href":"http:\/\/ocean-vida.com\/es\/wp-json\/wp\/v2\/pages\/66","targetHints":{"allow":["GET"]}}],"collection":[{"href":"http:\/\/ocean-vida.com\/es\/wp-json\/wp\/v2\/pages"}],"about":[{"href":"http:\/\/ocean-vida.com\/es\/wp-json\/wp\/v2\/types\/page"}],"author":[{"embeddable":true,"href":"http:\/\/ocean-vida.com\/es\/wp-json\/wp\/v2\/users\/4"}],"replies":[{"embeddable":true,"href":"http:\/\/ocean-vida.com\/es\/wp-json\/wp\/v2\/comments?post=66"}],"version-history":[{"count":1,"href":"http:\/\/ocean-vida.com\/es\/wp-json\/wp\/v2\/pages\/66\/revisions"}],"predecessor-version":[{"id":67,"href":"http:\/\/ocean-vida.com\/es\/wp-json\/wp\/v2\/pages\/66\/revisions\/67"}],"up":[{"embeddable":true,"href":"http:\/\/ocean-vida.com\/es\/wp-json\/wp\/v2\/pages\/62"}],"wp:attachment":[{"href":"http:\/\/ocean-vida.com\/es\/wp-json\/wp\/v2\/media?parent=66"}],"curies":[{"name":"wp","href":"https:\/\/api.w.org\/{rel}","templated":true}]}}