{"id":60,"date":"2015-05-25T17:40:56","date_gmt":"2015-05-25T17:40:56","guid":{"rendered":"http:\/\/ocean-vida.com\/es\/?page_id=60"},"modified":"2015-06-03T10:43:07","modified_gmt":"2015-06-03T10:43:07","slug":"servicio-de-transferstransporte","status":"publish","type":"page","link":"http:\/\/ocean-vida.com\/es\/info\/servicio-de-transferstransporte\/","title":{"rendered":"Servicio de transfers\/transporte"},"content":{"rendered":"<h2>Servicio de transfers\/transporte<\/h2>\n<p>Ya en el Aeropuerto de Cebu usted tiene dos opciones para llegar a Malapascua Transfer\/Transporte Privado: Ofrecemos transfers\/transporte desde Cebu City hasta Malapascua diariamente y a cualquier hora de el d\u00eda. Los Pick-ups para recoger gente pueden ser en cualquier hotel en Cebu o en el aeropuerto. Llegar<br \/>\na Maya cuesta sobre 2,5h a 3h dependiendo de el trafico.En Maya tenemos barcos que llevaran a los fluentes directamente a la bonita Bounty Beach en frente de nuestro Ocean Vida Beach &#038; Dive Resort. El encantador camino en el barco dura sobre 30 minutos, dependiendo de el tiempo.<\/p>\n<p>Para saber precios envie un email a: reservation@ocean-vida.com<br \/>\nAutobuses o Vans(Camionetas) locales: Usted tiene que coger un taxi desde el aeropuerto hasta le estaci\u00f3n de autob\u00fas norte donde tiene autobuses de 3-5 horas para Maya. Salen autobuses desde las 3 am hasta el mediod\u00eda (tarde) a Maya. Usted puede elegir desde bus con aire acondicionado o sin aire acondicionado. Un billete cuesta sobre 180 Pesos filipinos. Las Vans (camionetas) tambi\u00e9n salen de la misma terminal. Normalmente est\u00e1n fuera de la terminal, suelen ser mas r\u00e1pidas y cuestan sobre 200 Pesos.Una vez en el muelle de Maya usted tiene que pagar si necesita un porteador de equipaje y tiene que comprar un billete de barco. Los barcos p\u00fablicos salen hasta el mediod\u00eda y le dejaran en el principal pueblo de Malapascua desde donde puede llegar a Ocean Vida en 10 minutos caminando. Se pueden contratar barcos privados, los precios oscilan entre 1000-2500 Pesos dependiendo de la hora y las condiciones de el tiempo. Le llevaran justo en frente de nuestro resort.<\/p>\n<p>Como llegar a Cebu Vuelos desde Europa (1 Parada) Singapore Airlines (una parada en Singapur) Cathay Pacific (una parada en Hong Kong) Asiana Airlines (una parada en Seoul) Philippine Airlines (una parada en Manila) (Dos paradas incl. vuelo domestico desde Manila \u2013 Cebu) Emirates (Dubai \u2013 Manila) Ethiad (Abu Dhabi \u2013 Manila) Thai Airways (Bangkok \u2013 Manila) Hay muchas opciones para llegar a Cebu en avion. Las lineas domestics son: Cebu pacific, Zest Air, Philippine Airlines, AirPhil Express. Estas son solo unas pocas de las compa\u00f1\u00edas aereas.<\/p>\n\n\t\t<style type=\"text\/css\">\n\t\t\t#gallery-1 {\n\t\t\t\tmargin: auto;\n\t\t\t}\n\t\t\t#gallery-1 .gallery-item {\n\t\t\t\tfloat: left;\n\t\t\t\tmargin-top: 10px;\n\t\t\t\ttext-align: center;\n\t\t\t\twidth: 50%;\n\t\t\t}\n\t\t\t#gallery-1 img {\n\t\t\t\tborder: 2px solid #cfcfcf;\n\t\t\t}\n\t\t\t#gallery-1 .gallery-caption {\n\t\t\t\tmargin-left: 0;\n\t\t\t}\n\t\t\t\/* see gallery_shortcode() in wp-includes\/media.php *\/\n\t\t<\/style>\n\t\t<div id='gallery-1' class='gallery galleryid-60 gallery-columns-2 gallery-size-medium'><dl class='gallery-item'>\n\t\t\t<dt class='gallery-icon landscape'>\n\t\t\t\t<a href='http:\/\/ocean-vida.com\/es\/files\/2015\/05\/Ceres-Bus-Non-Aircon.jpg' rel=\"lightbox[60]\"><img loading=\"lazy\" decoding=\"async\" width=\"256\" height=\"192\" src=\"http:\/\/ocean-vida.com\/es\/files\/2015\/05\/Ceres-Bus-Non-Aircon.jpg\" class=\"attachment-medium size-medium\" alt=\"\" \/><\/a>\n\t\t\t<\/dt><\/dl><dl class='gallery-item'>\n\t\t\t<dt class='gallery-icon landscape'>\n\t\t\t\t<a href='http:\/\/ocean-vida.com\/es\/files\/2015\/05\/Ceres-Bus-Aircon.jpg' rel=\"lightbox[60]\"><img loading=\"lazy\" decoding=\"async\" width=\"256\" height=\"192\" src=\"http:\/\/ocean-vida.com\/es\/files\/2015\/05\/Ceres-Bus-Aircon.jpg\" class=\"attachment-medium size-medium\" alt=\"\" \/><\/a>\n\t\t\t<\/dt><\/dl><br style=\"clear: both\" \/>\n\t\t<\/div>\n\n","protected":false},"excerpt":{"rendered":"<p>Servicio de transfers\/transporte Ya en el Aeropuerto de Cebu usted tiene dos opciones para llegar a Malapascua Transfer\/Transporte Privado: Ofrecemos transfers\/transporte desde Cebu City hasta Malapascua diariamente y a cualquier hora de el d\u00eda. Los Pick-ups para recoger gente pueden ser en cualquier hotel en Cebu o en el aeropuerto. Llegar a Maya cuesta sobre 2,5h a 3h dependiendo de&nbsp;<a href=\"http:\/\/ocean-vida.com\/es\/info\/servicio-de-transferstransporte\/\" class=\"read-more\">Continue Reading<\/a><\/p>\n","protected":false},"author":4,"featured_media":0,"parent":62,"menu_order":1,"comment_status":"open","ping_status":"open","template":"","meta":{"footnotes":""},"class_list":["post-60","page","type-page","status-publish","hentry"],"yoast_head":"<!-- This site is optimized with the Yoast SEO plugin v27.4 - https:\/\/yoast.com\/product\/yoast-seo-wordpress\/ -->\n<title>Servicio de transfers\/transporte<\/title>\n<meta name=\"robots\" content=\"noindex, follow, max-snippet:-1, max-image-preview:large, max-video-preview:-1\" \/>\n<meta property=\"og:locale\" content=\"en_US\" \/>\n<meta property=\"og:type\" content=\"article\" \/>\n<meta property=\"og:title\" content=\"Servicio de transfers\/transporte\" \/>\n<meta property=\"og:description\" content=\"Servicio de transfers\/transporte Ya en el Aeropuerto de Cebu usted tiene dos opciones para llegar a Malapascua Transfer\/Transporte Privado: Ofrecemos transfers\/transporte desde Cebu City hasta Malapascua diariamente y a cualquier hora de el d\u00eda. Los Pick-ups para recoger gente pueden ser en cualquier hotel en Cebu o en el aeropuerto. Llegar a Maya cuesta sobre 2,5h a 3h dependiendo de&nbsp;Continue Reading\" \/>\n<meta property=\"og:url\" content=\"http:\/\/ocean-vida.com\/es\/info\/servicio-de-transferstransporte\/\" \/>\n<meta property=\"og:site_name\" content=\"Ocean Vida - Spanish\" \/>\n<meta property=\"article:modified_time\" content=\"2015-06-03T10:43:07+00:00\" \/>\n<meta property=\"og:image\" content=\"http:\/\/ocean-vida.com\/es\/files\/2015\/05\/Ceres-Bus-Non-Aircon.jpg\" \/>\n<meta name=\"twitter:card\" content=\"summary_large_image\" \/>\n<meta name=\"twitter:label1\" content=\"Est. reading time\" \/>\n\t<meta name=\"twitter:data1\" content=\"2 minutes\" \/>\n<script type=\"application\/ld+json\" class=\"yoast-schema-graph\">{\"@context\":\"https:\\\/\\\/schema.org\",\"@graph\":[{\"@type\":\"WebPage\",\"@id\":\"http:\\\/\\\/ocean-vida.com\\\/es\\\/info\\\/servicio-de-transferstransporte\\\/\",\"url\":\"http:\\\/\\\/ocean-vida.com\\\/es\\\/info\\\/servicio-de-transferstransporte\\\/\",\"name\":\"Servicio de transfers\\\/transporte\",\"isPartOf\":{\"@id\":\"http:\\\/\\\/ocean-vida.com\\\/es\\\/#website\"},\"datePublished\":\"2015-05-25T17:40:56+00:00\",\"dateModified\":\"2015-06-03T10:43:07+00:00\",\"breadcrumb\":{\"@id\":\"http:\\\/\\\/ocean-vida.com\\\/es\\\/info\\\/servicio-de-transferstransporte\\\/#breadcrumb\"},\"inLanguage\":\"en-US\",\"potentialAction\":[{\"@type\":\"ReadAction\",\"target\":[\"http:\\\/\\\/ocean-vida.com\\\/es\\\/info\\\/servicio-de-transferstransporte\\\/\"]}]},{\"@type\":\"BreadcrumbList\",\"@id\":\"http:\\\/\\\/ocean-vida.com\\\/es\\\/info\\\/servicio-de-transferstransporte\\\/#breadcrumb\",\"itemListElement\":[{\"@type\":\"ListItem\",\"position\":1,\"name\":\"Home\",\"item\":\"http:\\\/\\\/ocean-vida.com\\\/es\\\/\"},{\"@type\":\"ListItem\",\"position\":2,\"name\":\"Info\",\"item\":\"http:\\\/\\\/ocean-vida.com\\\/es\\\/info\\\/\"},{\"@type\":\"ListItem\",\"position\":3,\"name\":\"Servicio de transfers\\\/transporte\"}]},{\"@type\":\"WebSite\",\"@id\":\"http:\\\/\\\/ocean-vida.com\\\/es\\\/#website\",\"url\":\"http:\\\/\\\/ocean-vida.com\\\/es\\\/\",\"name\":\"Ocean Vida - Spanish\",\"description\":\"Just another Ocean Vida Sites site\",\"potentialAction\":[{\"@type\":\"SearchAction\",\"target\":{\"@type\":\"EntryPoint\",\"urlTemplate\":\"http:\\\/\\\/ocean-vida.com\\\/es\\\/?s={search_term_string}\"},\"query-input\":{\"@type\":\"PropertyValueSpecification\",\"valueRequired\":true,\"valueName\":\"search_term_string\"}}],\"inLanguage\":\"en-US\"}]}<\/script>\n<!-- \/ Yoast SEO plugin. -->","yoast_head_json":{"title":"Servicio de transfers\/transporte","robots":{"index":"noindex","follow":"follow","max-snippet":"max-snippet:-1","max-image-preview":"max-image-preview:large","max-video-preview":"max-video-preview:-1"},"og_locale":"en_US","og_type":"article","og_title":"Servicio de transfers\/transporte","og_description":"Servicio de transfers\/transporte Ya en el Aeropuerto de Cebu usted tiene dos opciones para llegar a Malapascua Transfer\/Transporte Privado: Ofrecemos transfers\/transporte desde Cebu City hasta Malapascua diariamente y a cualquier hora de el d\u00eda. Los Pick-ups para recoger gente pueden ser en cualquier hotel en Cebu o en el aeropuerto. Llegar a Maya cuesta sobre 2,5h a 3h dependiendo de&nbsp;Continue Reading","og_url":"http:\/\/ocean-vida.com\/es\/info\/servicio-de-transferstransporte\/","og_site_name":"Ocean Vida - Spanish","article_modified_time":"2015-06-03T10:43:07+00:00","og_image":[{"url":"http:\/\/ocean-vida.com\/es\/files\/2015\/05\/Ceres-Bus-Non-Aircon.jpg","type":"","width":"","height":""}],"twitter_card":"summary_large_image","twitter_misc":{"Est. reading time":"2 minutes"},"schema":{"@context":"https:\/\/schema.org","@graph":[{"@type":"WebPage","@id":"http:\/\/ocean-vida.com\/es\/info\/servicio-de-transferstransporte\/","url":"http:\/\/ocean-vida.com\/es\/info\/servicio-de-transferstransporte\/","name":"Servicio de transfers\/transporte","isPartOf":{"@id":"http:\/\/ocean-vida.com\/es\/#website"},"datePublished":"2015-05-25T17:40:56+00:00","dateModified":"2015-06-03T10:43:07+00:00","breadcrumb":{"@id":"http:\/\/ocean-vida.com\/es\/info\/servicio-de-transferstransporte\/#breadcrumb"},"inLanguage":"en-US","potentialAction":[{"@type":"ReadAction","target":["http:\/\/ocean-vida.com\/es\/info\/servicio-de-transferstransporte\/"]}]},{"@type":"BreadcrumbList","@id":"http:\/\/ocean-vida.com\/es\/info\/servicio-de-transferstransporte\/#breadcrumb","itemListElement":[{"@type":"ListItem","position":1,"name":"Home","item":"http:\/\/ocean-vida.com\/es\/"},{"@type":"ListItem","position":2,"name":"Info","item":"http:\/\/ocean-vida.com\/es\/info\/"},{"@type":"ListItem","position":3,"name":"Servicio de transfers\/transporte"}]},{"@type":"WebSite","@id":"http:\/\/ocean-vida.com\/es\/#website","url":"http:\/\/ocean-vida.com\/es\/","name":"Ocean Vida - Spanish","description":"Just another Ocean Vida Sites site","potentialAction":[{"@type":"SearchAction","target":{"@type":"EntryPoint","urlTemplate":"http:\/\/ocean-vida.com\/es\/?s={search_term_string}"},"query-input":{"@type":"PropertyValueSpecification","valueRequired":true,"valueName":"search_term_string"}}],"inLanguage":"en-US"}]}},"_links":{"self":[{"href":"http:\/\/ocean-vida.com\/es\/wp-json\/wp\/v2\/pages\/60","targetHints":{"allow":["GET"]}}],"collection":[{"href":"http:\/\/ocean-vida.com\/es\/wp-json\/wp\/v2\/pages"}],"about":[{"href":"http:\/\/ocean-vida.com\/es\/wp-json\/wp\/v2\/types\/page"}],"author":[{"embeddable":true,"href":"http:\/\/ocean-vida.com\/es\/wp-json\/wp\/v2\/users\/4"}],"replies":[{"embeddable":true,"href":"http:\/\/ocean-vida.com\/es\/wp-json\/wp\/v2\/comments?post=60"}],"version-history":[{"count":3,"href":"http:\/\/ocean-vida.com\/es\/wp-json\/wp\/v2\/pages\/60\/revisions"}],"predecessor-version":[{"id":176,"href":"http:\/\/ocean-vida.com\/es\/wp-json\/wp\/v2\/pages\/60\/revisions\/176"}],"up":[{"embeddable":true,"href":"http:\/\/ocean-vida.com\/es\/wp-json\/wp\/v2\/pages\/62"}],"wp:attachment":[{"href":"http:\/\/ocean-vida.com\/es\/wp-json\/wp\/v2\/media?parent=60"}],"curies":[{"name":"wp","href":"https:\/\/api.w.org\/{rel}","templated":true}]}}