{"id":53,"date":"2015-05-25T17:33:36","date_gmt":"2015-05-25T17:33:36","guid":{"rendered":"http:\/\/ocean-vida.com\/es\/?page_id=53"},"modified":"2015-05-25T17:36:01","modified_gmt":"2015-05-25T17:36:01","slug":"buceando-con-los-tiburones-zorro-en-la-isla-de-malapascua","status":"publish","type":"page","link":"http:\/\/ocean-vida.com\/es\/buceo\/buceando-con-los-tiburones-zorro-en-la-isla-de-malapascua\/","title":{"rendered":"Buceando con los Tiburones Zorro en la Isla de Malapascua"},"content":{"rendered":"<h2>Buceando con los Tiburones Zorro en la Isla de Malapascua<\/h2>\n<p>Malapascua tiene mucha fama por los tiburones zorro. Solo hay unos pocos sitios donde usted puede bucear con el Tiburon Zorro y Malapascua es el mejor. El nombre viene de la palabra Griega alopex que significa Zorro. El tibur\u00f3n zorro de cola larga, Alopias Vulpinus es conocido como zorro por mucha gente. El nombre com\u00fan viene de una cola distintiva o aleta caudal en forma de guada\u00f1a o hoz que puede ser de un tama\u00f1o igual al cuerpo de el tibur\u00f3n. En estudios de etiquetado ha sido probado que el tibur\u00f3n zorro usualmente pasa la noche en aguas poco profundas y desciende por la ma\u00f1ana a una profundidad entre 200-500m y pasa casi todo el d\u00eda all\u00ed.Tiburones Zorro son primariamente pel\u00e1gicos; prefieren el oc\u00e9ano abierto aventur\u00e1ndose no mas profundo que 500 metros.Tiburones zorro comunes se encuentran en aguas de costa sobre Plataformas continentales. Nombrado y reconocido f\u00e1cilmente por su excepcional y larga aleta caudal, tiburones zorro son activos predadores; para aturdir a la presa usan su cola. El mas grande de las 3 especies es el Tiburon Zorro Comun que puede llegar a medir 6 metros y pesar sobre 450 kilogramos. El tibur\u00f3n Zorro de ojo grande es el siguiente en tama\u00f1o, llegando a medir 4,9 m y con 3 metros el Tiburon Zorro Pelagico. En Malapascua se pueden ver los tres tipos . Su comida favorita es pescado azul, at\u00fan juvenil, caballa, calamares y sepias.Sea Explorers empieza por la ma\u00f1ana temprano sobre las 4-5 am para esperar en las estaciones de limpieza y bucear con los tiburones zorro. En Malapascua el 70-80% de el a\u00f1o de puede ver tiburones zorro. Otros animales pel\u00e1gicos como Mantas Raya y Rayas Mobulas vienen y disfrutan de sesiones de limpieza tambi\u00e9n en Monad Shoal.<\/p>\n<h2>ACTUALIZACION 2012<\/h2>\n<p> el 24 de Octubre de 2011 encontramos nuevas estaciones de limpieza en Monad Shoal y los avistamientos han sido de el 100% desde octubre. Cada ma\u00f1ana normalmente vemos entre 1-8 tiburones por buceo. Esperamos que esto siga as\u00ed o mejor.<\/p>\n","protected":false},"excerpt":{"rendered":"<p>Buceando con los Tiburones Zorro en la Isla de Malapascua Malapascua tiene mucha fama por los tiburones zorro. Solo hay unos pocos sitios donde usted puede bucear con el Tiburon Zorro y Malapascua es el mejor. El nombre viene de la palabra Griega alopex que significa Zorro. El tibur\u00f3n zorro de cola larga, Alopias Vulpinus es conocido como zorro por&nbsp;<a href=\"http:\/\/ocean-vida.com\/es\/buceo\/buceando-con-los-tiburones-zorro-en-la-isla-de-malapascua\/\" class=\"read-more\">Continue Reading<\/a><\/p>\n","protected":false},"author":4,"featured_media":0,"parent":52,"menu_order":6,"comment_status":"open","ping_status":"open","template":"","meta":{"footnotes":""},"class_list":["post-53","page","type-page","status-publish","hentry"],"yoast_head":"<!-- This site is optimized with the Yoast SEO plugin v27.4 - https:\/\/yoast.com\/product\/yoast-seo-wordpress\/ -->\n<title>Buceando con los Tiburones Zorro en la Isla de Malapascua - Ocean Vida - Spanish<\/title>\n<meta name=\"robots\" content=\"noindex, follow, max-snippet:-1, max-image-preview:large, max-video-preview:-1\" \/>\n<meta property=\"og:locale\" content=\"en_US\" \/>\n<meta property=\"og:type\" content=\"article\" \/>\n<meta property=\"og:title\" content=\"Buceando con los Tiburones Zorro en la Isla de Malapascua - Ocean Vida - Spanish\" \/>\n<meta property=\"og:description\" content=\"Buceando con los Tiburones Zorro en la Isla de Malapascua Malapascua tiene mucha fama por los tiburones zorro. Solo hay unos pocos sitios donde usted puede bucear con el Tiburon Zorro y Malapascua es el mejor. El nombre viene de la palabra Griega alopex que significa Zorro. El tibur\u00f3n zorro de cola larga, Alopias Vulpinus es conocido como zorro por&nbsp;Continue Reading\" \/>\n<meta property=\"og:url\" content=\"http:\/\/ocean-vida.com\/es\/buceo\/buceando-con-los-tiburones-zorro-en-la-isla-de-malapascua\/\" \/>\n<meta property=\"og:site_name\" content=\"Ocean Vida - Spanish\" \/>\n<meta property=\"article:modified_time\" content=\"2015-05-25T17:36:01+00:00\" \/>\n<meta name=\"twitter:card\" content=\"summary_large_image\" \/>\n<meta name=\"twitter:label1\" content=\"Est. reading time\" \/>\n\t<meta name=\"twitter:data1\" content=\"2 minutes\" \/>\n<script type=\"application\/ld+json\" class=\"yoast-schema-graph\">{\"@context\":\"https:\\\/\\\/schema.org\",\"@graph\":[{\"@type\":\"WebPage\",\"@id\":\"http:\\\/\\\/ocean-vida.com\\\/es\\\/buceo\\\/buceando-con-los-tiburones-zorro-en-la-isla-de-malapascua\\\/\",\"url\":\"http:\\\/\\\/ocean-vida.com\\\/es\\\/buceo\\\/buceando-con-los-tiburones-zorro-en-la-isla-de-malapascua\\\/\",\"name\":\"Buceando con los Tiburones Zorro en la Isla de Malapascua - Ocean Vida - Spanish\",\"isPartOf\":{\"@id\":\"http:\\\/\\\/ocean-vida.com\\\/es\\\/#website\"},\"datePublished\":\"2015-05-25T17:33:36+00:00\",\"dateModified\":\"2015-05-25T17:36:01+00:00\",\"breadcrumb\":{\"@id\":\"http:\\\/\\\/ocean-vida.com\\\/es\\\/buceo\\\/buceando-con-los-tiburones-zorro-en-la-isla-de-malapascua\\\/#breadcrumb\"},\"inLanguage\":\"en-US\",\"potentialAction\":[{\"@type\":\"ReadAction\",\"target\":[\"http:\\\/\\\/ocean-vida.com\\\/es\\\/buceo\\\/buceando-con-los-tiburones-zorro-en-la-isla-de-malapascua\\\/\"]}]},{\"@type\":\"BreadcrumbList\",\"@id\":\"http:\\\/\\\/ocean-vida.com\\\/es\\\/buceo\\\/buceando-con-los-tiburones-zorro-en-la-isla-de-malapascua\\\/#breadcrumb\",\"itemListElement\":[{\"@type\":\"ListItem\",\"position\":1,\"name\":\"Home\",\"item\":\"http:\\\/\\\/ocean-vida.com\\\/es\\\/\"},{\"@type\":\"ListItem\",\"position\":2,\"name\":\"Buceo\",\"item\":\"http:\\\/\\\/ocean-vida.com\\\/es\\\/buceo\\\/\"},{\"@type\":\"ListItem\",\"position\":3,\"name\":\"Buceando con los Tiburones Zorro en la Isla de Malapascua\"}]},{\"@type\":\"WebSite\",\"@id\":\"http:\\\/\\\/ocean-vida.com\\\/es\\\/#website\",\"url\":\"http:\\\/\\\/ocean-vida.com\\\/es\\\/\",\"name\":\"Ocean Vida - Spanish\",\"description\":\"Just another Ocean Vida Sites site\",\"potentialAction\":[{\"@type\":\"SearchAction\",\"target\":{\"@type\":\"EntryPoint\",\"urlTemplate\":\"http:\\\/\\\/ocean-vida.com\\\/es\\\/?s={search_term_string}\"},\"query-input\":{\"@type\":\"PropertyValueSpecification\",\"valueRequired\":true,\"valueName\":\"search_term_string\"}}],\"inLanguage\":\"en-US\"}]}<\/script>\n<!-- \/ Yoast SEO plugin. -->","yoast_head_json":{"title":"Buceando con los Tiburones Zorro en la Isla de Malapascua - Ocean Vida - Spanish","robots":{"index":"noindex","follow":"follow","max-snippet":"max-snippet:-1","max-image-preview":"max-image-preview:large","max-video-preview":"max-video-preview:-1"},"og_locale":"en_US","og_type":"article","og_title":"Buceando con los Tiburones Zorro en la Isla de Malapascua - Ocean Vida - Spanish","og_description":"Buceando con los Tiburones Zorro en la Isla de Malapascua Malapascua tiene mucha fama por los tiburones zorro. Solo hay unos pocos sitios donde usted puede bucear con el Tiburon Zorro y Malapascua es el mejor. El nombre viene de la palabra Griega alopex que significa Zorro. El tibur\u00f3n zorro de cola larga, Alopias Vulpinus es conocido como zorro por&nbsp;Continue Reading","og_url":"http:\/\/ocean-vida.com\/es\/buceo\/buceando-con-los-tiburones-zorro-en-la-isla-de-malapascua\/","og_site_name":"Ocean Vida - Spanish","article_modified_time":"2015-05-25T17:36:01+00:00","twitter_card":"summary_large_image","twitter_misc":{"Est. reading time":"2 minutes"},"schema":{"@context":"https:\/\/schema.org","@graph":[{"@type":"WebPage","@id":"http:\/\/ocean-vida.com\/es\/buceo\/buceando-con-los-tiburones-zorro-en-la-isla-de-malapascua\/","url":"http:\/\/ocean-vida.com\/es\/buceo\/buceando-con-los-tiburones-zorro-en-la-isla-de-malapascua\/","name":"Buceando con los Tiburones Zorro en la Isla de Malapascua - Ocean Vida - Spanish","isPartOf":{"@id":"http:\/\/ocean-vida.com\/es\/#website"},"datePublished":"2015-05-25T17:33:36+00:00","dateModified":"2015-05-25T17:36:01+00:00","breadcrumb":{"@id":"http:\/\/ocean-vida.com\/es\/buceo\/buceando-con-los-tiburones-zorro-en-la-isla-de-malapascua\/#breadcrumb"},"inLanguage":"en-US","potentialAction":[{"@type":"ReadAction","target":["http:\/\/ocean-vida.com\/es\/buceo\/buceando-con-los-tiburones-zorro-en-la-isla-de-malapascua\/"]}]},{"@type":"BreadcrumbList","@id":"http:\/\/ocean-vida.com\/es\/buceo\/buceando-con-los-tiburones-zorro-en-la-isla-de-malapascua\/#breadcrumb","itemListElement":[{"@type":"ListItem","position":1,"name":"Home","item":"http:\/\/ocean-vida.com\/es\/"},{"@type":"ListItem","position":2,"name":"Buceo","item":"http:\/\/ocean-vida.com\/es\/buceo\/"},{"@type":"ListItem","position":3,"name":"Buceando con los Tiburones Zorro en la Isla de Malapascua"}]},{"@type":"WebSite","@id":"http:\/\/ocean-vida.com\/es\/#website","url":"http:\/\/ocean-vida.com\/es\/","name":"Ocean Vida - Spanish","description":"Just another Ocean Vida Sites site","potentialAction":[{"@type":"SearchAction","target":{"@type":"EntryPoint","urlTemplate":"http:\/\/ocean-vida.com\/es\/?s={search_term_string}"},"query-input":{"@type":"PropertyValueSpecification","valueRequired":true,"valueName":"search_term_string"}}],"inLanguage":"en-US"}]}},"_links":{"self":[{"href":"http:\/\/ocean-vida.com\/es\/wp-json\/wp\/v2\/pages\/53","targetHints":{"allow":["GET"]}}],"collection":[{"href":"http:\/\/ocean-vida.com\/es\/wp-json\/wp\/v2\/pages"}],"about":[{"href":"http:\/\/ocean-vida.com\/es\/wp-json\/wp\/v2\/types\/page"}],"author":[{"embeddable":true,"href":"http:\/\/ocean-vida.com\/es\/wp-json\/wp\/v2\/users\/4"}],"replies":[{"embeddable":true,"href":"http:\/\/ocean-vida.com\/es\/wp-json\/wp\/v2\/comments?post=53"}],"version-history":[{"count":2,"href":"http:\/\/ocean-vida.com\/es\/wp-json\/wp\/v2\/pages\/53\/revisions"}],"predecessor-version":[{"id":59,"href":"http:\/\/ocean-vida.com\/es\/wp-json\/wp\/v2\/pages\/53\/revisions\/59"}],"up":[{"embeddable":true,"href":"http:\/\/ocean-vida.com\/es\/wp-json\/wp\/v2\/pages\/52"}],"wp:attachment":[{"href":"http:\/\/ocean-vida.com\/es\/wp-json\/wp\/v2\/media?parent=53"}],"curies":[{"name":"wp","href":"https:\/\/api.w.org\/{rel}","templated":true}]}}