{"id":49,"date":"2015-05-25T17:24:15","date_gmt":"2015-05-25T17:24:15","guid":{"rendered":"http:\/\/ocean-vida.com\/es\/?page_id=49"},"modified":"2015-06-03T09:20:25","modified_gmt":"2015-06-03T09:20:25","slug":"area-de-chill-out","status":"publish","type":"page","link":"http:\/\/ocean-vida.com\/es\/comida-y-bebida1\/area-de-chill-out\/","title":{"rendered":"Area de Chill out"},"content":{"rendered":"<h2>Area de Chill out<\/h2>\n<p>Entre las 4pm-11pm tenemos mesas en la playa con c\u00f3modos asientos hechos con lentejas. Hay lamparas colgadas de las palmeras para una perfecta iluminaci\u00f3n en la playa.Es una inolvidable y \u00fanica atm\u00f3sfera en toda la isla de Malapascua.Un &#8220;Deber\u00eda probarlo&#8221; para todo el que este en la isla.<\/p>\n\n\t\t<style type=\"text\/css\">\n\t\t\t#gallery-1 {\n\t\t\t\tmargin: auto;\n\t\t\t}\n\t\t\t#gallery-1 .gallery-item {\n\t\t\t\tfloat: left;\n\t\t\t\tmargin-top: 10px;\n\t\t\t\ttext-align: center;\n\t\t\t\twidth: 50%;\n\t\t\t}\n\t\t\t#gallery-1 img {\n\t\t\t\tborder: 2px solid #cfcfcf;\n\t\t\t}\n\t\t\t#gallery-1 .gallery-caption {\n\t\t\t\tmargin-left: 0;\n\t\t\t}\n\t\t\t\/* see gallery_shortcode() in wp-includes\/media.php *\/\n\t\t<\/style>\n\t\t<div id='gallery-1' class='gallery galleryid-49 gallery-columns-2 gallery-size-medium'><dl class='gallery-item'>\n\t\t\t<dt class='gallery-icon landscape'>\n\t\t\t\t<a href='http:\/\/ocean-vida.com\/es\/files\/2015\/05\/Chill-Out-Area-Ocean-Vida-r.jpg' rel=\"lightbox[49]\"><img loading=\"lazy\" decoding=\"async\" width=\"300\" height=\"214\" src=\"http:\/\/ocean-vida.com\/es\/files\/2015\/05\/Chill-Out-Area-Ocean-Vida-r-300x214.jpg\" class=\"attachment-medium size-medium\" alt=\"\" \/><\/a>\n\t\t\t<\/dt><\/dl><dl class='gallery-item'>\n\t\t\t<dt class='gallery-icon landscape'>\n\t\t\t\t<a href='http:\/\/ocean-vida.com\/es\/files\/2015\/05\/Malapascua-Ocean-Vida.jpg' rel=\"lightbox[49]\"><img loading=\"lazy\" decoding=\"async\" width=\"300\" height=\"214\" src=\"http:\/\/ocean-vida.com\/es\/files\/2015\/05\/Malapascua-Ocean-Vida-300x214.jpg\" class=\"attachment-medium size-medium\" alt=\"\" \/><\/a>\n\t\t\t<\/dt><\/dl><br style=\"clear: both\" \/><dl class='gallery-item'>\n\t\t\t<dt class='gallery-icon landscape'>\n\t\t\t\t<a href='http:\/\/ocean-vida.com\/es\/files\/2015\/05\/Sunset-Chill-Out-Area-Ocean-Vida.jpg' rel=\"lightbox[49]\"><img loading=\"lazy\" decoding=\"async\" width=\"300\" height=\"214\" src=\"http:\/\/ocean-vida.com\/es\/files\/2015\/05\/Sunset-Chill-Out-Area-Ocean-Vida-300x214.jpg\" class=\"attachment-medium size-medium\" alt=\"\" \/><\/a>\n\t\t\t<\/dt><\/dl><dl class='gallery-item'>\n\t\t\t<dt class='gallery-icon landscape'>\n\t\t\t\t<a href='http:\/\/ocean-vida.com\/es\/files\/2015\/05\/Sunset-Chill-Out-Area-2-Ocean-Vida.jpg' rel=\"lightbox[49]\"><img loading=\"lazy\" decoding=\"async\" width=\"300\" height=\"214\" src=\"http:\/\/ocean-vida.com\/es\/files\/2015\/05\/Sunset-Chill-Out-Area-2-Ocean-Vida-300x214.jpg\" class=\"attachment-medium size-medium\" alt=\"\" \/><\/a>\n\t\t\t<\/dt><\/dl><br style=\"clear: both\" \/><dl class='gallery-item'>\n\t\t\t<dt class='gallery-icon landscape'>\n\t\t\t\t<a href='http:\/\/ocean-vida.com\/es\/files\/2015\/05\/Malapascua-Ocean-Vida-2.jpg' rel=\"lightbox[49]\"><img loading=\"lazy\" decoding=\"async\" width=\"300\" height=\"214\" src=\"http:\/\/ocean-vida.com\/es\/files\/2015\/05\/Malapascua-Ocean-Vida-2-300x214.jpg\" class=\"attachment-medium size-medium\" alt=\"\" \/><\/a>\n\t\t\t<\/dt><\/dl><dl class='gallery-item'>\n\t\t\t<dt class='gallery-icon landscape'>\n\t\t\t\t<a href='http:\/\/ocean-vida.com\/es\/files\/2015\/05\/Night-Time-Ocean-Vida.jpg' rel=\"lightbox[49]\"><img loading=\"lazy\" decoding=\"async\" width=\"300\" height=\"214\" src=\"http:\/\/ocean-vida.com\/es\/files\/2015\/05\/Night-Time-Ocean-Vida-300x214.jpg\" class=\"attachment-medium size-medium\" alt=\"\" \/><\/a>\n\t\t\t<\/dt><\/dl><br style=\"clear: both\" \/>\n\t\t<\/div>\n\n","protected":false},"excerpt":{"rendered":"<p>Area de Chill out Entre las 4pm-11pm tenemos mesas en la playa con c\u00f3modos asientos hechos con lentejas. Hay lamparas colgadas de las palmeras para una perfecta iluminaci\u00f3n en la playa.Es una inolvidable y \u00fanica atm\u00f3sfera en toda la isla de Malapascua.Un &#8220;Deber\u00eda probarlo&#8221; para todo el que este en la isla.<\/p>\n","protected":false},"author":4,"featured_media":0,"parent":36,"menu_order":3,"comment_status":"open","ping_status":"open","template":"","meta":{"footnotes":""},"class_list":["post-49","page","type-page","status-publish","hentry"],"yoast_head":"<!-- This site is optimized with the Yoast SEO plugin v27.4 - https:\/\/yoast.com\/product\/yoast-seo-wordpress\/ -->\n<title>Area de Chill out - Ocean Vida - Spanish<\/title>\n<meta name=\"robots\" content=\"noindex, follow, max-snippet:-1, max-image-preview:large, max-video-preview:-1\" \/>\n<meta property=\"og:locale\" content=\"en_US\" \/>\n<meta property=\"og:type\" content=\"article\" \/>\n<meta property=\"og:title\" content=\"Area de Chill out - Ocean Vida - Spanish\" \/>\n<meta property=\"og:description\" content=\"Area de Chill out Entre las 4pm-11pm tenemos mesas en la playa con c\u00f3modos asientos hechos con lentejas. Hay lamparas colgadas de las palmeras para una perfecta iluminaci\u00f3n en la playa.Es una inolvidable y \u00fanica atm\u00f3sfera en toda la isla de Malapascua.Un &#8220;Deber\u00eda probarlo&#8221; para todo el que este en la isla.\" \/>\n<meta property=\"og:url\" content=\"http:\/\/ocean-vida.com\/es\/comida-y-bebida1\/area-de-chill-out\/\" \/>\n<meta property=\"og:site_name\" content=\"Ocean Vida - Spanish\" \/>\n<meta property=\"article:modified_time\" content=\"2015-06-03T09:20:25+00:00\" \/>\n<meta property=\"og:image\" content=\"http:\/\/ocean-vida.com\/es\/files\/2015\/05\/Chill-Out-Area-Ocean-Vida-r-300x214.jpg\" \/>\n<meta name=\"twitter:card\" content=\"summary_large_image\" \/>\n<script type=\"application\/ld+json\" class=\"yoast-schema-graph\">{\"@context\":\"https:\\\/\\\/schema.org\",\"@graph\":[{\"@type\":\"WebPage\",\"@id\":\"http:\\\/\\\/ocean-vida.com\\\/es\\\/comida-y-bebida1\\\/area-de-chill-out\\\/\",\"url\":\"http:\\\/\\\/ocean-vida.com\\\/es\\\/comida-y-bebida1\\\/area-de-chill-out\\\/\",\"name\":\"Area de Chill out - Ocean Vida - Spanish\",\"isPartOf\":{\"@id\":\"http:\\\/\\\/ocean-vida.com\\\/es\\\/#website\"},\"datePublished\":\"2015-05-25T17:24:15+00:00\",\"dateModified\":\"2015-06-03T09:20:25+00:00\",\"breadcrumb\":{\"@id\":\"http:\\\/\\\/ocean-vida.com\\\/es\\\/comida-y-bebida1\\\/area-de-chill-out\\\/#breadcrumb\"},\"inLanguage\":\"en-US\",\"potentialAction\":[{\"@type\":\"ReadAction\",\"target\":[\"http:\\\/\\\/ocean-vida.com\\\/es\\\/comida-y-bebida1\\\/area-de-chill-out\\\/\"]}]},{\"@type\":\"BreadcrumbList\",\"@id\":\"http:\\\/\\\/ocean-vida.com\\\/es\\\/comida-y-bebida1\\\/area-de-chill-out\\\/#breadcrumb\",\"itemListElement\":[{\"@type\":\"ListItem\",\"position\":1,\"name\":\"Home\",\"item\":\"http:\\\/\\\/ocean-vida.com\\\/es\\\/\"},{\"@type\":\"ListItem\",\"position\":2,\"name\":\"Comida y bebida\",\"item\":\"http:\\\/\\\/ocean-vida.com\\\/es\\\/comida-y-bebida1\\\/\"},{\"@type\":\"ListItem\",\"position\":3,\"name\":\"Area de Chill out\"}]},{\"@type\":\"WebSite\",\"@id\":\"http:\\\/\\\/ocean-vida.com\\\/es\\\/#website\",\"url\":\"http:\\\/\\\/ocean-vida.com\\\/es\\\/\",\"name\":\"Ocean Vida - Spanish\",\"description\":\"Just another Ocean Vida Sites site\",\"potentialAction\":[{\"@type\":\"SearchAction\",\"target\":{\"@type\":\"EntryPoint\",\"urlTemplate\":\"http:\\\/\\\/ocean-vida.com\\\/es\\\/?s={search_term_string}\"},\"query-input\":{\"@type\":\"PropertyValueSpecification\",\"valueRequired\":true,\"valueName\":\"search_term_string\"}}],\"inLanguage\":\"en-US\"}]}<\/script>\n<!-- \/ Yoast SEO plugin. -->","yoast_head_json":{"title":"Area de Chill out - Ocean Vida - Spanish","robots":{"index":"noindex","follow":"follow","max-snippet":"max-snippet:-1","max-image-preview":"max-image-preview:large","max-video-preview":"max-video-preview:-1"},"og_locale":"en_US","og_type":"article","og_title":"Area de Chill out - Ocean Vida - Spanish","og_description":"Area de Chill out Entre las 4pm-11pm tenemos mesas en la playa con c\u00f3modos asientos hechos con lentejas. Hay lamparas colgadas de las palmeras para una perfecta iluminaci\u00f3n en la playa.Es una inolvidable y \u00fanica atm\u00f3sfera en toda la isla de Malapascua.Un &#8220;Deber\u00eda probarlo&#8221; para todo el que este en la isla.","og_url":"http:\/\/ocean-vida.com\/es\/comida-y-bebida1\/area-de-chill-out\/","og_site_name":"Ocean Vida - Spanish","article_modified_time":"2015-06-03T09:20:25+00:00","og_image":[{"url":"http:\/\/ocean-vida.com\/es\/files\/2015\/05\/Chill-Out-Area-Ocean-Vida-r-300x214.jpg","type":"","width":"","height":""}],"twitter_card":"summary_large_image","schema":{"@context":"https:\/\/schema.org","@graph":[{"@type":"WebPage","@id":"http:\/\/ocean-vida.com\/es\/comida-y-bebida1\/area-de-chill-out\/","url":"http:\/\/ocean-vida.com\/es\/comida-y-bebida1\/area-de-chill-out\/","name":"Area de Chill out - Ocean Vida - Spanish","isPartOf":{"@id":"http:\/\/ocean-vida.com\/es\/#website"},"datePublished":"2015-05-25T17:24:15+00:00","dateModified":"2015-06-03T09:20:25+00:00","breadcrumb":{"@id":"http:\/\/ocean-vida.com\/es\/comida-y-bebida1\/area-de-chill-out\/#breadcrumb"},"inLanguage":"en-US","potentialAction":[{"@type":"ReadAction","target":["http:\/\/ocean-vida.com\/es\/comida-y-bebida1\/area-de-chill-out\/"]}]},{"@type":"BreadcrumbList","@id":"http:\/\/ocean-vida.com\/es\/comida-y-bebida1\/area-de-chill-out\/#breadcrumb","itemListElement":[{"@type":"ListItem","position":1,"name":"Home","item":"http:\/\/ocean-vida.com\/es\/"},{"@type":"ListItem","position":2,"name":"Comida y bebida","item":"http:\/\/ocean-vida.com\/es\/comida-y-bebida1\/"},{"@type":"ListItem","position":3,"name":"Area de Chill out"}]},{"@type":"WebSite","@id":"http:\/\/ocean-vida.com\/es\/#website","url":"http:\/\/ocean-vida.com\/es\/","name":"Ocean Vida - Spanish","description":"Just another Ocean Vida Sites site","potentialAction":[{"@type":"SearchAction","target":{"@type":"EntryPoint","urlTemplate":"http:\/\/ocean-vida.com\/es\/?s={search_term_string}"},"query-input":{"@type":"PropertyValueSpecification","valueRequired":true,"valueName":"search_term_string"}}],"inLanguage":"en-US"}]}},"_links":{"self":[{"href":"http:\/\/ocean-vida.com\/es\/wp-json\/wp\/v2\/pages\/49","targetHints":{"allow":["GET"]}}],"collection":[{"href":"http:\/\/ocean-vida.com\/es\/wp-json\/wp\/v2\/pages"}],"about":[{"href":"http:\/\/ocean-vida.com\/es\/wp-json\/wp\/v2\/types\/page"}],"author":[{"embeddable":true,"href":"http:\/\/ocean-vida.com\/es\/wp-json\/wp\/v2\/users\/4"}],"replies":[{"embeddable":true,"href":"http:\/\/ocean-vida.com\/es\/wp-json\/wp\/v2\/comments?post=49"}],"version-history":[{"count":4,"href":"http:\/\/ocean-vida.com\/es\/wp-json\/wp\/v2\/pages\/49\/revisions"}],"predecessor-version":[{"id":167,"href":"http:\/\/ocean-vida.com\/es\/wp-json\/wp\/v2\/pages\/49\/revisions\/167"}],"up":[{"embeddable":true,"href":"http:\/\/ocean-vida.com\/es\/wp-json\/wp\/v2\/pages\/36"}],"wp:attachment":[{"href":"http:\/\/ocean-vida.com\/es\/wp-json\/wp\/v2\/media?parent=49"}],"curies":[{"name":"wp","href":"https:\/\/api.w.org\/{rel}","templated":true}]}}