{"id":30,"date":"2015-05-25T17:08:39","date_gmt":"2015-05-25T17:08:39","guid":{"rendered":"http:\/\/ocean-vida.com\/es\/?page_id=30"},"modified":"2015-06-03T01:07:23","modified_gmt":"2015-06-03T01:07:23","slug":"habitaciones-familiares","status":"publish","type":"page","link":"http:\/\/ocean-vida.com\/es\/alojamiento\/habitaciones-familiares\/","title":{"rendered":"Habitaciones familiares"},"content":{"rendered":"<h2>Habitaciones familiares<\/h2>\n<p>Nuestras habitaciones familiares est\u00e1n situadas en el jard\u00edn y son perfectas para familias con mas de un\/a ni\u00f1o\/a.<\/p>\n<p>Aqu\u00ed tenemos una puerta que conecta y combina dos habitaciones con vistas al jard\u00edn.<\/p>\n<p>Los padres y los ni\u00f1os tienen su propia cama y su propio ba\u00f1o.<\/p>\n<p>Son ideales para dos adultos y cuatro ni\u00f1os mientras que un\/a ni\u00f1o\/a puede estar en la habitaci\u00f3n de los padres.<\/p>\n<p>Las habitaciones familiares tambien est\u00e1n equipadas con aire acondicionado, ventilador, caja de seguridad, minibar, ducha de agua caliente\/fria y toallas para la playa.<\/p>\n\n\t\t<style type=\"text\/css\">\n\t\t\t#gallery-1 {\n\t\t\t\tmargin: auto;\n\t\t\t}\n\t\t\t#gallery-1 .gallery-item {\n\t\t\t\tfloat: left;\n\t\t\t\tmargin-top: 10px;\n\t\t\t\ttext-align: center;\n\t\t\t\twidth: 50%;\n\t\t\t}\n\t\t\t#gallery-1 img {\n\t\t\t\tborder: 2px solid #cfcfcf;\n\t\t\t}\n\t\t\t#gallery-1 .gallery-caption {\n\t\t\t\tmargin-left: 0;\n\t\t\t}\n\t\t\t\/* see gallery_shortcode() in wp-includes\/media.php *\/\n\t\t<\/style>\n\t\t<div id='gallery-1' class='gallery galleryid-30 gallery-columns-2 gallery-size-medium'><dl class='gallery-item'>\n\t\t\t<dt class='gallery-icon landscape'>\n\t\t\t\t<a href='http:\/\/ocean-vida.com\/es\/files\/2015\/05\/Family-Room-Ocean-Vida.jpg' rel=\"lightbox[30]\"><img loading=\"lazy\" decoding=\"async\" width=\"300\" height=\"214\" src=\"http:\/\/ocean-vida.com\/es\/files\/2015\/05\/Family-Room-Ocean-Vida-300x214.jpg\" class=\"attachment-medium size-medium\" alt=\"\" \/><\/a>\n\t\t\t<\/dt><\/dl><dl class='gallery-item'>\n\t\t\t<dt class='gallery-icon landscape'>\n\t\t\t\t<a href='http:\/\/ocean-vida.com\/es\/files\/2015\/05\/Family-Room-2-Ocean-Vida-r.jpg' rel=\"lightbox[30]\"><img loading=\"lazy\" decoding=\"async\" width=\"300\" height=\"214\" src=\"http:\/\/ocean-vida.com\/es\/files\/2015\/05\/Family-Room-2-Ocean-Vida-r-300x214.jpg\" class=\"attachment-medium size-medium\" alt=\"\" \/><\/a>\n\t\t\t<\/dt><\/dl><br style=\"clear: both\" \/><dl class='gallery-item'>\n\t\t\t<dt class='gallery-icon landscape'>\n\t\t\t\t<a href='http:\/\/ocean-vida.com\/es\/files\/2015\/05\/Family-Room-Ocean-Vida-3.jpg' rel=\"lightbox[30]\"><img loading=\"lazy\" decoding=\"async\" width=\"300\" height=\"214\" src=\"http:\/\/ocean-vida.com\/es\/files\/2015\/05\/Family-Room-Ocean-Vida-3-300x214.jpg\" class=\"attachment-medium size-medium\" alt=\"\" \/><\/a>\n\t\t\t<\/dt><\/dl><dl class='gallery-item'>\n\t\t\t<dt class='gallery-icon landscape'>\n\t\t\t\t<a href='http:\/\/ocean-vida.com\/es\/files\/2015\/05\/Family-Room-Garden-Ocean-Vida.jpg' rel=\"lightbox[30]\"><img loading=\"lazy\" decoding=\"async\" width=\"300\" height=\"214\" src=\"http:\/\/ocean-vida.com\/es\/files\/2015\/05\/Family-Room-Garden-Ocean-Vida-300x214.jpg\" class=\"attachment-medium size-medium\" alt=\"\" \/><\/a>\n\t\t\t<\/dt><\/dl><br style=\"clear: both\" \/>\n\t\t<\/div>\n\n","protected":false},"excerpt":{"rendered":"<p>Habitaciones familiares Nuestras habitaciones familiares est\u00e1n situadas en el jard\u00edn y son perfectas para familias con mas de un\/a ni\u00f1o\/a. Aqu\u00ed tenemos una puerta que conecta y combina dos habitaciones con vistas al jard\u00edn. Los padres y los ni\u00f1os tienen su propia cama y su propio ba\u00f1o. Son ideales para dos adultos y cuatro ni\u00f1os mientras que un\/a ni\u00f1o\/a puede&nbsp;<a href=\"http:\/\/ocean-vida.com\/es\/alojamiento\/habitaciones-familiares\/\" class=\"read-more\">Continue Reading<\/a><\/p>\n","protected":false},"author":4,"featured_media":0,"parent":18,"menu_order":3,"comment_status":"open","ping_status":"open","template":"","meta":{"footnotes":""},"class_list":["post-30","page","type-page","status-publish","hentry"],"yoast_head":"<!-- This site is optimized with the Yoast SEO plugin v27.4 - https:\/\/yoast.com\/product\/yoast-seo-wordpress\/ -->\n<title>Habitaciones familiares - Ocean Vida - Spanish<\/title>\n<meta name=\"robots\" content=\"noindex, follow, max-snippet:-1, max-image-preview:large, max-video-preview:-1\" \/>\n<meta property=\"og:locale\" content=\"en_US\" \/>\n<meta property=\"og:type\" content=\"article\" \/>\n<meta property=\"og:title\" content=\"Habitaciones familiares - Ocean Vida - Spanish\" \/>\n<meta property=\"og:description\" content=\"Habitaciones familiares Nuestras habitaciones familiares est\u00e1n situadas en el jard\u00edn y son perfectas para familias con mas de un\/a ni\u00f1o\/a. Aqu\u00ed tenemos una puerta que conecta y combina dos habitaciones con vistas al jard\u00edn. Los padres y los ni\u00f1os tienen su propia cama y su propio ba\u00f1o. Son ideales para dos adultos y cuatro ni\u00f1os mientras que un\/a ni\u00f1o\/a puede&nbsp;Continue Reading\" \/>\n<meta property=\"og:url\" content=\"http:\/\/ocean-vida.com\/es\/alojamiento\/habitaciones-familiares\/\" \/>\n<meta property=\"og:site_name\" content=\"Ocean Vida - Spanish\" \/>\n<meta property=\"article:modified_time\" content=\"2015-06-03T01:07:23+00:00\" \/>\n<meta property=\"og:image\" content=\"http:\/\/ocean-vida.com\/es\/files\/2015\/05\/Family-Room-Ocean-Vida-300x214.jpg\" \/>\n<meta name=\"twitter:card\" content=\"summary_large_image\" \/>\n<meta name=\"twitter:label1\" content=\"Est. reading time\" \/>\n\t<meta name=\"twitter:data1\" content=\"1 minute\" \/>\n<script type=\"application\/ld+json\" class=\"yoast-schema-graph\">{\"@context\":\"https:\\\/\\\/schema.org\",\"@graph\":[{\"@type\":\"WebPage\",\"@id\":\"http:\\\/\\\/ocean-vida.com\\\/es\\\/alojamiento\\\/habitaciones-familiares\\\/\",\"url\":\"http:\\\/\\\/ocean-vida.com\\\/es\\\/alojamiento\\\/habitaciones-familiares\\\/\",\"name\":\"Habitaciones familiares - Ocean Vida - Spanish\",\"isPartOf\":{\"@id\":\"http:\\\/\\\/ocean-vida.com\\\/es\\\/#website\"},\"datePublished\":\"2015-05-25T17:08:39+00:00\",\"dateModified\":\"2015-06-03T01:07:23+00:00\",\"breadcrumb\":{\"@id\":\"http:\\\/\\\/ocean-vida.com\\\/es\\\/alojamiento\\\/habitaciones-familiares\\\/#breadcrumb\"},\"inLanguage\":\"en-US\",\"potentialAction\":[{\"@type\":\"ReadAction\",\"target\":[\"http:\\\/\\\/ocean-vida.com\\\/es\\\/alojamiento\\\/habitaciones-familiares\\\/\"]}]},{\"@type\":\"BreadcrumbList\",\"@id\":\"http:\\\/\\\/ocean-vida.com\\\/es\\\/alojamiento\\\/habitaciones-familiares\\\/#breadcrumb\",\"itemListElement\":[{\"@type\":\"ListItem\",\"position\":1,\"name\":\"Home\",\"item\":\"http:\\\/\\\/ocean-vida.com\\\/es\\\/\"},{\"@type\":\"ListItem\",\"position\":2,\"name\":\"Alojamiento\",\"item\":\"http:\\\/\\\/ocean-vida.com\\\/es\\\/alojamiento\\\/\"},{\"@type\":\"ListItem\",\"position\":3,\"name\":\"Habitaciones familiares\"}]},{\"@type\":\"WebSite\",\"@id\":\"http:\\\/\\\/ocean-vida.com\\\/es\\\/#website\",\"url\":\"http:\\\/\\\/ocean-vida.com\\\/es\\\/\",\"name\":\"Ocean Vida - Spanish\",\"description\":\"Just another Ocean Vida Sites site\",\"potentialAction\":[{\"@type\":\"SearchAction\",\"target\":{\"@type\":\"EntryPoint\",\"urlTemplate\":\"http:\\\/\\\/ocean-vida.com\\\/es\\\/?s={search_term_string}\"},\"query-input\":{\"@type\":\"PropertyValueSpecification\",\"valueRequired\":true,\"valueName\":\"search_term_string\"}}],\"inLanguage\":\"en-US\"}]}<\/script>\n<!-- \/ Yoast SEO plugin. -->","yoast_head_json":{"title":"Habitaciones familiares - Ocean Vida - Spanish","robots":{"index":"noindex","follow":"follow","max-snippet":"max-snippet:-1","max-image-preview":"max-image-preview:large","max-video-preview":"max-video-preview:-1"},"og_locale":"en_US","og_type":"article","og_title":"Habitaciones familiares - Ocean Vida - Spanish","og_description":"Habitaciones familiares Nuestras habitaciones familiares est\u00e1n situadas en el jard\u00edn y son perfectas para familias con mas de un\/a ni\u00f1o\/a. Aqu\u00ed tenemos una puerta que conecta y combina dos habitaciones con vistas al jard\u00edn. Los padres y los ni\u00f1os tienen su propia cama y su propio ba\u00f1o. Son ideales para dos adultos y cuatro ni\u00f1os mientras que un\/a ni\u00f1o\/a puede&nbsp;Continue Reading","og_url":"http:\/\/ocean-vida.com\/es\/alojamiento\/habitaciones-familiares\/","og_site_name":"Ocean Vida - Spanish","article_modified_time":"2015-06-03T01:07:23+00:00","og_image":[{"url":"http:\/\/ocean-vida.com\/es\/files\/2015\/05\/Family-Room-Ocean-Vida-300x214.jpg","type":"","width":"","height":""}],"twitter_card":"summary_large_image","twitter_misc":{"Est. reading time":"1 minute"},"schema":{"@context":"https:\/\/schema.org","@graph":[{"@type":"WebPage","@id":"http:\/\/ocean-vida.com\/es\/alojamiento\/habitaciones-familiares\/","url":"http:\/\/ocean-vida.com\/es\/alojamiento\/habitaciones-familiares\/","name":"Habitaciones familiares - Ocean Vida - Spanish","isPartOf":{"@id":"http:\/\/ocean-vida.com\/es\/#website"},"datePublished":"2015-05-25T17:08:39+00:00","dateModified":"2015-06-03T01:07:23+00:00","breadcrumb":{"@id":"http:\/\/ocean-vida.com\/es\/alojamiento\/habitaciones-familiares\/#breadcrumb"},"inLanguage":"en-US","potentialAction":[{"@type":"ReadAction","target":["http:\/\/ocean-vida.com\/es\/alojamiento\/habitaciones-familiares\/"]}]},{"@type":"BreadcrumbList","@id":"http:\/\/ocean-vida.com\/es\/alojamiento\/habitaciones-familiares\/#breadcrumb","itemListElement":[{"@type":"ListItem","position":1,"name":"Home","item":"http:\/\/ocean-vida.com\/es\/"},{"@type":"ListItem","position":2,"name":"Alojamiento","item":"http:\/\/ocean-vida.com\/es\/alojamiento\/"},{"@type":"ListItem","position":3,"name":"Habitaciones familiares"}]},{"@type":"WebSite","@id":"http:\/\/ocean-vida.com\/es\/#website","url":"http:\/\/ocean-vida.com\/es\/","name":"Ocean Vida - Spanish","description":"Just another Ocean Vida Sites site","potentialAction":[{"@type":"SearchAction","target":{"@type":"EntryPoint","urlTemplate":"http:\/\/ocean-vida.com\/es\/?s={search_term_string}"},"query-input":{"@type":"PropertyValueSpecification","valueRequired":true,"valueName":"search_term_string"}}],"inLanguage":"en-US"}]}},"_links":{"self":[{"href":"http:\/\/ocean-vida.com\/es\/wp-json\/wp\/v2\/pages\/30","targetHints":{"allow":["GET"]}}],"collection":[{"href":"http:\/\/ocean-vida.com\/es\/wp-json\/wp\/v2\/pages"}],"about":[{"href":"http:\/\/ocean-vida.com\/es\/wp-json\/wp\/v2\/types\/page"}],"author":[{"embeddable":true,"href":"http:\/\/ocean-vida.com\/es\/wp-json\/wp\/v2\/users\/4"}],"replies":[{"embeddable":true,"href":"http:\/\/ocean-vida.com\/es\/wp-json\/wp\/v2\/comments?post=30"}],"version-history":[{"count":4,"href":"http:\/\/ocean-vida.com\/es\/wp-json\/wp\/v2\/pages\/30\/revisions"}],"predecessor-version":[{"id":135,"href":"http:\/\/ocean-vida.com\/es\/wp-json\/wp\/v2\/pages\/30\/revisions\/135"}],"up":[{"embeddable":true,"href":"http:\/\/ocean-vida.com\/es\/wp-json\/wp\/v2\/pages\/18"}],"wp:attachment":[{"href":"http:\/\/ocean-vida.com\/es\/wp-json\/wp\/v2\/media?parent=30"}],"curies":[{"name":"wp","href":"https:\/\/api.w.org\/{rel}","templated":true}]}}