{"id":270,"date":"2019-06-27T07:55:52","date_gmt":"2019-06-27T07:55:52","guid":{"rendered":"http:\/\/ocean-vida.com\/es\/?page_id=270"},"modified":"2019-06-27T07:55:52","modified_gmt":"2019-06-27T07:55:52","slug":"bar-en-la-playa","status":"publish","type":"page","link":"http:\/\/ocean-vida.com\/es\/bar-en-la-playa\/","title":{"rendered":"Bar en la Playa"},"content":{"rendered":"<h2>Bar en la Playa<\/h2>\n<p>Nuestro &#8220;Beach Bar&#8221;(Bar en la Playa) esta abierto desde las 8:00am hasta las 11:00pm-365 d\u00edas al a\u00f1o.<br \/>\nUna gran selecci\u00f3n desde refrescos, jugo de coco fresco, Batidos de frutas locales naturales hasta nuestros altamente recomendados cocktails y cervezas frescas se sirven durante todo el dia.<\/p>\n<p>El &#8220;Happy Hour&#8221; de Ocean Vida es cada d\u00eda desde las 04:00pm hasta las 06:00 pm. Los Daiquiris de Mango es nuestra especialidad y deber\u00eda probarlos.<\/p>\n\n\t\t<style type=\"text\/css\">\n\t\t\t#gallery-1 {\n\t\t\t\tmargin: auto;\n\t\t\t}\n\t\t\t#gallery-1 .gallery-item {\n\t\t\t\tfloat: left;\n\t\t\t\tmargin-top: 10px;\n\t\t\t\ttext-align: center;\n\t\t\t\twidth: 33%;\n\t\t\t}\n\t\t\t#gallery-1 img {\n\t\t\t\tborder: 2px solid #cfcfcf;\n\t\t\t}\n\t\t\t#gallery-1 .gallery-caption {\n\t\t\t\tmargin-left: 0;\n\t\t\t}\n\t\t\t\/* see gallery_shortcode() in wp-includes\/media.php *\/\n\t\t<\/style>\n\t\t<div id='gallery-1' class='gallery galleryid-270 gallery-columns-3 gallery-size-medium'><dl class='gallery-item'>\n\t\t\t<dt class='gallery-icon landscape'>\n\t\t\t\t<a href='http:\/\/ocean-vida.com\/es\/files\/2015\/05\/Beach-Bar-Ocean-Vida.jpg' rel=\"lightbox[270]\"><img loading=\"lazy\" decoding=\"async\" width=\"300\" height=\"214\" src=\"http:\/\/ocean-vida.com\/es\/files\/2015\/05\/Beach-Bar-Ocean-Vida-300x214.jpg\" class=\"attachment-medium size-medium\" alt=\"\" \/><\/a>\n\t\t\t<\/dt><\/dl><dl class='gallery-item'>\n\t\t\t<dt class='gallery-icon landscape'>\n\t\t\t\t<a href='http:\/\/ocean-vida.com\/es\/files\/2015\/05\/Sunset-Ocean-Vida1.jpg' rel=\"lightbox[270]\"><img loading=\"lazy\" decoding=\"async\" width=\"300\" height=\"214\" src=\"http:\/\/ocean-vida.com\/es\/files\/2015\/05\/Sunset-Ocean-Vida1-300x214.jpg\" class=\"attachment-medium size-medium\" alt=\"\" \/><\/a>\n\t\t\t<\/dt><\/dl><dl class='gallery-item'>\n\t\t\t<dt class='gallery-icon landscape'>\n\t\t\t\t<a href='http:\/\/ocean-vida.com\/es\/files\/2015\/05\/cocktail-Ocean-Vida-Malapascua-v3.jpg' rel=\"lightbox[270]\"><img loading=\"lazy\" decoding=\"async\" width=\"300\" height=\"214\" src=\"http:\/\/ocean-vida.com\/es\/files\/2015\/05\/cocktail-Ocean-Vida-Malapascua-v3-300x214.jpg\" class=\"attachment-medium size-medium\" alt=\"\" \/><\/a>\n\t\t\t<\/dt><\/dl><br style=\"clear: both\" \/>\n\t\t<\/div>\n\n","protected":false},"excerpt":{"rendered":"<p>Bar en la Playa Nuestro &#8220;Beach Bar&#8221;(Bar en la Playa) esta abierto desde las 8:00am hasta las 11:00pm-365 d\u00edas al a\u00f1o. Una gran selecci\u00f3n desde refrescos, jugo de coco fresco, Batidos de frutas locales naturales hasta nuestros altamente recomendados cocktails y cervezas frescas se sirven durante todo el dia. El &#8220;Happy Hour&#8221; de Ocean Vida es cada d\u00eda desde las&nbsp;<a href=\"http:\/\/ocean-vida.com\/es\/bar-en-la-playa\/\" class=\"read-more\">Continue Reading<\/a><\/p>\n","protected":false},"author":1,"featured_media":0,"parent":0,"menu_order":0,"comment_status":"closed","ping_status":"closed","template":"","meta":{"footnotes":""},"class_list":["post-270","page","type-page","status-publish","hentry"],"yoast_head":"<!-- This site is optimized with the Yoast SEO plugin v27.4 - https:\/\/yoast.com\/product\/yoast-seo-wordpress\/ -->\n<title>Bar en la Playa - Ocean Vida - Spanish<\/title>\n<meta name=\"robots\" content=\"noindex, follow, max-snippet:-1, max-image-preview:large, max-video-preview:-1\" \/>\n<meta property=\"og:locale\" content=\"en_US\" \/>\n<meta property=\"og:type\" content=\"article\" \/>\n<meta property=\"og:title\" content=\"Bar en la Playa - Ocean Vida - Spanish\" \/>\n<meta property=\"og:description\" content=\"Bar en la Playa Nuestro &#8220;Beach Bar&#8221;(Bar en la Playa) esta abierto desde las 8:00am hasta las 11:00pm-365 d\u00edas al a\u00f1o. Una gran selecci\u00f3n desde refrescos, jugo de coco fresco, Batidos de frutas locales naturales hasta nuestros altamente recomendados cocktails y cervezas frescas se sirven durante todo el dia. El &#8220;Happy Hour&#8221; de Ocean Vida es cada d\u00eda desde las&nbsp;Continue Reading\" \/>\n<meta property=\"og:url\" content=\"http:\/\/ocean-vida.com\/es\/bar-en-la-playa\/\" \/>\n<meta property=\"og:site_name\" content=\"Ocean Vida - Spanish\" \/>\n<meta property=\"og:image\" content=\"http:\/\/ocean-vida.com\/es\/files\/2015\/05\/Beach-Bar-Ocean-Vida-300x214.jpg\" \/>\n<meta name=\"twitter:card\" content=\"summary_large_image\" \/>\n<script type=\"application\/ld+json\" class=\"yoast-schema-graph\">{\"@context\":\"https:\\\/\\\/schema.org\",\"@graph\":[{\"@type\":\"WebPage\",\"@id\":\"http:\\\/\\\/ocean-vida.com\\\/es\\\/bar-en-la-playa\\\/\",\"url\":\"http:\\\/\\\/ocean-vida.com\\\/es\\\/bar-en-la-playa\\\/\",\"name\":\"Bar en la Playa - Ocean Vida - Spanish\",\"isPartOf\":{\"@id\":\"http:\\\/\\\/ocean-vida.com\\\/es\\\/#website\"},\"datePublished\":\"2019-06-27T07:55:52+00:00\",\"breadcrumb\":{\"@id\":\"http:\\\/\\\/ocean-vida.com\\\/es\\\/bar-en-la-playa\\\/#breadcrumb\"},\"inLanguage\":\"en-US\",\"potentialAction\":[{\"@type\":\"ReadAction\",\"target\":[\"http:\\\/\\\/ocean-vida.com\\\/es\\\/bar-en-la-playa\\\/\"]}]},{\"@type\":\"BreadcrumbList\",\"@id\":\"http:\\\/\\\/ocean-vida.com\\\/es\\\/bar-en-la-playa\\\/#breadcrumb\",\"itemListElement\":[{\"@type\":\"ListItem\",\"position\":1,\"name\":\"Home\",\"item\":\"http:\\\/\\\/ocean-vida.com\\\/es\\\/\"},{\"@type\":\"ListItem\",\"position\":2,\"name\":\"Bar en la Playa\"}]},{\"@type\":\"WebSite\",\"@id\":\"http:\\\/\\\/ocean-vida.com\\\/es\\\/#website\",\"url\":\"http:\\\/\\\/ocean-vida.com\\\/es\\\/\",\"name\":\"Ocean Vida - Spanish\",\"description\":\"Just another Ocean Vida Sites site\",\"potentialAction\":[{\"@type\":\"SearchAction\",\"target\":{\"@type\":\"EntryPoint\",\"urlTemplate\":\"http:\\\/\\\/ocean-vida.com\\\/es\\\/?s={search_term_string}\"},\"query-input\":{\"@type\":\"PropertyValueSpecification\",\"valueRequired\":true,\"valueName\":\"search_term_string\"}}],\"inLanguage\":\"en-US\"}]}<\/script>\n<!-- \/ Yoast SEO plugin. -->","yoast_head_json":{"title":"Bar en la Playa - Ocean Vida - Spanish","robots":{"index":"noindex","follow":"follow","max-snippet":"max-snippet:-1","max-image-preview":"max-image-preview:large","max-video-preview":"max-video-preview:-1"},"og_locale":"en_US","og_type":"article","og_title":"Bar en la Playa - Ocean Vida - Spanish","og_description":"Bar en la Playa Nuestro &#8220;Beach Bar&#8221;(Bar en la Playa) esta abierto desde las 8:00am hasta las 11:00pm-365 d\u00edas al a\u00f1o. Una gran selecci\u00f3n desde refrescos, jugo de coco fresco, Batidos de frutas locales naturales hasta nuestros altamente recomendados cocktails y cervezas frescas se sirven durante todo el dia. El &#8220;Happy Hour&#8221; de Ocean Vida es cada d\u00eda desde las&nbsp;Continue Reading","og_url":"http:\/\/ocean-vida.com\/es\/bar-en-la-playa\/","og_site_name":"Ocean Vida - Spanish","og_image":[{"url":"http:\/\/ocean-vida.com\/es\/files\/2015\/05\/Beach-Bar-Ocean-Vida-300x214.jpg","type":"","width":"","height":""}],"twitter_card":"summary_large_image","schema":{"@context":"https:\/\/schema.org","@graph":[{"@type":"WebPage","@id":"http:\/\/ocean-vida.com\/es\/bar-en-la-playa\/","url":"http:\/\/ocean-vida.com\/es\/bar-en-la-playa\/","name":"Bar en la Playa - Ocean Vida - Spanish","isPartOf":{"@id":"http:\/\/ocean-vida.com\/es\/#website"},"datePublished":"2019-06-27T07:55:52+00:00","breadcrumb":{"@id":"http:\/\/ocean-vida.com\/es\/bar-en-la-playa\/#breadcrumb"},"inLanguage":"en-US","potentialAction":[{"@type":"ReadAction","target":["http:\/\/ocean-vida.com\/es\/bar-en-la-playa\/"]}]},{"@type":"BreadcrumbList","@id":"http:\/\/ocean-vida.com\/es\/bar-en-la-playa\/#breadcrumb","itemListElement":[{"@type":"ListItem","position":1,"name":"Home","item":"http:\/\/ocean-vida.com\/es\/"},{"@type":"ListItem","position":2,"name":"Bar en la Playa"}]},{"@type":"WebSite","@id":"http:\/\/ocean-vida.com\/es\/#website","url":"http:\/\/ocean-vida.com\/es\/","name":"Ocean Vida - Spanish","description":"Just another Ocean Vida Sites site","potentialAction":[{"@type":"SearchAction","target":{"@type":"EntryPoint","urlTemplate":"http:\/\/ocean-vida.com\/es\/?s={search_term_string}"},"query-input":{"@type":"PropertyValueSpecification","valueRequired":true,"valueName":"search_term_string"}}],"inLanguage":"en-US"}]}},"_links":{"self":[{"href":"http:\/\/ocean-vida.com\/es\/wp-json\/wp\/v2\/pages\/270","targetHints":{"allow":["GET"]}}],"collection":[{"href":"http:\/\/ocean-vida.com\/es\/wp-json\/wp\/v2\/pages"}],"about":[{"href":"http:\/\/ocean-vida.com\/es\/wp-json\/wp\/v2\/types\/page"}],"author":[{"embeddable":true,"href":"http:\/\/ocean-vida.com\/es\/wp-json\/wp\/v2\/users\/1"}],"replies":[{"embeddable":true,"href":"http:\/\/ocean-vida.com\/es\/wp-json\/wp\/v2\/comments?post=270"}],"version-history":[{"count":1,"href":"http:\/\/ocean-vida.com\/es\/wp-json\/wp\/v2\/pages\/270\/revisions"}],"predecessor-version":[{"id":271,"href":"http:\/\/ocean-vida.com\/es\/wp-json\/wp\/v2\/pages\/270\/revisions\/271"}],"wp:attachment":[{"href":"http:\/\/ocean-vida.com\/es\/wp-json\/wp\/v2\/media?parent=270"}],"curies":[{"name":"wp","href":"https:\/\/api.w.org\/{rel}","templated":true}]}}