{"id":27,"date":"2015-05-25T17:04:28","date_gmt":"2015-05-25T17:04:28","guid":{"rendered":"http:\/\/ocean-vida.com\/es\/?page_id=27"},"modified":"2015-06-03T01:05:29","modified_gmt":"2015-06-03T01:05:29","slug":"habitaciones-con-vistas-al-jardin","status":"publish","type":"page","link":"http:\/\/ocean-vida.com\/es\/alojamiento\/habitaciones-con-vistas-al-jardin\/","title":{"rendered":"Habitaciones con vistas al jard\u00edn"},"content":{"rendered":"<h2>Habitaciones con vistas al jard\u00edn<\/h2>\n<p>Nuestras ocho habitaciones est\u00e1n situadas a un lado de la zona de recepci\u00f3n en un \u00e1rea mas tranquila y privada. El tama\u00f1o de las habitaciones es igual que las que disponemos en la playa.<\/p>\n<p>Las ocho habitaciones est\u00e1n en piso de abajo y est\u00e1n equipadas con aire acondicionado, ventilador, cafe y tea, caja de seguridad, minibar, ducha de agua caliente\/fr\u00eda y toallas para la playa.<\/p>\n<p>Estas habitaciones tambi\u00e9n est\u00e1n disponibles con aire acondicionado o solamente ventilador.<\/p>\n\n\t\t<style type=\"text\/css\">\n\t\t\t#gallery-1 {\n\t\t\t\tmargin: auto;\n\t\t\t}\n\t\t\t#gallery-1 .gallery-item {\n\t\t\t\tfloat: left;\n\t\t\t\tmargin-top: 10px;\n\t\t\t\ttext-align: center;\n\t\t\t\twidth: 50%;\n\t\t\t}\n\t\t\t#gallery-1 img {\n\t\t\t\tborder: 2px solid #cfcfcf;\n\t\t\t}\n\t\t\t#gallery-1 .gallery-caption {\n\t\t\t\tmargin-left: 0;\n\t\t\t}\n\t\t\t\/* see gallery_shortcode() in wp-includes\/media.php *\/\n\t\t<\/style>\n\t\t<div id='gallery-1' class='gallery galleryid-27 gallery-columns-2 gallery-size-medium'><dl class='gallery-item'>\n\t\t\t<dt class='gallery-icon landscape'>\n\t\t\t\t<a href='http:\/\/ocean-vida.com\/es\/files\/2015\/05\/Garden-Room-Ocean-Vida-Malapscua.jpg' rel=\"lightbox[27]\"><img loading=\"lazy\" decoding=\"async\" width=\"300\" height=\"214\" src=\"http:\/\/ocean-vida.com\/es\/files\/2015\/05\/Garden-Room-Ocean-Vida-Malapscua-300x214.jpg\" class=\"attachment-medium size-medium\" alt=\"\" \/><\/a>\n\t\t\t<\/dt><\/dl><dl class='gallery-item'>\n\t\t\t<dt class='gallery-icon landscape'>\n\t\t\t\t<a href='http:\/\/ocean-vida.com\/es\/files\/2015\/05\/Garden-Room-v2-Ocean-Vida-Malapscua.jpg' rel=\"lightbox[27]\"><img loading=\"lazy\" decoding=\"async\" width=\"300\" height=\"214\" src=\"http:\/\/ocean-vida.com\/es\/files\/2015\/05\/Garden-Room-v2-Ocean-Vida-Malapscua-300x214.jpg\" class=\"attachment-medium size-medium\" alt=\"\" \/><\/a>\n\t\t\t<\/dt><\/dl><br style=\"clear: both\" \/><dl class='gallery-item'>\n\t\t\t<dt class='gallery-icon landscape'>\n\t\t\t\t<a href='http:\/\/ocean-vida.com\/es\/files\/2015\/05\/Garden-Room-Bathroom.jpg' rel=\"lightbox[27]\"><img loading=\"lazy\" decoding=\"async\" width=\"300\" height=\"214\" src=\"http:\/\/ocean-vida.com\/es\/files\/2015\/05\/Garden-Room-Bathroom-300x214.jpg\" class=\"attachment-medium size-medium\" alt=\"\" \/><\/a>\n\t\t\t<\/dt><\/dl><dl class='gallery-item'>\n\t\t\t<dt class='gallery-icon landscape'>\n\t\t\t\t<a href='http:\/\/ocean-vida.com\/es\/files\/2015\/05\/Bathroom-Garden-Room-Ocean-Vida.jpg' rel=\"lightbox[27]\"><img loading=\"lazy\" decoding=\"async\" width=\"300\" height=\"214\" src=\"http:\/\/ocean-vida.com\/es\/files\/2015\/05\/Bathroom-Garden-Room-Ocean-Vida-300x214.jpg\" class=\"attachment-medium size-medium\" alt=\"\" \/><\/a>\n\t\t\t<\/dt><\/dl><br style=\"clear: both\" \/><dl class='gallery-item'>\n\t\t\t<dt class='gallery-icon landscape'>\n\t\t\t\t<a href='http:\/\/ocean-vida.com\/es\/files\/2015\/05\/Garden-Room-Porch-Ocean-Vida-Malapscua.jpg' rel=\"lightbox[27]\"><img loading=\"lazy\" decoding=\"async\" width=\"300\" height=\"214\" src=\"http:\/\/ocean-vida.com\/es\/files\/2015\/05\/Garden-Room-Porch-Ocean-Vida-Malapscua-300x214.jpg\" class=\"attachment-medium size-medium\" alt=\"\" \/><\/a>\n\t\t\t<\/dt><\/dl><dl class='gallery-item'>\n\t\t\t<dt class='gallery-icon landscape'>\n\t\t\t\t<a href='http:\/\/ocean-vida.com\/es\/files\/2015\/05\/Malapascua_Resort_15_1600x10671.jpg' rel=\"lightbox[27]\"><img loading=\"lazy\" decoding=\"async\" width=\"300\" height=\"214\" src=\"http:\/\/ocean-vida.com\/es\/files\/2015\/05\/Malapascua_Resort_15_1600x10671-300x214.jpg\" class=\"attachment-medium size-medium\" alt=\"\" \/><\/a>\n\t\t\t<\/dt><\/dl><br style=\"clear: both\" \/>\n\t\t<\/div>\n\n","protected":false},"excerpt":{"rendered":"<p>Habitaciones con vistas al jard\u00edn Nuestras ocho habitaciones est\u00e1n situadas a un lado de la zona de recepci\u00f3n en un \u00e1rea mas tranquila y privada. El tama\u00f1o de las habitaciones es igual que las que disponemos en la playa. Las ocho habitaciones est\u00e1n en piso de abajo y est\u00e1n equipadas con aire acondicionado, ventilador, cafe y tea, caja de seguridad,&nbsp;<a href=\"http:\/\/ocean-vida.com\/es\/alojamiento\/habitaciones-con-vistas-al-jardin\/\" class=\"read-more\">Continue Reading<\/a><\/p>\n","protected":false},"author":4,"featured_media":0,"parent":18,"menu_order":2,"comment_status":"open","ping_status":"open","template":"","meta":{"footnotes":""},"class_list":["post-27","page","type-page","status-publish","hentry"],"yoast_head":"<!-- This site is optimized with the Yoast SEO plugin v27.4 - https:\/\/yoast.com\/product\/yoast-seo-wordpress\/ -->\n<title>Habitaciones con vistas al jard\u00edn - Ocean Vida - Spanish<\/title>\n<meta name=\"robots\" content=\"noindex, follow, max-snippet:-1, max-image-preview:large, max-video-preview:-1\" \/>\n<meta property=\"og:locale\" content=\"en_US\" \/>\n<meta property=\"og:type\" content=\"article\" \/>\n<meta property=\"og:title\" content=\"Habitaciones con vistas al jard\u00edn - Ocean Vida - Spanish\" \/>\n<meta property=\"og:description\" content=\"Habitaciones con vistas al jard\u00edn Nuestras ocho habitaciones est\u00e1n situadas a un lado de la zona de recepci\u00f3n en un \u00e1rea mas tranquila y privada. El tama\u00f1o de las habitaciones es igual que las que disponemos en la playa. Las ocho habitaciones est\u00e1n en piso de abajo y est\u00e1n equipadas con aire acondicionado, ventilador, cafe y tea, caja de seguridad,&nbsp;Continue Reading\" \/>\n<meta property=\"og:url\" content=\"http:\/\/ocean-vida.com\/es\/alojamiento\/habitaciones-con-vistas-al-jardin\/\" \/>\n<meta property=\"og:site_name\" content=\"Ocean Vida - Spanish\" \/>\n<meta property=\"article:modified_time\" content=\"2015-06-03T01:05:29+00:00\" \/>\n<meta property=\"og:image\" content=\"http:\/\/ocean-vida.com\/es\/files\/2015\/05\/Garden-Room-Ocean-Vida-Malapscua-300x214.jpg\" \/>\n<meta name=\"twitter:card\" content=\"summary_large_image\" \/>\n<script type=\"application\/ld+json\" class=\"yoast-schema-graph\">{\"@context\":\"https:\\\/\\\/schema.org\",\"@graph\":[{\"@type\":\"WebPage\",\"@id\":\"http:\\\/\\\/ocean-vida.com\\\/es\\\/alojamiento\\\/habitaciones-con-vistas-al-jardin\\\/\",\"url\":\"http:\\\/\\\/ocean-vida.com\\\/es\\\/alojamiento\\\/habitaciones-con-vistas-al-jardin\\\/\",\"name\":\"Habitaciones con vistas al jard\u00edn - Ocean Vida - Spanish\",\"isPartOf\":{\"@id\":\"http:\\\/\\\/ocean-vida.com\\\/es\\\/#website\"},\"datePublished\":\"2015-05-25T17:04:28+00:00\",\"dateModified\":\"2015-06-03T01:05:29+00:00\",\"breadcrumb\":{\"@id\":\"http:\\\/\\\/ocean-vida.com\\\/es\\\/alojamiento\\\/habitaciones-con-vistas-al-jardin\\\/#breadcrumb\"},\"inLanguage\":\"en-US\",\"potentialAction\":[{\"@type\":\"ReadAction\",\"target\":[\"http:\\\/\\\/ocean-vida.com\\\/es\\\/alojamiento\\\/habitaciones-con-vistas-al-jardin\\\/\"]}]},{\"@type\":\"BreadcrumbList\",\"@id\":\"http:\\\/\\\/ocean-vida.com\\\/es\\\/alojamiento\\\/habitaciones-con-vistas-al-jardin\\\/#breadcrumb\",\"itemListElement\":[{\"@type\":\"ListItem\",\"position\":1,\"name\":\"Home\",\"item\":\"http:\\\/\\\/ocean-vida.com\\\/es\\\/\"},{\"@type\":\"ListItem\",\"position\":2,\"name\":\"Alojamiento\",\"item\":\"http:\\\/\\\/ocean-vida.com\\\/es\\\/alojamiento\\\/\"},{\"@type\":\"ListItem\",\"position\":3,\"name\":\"Habitaciones con vistas al jard\u00edn\"}]},{\"@type\":\"WebSite\",\"@id\":\"http:\\\/\\\/ocean-vida.com\\\/es\\\/#website\",\"url\":\"http:\\\/\\\/ocean-vida.com\\\/es\\\/\",\"name\":\"Ocean Vida - Spanish\",\"description\":\"Just another Ocean Vida Sites site\",\"potentialAction\":[{\"@type\":\"SearchAction\",\"target\":{\"@type\":\"EntryPoint\",\"urlTemplate\":\"http:\\\/\\\/ocean-vida.com\\\/es\\\/?s={search_term_string}\"},\"query-input\":{\"@type\":\"PropertyValueSpecification\",\"valueRequired\":true,\"valueName\":\"search_term_string\"}}],\"inLanguage\":\"en-US\"}]}<\/script>\n<!-- \/ Yoast SEO plugin. -->","yoast_head_json":{"title":"Habitaciones con vistas al jard\u00edn - Ocean Vida - Spanish","robots":{"index":"noindex","follow":"follow","max-snippet":"max-snippet:-1","max-image-preview":"max-image-preview:large","max-video-preview":"max-video-preview:-1"},"og_locale":"en_US","og_type":"article","og_title":"Habitaciones con vistas al jard\u00edn - Ocean Vida - Spanish","og_description":"Habitaciones con vistas al jard\u00edn Nuestras ocho habitaciones est\u00e1n situadas a un lado de la zona de recepci\u00f3n en un \u00e1rea mas tranquila y privada. El tama\u00f1o de las habitaciones es igual que las que disponemos en la playa. Las ocho habitaciones est\u00e1n en piso de abajo y est\u00e1n equipadas con aire acondicionado, ventilador, cafe y tea, caja de seguridad,&nbsp;Continue Reading","og_url":"http:\/\/ocean-vida.com\/es\/alojamiento\/habitaciones-con-vistas-al-jardin\/","og_site_name":"Ocean Vida - Spanish","article_modified_time":"2015-06-03T01:05:29+00:00","og_image":[{"url":"http:\/\/ocean-vida.com\/es\/files\/2015\/05\/Garden-Room-Ocean-Vida-Malapscua-300x214.jpg","type":"","width":"","height":""}],"twitter_card":"summary_large_image","schema":{"@context":"https:\/\/schema.org","@graph":[{"@type":"WebPage","@id":"http:\/\/ocean-vida.com\/es\/alojamiento\/habitaciones-con-vistas-al-jardin\/","url":"http:\/\/ocean-vida.com\/es\/alojamiento\/habitaciones-con-vistas-al-jardin\/","name":"Habitaciones con vistas al jard\u00edn - Ocean Vida - Spanish","isPartOf":{"@id":"http:\/\/ocean-vida.com\/es\/#website"},"datePublished":"2015-05-25T17:04:28+00:00","dateModified":"2015-06-03T01:05:29+00:00","breadcrumb":{"@id":"http:\/\/ocean-vida.com\/es\/alojamiento\/habitaciones-con-vistas-al-jardin\/#breadcrumb"},"inLanguage":"en-US","potentialAction":[{"@type":"ReadAction","target":["http:\/\/ocean-vida.com\/es\/alojamiento\/habitaciones-con-vistas-al-jardin\/"]}]},{"@type":"BreadcrumbList","@id":"http:\/\/ocean-vida.com\/es\/alojamiento\/habitaciones-con-vistas-al-jardin\/#breadcrumb","itemListElement":[{"@type":"ListItem","position":1,"name":"Home","item":"http:\/\/ocean-vida.com\/es\/"},{"@type":"ListItem","position":2,"name":"Alojamiento","item":"http:\/\/ocean-vida.com\/es\/alojamiento\/"},{"@type":"ListItem","position":3,"name":"Habitaciones con vistas al jard\u00edn"}]},{"@type":"WebSite","@id":"http:\/\/ocean-vida.com\/es\/#website","url":"http:\/\/ocean-vida.com\/es\/","name":"Ocean Vida - Spanish","description":"Just another Ocean Vida Sites site","potentialAction":[{"@type":"SearchAction","target":{"@type":"EntryPoint","urlTemplate":"http:\/\/ocean-vida.com\/es\/?s={search_term_string}"},"query-input":{"@type":"PropertyValueSpecification","valueRequired":true,"valueName":"search_term_string"}}],"inLanguage":"en-US"}]}},"_links":{"self":[{"href":"http:\/\/ocean-vida.com\/es\/wp-json\/wp\/v2\/pages\/27","targetHints":{"allow":["GET"]}}],"collection":[{"href":"http:\/\/ocean-vida.com\/es\/wp-json\/wp\/v2\/pages"}],"about":[{"href":"http:\/\/ocean-vida.com\/es\/wp-json\/wp\/v2\/types\/page"}],"author":[{"embeddable":true,"href":"http:\/\/ocean-vida.com\/es\/wp-json\/wp\/v2\/users\/4"}],"replies":[{"embeddable":true,"href":"http:\/\/ocean-vida.com\/es\/wp-json\/wp\/v2\/comments?post=27"}],"version-history":[{"count":4,"href":"http:\/\/ocean-vida.com\/es\/wp-json\/wp\/v2\/pages\/27\/revisions"}],"predecessor-version":[{"id":128,"href":"http:\/\/ocean-vida.com\/es\/wp-json\/wp\/v2\/pages\/27\/revisions\/128"}],"up":[{"embeddable":true,"href":"http:\/\/ocean-vida.com\/es\/wp-json\/wp\/v2\/pages\/18"}],"wp:attachment":[{"href":"http:\/\/ocean-vida.com\/es\/wp-json\/wp\/v2\/media?parent=27"}],"curies":[{"name":"wp","href":"https:\/\/api.w.org\/{rel}","templated":true}]}}