{"id":20,"date":"2015-05-25T17:01:31","date_gmt":"2015-05-25T17:01:31","guid":{"rendered":"http:\/\/ocean-vida.com\/es\/?page_id=20"},"modified":"2015-06-03T01:03:42","modified_gmt":"2015-06-03T01:03:42","slug":"habitaciones-con-vistas-al-mar-deluxe","status":"publish","type":"page","link":"http:\/\/ocean-vida.com\/es\/alojamiento\/habitaciones-con-vistas-al-mar-deluxe\/","title":{"rendered":"Habitaciones con vistas al Mar DeLuxe"},"content":{"rendered":"<h2>Habitaciones con vistas al Mar DeLuxe<\/h2>\n<p>Las 12 habitaciones se encuentran situadas en el centro de &#8220;Bounty Beach&#8221;(Playa Bounty). Todas las habitaciones disponen de un balc\u00f3n privado o una terraza dise\u00f1ada con abac\u00e1 y mobiliario de madera Mahogany.<\/p>\n<p>Todas las habitaciones est\u00e1n equipadas con aire acondicionado, ventilador, caja de seguridad, minibar, ducha de agua caliente\/fr\u00eda, toallas para la playa, cafe, tea y albornoces.<\/p>\n\n\t\t<style type=\"text\/css\">\n\t\t\t#gallery-1 {\n\t\t\t\tmargin: auto;\n\t\t\t}\n\t\t\t#gallery-1 .gallery-item {\n\t\t\t\tfloat: left;\n\t\t\t\tmargin-top: 10px;\n\t\t\t\ttext-align: center;\n\t\t\t\twidth: 50%;\n\t\t\t}\n\t\t\t#gallery-1 img {\n\t\t\t\tborder: 2px solid #cfcfcf;\n\t\t\t}\n\t\t\t#gallery-1 .gallery-caption {\n\t\t\t\tmargin-left: 0;\n\t\t\t}\n\t\t\t\/* see gallery_shortcode() in wp-includes\/media.php *\/\n\t\t<\/style>\n\t\t<div id='gallery-1' class='gallery galleryid-20 gallery-columns-2 gallery-size-medium'><dl class='gallery-item'>\n\t\t\t<dt class='gallery-icon landscape'>\n\t\t\t\t<a href='http:\/\/ocean-vida.com\/es\/files\/2015\/05\/Ocean-Vida-sea-view-f.jpg' rel=\"lightbox[20]\"><img loading=\"lazy\" decoding=\"async\" width=\"300\" height=\"183\" src=\"http:\/\/ocean-vida.com\/es\/files\/2015\/05\/Ocean-Vida-sea-view-f-300x183.jpg\" class=\"attachment-medium size-medium\" alt=\"\" \/><\/a>\n\t\t\t<\/dt><\/dl><dl class='gallery-item'>\n\t\t\t<dt class='gallery-icon landscape'>\n\t\t\t\t<a href='http:\/\/ocean-vida.com\/es\/files\/2015\/05\/Ocean-Vida-sea-view-2.jpg' rel=\"lightbox[20]\"><img loading=\"lazy\" decoding=\"async\" width=\"300\" height=\"183\" src=\"http:\/\/ocean-vida.com\/es\/files\/2015\/05\/Ocean-Vida-sea-view-2-300x183.jpg\" class=\"attachment-medium size-medium\" alt=\"\" \/><\/a>\n\t\t\t<\/dt><\/dl><br style=\"clear: both\" \/><dl class='gallery-item'>\n\t\t\t<dt class='gallery-icon landscape'>\n\t\t\t\t<a href='http:\/\/ocean-vida.com\/es\/files\/2015\/05\/Seaview-Room-Bathroom-Ocean-Vida-Malapascua.jpg' rel=\"lightbox[20]\"><img loading=\"lazy\" decoding=\"async\" width=\"300\" height=\"214\" src=\"http:\/\/ocean-vida.com\/es\/files\/2015\/05\/Seaview-Room-Bathroom-Ocean-Vida-Malapascua-300x214.jpg\" class=\"attachment-medium size-medium\" alt=\"\" \/><\/a>\n\t\t\t<\/dt><\/dl><dl class='gallery-item'>\n\t\t\t<dt class='gallery-icon landscape'>\n\t\t\t\t<a href='http:\/\/ocean-vida.com\/es\/files\/2015\/05\/Ocean-Vida-sea-view-deluxe-room-10.jpg' rel=\"lightbox[20]\"><img loading=\"lazy\" decoding=\"async\" width=\"300\" height=\"214\" src=\"http:\/\/ocean-vida.com\/es\/files\/2015\/05\/Ocean-Vida-sea-view-deluxe-room-10-300x214.jpg\" class=\"attachment-medium size-medium\" alt=\"\" \/><\/a>\n\t\t\t<\/dt><\/dl><br style=\"clear: both\" \/><dl class='gallery-item'>\n\t\t\t<dt class='gallery-icon landscape'>\n\t\t\t\t<a href='http:\/\/ocean-vida.com\/es\/files\/2015\/05\/Seaview-Room-Balcony-View-Ocean-Vida-Malapascua.jpg' rel=\"lightbox[20]\"><img loading=\"lazy\" decoding=\"async\" width=\"300\" height=\"214\" src=\"http:\/\/ocean-vida.com\/es\/files\/2015\/05\/Seaview-Room-Balcony-View-Ocean-Vida-Malapascua-300x214.jpg\" class=\"attachment-medium size-medium\" alt=\"\" \/><\/a>\n\t\t\t<\/dt><\/dl><dl class='gallery-item'>\n\t\t\t<dt class='gallery-icon landscape'>\n\t\t\t\t<a href='http:\/\/ocean-vida.com\/es\/files\/2015\/05\/Ocean-Vida-sea-view-rooms-f1.jpg' rel=\"lightbox[20]\"><img loading=\"lazy\" decoding=\"async\" width=\"300\" height=\"214\" src=\"http:\/\/ocean-vida.com\/es\/files\/2015\/05\/Ocean-Vida-sea-view-rooms-f1-300x214.jpg\" class=\"attachment-medium size-medium\" alt=\"\" \/><\/a>\n\t\t\t<\/dt><\/dl><br style=\"clear: both\" \/>\n\t\t<\/div>\n\n","protected":false},"excerpt":{"rendered":"<p>Habitaciones con vistas al Mar DeLuxe Las 12 habitaciones se encuentran situadas en el centro de &#8220;Bounty Beach&#8221;(Playa Bounty). Todas las habitaciones disponen de un balc\u00f3n privado o una terraza dise\u00f1ada con abac\u00e1 y mobiliario de madera Mahogany. Todas las habitaciones est\u00e1n equipadas con aire acondicionado, ventilador, caja de seguridad, minibar, ducha de agua caliente\/fr\u00eda, toallas para la playa, cafe,&nbsp;<a href=\"http:\/\/ocean-vida.com\/es\/alojamiento\/habitaciones-con-vistas-al-mar-deluxe\/\" class=\"read-more\">Continue Reading<\/a><\/p>\n","protected":false},"author":4,"featured_media":0,"parent":18,"menu_order":0,"comment_status":"open","ping_status":"open","template":"","meta":{"footnotes":""},"class_list":["post-20","page","type-page","status-publish","hentry"],"yoast_head":"<!-- This site is optimized with the Yoast SEO plugin v27.4 - https:\/\/yoast.com\/product\/yoast-seo-wordpress\/ -->\n<title>Habitaciones con vistas al Mar DeLuxe - Ocean Vida - Spanish<\/title>\n<meta name=\"robots\" content=\"noindex, follow, max-snippet:-1, max-image-preview:large, max-video-preview:-1\" \/>\n<meta property=\"og:locale\" content=\"en_US\" \/>\n<meta property=\"og:type\" content=\"article\" \/>\n<meta property=\"og:title\" content=\"Habitaciones con vistas al Mar DeLuxe - Ocean Vida - Spanish\" \/>\n<meta property=\"og:description\" content=\"Habitaciones con vistas al Mar DeLuxe Las 12 habitaciones se encuentran situadas en el centro de &#8220;Bounty Beach&#8221;(Playa Bounty). Todas las habitaciones disponen de un balc\u00f3n privado o una terraza dise\u00f1ada con abac\u00e1 y mobiliario de madera Mahogany. Todas las habitaciones est\u00e1n equipadas con aire acondicionado, ventilador, caja de seguridad, minibar, ducha de agua caliente\/fr\u00eda, toallas para la playa, cafe,&nbsp;Continue Reading\" \/>\n<meta property=\"og:url\" content=\"http:\/\/ocean-vida.com\/es\/alojamiento\/habitaciones-con-vistas-al-mar-deluxe\/\" \/>\n<meta property=\"og:site_name\" content=\"Ocean Vida - Spanish\" \/>\n<meta property=\"article:modified_time\" content=\"2015-06-03T01:03:42+00:00\" \/>\n<meta property=\"og:image\" content=\"http:\/\/ocean-vida.com\/es\/files\/2015\/05\/Ocean-Vida-sea-view-f-300x183.jpg\" \/>\n<meta name=\"twitter:card\" content=\"summary_large_image\" \/>\n<script type=\"application\/ld+json\" class=\"yoast-schema-graph\">{\"@context\":\"https:\\\/\\\/schema.org\",\"@graph\":[{\"@type\":\"WebPage\",\"@id\":\"http:\\\/\\\/ocean-vida.com\\\/es\\\/alojamiento\\\/habitaciones-con-vistas-al-mar-deluxe\\\/\",\"url\":\"http:\\\/\\\/ocean-vida.com\\\/es\\\/alojamiento\\\/habitaciones-con-vistas-al-mar-deluxe\\\/\",\"name\":\"Habitaciones con vistas al Mar DeLuxe - Ocean Vida - Spanish\",\"isPartOf\":{\"@id\":\"http:\\\/\\\/ocean-vida.com\\\/es\\\/#website\"},\"datePublished\":\"2015-05-25T17:01:31+00:00\",\"dateModified\":\"2015-06-03T01:03:42+00:00\",\"breadcrumb\":{\"@id\":\"http:\\\/\\\/ocean-vida.com\\\/es\\\/alojamiento\\\/habitaciones-con-vistas-al-mar-deluxe\\\/#breadcrumb\"},\"inLanguage\":\"en-US\",\"potentialAction\":[{\"@type\":\"ReadAction\",\"target\":[\"http:\\\/\\\/ocean-vida.com\\\/es\\\/alojamiento\\\/habitaciones-con-vistas-al-mar-deluxe\\\/\"]}]},{\"@type\":\"BreadcrumbList\",\"@id\":\"http:\\\/\\\/ocean-vida.com\\\/es\\\/alojamiento\\\/habitaciones-con-vistas-al-mar-deluxe\\\/#breadcrumb\",\"itemListElement\":[{\"@type\":\"ListItem\",\"position\":1,\"name\":\"Home\",\"item\":\"http:\\\/\\\/ocean-vida.com\\\/es\\\/\"},{\"@type\":\"ListItem\",\"position\":2,\"name\":\"Alojamiento\",\"item\":\"http:\\\/\\\/ocean-vida.com\\\/es\\\/alojamiento\\\/\"},{\"@type\":\"ListItem\",\"position\":3,\"name\":\"Habitaciones con vistas al Mar DeLuxe\"}]},{\"@type\":\"WebSite\",\"@id\":\"http:\\\/\\\/ocean-vida.com\\\/es\\\/#website\",\"url\":\"http:\\\/\\\/ocean-vida.com\\\/es\\\/\",\"name\":\"Ocean Vida - Spanish\",\"description\":\"Just another Ocean Vida Sites site\",\"potentialAction\":[{\"@type\":\"SearchAction\",\"target\":{\"@type\":\"EntryPoint\",\"urlTemplate\":\"http:\\\/\\\/ocean-vida.com\\\/es\\\/?s={search_term_string}\"},\"query-input\":{\"@type\":\"PropertyValueSpecification\",\"valueRequired\":true,\"valueName\":\"search_term_string\"}}],\"inLanguage\":\"en-US\"}]}<\/script>\n<!-- \/ Yoast SEO plugin. -->","yoast_head_json":{"title":"Habitaciones con vistas al Mar DeLuxe - Ocean Vida - Spanish","robots":{"index":"noindex","follow":"follow","max-snippet":"max-snippet:-1","max-image-preview":"max-image-preview:large","max-video-preview":"max-video-preview:-1"},"og_locale":"en_US","og_type":"article","og_title":"Habitaciones con vistas al Mar DeLuxe - Ocean Vida - Spanish","og_description":"Habitaciones con vistas al Mar DeLuxe Las 12 habitaciones se encuentran situadas en el centro de &#8220;Bounty Beach&#8221;(Playa Bounty). Todas las habitaciones disponen de un balc\u00f3n privado o una terraza dise\u00f1ada con abac\u00e1 y mobiliario de madera Mahogany. Todas las habitaciones est\u00e1n equipadas con aire acondicionado, ventilador, caja de seguridad, minibar, ducha de agua caliente\/fr\u00eda, toallas para la playa, cafe,&nbsp;Continue Reading","og_url":"http:\/\/ocean-vida.com\/es\/alojamiento\/habitaciones-con-vistas-al-mar-deluxe\/","og_site_name":"Ocean Vida - Spanish","article_modified_time":"2015-06-03T01:03:42+00:00","og_image":[{"url":"http:\/\/ocean-vida.com\/es\/files\/2015\/05\/Ocean-Vida-sea-view-f-300x183.jpg","type":"","width":"","height":""}],"twitter_card":"summary_large_image","schema":{"@context":"https:\/\/schema.org","@graph":[{"@type":"WebPage","@id":"http:\/\/ocean-vida.com\/es\/alojamiento\/habitaciones-con-vistas-al-mar-deluxe\/","url":"http:\/\/ocean-vida.com\/es\/alojamiento\/habitaciones-con-vistas-al-mar-deluxe\/","name":"Habitaciones con vistas al Mar DeLuxe - Ocean Vida - Spanish","isPartOf":{"@id":"http:\/\/ocean-vida.com\/es\/#website"},"datePublished":"2015-05-25T17:01:31+00:00","dateModified":"2015-06-03T01:03:42+00:00","breadcrumb":{"@id":"http:\/\/ocean-vida.com\/es\/alojamiento\/habitaciones-con-vistas-al-mar-deluxe\/#breadcrumb"},"inLanguage":"en-US","potentialAction":[{"@type":"ReadAction","target":["http:\/\/ocean-vida.com\/es\/alojamiento\/habitaciones-con-vistas-al-mar-deluxe\/"]}]},{"@type":"BreadcrumbList","@id":"http:\/\/ocean-vida.com\/es\/alojamiento\/habitaciones-con-vistas-al-mar-deluxe\/#breadcrumb","itemListElement":[{"@type":"ListItem","position":1,"name":"Home","item":"http:\/\/ocean-vida.com\/es\/"},{"@type":"ListItem","position":2,"name":"Alojamiento","item":"http:\/\/ocean-vida.com\/es\/alojamiento\/"},{"@type":"ListItem","position":3,"name":"Habitaciones con vistas al Mar DeLuxe"}]},{"@type":"WebSite","@id":"http:\/\/ocean-vida.com\/es\/#website","url":"http:\/\/ocean-vida.com\/es\/","name":"Ocean Vida - Spanish","description":"Just another Ocean Vida Sites site","potentialAction":[{"@type":"SearchAction","target":{"@type":"EntryPoint","urlTemplate":"http:\/\/ocean-vida.com\/es\/?s={search_term_string}"},"query-input":{"@type":"PropertyValueSpecification","valueRequired":true,"valueName":"search_term_string"}}],"inLanguage":"en-US"}]}},"_links":{"self":[{"href":"http:\/\/ocean-vida.com\/es\/wp-json\/wp\/v2\/pages\/20","targetHints":{"allow":["GET"]}}],"collection":[{"href":"http:\/\/ocean-vida.com\/es\/wp-json\/wp\/v2\/pages"}],"about":[{"href":"http:\/\/ocean-vida.com\/es\/wp-json\/wp\/v2\/types\/page"}],"author":[{"embeddable":true,"href":"http:\/\/ocean-vida.com\/es\/wp-json\/wp\/v2\/users\/4"}],"replies":[{"embeddable":true,"href":"http:\/\/ocean-vida.com\/es\/wp-json\/wp\/v2\/comments?post=20"}],"version-history":[{"count":6,"href":"http:\/\/ocean-vida.com\/es\/wp-json\/wp\/v2\/pages\/20\/revisions"}],"predecessor-version":[{"id":127,"href":"http:\/\/ocean-vida.com\/es\/wp-json\/wp\/v2\/pages\/20\/revisions\/127"}],"up":[{"embeddable":true,"href":"http:\/\/ocean-vida.com\/es\/wp-json\/wp\/v2\/pages\/18"}],"wp:attachment":[{"href":"http:\/\/ocean-vida.com\/es\/wp-json\/wp\/v2\/media?parent=20"}],"curies":[{"name":"wp","href":"https:\/\/api.w.org\/{rel}","templated":true}]}}