{"id":85,"date":"2013-09-19T06:51:23","date_gmt":"2013-09-19T06:51:23","guid":{"rendered":"http:\/\/ocean-vida.com\/de\/?page_id=85"},"modified":"2014-06-10T04:21:59","modified_gmt":"2014-06-10T04:21:59","slug":"garden-view-rooms","status":"publish","type":"page","link":"http:\/\/ocean-vida.com\/de\/accomodation\/garden-view-rooms\/","title":{"rendered":"Gartenzimmer"},"content":{"rendered":"<h2>Gartenzimmer<\/h2>\n<p>Die acht Gartenzimmer liegen hinter der Rezeption in einer ruhigen und privaten Atmosph\u00e4re. Die Gr\u00f6\u00dfe der Zimmer sind gleich wie die Deluxe Zimmer. Alle Gartenzimmer sind ebenerdig und sind ausgestattet mit Klimaanlage oder Ventilator, Safe, Minibar, Hei\u00df- und Kaltwasserdusche Ein Wasserkocher f\u00fcr Kaffee und Tee sowie Strandt\u00fccher und Badem\u00e4ntel stehen in jedem Zimmer gratis zur Verf\u00fcgung. Diese Zimmer sind wahlweise mit Klimaanlage oder mit Ventilator zu buchen.<\/p>\n<p>These rooms are available either with air con or only fan.<\/p>\n\n\t\t<style type=\"text\/css\">\n\t\t\t#gallery-1 {\n\t\t\t\tmargin: auto;\n\t\t\t}\n\t\t\t#gallery-1 .gallery-item {\n\t\t\t\tfloat: left;\n\t\t\t\tmargin-top: 10px;\n\t\t\t\ttext-align: center;\n\t\t\t\twidth: 50%;\n\t\t\t}\n\t\t\t#gallery-1 img {\n\t\t\t\tborder: 2px solid #cfcfcf;\n\t\t\t}\n\t\t\t#gallery-1 .gallery-caption {\n\t\t\t\tmargin-left: 0;\n\t\t\t}\n\t\t\t\/* see gallery_shortcode() in wp-includes\/media.php *\/\n\t\t<\/style>\n\t\t<div id='gallery-1' class='gallery galleryid-85 gallery-columns-2 gallery-size-medium'><dl class='gallery-item'>\n\t\t\t<dt class='gallery-icon landscape'>\n\t\t\t\t<a href='http:\/\/ocean-vida.com\/de\/files\/2013\/09\/Garden-Room-Ocean-Vida-Malapscua1.jpg' rel=\"lightbox[85]\"><img loading=\"lazy\" decoding=\"async\" width=\"300\" height=\"214\" src=\"http:\/\/ocean-vida.com\/de\/files\/2013\/09\/Garden-Room-Ocean-Vida-Malapscua1-300x214.jpg\" class=\"attachment-medium size-medium\" alt=\"\" \/><\/a>\n\t\t\t<\/dt><\/dl><dl class='gallery-item'>\n\t\t\t<dt class='gallery-icon landscape'>\n\t\t\t\t<a href='http:\/\/ocean-vida.com\/de\/files\/2013\/09\/Garden-Room-v2-Ocean-Vida-Malapscua.jpg' rel=\"lightbox[85]\"><img loading=\"lazy\" decoding=\"async\" width=\"300\" height=\"214\" src=\"http:\/\/ocean-vida.com\/de\/files\/2013\/09\/Garden-Room-v2-Ocean-Vida-Malapscua-300x214.jpg\" class=\"attachment-medium size-medium\" alt=\"Garden room Ocean Vida\" \/><\/a>\n\t\t\t<\/dt><\/dl><br style=\"clear: both\" \/><dl class='gallery-item'>\n\t\t\t<dt class='gallery-icon landscape'>\n\t\t\t\t<a href='http:\/\/ocean-vida.com\/de\/files\/2013\/09\/Garden-Room-Bathroom.jpg' rel=\"lightbox[85]\"><img loading=\"lazy\" decoding=\"async\" width=\"300\" height=\"214\" src=\"http:\/\/ocean-vida.com\/de\/files\/2013\/09\/Garden-Room-Bathroom-300x214.jpg\" class=\"attachment-medium size-medium\" alt=\"Garden Room Bathroom\" \/><\/a>\n\t\t\t<\/dt><\/dl><dl class='gallery-item'>\n\t\t\t<dt class='gallery-icon landscape'>\n\t\t\t\t<a href='http:\/\/ocean-vida.com\/de\/files\/2013\/09\/Bathroom-Garden-Room-Ocean-Vida.jpg' rel=\"lightbox[85]\"><img loading=\"lazy\" decoding=\"async\" width=\"300\" height=\"214\" src=\"http:\/\/ocean-vida.com\/de\/files\/2013\/09\/Bathroom-Garden-Room-Ocean-Vida-300x214.jpg\" class=\"attachment-medium size-medium\" alt=\"Bathroom-Garden-Room-Ocean-Vida\" \/><\/a>\n\t\t\t<\/dt><\/dl><br style=\"clear: both\" \/><dl class='gallery-item'>\n\t\t\t<dt class='gallery-icon landscape'>\n\t\t\t\t<a href='http:\/\/ocean-vida.com\/de\/files\/2013\/09\/Garden-Room-Porch-Ocean-Vida-Malapscua.jpg' rel=\"lightbox[85]\"><img loading=\"lazy\" decoding=\"async\" width=\"300\" height=\"214\" src=\"http:\/\/ocean-vida.com\/de\/files\/2013\/09\/Garden-Room-Porch-Ocean-Vida-Malapscua-300x214.jpg\" class=\"attachment-medium size-medium\" alt=\"Garden-Room-Porch-Ocean-Vida-Malapscua\" \/><\/a>\n\t\t\t<\/dt><\/dl><dl class='gallery-item'>\n\t\t\t<dt class='gallery-icon landscape'>\n\t\t\t\t<a href='http:\/\/ocean-vida.com\/de\/files\/2013\/09\/Malapascua_Resort_15_1600x10671.png' rel=\"lightbox[85]\"><img loading=\"lazy\" decoding=\"async\" width=\"300\" height=\"214\" src=\"http:\/\/ocean-vida.com\/de\/files\/2013\/09\/Malapascua_Resort_15_1600x10671-300x214.png\" class=\"attachment-medium size-medium\" alt=\"Malapascua_Resort_15_1600x1067\" \/><\/a>\n\t\t\t<\/dt><\/dl><br style=\"clear: both\" \/>\n\t\t<\/div>\n\n\n","protected":false},"excerpt":{"rendered":"<p>Gartenzimmer Die acht Gartenzimmer liegen hinter der Rezeption in einer ruhigen und privaten Atmosph\u00e4re. Die Gr\u00f6\u00dfe der Zimmer sind gleich wie die Deluxe Zimmer. Alle Gartenzimmer sind ebenerdig und sind ausgestattet mit Klimaanlage oder Ventilator, Safe, Minibar, Hei\u00df- und Kaltwasserdusche Ein Wasserkocher f\u00fcr Kaffee und Tee sowie Strandt\u00fccher und Badem\u00e4ntel stehen in jedem Zimmer gratis zur Verf\u00fcgung. Diese Zimmer sind&nbsp;<a href=\"http:\/\/ocean-vida.com\/de\/accomodation\/garden-view-rooms\/\" class=\"read-more\">Continue Reading<\/a><\/p>\n","protected":false},"author":1,"featured_media":0,"parent":23,"menu_order":2,"comment_status":"open","ping_status":"open","template":"page-fullwidth.php","meta":{"footnotes":""},"class_list":["post-85","page","type-page","status-publish","hentry"],"yoast_head":"<!-- This site is optimized with the Yoast SEO plugin v26.4 - https:\/\/yoast.com\/wordpress\/plugins\/seo\/ -->\n<title>Gartenzimmer<\/title>\n<meta name=\"description\" content=\"Gartenzimmer Die acht Gartenzimmer liegen hinter der Rezeption in einer ruhigen und privaten Atmosph\u00e4re. Die Gr\u00f6\u00dfe der Zimmer sind gleich wie die Deluxe\" \/>\n<meta name=\"robots\" content=\"noindex, follow, max-snippet:-1, max-image-preview:large, max-video-preview:-1\" \/>\n<script type=\"application\/ld+json\" class=\"yoast-schema-graph\">{\"@context\":\"https:\/\/schema.org\",\"@graph\":[{\"@type\":\"WebPage\",\"@id\":\"http:\/\/ocean-vida.com\/de\/accomodation\/garden-view-rooms\/\",\"url\":\"http:\/\/ocean-vida.com\/de\/accomodation\/garden-view-rooms\/\",\"name\":\"Gartenzimmer\",\"isPartOf\":{\"@id\":\"http:\/\/ocean-vida.com\/de\/#website\"},\"datePublished\":\"2013-09-19T06:51:23+00:00\",\"dateModified\":\"2014-06-10T04:21:59+00:00\",\"description\":\"Gartenzimmer Die acht Gartenzimmer liegen hinter der Rezeption in einer ruhigen und privaten Atmosph\u00e4re. Die Gr\u00f6\u00dfe der Zimmer sind gleich wie die Deluxe\",\"breadcrumb\":{\"@id\":\"http:\/\/ocean-vida.com\/de\/accomodation\/garden-view-rooms\/#breadcrumb\"},\"inLanguage\":\"en-US\",\"potentialAction\":[{\"@type\":\"ReadAction\",\"target\":[\"http:\/\/ocean-vida.com\/de\/accomodation\/garden-view-rooms\/\"]}]},{\"@type\":\"BreadcrumbList\",\"@id\":\"http:\/\/ocean-vida.com\/de\/accomodation\/garden-view-rooms\/#breadcrumb\",\"itemListElement\":[{\"@type\":\"ListItem\",\"position\":1,\"name\":\"Home\",\"item\":\"http:\/\/ocean-vida.com\/de\/\"},{\"@type\":\"ListItem\",\"position\":2,\"name\":\"Zimmer\",\"item\":\"http:\/\/ocean-vida.com\/de\/accomodation\/\"},{\"@type\":\"ListItem\",\"position\":3,\"name\":\"Gartenzimmer\"}]},{\"@type\":\"WebSite\",\"@id\":\"http:\/\/ocean-vida.com\/de\/#website\",\"url\":\"http:\/\/ocean-vida.com\/de\/\",\"name\":\"Ocean Vida - German\",\"description\":\"Beach and Dive Resort\",\"potentialAction\":[{\"@type\":\"SearchAction\",\"target\":{\"@type\":\"EntryPoint\",\"urlTemplate\":\"http:\/\/ocean-vida.com\/de\/?s={search_term_string}\"},\"query-input\":{\"@type\":\"PropertyValueSpecification\",\"valueRequired\":true,\"valueName\":\"search_term_string\"}}],\"inLanguage\":\"en-US\"}]}<\/script>\n<!-- \/ Yoast SEO plugin. -->","yoast_head_json":{"title":"Gartenzimmer","description":"Gartenzimmer Die acht Gartenzimmer liegen hinter der Rezeption in einer ruhigen und privaten Atmosph\u00e4re. Die Gr\u00f6\u00dfe der Zimmer sind gleich wie die Deluxe","robots":{"index":"noindex","follow":"follow","max-snippet":"max-snippet:-1","max-image-preview":"max-image-preview:large","max-video-preview":"max-video-preview:-1"},"schema":{"@context":"https:\/\/schema.org","@graph":[{"@type":"WebPage","@id":"http:\/\/ocean-vida.com\/de\/accomodation\/garden-view-rooms\/","url":"http:\/\/ocean-vida.com\/de\/accomodation\/garden-view-rooms\/","name":"Gartenzimmer","isPartOf":{"@id":"http:\/\/ocean-vida.com\/de\/#website"},"datePublished":"2013-09-19T06:51:23+00:00","dateModified":"2014-06-10T04:21:59+00:00","description":"Gartenzimmer Die acht Gartenzimmer liegen hinter der Rezeption in einer ruhigen und privaten Atmosph\u00e4re. Die Gr\u00f6\u00dfe der Zimmer sind gleich wie die Deluxe","breadcrumb":{"@id":"http:\/\/ocean-vida.com\/de\/accomodation\/garden-view-rooms\/#breadcrumb"},"inLanguage":"en-US","potentialAction":[{"@type":"ReadAction","target":["http:\/\/ocean-vida.com\/de\/accomodation\/garden-view-rooms\/"]}]},{"@type":"BreadcrumbList","@id":"http:\/\/ocean-vida.com\/de\/accomodation\/garden-view-rooms\/#breadcrumb","itemListElement":[{"@type":"ListItem","position":1,"name":"Home","item":"http:\/\/ocean-vida.com\/de\/"},{"@type":"ListItem","position":2,"name":"Zimmer","item":"http:\/\/ocean-vida.com\/de\/accomodation\/"},{"@type":"ListItem","position":3,"name":"Gartenzimmer"}]},{"@type":"WebSite","@id":"http:\/\/ocean-vida.com\/de\/#website","url":"http:\/\/ocean-vida.com\/de\/","name":"Ocean Vida - German","description":"Beach and Dive Resort","potentialAction":[{"@type":"SearchAction","target":{"@type":"EntryPoint","urlTemplate":"http:\/\/ocean-vida.com\/de\/?s={search_term_string}"},"query-input":{"@type":"PropertyValueSpecification","valueRequired":true,"valueName":"search_term_string"}}],"inLanguage":"en-US"}]}},"_links":{"self":[{"href":"http:\/\/ocean-vida.com\/de\/wp-json\/wp\/v2\/pages\/85","targetHints":{"allow":["GET"]}}],"collection":[{"href":"http:\/\/ocean-vida.com\/de\/wp-json\/wp\/v2\/pages"}],"about":[{"href":"http:\/\/ocean-vida.com\/de\/wp-json\/wp\/v2\/types\/page"}],"author":[{"embeddable":true,"href":"http:\/\/ocean-vida.com\/de\/wp-json\/wp\/v2\/users\/1"}],"replies":[{"embeddable":true,"href":"http:\/\/ocean-vida.com\/de\/wp-json\/wp\/v2\/comments?post=85"}],"version-history":[{"count":7,"href":"http:\/\/ocean-vida.com\/de\/wp-json\/wp\/v2\/pages\/85\/revisions"}],"predecessor-version":[{"id":89,"href":"http:\/\/ocean-vida.com\/de\/wp-json\/wp\/v2\/pages\/85\/revisions\/89"}],"up":[{"embeddable":true,"href":"http:\/\/ocean-vida.com\/de\/wp-json\/wp\/v2\/pages\/23"}],"wp:attachment":[{"href":"http:\/\/ocean-vida.com\/de\/wp-json\/wp\/v2\/media?parent=85"}],"curies":[{"name":"wp","href":"https:\/\/api.w.org\/{rel}","templated":true}]}}