{"id":73,"date":"2013-09-19T05:49:13","date_gmt":"2013-09-19T05:49:13","guid":{"rendered":"http:\/\/ocean-vida.com\/de\/?page_id=73"},"modified":"2015-05-25T15:53:51","modified_gmt":"2015-05-25T15:53:51","slug":"sea-view-deluxe-rooms","status":"publish","type":"page","link":"http:\/\/ocean-vida.com\/de\/accomodation\/sea-view-deluxe-rooms\/","title":{"rendered":"Sea View Deluxe Zimmer"},"content":{"rendered":"<h2>Sea View Deluxe Zimmer<\/h2>\n<p>Die zw\u00f6lf Zimmer liegen direkt und zentral am Bounty Beach. Alle Zimmer verf\u00fcgen \u00fcber einen Balkon oder eine Terrasse, speziell gestaltet mit M\u00f6beln aus Abaca und Mahogni . Alle Zimmer haben direkten Meerblick und sind ausgestattet mit Klimaanlage und Ventilator, Safe, Minibar, Hei\u00df- und Kaltwasserdusche. Ein Wasserkocher f\u00fcr Kaffee und Tee sowie Strandt\u00fccher und Badem\u00e4ntel stehen in jedem Zimmer gratis zur Verf\u00fcgung.<\/p>\n\n\t\t<style type=\"text\/css\">\n\t\t\t#gallery-1 {\n\t\t\t\tmargin: auto;\n\t\t\t}\n\t\t\t#gallery-1 .gallery-item {\n\t\t\t\tfloat: left;\n\t\t\t\tmargin-top: 10px;\n\t\t\t\ttext-align: center;\n\t\t\t\twidth: 50%;\n\t\t\t}\n\t\t\t#gallery-1 img {\n\t\t\t\tborder: 2px solid #cfcfcf;\n\t\t\t}\n\t\t\t#gallery-1 .gallery-caption {\n\t\t\t\tmargin-left: 0;\n\t\t\t}\n\t\t\t\/* see gallery_shortcode() in wp-includes\/media.php *\/\n\t\t<\/style>\n\t\t<div id='gallery-1' class='gallery galleryid-73 gallery-columns-2 gallery-size-medium'><dl class='gallery-item'>\n\t\t\t<dt class='gallery-icon landscape'>\n\t\t\t\t<a href='http:\/\/ocean-vida.com\/de\/files\/2013\/09\/Ocean-Vida-sea-view-f.jpg' rel=\"lightbox[73]\"><img loading=\"lazy\" decoding=\"async\" width=\"300\" height=\"183\" src=\"http:\/\/ocean-vida.com\/de\/files\/2013\/09\/Ocean-Vida-sea-view-f-300x183.jpg\" class=\"attachment-medium size-medium\" alt=\"\" \/><\/a>\n\t\t\t<\/dt><\/dl><dl class='gallery-item'>\n\t\t\t<dt class='gallery-icon landscape'>\n\t\t\t\t<a href='http:\/\/ocean-vida.com\/de\/files\/2013\/09\/Ocean-Vida-sea-view-2.jpg' rel=\"lightbox[73]\"><img loading=\"lazy\" decoding=\"async\" width=\"300\" height=\"183\" src=\"http:\/\/ocean-vida.com\/de\/files\/2013\/09\/Ocean-Vida-sea-view-2-300x183.jpg\" class=\"attachment-medium size-medium\" alt=\"\" \/><\/a>\n\t\t\t<\/dt><\/dl><br style=\"clear: both\" \/><dl class='gallery-item'>\n\t\t\t<dt class='gallery-icon landscape'>\n\t\t\t\t<a href='http:\/\/ocean-vida.com\/de\/files\/2013\/09\/Seaview-Room-Bathroom-Ocean-Vida-Malapascua.jpg' rel=\"lightbox[73]\"><img loading=\"lazy\" decoding=\"async\" width=\"300\" height=\"214\" src=\"http:\/\/ocean-vida.com\/de\/files\/2013\/09\/Seaview-Room-Bathroom-Ocean-Vida-Malapascua-300x214.jpg\" class=\"attachment-medium size-medium\" alt=\"Seaview-Room-Bathroom-Ocean-Vida-Malapascua\" \/><\/a>\n\t\t\t<\/dt><\/dl><dl class='gallery-item'>\n\t\t\t<dt class='gallery-icon landscape'>\n\t\t\t\t<a href='http:\/\/ocean-vida.com\/de\/files\/2013\/09\/Ocean-Vida-sea-view-deluxe-room-10.jpg' rel=\"lightbox[73]\"><img loading=\"lazy\" decoding=\"async\" width=\"300\" height=\"214\" src=\"http:\/\/ocean-vida.com\/de\/files\/2013\/09\/Ocean-Vida-sea-view-deluxe-room-10-300x214.jpg\" class=\"attachment-medium size-medium\" alt=\"\" \/><\/a>\n\t\t\t<\/dt><\/dl><br style=\"clear: both\" \/><dl class='gallery-item'>\n\t\t\t<dt class='gallery-icon landscape'>\n\t\t\t\t<a href='http:\/\/ocean-vida.com\/de\/files\/2013\/09\/Seaview-Room-Balcony-View-Ocean-Vida-Malapascua.jpg' rel=\"lightbox[73]\"><img loading=\"lazy\" decoding=\"async\" width=\"300\" height=\"214\" src=\"http:\/\/ocean-vida.com\/de\/files\/2013\/09\/Seaview-Room-Balcony-View-Ocean-Vida-Malapascua-300x214.jpg\" class=\"attachment-medium size-medium\" alt=\"Seaview-Room-Balcony-View-Ocean-Vida-Malapascua\" \/><\/a>\n\t\t\t<\/dt><\/dl><dl class='gallery-item'>\n\t\t\t<dt class='gallery-icon landscape'>\n\t\t\t\t<a href='http:\/\/ocean-vida.com\/de\/files\/2013\/09\/Ocean-Vida-sea-view-rooms-f1.jpg' rel=\"lightbox[73]\"><img loading=\"lazy\" decoding=\"async\" width=\"300\" height=\"214\" src=\"http:\/\/ocean-vida.com\/de\/files\/2013\/09\/Ocean-Vida-sea-view-rooms-f1-300x214.jpg\" class=\"attachment-medium size-medium\" alt=\"\" \/><\/a>\n\t\t\t<\/dt><\/dl><br style=\"clear: both\" \/>\n\t\t<\/div>\n\n","protected":false},"excerpt":{"rendered":"<p>Sea View Deluxe Zimmer Die zw\u00f6lf Zimmer liegen direkt und zentral am Bounty Beach. Alle Zimmer verf\u00fcgen \u00fcber einen Balkon oder eine Terrasse, speziell gestaltet mit M\u00f6beln aus Abaca und Mahogni . Alle Zimmer haben direkten Meerblick und sind ausgestattet mit Klimaanlage und Ventilator, Safe, Minibar, Hei\u00df- und Kaltwasserdusche. Ein Wasserkocher f\u00fcr Kaffee und Tee sowie Strandt\u00fccher und Badem\u00e4ntel stehen&nbsp;<a href=\"http:\/\/ocean-vida.com\/de\/accomodation\/sea-view-deluxe-rooms\/\" class=\"read-more\">Continue Reading<\/a><\/p>\n","protected":false},"author":1,"featured_media":0,"parent":23,"menu_order":1,"comment_status":"open","ping_status":"open","template":"","meta":{"footnotes":""},"class_list":["post-73","page","type-page","status-publish","hentry"],"yoast_head":"<!-- This site is optimized with the Yoast SEO plugin v26.4 - https:\/\/yoast.com\/wordpress\/plugins\/seo\/ -->\n<title>Sea View Deluxe Zimmer<\/title>\n<meta name=\"description\" content=\"Sea View Deluxe Zimmer Die zw\u00f6lf Zimmer liegen direkt und zentral am Bounty Beach. Alle Zimmer verf\u00fcgen \u00fcber einen Balkon oder eine Terrasse, speziell\" \/>\n<meta name=\"robots\" content=\"noindex, follow, max-snippet:-1, max-image-preview:large, max-video-preview:-1\" \/>\n<script type=\"application\/ld+json\" class=\"yoast-schema-graph\">{\"@context\":\"https:\/\/schema.org\",\"@graph\":[{\"@type\":\"WebPage\",\"@id\":\"http:\/\/ocean-vida.com\/de\/accomodation\/sea-view-deluxe-rooms\/\",\"url\":\"http:\/\/ocean-vida.com\/de\/accomodation\/sea-view-deluxe-rooms\/\",\"name\":\"Sea View Deluxe Zimmer\",\"isPartOf\":{\"@id\":\"http:\/\/ocean-vida.com\/de\/#website\"},\"datePublished\":\"2013-09-19T05:49:13+00:00\",\"dateModified\":\"2015-05-25T15:53:51+00:00\",\"description\":\"Sea View Deluxe Zimmer Die zw\u00f6lf Zimmer liegen direkt und zentral am Bounty Beach. Alle Zimmer verf\u00fcgen \u00fcber einen Balkon oder eine Terrasse, speziell\",\"breadcrumb\":{\"@id\":\"http:\/\/ocean-vida.com\/de\/accomodation\/sea-view-deluxe-rooms\/#breadcrumb\"},\"inLanguage\":\"en-US\",\"potentialAction\":[{\"@type\":\"ReadAction\",\"target\":[\"http:\/\/ocean-vida.com\/de\/accomodation\/sea-view-deluxe-rooms\/\"]}]},{\"@type\":\"BreadcrumbList\",\"@id\":\"http:\/\/ocean-vida.com\/de\/accomodation\/sea-view-deluxe-rooms\/#breadcrumb\",\"itemListElement\":[{\"@type\":\"ListItem\",\"position\":1,\"name\":\"Home\",\"item\":\"http:\/\/ocean-vida.com\/de\/\"},{\"@type\":\"ListItem\",\"position\":2,\"name\":\"Zimmer\",\"item\":\"http:\/\/ocean-vida.com\/de\/accomodation\/\"},{\"@type\":\"ListItem\",\"position\":3,\"name\":\"Sea View Deluxe Zimmer\"}]},{\"@type\":\"WebSite\",\"@id\":\"http:\/\/ocean-vida.com\/de\/#website\",\"url\":\"http:\/\/ocean-vida.com\/de\/\",\"name\":\"Ocean Vida - German\",\"description\":\"Beach and Dive Resort\",\"potentialAction\":[{\"@type\":\"SearchAction\",\"target\":{\"@type\":\"EntryPoint\",\"urlTemplate\":\"http:\/\/ocean-vida.com\/de\/?s={search_term_string}\"},\"query-input\":{\"@type\":\"PropertyValueSpecification\",\"valueRequired\":true,\"valueName\":\"search_term_string\"}}],\"inLanguage\":\"en-US\"}]}<\/script>\n<!-- \/ Yoast SEO plugin. -->","yoast_head_json":{"title":"Sea View Deluxe Zimmer","description":"Sea View Deluxe Zimmer Die zw\u00f6lf Zimmer liegen direkt und zentral am Bounty Beach. Alle Zimmer verf\u00fcgen \u00fcber einen Balkon oder eine Terrasse, speziell","robots":{"index":"noindex","follow":"follow","max-snippet":"max-snippet:-1","max-image-preview":"max-image-preview:large","max-video-preview":"max-video-preview:-1"},"schema":{"@context":"https:\/\/schema.org","@graph":[{"@type":"WebPage","@id":"http:\/\/ocean-vida.com\/de\/accomodation\/sea-view-deluxe-rooms\/","url":"http:\/\/ocean-vida.com\/de\/accomodation\/sea-view-deluxe-rooms\/","name":"Sea View Deluxe Zimmer","isPartOf":{"@id":"http:\/\/ocean-vida.com\/de\/#website"},"datePublished":"2013-09-19T05:49:13+00:00","dateModified":"2015-05-25T15:53:51+00:00","description":"Sea View Deluxe Zimmer Die zw\u00f6lf Zimmer liegen direkt und zentral am Bounty Beach. Alle Zimmer verf\u00fcgen \u00fcber einen Balkon oder eine Terrasse, speziell","breadcrumb":{"@id":"http:\/\/ocean-vida.com\/de\/accomodation\/sea-view-deluxe-rooms\/#breadcrumb"},"inLanguage":"en-US","potentialAction":[{"@type":"ReadAction","target":["http:\/\/ocean-vida.com\/de\/accomodation\/sea-view-deluxe-rooms\/"]}]},{"@type":"BreadcrumbList","@id":"http:\/\/ocean-vida.com\/de\/accomodation\/sea-view-deluxe-rooms\/#breadcrumb","itemListElement":[{"@type":"ListItem","position":1,"name":"Home","item":"http:\/\/ocean-vida.com\/de\/"},{"@type":"ListItem","position":2,"name":"Zimmer","item":"http:\/\/ocean-vida.com\/de\/accomodation\/"},{"@type":"ListItem","position":3,"name":"Sea View Deluxe Zimmer"}]},{"@type":"WebSite","@id":"http:\/\/ocean-vida.com\/de\/#website","url":"http:\/\/ocean-vida.com\/de\/","name":"Ocean Vida - German","description":"Beach and Dive Resort","potentialAction":[{"@type":"SearchAction","target":{"@type":"EntryPoint","urlTemplate":"http:\/\/ocean-vida.com\/de\/?s={search_term_string}"},"query-input":{"@type":"PropertyValueSpecification","valueRequired":true,"valueName":"search_term_string"}}],"inLanguage":"en-US"}]}},"_links":{"self":[{"href":"http:\/\/ocean-vida.com\/de\/wp-json\/wp\/v2\/pages\/73","targetHints":{"allow":["GET"]}}],"collection":[{"href":"http:\/\/ocean-vida.com\/de\/wp-json\/wp\/v2\/pages"}],"about":[{"href":"http:\/\/ocean-vida.com\/de\/wp-json\/wp\/v2\/types\/page"}],"author":[{"embeddable":true,"href":"http:\/\/ocean-vida.com\/de\/wp-json\/wp\/v2\/users\/1"}],"replies":[{"embeddable":true,"href":"http:\/\/ocean-vida.com\/de\/wp-json\/wp\/v2\/comments?post=73"}],"version-history":[{"count":10,"href":"http:\/\/ocean-vida.com\/de\/wp-json\/wp\/v2\/pages\/73\/revisions"}],"predecessor-version":[{"id":492,"href":"http:\/\/ocean-vida.com\/de\/wp-json\/wp\/v2\/pages\/73\/revisions\/492"}],"up":[{"embeddable":true,"href":"http:\/\/ocean-vida.com\/de\/wp-json\/wp\/v2\/pages\/23"}],"wp:attachment":[{"href":"http:\/\/ocean-vida.com\/de\/wp-json\/wp\/v2\/media?parent=73"}],"curies":[{"name":"wp","href":"https:\/\/api.w.org\/{rel}","templated":true}]}}