{"id":29,"date":"2013-09-15T17:05:57","date_gmt":"2013-09-15T17:05:57","guid":{"rendered":"http:\/\/ocean-vida.com\/de\/?page_id=29"},"modified":"2013-09-19T07:26:50","modified_gmt":"2013-09-19T07:26:50","slug":"food-drinks","status":"publish","type":"page","link":"http:\/\/ocean-vida.com\/de\/food-drinks\/","title":{"rendered":"Food &#038; Drinks"},"content":{"rendered":"<h2>Food &amp; Drinks<\/h2>\n<p>Ocean Vida bietet eine breite Auswahl an verschiedenen internationalen und einheimischen Gerichten grunds\u00e4tzlich ohne Geschmacksverst\u00e4rker. Wir bieten unseren G\u00e4sten frische Fr\u00fcchte, Gem\u00fcse und frischen Fisch. Unsere Fischlieferanten sind einheimische Fischer, welche t\u00e4glich mit ihrem frischen Fang zu uns kommen, damit wir unseren G\u00e4sten t\u00e4glich die bestm\u00f6glichste Qualit\u00e4t bieten k\u00f6nnen. Sashimi und Kinilaw ist t\u00e4glich erh\u00e4ltlich. Unsere S\u00e4fte werden aus frischen Fr\u00fcchten gewonnen, damit jeder den besonderen Geschmack des \u201eParadieses \u201e im Ocean Vida Beach &#038; Dive Resort genie\u00dfen kann. <\/p>\n<p>Fr\u00fchst\u00fcck wird in Buffetform mit frischen Fr\u00fcchten, Joghurt, selbstgebackenes Brot und Croissants serviert. <\/p>\n\n\t\t<style type=\"text\/css\">\n\t\t\t#gallery-1 {\n\t\t\t\tmargin: auto;\n\t\t\t}\n\t\t\t#gallery-1 .gallery-item {\n\t\t\t\tfloat: left;\n\t\t\t\tmargin-top: 10px;\n\t\t\t\ttext-align: center;\n\t\t\t\twidth: 50%;\n\t\t\t}\n\t\t\t#gallery-1 img {\n\t\t\t\tborder: 2px solid #cfcfcf;\n\t\t\t}\n\t\t\t#gallery-1 .gallery-caption {\n\t\t\t\tmargin-left: 0;\n\t\t\t}\n\t\t\t\/* see gallery_shortcode() in wp-includes\/media.php *\/\n\t\t<\/style>\n\t\t<div id='gallery-1' class='gallery galleryid-29 gallery-columns-2 gallery-size-medium'><dl class='gallery-item'>\n\t\t\t<dt class='gallery-icon landscape'>\n\t\t\t\t<a href='http:\/\/ocean-vida.com\/de\/files\/2013\/09\/Restaurant-Ocean-Vida-Beach-and-Dive-Resort.jpg' rel=\"lightbox[29]\"><img loading=\"lazy\" decoding=\"async\" width=\"300\" height=\"214\" src=\"http:\/\/ocean-vida.com\/de\/files\/2013\/09\/Restaurant-Ocean-Vida-Beach-and-Dive-Resort-300x214.jpg\" class=\"attachment-medium size-medium\" alt=\"Restaurant-Ocean-Vida-Beach-and-Dive-Resort .\" \/><\/a>\n\t\t\t<\/dt><\/dl><dl class='gallery-item'>\n\t\t\t<dt class='gallery-icon landscape'>\n\t\t\t\t<a href='http:\/\/ocean-vida.com\/de\/files\/2013\/09\/Breakfast-Buffet-Ocean-Vida-Restaurant.jpg' rel=\"lightbox[29]\"><img loading=\"lazy\" decoding=\"async\" width=\"300\" height=\"214\" src=\"http:\/\/ocean-vida.com\/de\/files\/2013\/09\/Breakfast-Buffet-Ocean-Vida-Restaurant-300x214.jpg\" class=\"attachment-medium size-medium\" alt=\"Breakfast-Buffet-Ocean-Vida-Restaurant.\" \/><\/a>\n\t\t\t<\/dt><\/dl><br style=\"clear: both\" \/><dl class='gallery-item'>\n\t\t\t<dt class='gallery-icon landscape'>\n\t\t\t\t<a href='http:\/\/ocean-vida.com\/de\/files\/2013\/09\/Food-Ocean-Vida-Restaurant.jpg' rel=\"lightbox[29]\"><img loading=\"lazy\" decoding=\"async\" width=\"300\" height=\"214\" src=\"http:\/\/ocean-vida.com\/de\/files\/2013\/09\/Food-Ocean-Vida-Restaurant-300x214.jpg\" class=\"attachment-medium size-medium\" alt=\"Food-Ocean-Vida-Restaurant.\" \/><\/a>\n\t\t\t<\/dt><\/dl><dl class='gallery-item'>\n\t\t\t<dt class='gallery-icon landscape'>\n\t\t\t\t<a href='http:\/\/ocean-vida.com\/de\/files\/2013\/09\/Food-Shrimps-Ocean-Vida-Restaurant.jpg' rel=\"lightbox[29]\"><img loading=\"lazy\" decoding=\"async\" width=\"300\" height=\"214\" src=\"http:\/\/ocean-vida.com\/de\/files\/2013\/09\/Food-Shrimps-Ocean-Vida-Restaurant-300x214.jpg\" class=\"attachment-medium size-medium\" alt=\"Food-Shrimps-Ocean-Vida-Restaurant.\" \/><\/a>\n\t\t\t<\/dt><\/dl><br style=\"clear: both\" \/><dl class='gallery-item'>\n\t\t\t<dt class='gallery-icon landscape'>\n\t\t\t\t<a href='http:\/\/ocean-vida.com\/de\/files\/2013\/09\/Drinks-Ocean-Vida-Restaurant.jpg' rel=\"lightbox[29]\"><img loading=\"lazy\" decoding=\"async\" width=\"300\" height=\"214\" src=\"http:\/\/ocean-vida.com\/de\/files\/2013\/09\/Drinks-Ocean-Vida-Restaurant-300x214.jpg\" class=\"attachment-medium size-medium\" alt=\"Drinks-Ocean-Vida-Restaurant\" \/><\/a>\n\t\t\t<\/dt><\/dl><dl class='gallery-item'>\n\t\t\t<dt class='gallery-icon landscape'>\n\t\t\t\t<a href='http:\/\/ocean-vida.com\/de\/files\/2013\/09\/Cocktails-Ocean-Vida-Restaurant.jpg' rel=\"lightbox[29]\"><img loading=\"lazy\" decoding=\"async\" width=\"300\" height=\"214\" src=\"http:\/\/ocean-vida.com\/de\/files\/2013\/09\/Cocktails-Ocean-Vida-Restaurant-300x214.jpg\" class=\"attachment-medium size-medium\" alt=\"Cocktails-Ocean-Vida-Restaurant.\" \/><\/a>\n\t\t\t<\/dt><\/dl><br style=\"clear: both\" \/>\n\t\t<\/div>\n\n","protected":false},"excerpt":{"rendered":"<p>Food &amp; Drinks Ocean Vida bietet eine breite Auswahl an verschiedenen internationalen und einheimischen Gerichten grunds\u00e4tzlich ohne Geschmacksverst\u00e4rker. Wir bieten unseren G\u00e4sten frische Fr\u00fcchte, Gem\u00fcse und frischen Fisch. Unsere Fischlieferanten sind einheimische Fischer, welche t\u00e4glich mit ihrem frischen Fang zu uns kommen, damit wir unseren G\u00e4sten t\u00e4glich die bestm\u00f6glichste Qualit\u00e4t bieten k\u00f6nnen. Sashimi und Kinilaw ist t\u00e4glich erh\u00e4ltlich. Unsere S\u00e4fte&nbsp;<a href=\"http:\/\/ocean-vida.com\/de\/food-drinks\/\" class=\"read-more\">Continue Reading<\/a><\/p>\n","protected":false},"author":1,"featured_media":0,"parent":0,"menu_order":0,"comment_status":"open","ping_status":"open","template":"page-fullwidth.php","meta":{"footnotes":""},"class_list":["post-29","page","type-page","status-publish","hentry"],"yoast_head":"<!-- This site is optimized with the Yoast SEO plugin v26.4 - https:\/\/yoast.com\/wordpress\/plugins\/seo\/ -->\n<title>Food &amp; Drinks<\/title>\n<meta name=\"description\" content=\"Food &amp; Drinks Ocean Vida bietet eine breite Auswahl an verschiedenen internationalen und einheimischen Gerichten grunds\u00e4tzlich ohne\" \/>\n<meta name=\"robots\" content=\"noindex, follow, max-snippet:-1, max-image-preview:large, max-video-preview:-1\" \/>\n<meta name=\"twitter:label1\" content=\"Est. reading time\" \/>\n\t<meta name=\"twitter:data1\" content=\"1 minute\" \/>\n<script type=\"application\/ld+json\" class=\"yoast-schema-graph\">{\"@context\":\"https:\/\/schema.org\",\"@graph\":[{\"@type\":\"WebPage\",\"@id\":\"http:\/\/ocean-vida.com\/de\/food-drinks\/\",\"url\":\"http:\/\/ocean-vida.com\/de\/food-drinks\/\",\"name\":\"Food & Drinks\",\"isPartOf\":{\"@id\":\"http:\/\/ocean-vida.com\/de\/#website\"},\"datePublished\":\"2013-09-15T17:05:57+00:00\",\"dateModified\":\"2013-09-19T07:26:50+00:00\",\"description\":\"Food &amp; Drinks Ocean Vida bietet eine breite Auswahl an verschiedenen internationalen und einheimischen Gerichten grunds\u00e4tzlich ohne\",\"breadcrumb\":{\"@id\":\"http:\/\/ocean-vida.com\/de\/food-drinks\/#breadcrumb\"},\"inLanguage\":\"en-US\",\"potentialAction\":[{\"@type\":\"ReadAction\",\"target\":[\"http:\/\/ocean-vida.com\/de\/food-drinks\/\"]}]},{\"@type\":\"BreadcrumbList\",\"@id\":\"http:\/\/ocean-vida.com\/de\/food-drinks\/#breadcrumb\",\"itemListElement\":[{\"@type\":\"ListItem\",\"position\":1,\"name\":\"Home\",\"item\":\"http:\/\/ocean-vida.com\/de\/\"},{\"@type\":\"ListItem\",\"position\":2,\"name\":\"Food &#038; Drinks\"}]},{\"@type\":\"WebSite\",\"@id\":\"http:\/\/ocean-vida.com\/de\/#website\",\"url\":\"http:\/\/ocean-vida.com\/de\/\",\"name\":\"Ocean Vida - German\",\"description\":\"Beach and Dive Resort\",\"potentialAction\":[{\"@type\":\"SearchAction\",\"target\":{\"@type\":\"EntryPoint\",\"urlTemplate\":\"http:\/\/ocean-vida.com\/de\/?s={search_term_string}\"},\"query-input\":{\"@type\":\"PropertyValueSpecification\",\"valueRequired\":true,\"valueName\":\"search_term_string\"}}],\"inLanguage\":\"en-US\"}]}<\/script>\n<!-- \/ Yoast SEO plugin. -->","yoast_head_json":{"title":"Food & Drinks","description":"Food &amp; Drinks Ocean Vida bietet eine breite Auswahl an verschiedenen internationalen und einheimischen Gerichten grunds\u00e4tzlich ohne","robots":{"index":"noindex","follow":"follow","max-snippet":"max-snippet:-1","max-image-preview":"max-image-preview:large","max-video-preview":"max-video-preview:-1"},"twitter_misc":{"Est. reading time":"1 minute"},"schema":{"@context":"https:\/\/schema.org","@graph":[{"@type":"WebPage","@id":"http:\/\/ocean-vida.com\/de\/food-drinks\/","url":"http:\/\/ocean-vida.com\/de\/food-drinks\/","name":"Food & Drinks","isPartOf":{"@id":"http:\/\/ocean-vida.com\/de\/#website"},"datePublished":"2013-09-15T17:05:57+00:00","dateModified":"2013-09-19T07:26:50+00:00","description":"Food &amp; Drinks Ocean Vida bietet eine breite Auswahl an verschiedenen internationalen und einheimischen Gerichten grunds\u00e4tzlich ohne","breadcrumb":{"@id":"http:\/\/ocean-vida.com\/de\/food-drinks\/#breadcrumb"},"inLanguage":"en-US","potentialAction":[{"@type":"ReadAction","target":["http:\/\/ocean-vida.com\/de\/food-drinks\/"]}]},{"@type":"BreadcrumbList","@id":"http:\/\/ocean-vida.com\/de\/food-drinks\/#breadcrumb","itemListElement":[{"@type":"ListItem","position":1,"name":"Home","item":"http:\/\/ocean-vida.com\/de\/"},{"@type":"ListItem","position":2,"name":"Food &#038; Drinks"}]},{"@type":"WebSite","@id":"http:\/\/ocean-vida.com\/de\/#website","url":"http:\/\/ocean-vida.com\/de\/","name":"Ocean Vida - German","description":"Beach and Dive Resort","potentialAction":[{"@type":"SearchAction","target":{"@type":"EntryPoint","urlTemplate":"http:\/\/ocean-vida.com\/de\/?s={search_term_string}"},"query-input":{"@type":"PropertyValueSpecification","valueRequired":true,"valueName":"search_term_string"}}],"inLanguage":"en-US"}]}},"_links":{"self":[{"href":"http:\/\/ocean-vida.com\/de\/wp-json\/wp\/v2\/pages\/29","targetHints":{"allow":["GET"]}}],"collection":[{"href":"http:\/\/ocean-vida.com\/de\/wp-json\/wp\/v2\/pages"}],"about":[{"href":"http:\/\/ocean-vida.com\/de\/wp-json\/wp\/v2\/types\/page"}],"author":[{"embeddable":true,"href":"http:\/\/ocean-vida.com\/de\/wp-json\/wp\/v2\/users\/1"}],"replies":[{"embeddable":true,"href":"http:\/\/ocean-vida.com\/de\/wp-json\/wp\/v2\/comments?post=29"}],"version-history":[{"count":6,"href":"http:\/\/ocean-vida.com\/de\/wp-json\/wp\/v2\/pages\/29\/revisions"}],"predecessor-version":[{"id":116,"href":"http:\/\/ocean-vida.com\/de\/wp-json\/wp\/v2\/pages\/29\/revisions\/116"}],"wp:attachment":[{"href":"http:\/\/ocean-vida.com\/de\/wp-json\/wp\/v2\/media?parent=29"}],"curies":[{"name":"wp","href":"https:\/\/api.w.org\/{rel}","templated":true}]}}