{"id":194,"date":"2013-09-19T09:31:10","date_gmt":"2013-09-19T09:31:10","guid":{"rendered":"http:\/\/ocean-vida.com\/de\/?page_id=194"},"modified":"2013-11-04T07:42:27","modified_gmt":"2013-11-04T07:42:27","slug":"weather","status":"publish","type":"page","link":"http:\/\/ocean-vida.com\/de\/information\/weather\/","title":{"rendered":"Wetter"},"content":{"rendered":"<h2>Taifune um Malapascua<\/h2>\n<p>Wir haben mehrere Taifune in den letzten Jahren selbst miterlebt. Der St\u00e4rkste bis jetzt war Taifun\u201c Frank \u201e im Juni 2008, als Malapascua f\u00f6rmlich im Auge des Sturms lag und es auf der Insel zu vielen Sch\u00e4den gekommen ist. Wir hatten ca. 5 &#8211; 6 Taifune in den letzten 6 Jahren welche Malapascua beeinflusst haben. Taifune  k\u00f6nnen das ganze Jahr auf die Philippinen treffen und man kann nicht genau sagen in welchen Monaten man mit diesen sicher umgehen kann. Falls Taifune in der N\u00e4he sind kann es vorkommen, dass nicht alle Tauchpl\u00e4tze angefahren werden k\u00f6nnen.<\/p>\n<p>Um Taifun Updates zu bekommen: Bitte hier klicken<\/p>\n<h2>Dezember bis Februar<\/h2>\n<p>Auf  Malapascua ist es nie wirklich kalt, aber diese Monate sind die \u201ck\u00fchlsten\u201d im ganzen Jahr. In diesen Monaten gibt es auch die meisten Regenf\u00e4lle nach unserer Erfahrung. Normalerweise ist es in diesen Monaten auch relativ windig und Bootsausfahrten k\u00f6nnen rau werden. Viele unserer G\u00e4ste genie\u00dfen das komfortable k\u00fchlere Wetter zu dieser Jahreszeit. Wir empfehlen eine Regenjacke einzupacken.<\/p>\n<p>Tagestemperatur:   27-29 Grad<br \/>\nNachttemperatur:   26-27 Grad<br \/>\nWassertemperatur: 26-28 Grad<\/p>\n<h2>Februar bis Mai<\/h2>\n<p>While not exactly cold these are the coldest months during the year. This is also the time of year when we experience most of the rainfall. It is usually windy and boat rides can be choppy. Even so many people enjoy the fact that it is comfortably cooler at this time of year. We advice bringing a rainponcho.<\/p>\n<p>Temperature day 27-29 Celsius<br \/>\nTemperature night 26-27 Celsius<br \/>\nWater temperature 26-28 Celsius<\/p>\n<h2>Mai bis Oktober<\/h2>\n<p>Die Sommerzeit auf  Malapascua ist die beste Reisezeit mit hohen Wasser- und Lufttemperaturen, zudem ist die See so ruhig wie nie. Viele Reisef\u00fchrer geben diese Jahreszeit als Regenzeit an, welche auf viele Gebiete der den Philippinen zutrifft. Auf Malapascua ist dies die trockenste Zeit des Jahres in den letzten 6 Jahren. Hinzu kommt noch, dass diese als Nebensaison gilt. Die Anzahl der Touristen und die der Taucher nehmen ab und man findet h\u00e4ufig Sonderangebote f\u00fcr verschiedene Unterk\u00fcnfte.<\/p>\n<p>Tagestemperatur:   29-31 Grad<br \/>\nNachttemperatur:   28-31 Grad<br \/>\nWassertemperatur: 29-30 Grad<\/p>\n<h2>Oktober bis Dezember<\/h2>\n<p>Es ist schwierig einzusch\u00e4tzen wenn sich die Sommer- zur Winterzeit wendet. Man hat den Eindruck, dass es jedes Jahr schwankt und es leichte \u00c4nderungen gibt. Manchmal endet der Sommer und k\u00fchlere Temperaturen kommen Ende November,  auch wenn es manchmal erst einige Wochen sp\u00e4ter eintritt. Letztes Jahr haben wir ungew\u00f6hnliche sonnige Monate mit ganz schwachen Winden wahrgenommen. Als es dann im Januar sehr windig und regnerisch wurde.<\/p>\n<p>Tagestemperatur:   28-30 Grad<br \/>\nNachttemperatur:   27-29 Grad<br \/>\nWassertemperatur: 28-29 Grad<\/p>\n","protected":false},"excerpt":{"rendered":"<p>Taifune um Malapascua Wir haben mehrere Taifune in den letzten Jahren selbst miterlebt. Der St\u00e4rkste bis jetzt war Taifun\u201c Frank \u201e im Juni 2008, als Malapascua f\u00f6rmlich im Auge des Sturms lag und es auf der Insel zu vielen Sch\u00e4den gekommen ist. Wir hatten ca. 5 &#8211; 6 Taifune in den letzten 6 Jahren welche Malapascua beeinflusst haben. Taifune k\u00f6nnen&nbsp;<a href=\"http:\/\/ocean-vida.com\/de\/information\/weather\/\" class=\"read-more\">Continue Reading<\/a><\/p>\n","protected":false},"author":1,"featured_media":0,"parent":43,"menu_order":0,"comment_status":"open","ping_status":"open","template":"","meta":{"footnotes":""},"class_list":["post-194","page","type-page","status-publish","hentry"],"yoast_head":"<!-- This site is optimized with the Yoast SEO plugin v26.4 - https:\/\/yoast.com\/wordpress\/plugins\/seo\/ -->\n<title>Wetter<\/title>\n<meta name=\"description\" content=\"Taifune um Malapascua Wir haben mehrere Taifune in den letzten Jahren selbst miterlebt. Der St\u00e4rkste bis jetzt war Taifun\u201c Frank \u201e im Juni 2008, als\" \/>\n<meta name=\"robots\" content=\"noindex, follow, max-snippet:-1, max-image-preview:large, max-video-preview:-1\" \/>\n<meta name=\"twitter:label1\" content=\"Est. reading time\" \/>\n\t<meta name=\"twitter:data1\" content=\"2 minutes\" \/>\n<script type=\"application\/ld+json\" class=\"yoast-schema-graph\">{\"@context\":\"https:\/\/schema.org\",\"@graph\":[{\"@type\":\"WebPage\",\"@id\":\"http:\/\/ocean-vida.com\/de\/information\/weather\/\",\"url\":\"http:\/\/ocean-vida.com\/de\/information\/weather\/\",\"name\":\"Wetter\",\"isPartOf\":{\"@id\":\"http:\/\/ocean-vida.com\/de\/#website\"},\"datePublished\":\"2013-09-19T09:31:10+00:00\",\"dateModified\":\"2013-11-04T07:42:27+00:00\",\"description\":\"Taifune um Malapascua Wir haben mehrere Taifune in den letzten Jahren selbst miterlebt. Der St\u00e4rkste bis jetzt war Taifun\u201c Frank \u201e im Juni 2008, als\",\"breadcrumb\":{\"@id\":\"http:\/\/ocean-vida.com\/de\/information\/weather\/#breadcrumb\"},\"inLanguage\":\"en-US\",\"potentialAction\":[{\"@type\":\"ReadAction\",\"target\":[\"http:\/\/ocean-vida.com\/de\/information\/weather\/\"]}]},{\"@type\":\"BreadcrumbList\",\"@id\":\"http:\/\/ocean-vida.com\/de\/information\/weather\/#breadcrumb\",\"itemListElement\":[{\"@type\":\"ListItem\",\"position\":1,\"name\":\"Home\",\"item\":\"http:\/\/ocean-vida.com\/de\/\"},{\"@type\":\"ListItem\",\"position\":2,\"name\":\"Info\",\"item\":\"http:\/\/ocean-vida.com\/de\/information\/\"},{\"@type\":\"ListItem\",\"position\":3,\"name\":\"Wetter\"}]},{\"@type\":\"WebSite\",\"@id\":\"http:\/\/ocean-vida.com\/de\/#website\",\"url\":\"http:\/\/ocean-vida.com\/de\/\",\"name\":\"Ocean Vida - German\",\"description\":\"Beach and Dive Resort\",\"potentialAction\":[{\"@type\":\"SearchAction\",\"target\":{\"@type\":\"EntryPoint\",\"urlTemplate\":\"http:\/\/ocean-vida.com\/de\/?s={search_term_string}\"},\"query-input\":{\"@type\":\"PropertyValueSpecification\",\"valueRequired\":true,\"valueName\":\"search_term_string\"}}],\"inLanguage\":\"en-US\"}]}<\/script>\n<!-- \/ Yoast SEO plugin. -->","yoast_head_json":{"title":"Wetter","description":"Taifune um Malapascua Wir haben mehrere Taifune in den letzten Jahren selbst miterlebt. Der St\u00e4rkste bis jetzt war Taifun\u201c Frank \u201e im Juni 2008, als","robots":{"index":"noindex","follow":"follow","max-snippet":"max-snippet:-1","max-image-preview":"max-image-preview:large","max-video-preview":"max-video-preview:-1"},"twitter_misc":{"Est. reading time":"2 minutes"},"schema":{"@context":"https:\/\/schema.org","@graph":[{"@type":"WebPage","@id":"http:\/\/ocean-vida.com\/de\/information\/weather\/","url":"http:\/\/ocean-vida.com\/de\/information\/weather\/","name":"Wetter","isPartOf":{"@id":"http:\/\/ocean-vida.com\/de\/#website"},"datePublished":"2013-09-19T09:31:10+00:00","dateModified":"2013-11-04T07:42:27+00:00","description":"Taifune um Malapascua Wir haben mehrere Taifune in den letzten Jahren selbst miterlebt. Der St\u00e4rkste bis jetzt war Taifun\u201c Frank \u201e im Juni 2008, als","breadcrumb":{"@id":"http:\/\/ocean-vida.com\/de\/information\/weather\/#breadcrumb"},"inLanguage":"en-US","potentialAction":[{"@type":"ReadAction","target":["http:\/\/ocean-vida.com\/de\/information\/weather\/"]}]},{"@type":"BreadcrumbList","@id":"http:\/\/ocean-vida.com\/de\/information\/weather\/#breadcrumb","itemListElement":[{"@type":"ListItem","position":1,"name":"Home","item":"http:\/\/ocean-vida.com\/de\/"},{"@type":"ListItem","position":2,"name":"Info","item":"http:\/\/ocean-vida.com\/de\/information\/"},{"@type":"ListItem","position":3,"name":"Wetter"}]},{"@type":"WebSite","@id":"http:\/\/ocean-vida.com\/de\/#website","url":"http:\/\/ocean-vida.com\/de\/","name":"Ocean Vida - German","description":"Beach and Dive Resort","potentialAction":[{"@type":"SearchAction","target":{"@type":"EntryPoint","urlTemplate":"http:\/\/ocean-vida.com\/de\/?s={search_term_string}"},"query-input":{"@type":"PropertyValueSpecification","valueRequired":true,"valueName":"search_term_string"}}],"inLanguage":"en-US"}]}},"_links":{"self":[{"href":"http:\/\/ocean-vida.com\/de\/wp-json\/wp\/v2\/pages\/194","targetHints":{"allow":["GET"]}}],"collection":[{"href":"http:\/\/ocean-vida.com\/de\/wp-json\/wp\/v2\/pages"}],"about":[{"href":"http:\/\/ocean-vida.com\/de\/wp-json\/wp\/v2\/types\/page"}],"author":[{"embeddable":true,"href":"http:\/\/ocean-vida.com\/de\/wp-json\/wp\/v2\/users\/1"}],"replies":[{"embeddable":true,"href":"http:\/\/ocean-vida.com\/de\/wp-json\/wp\/v2\/comments?post=194"}],"version-history":[{"count":6,"href":"http:\/\/ocean-vida.com\/de\/wp-json\/wp\/v2\/pages\/194\/revisions"}],"predecessor-version":[{"id":367,"href":"http:\/\/ocean-vida.com\/de\/wp-json\/wp\/v2\/pages\/194\/revisions\/367"}],"up":[{"embeddable":true,"href":"http:\/\/ocean-vida.com\/de\/wp-json\/wp\/v2\/pages\/43"}],"wp:attachment":[{"href":"http:\/\/ocean-vida.com\/de\/wp-json\/wp\/v2\/media?parent=194"}],"curies":[{"name":"wp","href":"https:\/\/api.w.org\/{rel}","templated":true}]}}