{"id":168,"date":"2013-09-19T08:57:28","date_gmt":"2013-09-19T08:57:28","guid":{"rendered":"http:\/\/ocean-vida.com\/de\/?page_id=168"},"modified":"2013-10-29T00:53:28","modified_gmt":"2013-10-29T00:53:28","slug":"padi-dive-course","status":"publish","type":"page","link":"http:\/\/ocean-vida.com\/de\/diving\/padi-dive-course\/","title":{"rendered":"PADI Tauchkurse"},"content":{"rendered":"<h2>PADI Tauchkurse<\/h2>\n<p><a href=\"\/wp-content\/uploads\/2013\/08\/PADI-5-star-instructor-development-dive-resort.jpg\" rel=\"lightbox\"><img loading=\"lazy\" decoding=\"async\" src=\"\/wp-content\/uploads\/2013\/08\/PADI-5-star-instructor-development-dive-resort.jpg\" alt=\"\" class=\"blackborder\" width=\"200\" height=\"250\" \/><\/a><\/p>\n<p><a href=\"https:\/\/www.padi.com\/elearning-scuba-registration\/Default.aspx\" target=\"_blank\">PADI eLearning<\/a><\/p>\n<p><a href=\"\/wp-content\/uploads\/2013\/08\/elearning_tl_coverphoto-.jpg\" rel=\"lightbox\"><img loading=\"lazy\" decoding=\"async\" src=\"\/wp-content\/uploads\/2013\/08\/elearning_tl_coverphoto-.jpg\" alt=\"\" class=\"blackborder\" width=\"700\" height=\"120\" \/><\/a><\/p>\n<p><a href=\"\/wp-content\/uploads\/2013\/08\/PADI-Con-Ed-FlowChart.jpg\" rel=\"lightbox\"><img decoding=\"async\" src=\"\/wp-content\/uploads\/2013\/08\/PADI-Con-Ed-FlowChart.jpg\" alt=\"padi eLearning\" class=\"standard\" \/><\/a><\/p>\n<p><a href=\"\/wp-content\/uploads\/2013\/08\/bubble-maker.jpg\" rel=\"lightbox\"><img loading=\"lazy\" decoding=\"async\" src=\"\/wp-content\/uploads\/2013\/08\/bubble-maker.jpg\" alt=\"\" class=\"blackborder\" width=\"110\" height=\"100\" \/><\/a><\/p>\n<h3>Bubblemaker<\/h3>\n<p>Min. age: 8 years<\/p>\n<p>Duration: 3-4 hours<\/p>\n<p>F\u00fcr unsere kleinen Wasserratten (8-11 j\u00e4hrig), die schon etwas &#8220;Taucherluft&#8221; schnuppern wollen. Trainings-Lektion im Swimming Pool mit kompletter Ausr\u00fcstung.<\/p>\n<h3>Discover Scuba Diving<\/h3>\n<p>Halbtages-Tauch-Abenteuer. Trainings-Lektion im Pool oder flachen Freiwasser. Anschliessend richtiger Tauchgang inmitten von Fischen und Korallen.<\/p>\n<h3>Open Water<\/h3>\n<p>Das grosse Abenteuer beginnt! Der bekannteste und anerkannteste Tauchkurs der Welt. Dieser Kurs dauert 4-5 Tage und beinhaltet 5 Theorie-Lektionen, 5 Lektionen im Pool oder begrenzten Freiwasser und minimum 4 Freiwasser-Tauchg\u00e4nge. Der theoretische Teil des PADI Open Water Diver Kurses kann mit dem PADI eLearning im eigenen Lerntempo abgeschlossen werden<\/p>\n<h3>Advanced Open Water<\/h3>\n<p>Auf dem Open Water Kurs aufbauende, 2-3 t\u00e4gige Weiterbildung. Du lernst zus\u00e4tzliche Fertigkeiten und machst neue Erfahrungen. UW-Navigation und Tieftauchen sind vorgegebene Gebiete, zus\u00e4tzlich kannst Du ausw\u00e4hlen zwischen beispielsweise Nacht- oder Str\u00f6mungstauchen, usw. Insgesamt 5 Tauchg\u00e4nge.<\/p>\n<h3>Adventure Diver<\/h3>\n<p>Nach dem Open Water Kurs kannst Du Dein Niveau mit 3 Adventure Tauchg\u00e4ngen Deiner Wahl verbessern.<\/p>\n<h3>Rescue Diver<\/h3>\n<p>Im Rettungs-Taucher-Kurs lernst Du, Probleme und ungew\u00f6hnliche Situationen unter wie auch \u00fcber Wasser zu erkennen und damit umzugehen. Schwerpunkte sind Problemvermeidung und Eigenverantwortung.<\/p>\n<h3>Divemaster<\/h3>\n<p>Der erste Schritt in eine professionelle Laufbahn. Theoretische Kenntnisse und praktische Fertigkeiten werden auf Tauchlehrer-Niveau erweitert.<\/p>\n<p>Sea Explorers Philippines bietet auch mehrere Tauchlehrerkurse im Jahr an.<br \/>\n<a href=\"http:\/\/www.sea-explorers.com\/rates-promos\/padi-dive-courses\/\" target=\"_blank\">Click here<\/a>.<\/p>\n<h3>Specialty Courses<\/h3>\n<p>Sea Explorers bietet viele verschiedene Spezial Kurse an zb. Nitrox, Wrack, Tief, UW Naturalist und UW Navigation.<\/p>\n","protected":false},"excerpt":{"rendered":"<p>PADI Tauchkurse PADI eLearning Bubblemaker Min. age: 8 years Duration: 3-4 hours F\u00fcr unsere kleinen Wasserratten (8-11 j\u00e4hrig), die schon etwas &#8220;Taucherluft&#8221; schnuppern wollen. Trainings-Lektion im Swimming Pool mit kompletter Ausr\u00fcstung. Discover Scuba Diving Halbtages-Tauch-Abenteuer. Trainings-Lektion im Pool oder flachen Freiwasser. Anschliessend richtiger Tauchgang inmitten von Fischen und Korallen. Open Water Das grosse Abenteuer beginnt! Der bekannteste und anerkannteste Tauchkurs&nbsp;<a href=\"http:\/\/ocean-vida.com\/de\/diving\/padi-dive-course\/\" class=\"read-more\">Continue Reading<\/a><\/p>\n","protected":false},"author":1,"featured_media":0,"parent":41,"menu_order":2,"comment_status":"open","ping_status":"open","template":"page-fullwidth.php","meta":{"footnotes":""},"class_list":["post-168","page","type-page","status-publish","hentry"],"yoast_head":"<!-- This site is optimized with the Yoast SEO plugin v26.4 - https:\/\/yoast.com\/wordpress\/plugins\/seo\/ -->\n<title>PADI Tauchkurse<\/title>\n<meta name=\"description\" content=\"PADI Tauchkurse PADI eLearning Bubblemaker Min. age: 8 years Duration: 3-4 hours F\u00fcr unsere kleinen Wasserratten (8-11 j\u00e4hrig), die schon etwas\" \/>\n<meta name=\"robots\" content=\"noindex, follow, max-snippet:-1, max-image-preview:large, max-video-preview:-1\" \/>\n<meta name=\"twitter:label1\" content=\"Est. reading time\" \/>\n\t<meta name=\"twitter:data1\" content=\"1 minute\" \/>\n<script type=\"application\/ld+json\" class=\"yoast-schema-graph\">{\"@context\":\"https:\/\/schema.org\",\"@graph\":[{\"@type\":\"WebPage\",\"@id\":\"http:\/\/ocean-vida.com\/de\/diving\/padi-dive-course\/\",\"url\":\"http:\/\/ocean-vida.com\/de\/diving\/padi-dive-course\/\",\"name\":\"PADI Tauchkurse\",\"isPartOf\":{\"@id\":\"http:\/\/ocean-vida.com\/de\/#website\"},\"datePublished\":\"2013-09-19T08:57:28+00:00\",\"dateModified\":\"2013-10-29T00:53:28+00:00\",\"description\":\"PADI Tauchkurse PADI eLearning Bubblemaker Min. age: 8 years Duration: 3-4 hours F\u00fcr unsere kleinen Wasserratten (8-11 j\u00e4hrig), die schon etwas\",\"breadcrumb\":{\"@id\":\"http:\/\/ocean-vida.com\/de\/diving\/padi-dive-course\/#breadcrumb\"},\"inLanguage\":\"en-US\",\"potentialAction\":[{\"@type\":\"ReadAction\",\"target\":[\"http:\/\/ocean-vida.com\/de\/diving\/padi-dive-course\/\"]}]},{\"@type\":\"BreadcrumbList\",\"@id\":\"http:\/\/ocean-vida.com\/de\/diving\/padi-dive-course\/#breadcrumb\",\"itemListElement\":[{\"@type\":\"ListItem\",\"position\":1,\"name\":\"Home\",\"item\":\"http:\/\/ocean-vida.com\/de\/\"},{\"@type\":\"ListItem\",\"position\":2,\"name\":\"Tauchen\",\"item\":\"http:\/\/ocean-vida.com\/de\/diving\/\"},{\"@type\":\"ListItem\",\"position\":3,\"name\":\"PADI Tauchkurse\"}]},{\"@type\":\"WebSite\",\"@id\":\"http:\/\/ocean-vida.com\/de\/#website\",\"url\":\"http:\/\/ocean-vida.com\/de\/\",\"name\":\"Ocean Vida - German\",\"description\":\"Beach and Dive Resort\",\"potentialAction\":[{\"@type\":\"SearchAction\",\"target\":{\"@type\":\"EntryPoint\",\"urlTemplate\":\"http:\/\/ocean-vida.com\/de\/?s={search_term_string}\"},\"query-input\":{\"@type\":\"PropertyValueSpecification\",\"valueRequired\":true,\"valueName\":\"search_term_string\"}}],\"inLanguage\":\"en-US\"}]}<\/script>\n<!-- \/ Yoast SEO plugin. -->","yoast_head_json":{"title":"PADI Tauchkurse","description":"PADI Tauchkurse PADI eLearning Bubblemaker Min. age: 8 years Duration: 3-4 hours F\u00fcr unsere kleinen Wasserratten (8-11 j\u00e4hrig), die schon etwas","robots":{"index":"noindex","follow":"follow","max-snippet":"max-snippet:-1","max-image-preview":"max-image-preview:large","max-video-preview":"max-video-preview:-1"},"twitter_misc":{"Est. reading time":"1 minute"},"schema":{"@context":"https:\/\/schema.org","@graph":[{"@type":"WebPage","@id":"http:\/\/ocean-vida.com\/de\/diving\/padi-dive-course\/","url":"http:\/\/ocean-vida.com\/de\/diving\/padi-dive-course\/","name":"PADI Tauchkurse","isPartOf":{"@id":"http:\/\/ocean-vida.com\/de\/#website"},"datePublished":"2013-09-19T08:57:28+00:00","dateModified":"2013-10-29T00:53:28+00:00","description":"PADI Tauchkurse PADI eLearning Bubblemaker Min. age: 8 years Duration: 3-4 hours F\u00fcr unsere kleinen Wasserratten (8-11 j\u00e4hrig), die schon etwas","breadcrumb":{"@id":"http:\/\/ocean-vida.com\/de\/diving\/padi-dive-course\/#breadcrumb"},"inLanguage":"en-US","potentialAction":[{"@type":"ReadAction","target":["http:\/\/ocean-vida.com\/de\/diving\/padi-dive-course\/"]}]},{"@type":"BreadcrumbList","@id":"http:\/\/ocean-vida.com\/de\/diving\/padi-dive-course\/#breadcrumb","itemListElement":[{"@type":"ListItem","position":1,"name":"Home","item":"http:\/\/ocean-vida.com\/de\/"},{"@type":"ListItem","position":2,"name":"Tauchen","item":"http:\/\/ocean-vida.com\/de\/diving\/"},{"@type":"ListItem","position":3,"name":"PADI Tauchkurse"}]},{"@type":"WebSite","@id":"http:\/\/ocean-vida.com\/de\/#website","url":"http:\/\/ocean-vida.com\/de\/","name":"Ocean Vida - German","description":"Beach and Dive Resort","potentialAction":[{"@type":"SearchAction","target":{"@type":"EntryPoint","urlTemplate":"http:\/\/ocean-vida.com\/de\/?s={search_term_string}"},"query-input":{"@type":"PropertyValueSpecification","valueRequired":true,"valueName":"search_term_string"}}],"inLanguage":"en-US"}]}},"_links":{"self":[{"href":"http:\/\/ocean-vida.com\/de\/wp-json\/wp\/v2\/pages\/168","targetHints":{"allow":["GET"]}}],"collection":[{"href":"http:\/\/ocean-vida.com\/de\/wp-json\/wp\/v2\/pages"}],"about":[{"href":"http:\/\/ocean-vida.com\/de\/wp-json\/wp\/v2\/types\/page"}],"author":[{"embeddable":true,"href":"http:\/\/ocean-vida.com\/de\/wp-json\/wp\/v2\/users\/1"}],"replies":[{"embeddable":true,"href":"http:\/\/ocean-vida.com\/de\/wp-json\/wp\/v2\/comments?post=168"}],"version-history":[{"count":7,"href":"http:\/\/ocean-vida.com\/de\/wp-json\/wp\/v2\/pages\/168\/revisions"}],"predecessor-version":[{"id":345,"href":"http:\/\/ocean-vida.com\/de\/wp-json\/wp\/v2\/pages\/168\/revisions\/345"}],"up":[{"embeddable":true,"href":"http:\/\/ocean-vida.com\/de\/wp-json\/wp\/v2\/pages\/41"}],"wp:attachment":[{"href":"http:\/\/ocean-vida.com\/de\/wp-json\/wp\/v2\/media?parent=168"}],"curies":[{"name":"wp","href":"https:\/\/api.w.org\/{rel}","templated":true}]}}