{"id":165,"date":"2013-09-19T08:54:33","date_gmt":"2013-09-19T08:54:33","guid":{"rendered":"http:\/\/ocean-vida.com\/de\/?page_id=165"},"modified":"2015-06-03T10:23:24","modified_gmt":"2015-06-03T10:23:24","slug":"dive-sites","status":"publish","type":"page","link":"http:\/\/ocean-vida.com\/de\/diving\/dive-sites\/","title":{"rendered":"Tauchplaetze"},"content":{"rendered":"<p><a href=\"\/wp-content\/uploads\/2013\/10\/Malapascua-Dive-Sites.png\" rel=\"lightbox\"><img decoding=\"async\" class=\"map img-responsive\" alt=\"\" src=\"\/wp-content\/uploads\/2013\/10\/Malapascua-Dive-Sites.png\" \/><\/a><\/p>\n<h2 style=\"text-align: left;\">Tauchen in Malapascua<\/h2>\n<p>Viele Taucher kommen nach Malapascua nur um den Fuchshai zu sehen und die meisten sind ueberwaeltigt von der Vielfalt an verschiedenen Tauchplaetzten.<\/p>\n<p>Fuchshaie in Monad shoal<br \/>\nWracktauchen an der Dona Marilyn<br \/>\nHoehlentauchen in Gato<br \/>\nSteilwandtauchen in Calangaman<\/p>\n<h3>Monad Shoal<\/h3>\n<p>Entfernung zum Tauchplatz:  30-40 Minuten<br \/>\nTauchtiefe: 19m-25m<br \/>\nAusbildungsstufe: Advanced oder Open water mit 30 Tauchgaengen<\/p>\n<p>F\u00fcr den  ersten Tauchgang auf Malapascua muss man fr\u00fch aufstehen. Abfahrtzeiten sind zwischen 5 Uhr-6 Uhr am fr\u00fchen Morgen wenn die Sonne \u00fcber Leyte aufgeht.<br \/>\nDas aufstehen wird belohnt denn Monad Shoal  ist der  einzige Platz  auf der Welt an dem man die eleganten Fuchshaie fast t\u00e4glich bewundern kann.<br \/>\nMonad Shoal ist eine versunkene Insel  mit einem Durchmesser von 1 km. Auch Mantas, Adlerrochen und andere Tieren kommen gerne zu diesen Putzerstationen und lassen sich von den Parasiten befreien.<br \/>\nDie gro\u00dfen Mantas kommen meistens am Nachmittag allerdings haben sie keine bestimmte Jahreszeit. Manchmal sind sie da und dann wieder verschwunden f\u00fcr ein paar Tage.<br \/>\nAufgrund der Minimum -Tiefe von  19 Meter  empfehlen wir mit Nitrox 32 % zu Tauchen.<\/p>\n<p><a href=\"http:\/\/ocean-vida.com\/wp-content\/uploads\/2015\/06\/thresher-sharks-Alex-Stroyda.jpg\" rel=\"lightbox[165]\"><img decoding=\"async\" class=\"img-responsive\" alt=\"thresher sharks Alex Stroyda\" src=\"http:\/\/ocean-vida.com\/wp-content\/uploads\/2015\/06\/thresher-sharks-Alex-Stroyda.jpg\" width=\"400\" height=\"auto\" \/><\/a><\/p>\n<h3>Lapus Lapus Overhang<\/h3>\n<p>Entfernung zum Tauchplatz:  10 Minuten<br \/>\nTauchtiefe:                 5m-25m<br \/>\nAusbildungsstufe:           Open Water<\/p>\n<p>Beschreibung:<br \/>\nAuf der Nordseite von Malapascua gibt es viele Tauchpl\u00e4tze von denen sicher der Korallengarten von Lapus zu den sch\u00f6nsten geh\u00f6rt.<br \/>\nW\u00e4hrend dem Tauchgang kann man einem wundersch\u00f6n bewachsenen \u00dcberhang bewundern an dem sich meistens Anglerfische und viele Nacktschnecken verstecken.<br \/>\nEine Lampe ist zu empfehlen. Wer sch\u00f6ne Korallen sehen will mit all ihren Farben ist hier genau richtig.<\/p>\n<h3>Deep Rock<\/h3>\n<p>Entfernung zum Tauchplatz:    10 Minuten<br \/>\nTauchtiefe:                   16m-25m<br \/>\nAusbildungsstufe:             Advanced  Open Water<\/p>\n<p>Beschreibung:<br \/>\nEiner der besten Tauchplaetze an der Nordseite von Malapascua. Ein grosser Korallenblock der auf16 Metern Tiefe anf\u00e4ngt und sehr sch\u00f6n bewachsen ist.  Pygmy-Seepferdchen und dornige Seepferdchen sind zu bewundern.<\/p>\n<h3>Deep Slope<\/h3>\n<p>Entfernung zum Tauchplatz:     10 Minuten<br \/>\nTauchtiefe:                             10m-23m<br \/>\nAusbildungsstufe:                   Open Water<\/p>\n<p>Beschreibung:<br \/>\nEine sch\u00f6ne Rockformation wenige hundert Meter entfernt von Bantigue. Sehr sch\u00f6n bewachsene Bl\u00f6cke mit  Nacktschnecken, Scorpionsfische, Fl\u00fcgelrossfische und  Pygmy-Seepferdchen.<\/p>\n<h3>Gato Island<\/h3>\n<p>Entfernung zum Tauchplatz:     45 Minuten<br \/>\nTauchtiefe:                             5m-25m<br \/>\nAusbildungsstufe:                   Open Water<\/p>\n<p>Beschreibung:<br \/>\nGato ist mit Sicherheit einer der besten Tauchpl\u00e4tze in der Visaya Sea. Eine H\u00f6hle geht durch die komplette Insel und wenn man Gl\u00fcck hat kann man Weispitzenriffhaie am Ausgang bewundern.<br \/>\nUm Gato herum findet man 5 verschiedene Tauchpl\u00e4tze.<br \/>\nKatzenhaie, Anglerfische, spanische T\u00e4nzer, Nacktschnecken, Pymy- Seepferdchen, und andere Seepferdchenarten sind zu sehen.<\/p>\n<p><a title=\"Gato cave\" href=\"http:\/\/ocean-vida.com\/wp-content\/uploads\/2015\/06\/gato-cave.jpg\" rel=\"lightbox[165]\"><img decoding=\"async\" class=\"img-responsive\" alt=\"gato cave\" src=\"http:\/\/ocean-vida.com\/wp-content\/uploads\/2015\/06\/gato-cave.jpg\" width=\"400px\" height=\"auto\" \/><\/a><\/p>\n<h3>Calangaman Island<\/h3>\n<p>Entfernung zum Tauchplatz:       75 Minuten<br \/>\nTauchtiefe:                               8m-40m<br \/>\nAusbildungsstufe:                     Open Water<\/p>\n<p>Beschreibung:<br \/>\nEine Insel wie man es sich vorstellt im Paradies, unbewohnt und umgeben von einer t\u00fcrkisblauen Lagune und einem schneeweisen Sandstrand. Auch im Jens Peters Philippinen Reisef\u00fchrer wurde dieses Motiv zur Buchtitel gew\u00e4hlt.<br \/>\nDas Tauchen findet an der Steilwand statt die von 12 Meter Riffdach bis ins Bodenlose abf\u00e4llt. Steilwandtauchfans kommen voll auf ihre Kosten und mit etwas Gl\u00fcck kann man auch mal ein gr\u00f6\u00dferen Hai oder Rochen im Blauwasser sehen.<br \/>\nGorgonienf\u00e4cher,  Schwarzkorallen, Langnasenb\u00fcschelbarsch,  Barrakudas und unz\u00e4hlige Rifffische sind am  diesem Tauchplatz anzutreffen.<\/p>\n<p>In der Mittagspause bieten wir ein Strand Barbecue an und man hat danach die M\u00f6glichkeit die Insel zu erkunden.<\/p>\n<p><a href=\"\/wp-content\/uploads\/2013\/10\/Calanggaman-Island-near-Malapascua.jpg\" rel=\"lightbox\"><img decoding=\"async\" class=\"standard\" alt=\"\" width=\"400px\" height=\"auto\" src=\"\/wp-content\/uploads\/2013\/10\/Calanggaman-Island-near-Malapascua.jpg\" \/><\/a><\/p>\n<h3>Dona Marilyn<\/h3>\n<p>Entfernung zum Tauchplatz:      60 Minuten<br \/>\nTauchtiefe:                              19m-33m<br \/>\nAusbildungsstufe:                    Advanced<\/p>\n<p>Beschreibung:<br \/>\nDie Dona Marilyn war eine Passagierf\u00e4hre die von Manila nach Cebu unterwegs war und  Aufgrund eines Thyphoons In Jahre 1985 sank.<br \/>\nSie liegt auf der Seite mit maximaler Tauchtiefe von 33 Metern im Sandboden. \u00d6fters ist hier mit Str\u00f6mung zu rechen man kann allerdings im Str\u00f6mungsschatten seinen Tauchgang durchf\u00fchren.<br \/>\nDas Wrack ist zum Teil sch\u00f6n bewachsen mit Weichkorallen und ist Heim f\u00fcr viele Arten von Fischen. Scorpionsfische, Zebra krabben in den Feuerseesternen und ein riesiger Rochen sind nur rein paar H\u00f6hepunkte dieses Tauchgangs.<\/p>\n<h3>Bantigue<\/h3>\n<p>Entfernung zum Tauchplatz:       10 Minuten<br \/>\nTauchtiefe:                               3m-14m<br \/>\nAusbildungsstufe:                     Open Water<\/p>\n<p>Beschreibung:<br \/>\nEin fast reiner Sandtauchgang an dem man viele kleine bizarre Unterwasserlebewesen bewundern kann. Einzelne Korallenbl\u00f6cke an denen man verschiedene Anemonen antrifft.<br \/>\nAu\u00dferdem kann man verschiedene Skorpionsfische, Seegras- und Harlekin-Geisterpfeifenfische, Fl\u00fcgelrossfische, Himmelsgucker und Nacktschnecken sehen.<\/p>\n<h3>Chocolate Island<\/h3>\n<p>Entfernung zum Tauchplatz:    20 Minuten<br \/>\nTauchtiefe:                            5m-15m<br \/>\nAusbildungsstufe:                  Open Water<\/p>\n<p>Beschreibung:<br \/>\nChoclate Island ist in der N\u00e4he von Maya und bietet alles was das Makro- Herz begehrt.<br \/>\nOft finden die Guides dort auch den haarigen Anglerfisch und die bekannten Harliquin Schrimps. Beim Austauchen im 5 Meter Bereich sind sehr viele Nacktschnecken und sch\u00f6ne Weichkorallen anzutreffen.<\/p>\n<h3>Light House<\/h3>\n<p>Entfernung zum Tauchplatz:     5 Minuten<br \/>\nTauchtiefe:                             6m-12m<br \/>\nAusbildungsstufe:                   Open Water<\/p>\n<p>Beschreibung:<br \/>\nDer einzige Platz an dem wir seit 5 Jahren eine Geld zur\u00fcck Garantie geben. Wer dort den Sunset dive mit uns macht und keine Mandarinfische oder Seepferdchen sieht muss den Tauchgang nicht bezahlen.<br \/>\nAu\u00dferdem kann man riesige krebse, bluering octopus und verschiedene  Seesterne  sehen.<br \/>\nIn der  zweiten H\u00e4lfte des Tauchgangs  wird es schnell dunkel und man hat die Chance die nachtaktiven Meeresbewohner zu bewundern die aus ihren  Verstecken kommen.<\/p>\n","protected":false},"excerpt":{"rendered":"<p>Tauchen in Malapascua Viele Taucher kommen nach Malapascua nur um den Fuchshai zu sehen und die meisten sind ueberwaeltigt von der Vielfalt an verschiedenen Tauchplaetzten. Fuchshaie in Monad shoal Wracktauchen an der Dona Marilyn Hoehlentauchen in Gato Steilwandtauchen in Calangaman Monad Shoal Entfernung zum Tauchplatz: 30-40 Minuten Tauchtiefe: 19m-25m Ausbildungsstufe: Advanced oder Open water mit 30 Tauchgaengen F\u00fcr den ersten&nbsp;<a href=\"http:\/\/ocean-vida.com\/de\/diving\/dive-sites\/\" class=\"read-more\">Continue Reading<\/a><\/p>\n","protected":false},"author":1,"featured_media":0,"parent":41,"menu_order":1,"comment_status":"open","ping_status":"open","template":"","meta":{"footnotes":""},"class_list":["post-165","page","type-page","status-publish","hentry"],"yoast_head":"<!-- This site is optimized with the Yoast SEO plugin v26.4 - https:\/\/yoast.com\/wordpress\/plugins\/seo\/ -->\n<title>Tauchplaetze<\/title>\n<meta name=\"description\" content=\"Tauchen in Malapascua Viele Taucher kommen nach Malapascua nur um den Fuchshai zu sehen und die meisten sind ueberwaeltigt von der Vielfalt an\" \/>\n<meta name=\"robots\" content=\"noindex, follow, max-snippet:-1, max-image-preview:large, max-video-preview:-1\" \/>\n<meta name=\"twitter:label1\" content=\"Est. reading time\" \/>\n\t<meta name=\"twitter:data1\" content=\"4 minutes\" \/>\n<script type=\"application\/ld+json\" class=\"yoast-schema-graph\">{\"@context\":\"https:\/\/schema.org\",\"@graph\":[{\"@type\":\"WebPage\",\"@id\":\"http:\/\/ocean-vida.com\/de\/diving\/dive-sites\/\",\"url\":\"http:\/\/ocean-vida.com\/de\/diving\/dive-sites\/\",\"name\":\"Tauchplaetze\",\"isPartOf\":{\"@id\":\"http:\/\/ocean-vida.com\/de\/#website\"},\"primaryImageOfPage\":{\"@id\":\"http:\/\/ocean-vida.com\/de\/diving\/dive-sites\/#primaryimage\"},\"image\":{\"@id\":\"http:\/\/ocean-vida.com\/de\/diving\/dive-sites\/#primaryimage\"},\"thumbnailUrl\":\"http:\/\/ocean-vida.com\/wp-content\/uploads\/2015\/06\/thresher-sharks-Alex-Stroyda.jpg\",\"datePublished\":\"2013-09-19T08:54:33+00:00\",\"dateModified\":\"2015-06-03T10:23:24+00:00\",\"description\":\"Tauchen in Malapascua Viele Taucher kommen nach Malapascua nur um den Fuchshai zu sehen und die meisten sind ueberwaeltigt von der Vielfalt an\",\"breadcrumb\":{\"@id\":\"http:\/\/ocean-vida.com\/de\/diving\/dive-sites\/#breadcrumb\"},\"inLanguage\":\"en-US\",\"potentialAction\":[{\"@type\":\"ReadAction\",\"target\":[\"http:\/\/ocean-vida.com\/de\/diving\/dive-sites\/\"]}]},{\"@type\":\"ImageObject\",\"inLanguage\":\"en-US\",\"@id\":\"http:\/\/ocean-vida.com\/de\/diving\/dive-sites\/#primaryimage\",\"url\":\"http:\/\/ocean-vida.com\/wp-content\/uploads\/2015\/06\/thresher-sharks-Alex-Stroyda.jpg\",\"contentUrl\":\"http:\/\/ocean-vida.com\/wp-content\/uploads\/2015\/06\/thresher-sharks-Alex-Stroyda.jpg\"},{\"@type\":\"BreadcrumbList\",\"@id\":\"http:\/\/ocean-vida.com\/de\/diving\/dive-sites\/#breadcrumb\",\"itemListElement\":[{\"@type\":\"ListItem\",\"position\":1,\"name\":\"Home\",\"item\":\"http:\/\/ocean-vida.com\/de\/\"},{\"@type\":\"ListItem\",\"position\":2,\"name\":\"Tauchen\",\"item\":\"http:\/\/ocean-vida.com\/de\/diving\/\"},{\"@type\":\"ListItem\",\"position\":3,\"name\":\"Tauchplaetze\"}]},{\"@type\":\"WebSite\",\"@id\":\"http:\/\/ocean-vida.com\/de\/#website\",\"url\":\"http:\/\/ocean-vida.com\/de\/\",\"name\":\"Ocean Vida - German\",\"description\":\"Beach and Dive Resort\",\"potentialAction\":[{\"@type\":\"SearchAction\",\"target\":{\"@type\":\"EntryPoint\",\"urlTemplate\":\"http:\/\/ocean-vida.com\/de\/?s={search_term_string}\"},\"query-input\":{\"@type\":\"PropertyValueSpecification\",\"valueRequired\":true,\"valueName\":\"search_term_string\"}}],\"inLanguage\":\"en-US\"}]}<\/script>\n<!-- \/ Yoast SEO plugin. -->","yoast_head_json":{"title":"Tauchplaetze","description":"Tauchen in Malapascua Viele Taucher kommen nach Malapascua nur um den Fuchshai zu sehen und die meisten sind ueberwaeltigt von der Vielfalt an","robots":{"index":"noindex","follow":"follow","max-snippet":"max-snippet:-1","max-image-preview":"max-image-preview:large","max-video-preview":"max-video-preview:-1"},"twitter_misc":{"Est. reading time":"4 minutes"},"schema":{"@context":"https:\/\/schema.org","@graph":[{"@type":"WebPage","@id":"http:\/\/ocean-vida.com\/de\/diving\/dive-sites\/","url":"http:\/\/ocean-vida.com\/de\/diving\/dive-sites\/","name":"Tauchplaetze","isPartOf":{"@id":"http:\/\/ocean-vida.com\/de\/#website"},"primaryImageOfPage":{"@id":"http:\/\/ocean-vida.com\/de\/diving\/dive-sites\/#primaryimage"},"image":{"@id":"http:\/\/ocean-vida.com\/de\/diving\/dive-sites\/#primaryimage"},"thumbnailUrl":"http:\/\/ocean-vida.com\/wp-content\/uploads\/2015\/06\/thresher-sharks-Alex-Stroyda.jpg","datePublished":"2013-09-19T08:54:33+00:00","dateModified":"2015-06-03T10:23:24+00:00","description":"Tauchen in Malapascua Viele Taucher kommen nach Malapascua nur um den Fuchshai zu sehen und die meisten sind ueberwaeltigt von der Vielfalt an","breadcrumb":{"@id":"http:\/\/ocean-vida.com\/de\/diving\/dive-sites\/#breadcrumb"},"inLanguage":"en-US","potentialAction":[{"@type":"ReadAction","target":["http:\/\/ocean-vida.com\/de\/diving\/dive-sites\/"]}]},{"@type":"ImageObject","inLanguage":"en-US","@id":"http:\/\/ocean-vida.com\/de\/diving\/dive-sites\/#primaryimage","url":"http:\/\/ocean-vida.com\/wp-content\/uploads\/2015\/06\/thresher-sharks-Alex-Stroyda.jpg","contentUrl":"http:\/\/ocean-vida.com\/wp-content\/uploads\/2015\/06\/thresher-sharks-Alex-Stroyda.jpg"},{"@type":"BreadcrumbList","@id":"http:\/\/ocean-vida.com\/de\/diving\/dive-sites\/#breadcrumb","itemListElement":[{"@type":"ListItem","position":1,"name":"Home","item":"http:\/\/ocean-vida.com\/de\/"},{"@type":"ListItem","position":2,"name":"Tauchen","item":"http:\/\/ocean-vida.com\/de\/diving\/"},{"@type":"ListItem","position":3,"name":"Tauchplaetze"}]},{"@type":"WebSite","@id":"http:\/\/ocean-vida.com\/de\/#website","url":"http:\/\/ocean-vida.com\/de\/","name":"Ocean Vida - German","description":"Beach and Dive Resort","potentialAction":[{"@type":"SearchAction","target":{"@type":"EntryPoint","urlTemplate":"http:\/\/ocean-vida.com\/de\/?s={search_term_string}"},"query-input":{"@type":"PropertyValueSpecification","valueRequired":true,"valueName":"search_term_string"}}],"inLanguage":"en-US"}]}},"_links":{"self":[{"href":"http:\/\/ocean-vida.com\/de\/wp-json\/wp\/v2\/pages\/165","targetHints":{"allow":["GET"]}}],"collection":[{"href":"http:\/\/ocean-vida.com\/de\/wp-json\/wp\/v2\/pages"}],"about":[{"href":"http:\/\/ocean-vida.com\/de\/wp-json\/wp\/v2\/types\/page"}],"author":[{"embeddable":true,"href":"http:\/\/ocean-vida.com\/de\/wp-json\/wp\/v2\/users\/1"}],"replies":[{"embeddable":true,"href":"http:\/\/ocean-vida.com\/de\/wp-json\/wp\/v2\/comments?post=165"}],"version-history":[{"count":10,"href":"http:\/\/ocean-vida.com\/de\/wp-json\/wp\/v2\/pages\/165\/revisions"}],"predecessor-version":[{"id":508,"href":"http:\/\/ocean-vida.com\/de\/wp-json\/wp\/v2\/pages\/165\/revisions\/508"}],"up":[{"embeddable":true,"href":"http:\/\/ocean-vida.com\/de\/wp-json\/wp\/v2\/pages\/41"}],"wp:attachment":[{"href":"http:\/\/ocean-vida.com\/de\/wp-json\/wp\/v2\/media?parent=165"}],"curies":[{"name":"wp","href":"https:\/\/api.w.org\/{rel}","templated":true}]}}