{"id":154,"date":"2013-09-19T08:28:59","date_gmt":"2013-09-19T08:28:59","guid":{"rendered":"http:\/\/ocean-vida.com\/de\/?page_id=154"},"modified":"2013-10-29T00:29:59","modified_gmt":"2013-10-29T00:29:59","slug":"transfer-service","status":"publish","type":"page","link":"http:\/\/ocean-vida.com\/de\/information\/transfer-service\/","title":{"rendered":"Transfer Service"},"content":{"rendered":"<h2>Transfer Service<\/h2>\n<p>Am Flughafen angekommen gibt es zwei M\u00f6glichkeiten um nach Malapascua zu kommen.<\/p>\n<h3>Ocean Vida Transfer<\/h3>\n<p>Wir bieten unseren Transfer von Cebu City nach Malapascua t\u00e4glich und um jede Uhrzeit an. Die Abholung kann von jedem Hotel in Cebu City und direkt am Flughafen erfolgen. Die Fahrzeit betr\u00e4gt zwischen 2.5 und 3 Stunden, je nach Verkehr. In Maya warten unsere Boote auf die G\u00e4ste und bringen diese direkt zum atemberaubenden Bounty Beach direkt vor unserem Ocean Vida Beach &#038; Dive Resort. Die wundersch\u00f6ne Bootsfahrt dauert ca. 30 Minuten,  je nach Wetterbedingungen. <\/p>\n<p>Eine genaue Preisauskunft ist \u00fcber Email m\u00f6glich.<br \/>\nreservation@ocean-vida.com<\/p>\n<h3>\u00d6ffentliche Verkehrsmittel<\/h3>\n<p>Vom Flughafen aus fahrt man mit dem Taxi zum North Bus Terminal, um den Bus nach Maya zu erreichen. Die Fahrzeit betr\u00e4gt 3 \u2013 5 Stunden. Die Busse starten fr\u00fch morgens um 03:00 bis zum sp\u00e4ten Nachmittag nach Maya. Eine Auswahl zwischen klimatisierten und nicht klimatisierten Bussen ist vorhanden. Einmal in Maya angekommen wird eine Zahlung f\u00fcr die Koffer erwartet, welche zum jeweiligen Boot getragen werden. Au\u00dferdem muss man ein Ticket f\u00fcr die \u00dcberfahrt kaufen. Die \u00f6ffentlichen Boote fahren bis zum Nachmittag und bringen ihre G\u00e4ste in das Hauptdorf der Insel. Bis zum Ocean Vida Beach &#038; Dive Resort dauert es ca. 10 Minuten zu Fu\u00df. Ein privates Boot kann auch gechartert werden. Die Preise hierf\u00fcr variieren zwischen 1000 \u2013 2500 PHP, je nach Tageszeit und Wetterbedingungen. Dieses Boot bringt einen direkt zu unserem wundersch\u00f6nen Strand vom Ocean Vida Beach &#038; Dive Resort. <\/p>\n\n\t\t<style type=\"text\/css\">\n\t\t\t#gallery-1 {\n\t\t\t\tmargin: auto;\n\t\t\t}\n\t\t\t#gallery-1 .gallery-item {\n\t\t\t\tfloat: left;\n\t\t\t\tmargin-top: 10px;\n\t\t\t\ttext-align: center;\n\t\t\t\twidth: 50%;\n\t\t\t}\n\t\t\t#gallery-1 img {\n\t\t\t\tborder: 2px solid #cfcfcf;\n\t\t\t}\n\t\t\t#gallery-1 .gallery-caption {\n\t\t\t\tmargin-left: 0;\n\t\t\t}\n\t\t\t\/* see gallery_shortcode() in wp-includes\/media.php *\/\n\t\t<\/style>\n\t\t<div id='gallery-1' class='gallery galleryid-154 gallery-columns-2 gallery-size-medium'><dl class='gallery-item'>\n\t\t\t<dt class='gallery-icon landscape'>\n\t\t\t\t<a href='http:\/\/ocean-vida.com\/de\/files\/2013\/09\/Ceres-Bus-Aircon.jpg' rel=\"lightbox[154]\"><img loading=\"lazy\" decoding=\"async\" width=\"256\" height=\"192\" src=\"http:\/\/ocean-vida.com\/de\/files\/2013\/09\/Ceres-Bus-Aircon.jpg\" class=\"attachment-medium size-medium\" alt=\"Ceres Bus Aircon\" \/><\/a>\n\t\t\t<\/dt><\/dl><dl class='gallery-item'>\n\t\t\t<dt class='gallery-icon landscape'>\n\t\t\t\t<a href='http:\/\/ocean-vida.com\/de\/files\/2013\/09\/Ceres-Bus-Non-Aircon.jpg' rel=\"lightbox[154]\"><img loading=\"lazy\" decoding=\"async\" width=\"256\" height=\"192\" src=\"http:\/\/ocean-vida.com\/de\/files\/2013\/09\/Ceres-Bus-Non-Aircon.jpg\" class=\"attachment-medium size-medium\" alt=\"Ceres Bus Non Aircon\" \/><\/a>\n\t\t\t<\/dt><\/dl><br style=\"clear: both\" \/>\n\t\t<\/div>\n\n<h3>Wie kommt man nach Cebu<\/h3>\n<p>Fl\u00fcge aus Europa<\/p>\n<p>(Mit einem Stop)<\/p>\n<p><a href=\"http:\/\/www.singaporeair.com\/\">Singapore Airlines<\/a> (one stop in Singapore)<br \/>\n<a href=\"http:\/\/www.cathaypacific.com\/\">Cathay Pacific<\/a> (one stop in Hong Kong)<br \/>\n<a href=\"http:\/\/flyasiana.com\/gateway\/gateway_en.html\">Asiana Airlines<\/a> (one stop in Seoul)<br \/>\n<a href=\"http:\/\/www1.philippineairlines.com\/\">Philippine Airlines<\/a> (one stop in Manila)<\/p>\n<p>(Mit zwei Stops inkl. Inlandsflug von Manila &#8211; Cebu)<br \/>\nEmirates (Dubai \u2013 Manila)<br \/>\nEthiad (Abu Dhabi \u2013 Manila)<br \/>\nThai Airways (Bangkok \u2013 Manila)<\/p>\n<p>Es gibt viele M\u00f6glichkeiten mit dem Flugzeug nach Cebu zu kommen. Die philippinischen Airlines sind folgende:<\/p>\n<p><a href=\"http:\/\/www.cebupacificair.com\/\">Cebu pacific<\/a><br \/>\nZest Air<br \/>\n<a href=\"http:\/\/www1.philippineairlines.com\/\">Philippine Airlines<\/a><br \/>\n<a href=\"http:\/\/www.airphilexpress.com\/\" target=\"_blank\">AirPhil Express<\/a><\/p>\n<p>Um nur ein einige  zu nennen.<\/p>\n","protected":false},"excerpt":{"rendered":"<p>Transfer Service Am Flughafen angekommen gibt es zwei M\u00f6glichkeiten um nach Malapascua zu kommen. Ocean Vida Transfer Wir bieten unseren Transfer von Cebu City nach Malapascua t\u00e4glich und um jede Uhrzeit an. Die Abholung kann von jedem Hotel in Cebu City und direkt am Flughafen erfolgen. Die Fahrzeit betr\u00e4gt zwischen 2.5 und 3 Stunden, je nach Verkehr. In Maya warten&nbsp;<a href=\"http:\/\/ocean-vida.com\/de\/information\/transfer-service\/\" class=\"read-more\">Continue Reading<\/a><\/p>\n","protected":false},"author":1,"featured_media":0,"parent":43,"menu_order":1,"comment_status":"open","ping_status":"open","template":"page-fullwidth.php","meta":{"footnotes":""},"class_list":["post-154","page","type-page","status-publish","hentry"],"yoast_head":"<!-- This site is optimized with the Yoast SEO plugin v26.4 - https:\/\/yoast.com\/wordpress\/plugins\/seo\/ -->\n<title>Transfer Service<\/title>\n<meta name=\"description\" content=\"Transfer Service Am Flughafen angekommen gibt es zwei M\u00f6glichkeiten um nach Malapascua zu kommen. Ocean Vida Transfer Wir bieten unseren Transfer von Cebu\" \/>\n<meta name=\"robots\" content=\"noindex, follow, max-snippet:-1, max-image-preview:large, max-video-preview:-1\" \/>\n<meta name=\"twitter:label1\" content=\"Est. reading time\" \/>\n\t<meta name=\"twitter:data1\" content=\"2 minutes\" \/>\n<script type=\"application\/ld+json\" class=\"yoast-schema-graph\">{\"@context\":\"https:\/\/schema.org\",\"@graph\":[{\"@type\":\"WebPage\",\"@id\":\"http:\/\/ocean-vida.com\/de\/information\/transfer-service\/\",\"url\":\"http:\/\/ocean-vida.com\/de\/information\/transfer-service\/\",\"name\":\"Transfer Service\",\"isPartOf\":{\"@id\":\"http:\/\/ocean-vida.com\/de\/#website\"},\"datePublished\":\"2013-09-19T08:28:59+00:00\",\"dateModified\":\"2013-10-29T00:29:59+00:00\",\"description\":\"Transfer Service Am Flughafen angekommen gibt es zwei M\u00f6glichkeiten um nach Malapascua zu kommen. Ocean Vida Transfer Wir bieten unseren Transfer von Cebu\",\"breadcrumb\":{\"@id\":\"http:\/\/ocean-vida.com\/de\/information\/transfer-service\/#breadcrumb\"},\"inLanguage\":\"en-US\",\"potentialAction\":[{\"@type\":\"ReadAction\",\"target\":[\"http:\/\/ocean-vida.com\/de\/information\/transfer-service\/\"]}]},{\"@type\":\"BreadcrumbList\",\"@id\":\"http:\/\/ocean-vida.com\/de\/information\/transfer-service\/#breadcrumb\",\"itemListElement\":[{\"@type\":\"ListItem\",\"position\":1,\"name\":\"Home\",\"item\":\"http:\/\/ocean-vida.com\/de\/\"},{\"@type\":\"ListItem\",\"position\":2,\"name\":\"Info\",\"item\":\"http:\/\/ocean-vida.com\/de\/information\/\"},{\"@type\":\"ListItem\",\"position\":3,\"name\":\"Transfer Service\"}]},{\"@type\":\"WebSite\",\"@id\":\"http:\/\/ocean-vida.com\/de\/#website\",\"url\":\"http:\/\/ocean-vida.com\/de\/\",\"name\":\"Ocean Vida - German\",\"description\":\"Beach and Dive Resort\",\"potentialAction\":[{\"@type\":\"SearchAction\",\"target\":{\"@type\":\"EntryPoint\",\"urlTemplate\":\"http:\/\/ocean-vida.com\/de\/?s={search_term_string}\"},\"query-input\":{\"@type\":\"PropertyValueSpecification\",\"valueRequired\":true,\"valueName\":\"search_term_string\"}}],\"inLanguage\":\"en-US\"}]}<\/script>\n<!-- \/ Yoast SEO plugin. -->","yoast_head_json":{"title":"Transfer Service","description":"Transfer Service Am Flughafen angekommen gibt es zwei M\u00f6glichkeiten um nach Malapascua zu kommen. Ocean Vida Transfer Wir bieten unseren Transfer von Cebu","robots":{"index":"noindex","follow":"follow","max-snippet":"max-snippet:-1","max-image-preview":"max-image-preview:large","max-video-preview":"max-video-preview:-1"},"twitter_misc":{"Est. reading time":"2 minutes"},"schema":{"@context":"https:\/\/schema.org","@graph":[{"@type":"WebPage","@id":"http:\/\/ocean-vida.com\/de\/information\/transfer-service\/","url":"http:\/\/ocean-vida.com\/de\/information\/transfer-service\/","name":"Transfer Service","isPartOf":{"@id":"http:\/\/ocean-vida.com\/de\/#website"},"datePublished":"2013-09-19T08:28:59+00:00","dateModified":"2013-10-29T00:29:59+00:00","description":"Transfer Service Am Flughafen angekommen gibt es zwei M\u00f6glichkeiten um nach Malapascua zu kommen. Ocean Vida Transfer Wir bieten unseren Transfer von Cebu","breadcrumb":{"@id":"http:\/\/ocean-vida.com\/de\/information\/transfer-service\/#breadcrumb"},"inLanguage":"en-US","potentialAction":[{"@type":"ReadAction","target":["http:\/\/ocean-vida.com\/de\/information\/transfer-service\/"]}]},{"@type":"BreadcrumbList","@id":"http:\/\/ocean-vida.com\/de\/information\/transfer-service\/#breadcrumb","itemListElement":[{"@type":"ListItem","position":1,"name":"Home","item":"http:\/\/ocean-vida.com\/de\/"},{"@type":"ListItem","position":2,"name":"Info","item":"http:\/\/ocean-vida.com\/de\/information\/"},{"@type":"ListItem","position":3,"name":"Transfer Service"}]},{"@type":"WebSite","@id":"http:\/\/ocean-vida.com\/de\/#website","url":"http:\/\/ocean-vida.com\/de\/","name":"Ocean Vida - German","description":"Beach and Dive Resort","potentialAction":[{"@type":"SearchAction","target":{"@type":"EntryPoint","urlTemplate":"http:\/\/ocean-vida.com\/de\/?s={search_term_string}"},"query-input":{"@type":"PropertyValueSpecification","valueRequired":true,"valueName":"search_term_string"}}],"inLanguage":"en-US"}]}},"_links":{"self":[{"href":"http:\/\/ocean-vida.com\/de\/wp-json\/wp\/v2\/pages\/154","targetHints":{"allow":["GET"]}}],"collection":[{"href":"http:\/\/ocean-vida.com\/de\/wp-json\/wp\/v2\/pages"}],"about":[{"href":"http:\/\/ocean-vida.com\/de\/wp-json\/wp\/v2\/types\/page"}],"author":[{"embeddable":true,"href":"http:\/\/ocean-vida.com\/de\/wp-json\/wp\/v2\/users\/1"}],"replies":[{"embeddable":true,"href":"http:\/\/ocean-vida.com\/de\/wp-json\/wp\/v2\/comments?post=154"}],"version-history":[{"count":6,"href":"http:\/\/ocean-vida.com\/de\/wp-json\/wp\/v2\/pages\/154\/revisions"}],"predecessor-version":[{"id":342,"href":"http:\/\/ocean-vida.com\/de\/wp-json\/wp\/v2\/pages\/154\/revisions\/342"}],"up":[{"embeddable":true,"href":"http:\/\/ocean-vida.com\/de\/wp-json\/wp\/v2\/pages\/43"}],"wp:attachment":[{"href":"http:\/\/ocean-vida.com\/de\/wp-json\/wp\/v2\/media?parent=154"}],"curies":[{"name":"wp","href":"https:\/\/api.w.org\/{rel}","templated":true}]}}