{"id":14,"date":"2013-07-24T05:35:13","date_gmt":"2013-07-24T05:35:13","guid":{"rendered":"http:\/\/ocean-vida.com\/de\/?page_id=14"},"modified":"2019-06-27T06:37:49","modified_gmt":"2019-06-27T06:37:49","slug":"aboutus","status":"publish","type":"page","link":"http:\/\/ocean-vida.com\/de\/aboutus\/","title":{"rendered":"\u00dcber uns"},"content":{"rendered":"<h2>\u00dcber uns<\/h2>\n<p>Das Ocean Vida Beach &amp; Dive Resort ist unter deutsch\/ schweizerischer Leitung. Die Inhaber Sven und Fabienne sind im Jahr 2005 nach Malapascua gekommen und haben die<\/p>\n<p>Leitung der Tauchschule von Sea Explorers \u00fcbernommen. Im Jahre 2010 wurde das Ocean Vida mit 20 Zimmern direkt am Bounty beach er\u00f6ffnet.<\/p>\n<p>12\u00a0 Sea view Zimmer mit direkter Meersicht und 8 Garden Zimmer mitten in einem tropischen Garten direkt hinter der Tauchschule bieten Klimaanlage, Mini bar, Safe und warmes Wasser an.<\/p>\n<p>Das Restaurant befindet sich direkt \u00fcber der Sea Explorers Tauchschule und bietet einen tollen Ausblick auf das Meer.<\/p>\n<p>&nbsp;<\/p>\n<p>Im M\u00e4rz 2015 wurde das zweites Resort Buena Vida Resort and Spa nur ein paar wenige Minuten in zweiter Reihe vom Ocean Vida er\u00f6ffnet.<\/p>\n<p>Buena Vida bietet 12 Zimmer in einem sch\u00f6nen Garten, ein Vegetarisches Restaurant, professionelle Massagen und t\u00e4gliche Yoga Klassen an. Vida fit ist ein kleines Fitness Studio, voll Klimatisiert, das unsere G\u00e4ste kostenlos benutzten k\u00f6nnen.<\/p>\n<p>www.buenavida-malapascua.com<\/p>\n<p>&nbsp;<\/p>\n<p>&nbsp;<\/p>\n<h2 style=\"text-align: justify;\">Ocean Vida Team<\/h2>\n<p><span style=\"color: #000000; font-size: 1.4em; line-height: 1.5em;\">\u00a0<\/span><\/p>\n<p><a href=\"\/wp-content\/uploads\/2013\/08\/Ocean-Vida-Staff.jpg\" rel=\"lightbox\"><img decoding=\"async\" class=\"blackborder\" src=\"\/wp-content\/uploads\/2013\/10\/Ocean-Vida-staff-thumbnail.jpg\" alt=\"Restaurant of Ocean Vida\" \/><\/a><\/p>\n","protected":false},"excerpt":{"rendered":"<p>\u00dcber uns Das Ocean Vida Beach &amp; Dive Resort ist unter deutsch\/ schweizerischer Leitung. Die Inhaber Sven und Fabienne sind im Jahr 2005 nach Malapascua gekommen und haben die Leitung der Tauchschule von Sea Explorers \u00fcbernommen. Im Jahre 2010 wurde das Ocean Vida mit 20 Zimmern direkt am Bounty beach er\u00f6ffnet. 12\u00a0 Sea view Zimmer mit direkter Meersicht und 8&nbsp;<a href=\"http:\/\/ocean-vida.com\/de\/aboutus\/\" class=\"read-more\">Continue Reading<\/a><\/p>\n","protected":false},"author":1,"featured_media":0,"parent":0,"menu_order":0,"comment_status":"open","ping_status":"open","template":"","meta":{"footnotes":""},"class_list":["post-14","page","type-page","status-publish","hentry"],"yoast_head":"<!-- This site is optimized with the Yoast SEO plugin v26.4 - https:\/\/yoast.com\/wordpress\/plugins\/seo\/ -->\n<title>\u00dcber uns<\/title>\n<meta name=\"description\" content=\"\u00dcber uns Das Ocean Vida Beach &amp; Dive Resort ist unter deutsch\/ schweizerischer Leitung. Die Inhaber Sven und Fabienne sind im Jahr 2005 nach\" \/>\n<meta name=\"robots\" content=\"noindex, follow, max-snippet:-1, max-image-preview:large, max-video-preview:-1\" \/>\n<meta name=\"twitter:label1\" content=\"Est. reading time\" \/>\n\t<meta name=\"twitter:data1\" content=\"1 minute\" \/>\n<script type=\"application\/ld+json\" class=\"yoast-schema-graph\">{\"@context\":\"https:\/\/schema.org\",\"@graph\":[{\"@type\":\"WebPage\",\"@id\":\"http:\/\/ocean-vida.com\/de\/aboutus\/\",\"url\":\"http:\/\/ocean-vida.com\/de\/aboutus\/\",\"name\":\"\u00dcber uns\",\"isPartOf\":{\"@id\":\"http:\/\/ocean-vida.com\/de\/#website\"},\"datePublished\":\"2013-07-24T05:35:13+00:00\",\"dateModified\":\"2019-06-27T06:37:49+00:00\",\"description\":\"\u00dcber uns Das Ocean Vida Beach &amp; Dive Resort ist unter deutsch\/ schweizerischer Leitung. Die Inhaber Sven und Fabienne sind im Jahr 2005 nach\",\"breadcrumb\":{\"@id\":\"http:\/\/ocean-vida.com\/de\/aboutus\/#breadcrumb\"},\"inLanguage\":\"en-US\",\"potentialAction\":[{\"@type\":\"ReadAction\",\"target\":[\"http:\/\/ocean-vida.com\/de\/aboutus\/\"]}]},{\"@type\":\"BreadcrumbList\",\"@id\":\"http:\/\/ocean-vida.com\/de\/aboutus\/#breadcrumb\",\"itemListElement\":[{\"@type\":\"ListItem\",\"position\":1,\"name\":\"Home\",\"item\":\"http:\/\/ocean-vida.com\/de\/\"},{\"@type\":\"ListItem\",\"position\":2,\"name\":\"\u00dcber uns\"}]},{\"@type\":\"WebSite\",\"@id\":\"http:\/\/ocean-vida.com\/de\/#website\",\"url\":\"http:\/\/ocean-vida.com\/de\/\",\"name\":\"Ocean Vida - German\",\"description\":\"Beach and Dive Resort\",\"potentialAction\":[{\"@type\":\"SearchAction\",\"target\":{\"@type\":\"EntryPoint\",\"urlTemplate\":\"http:\/\/ocean-vida.com\/de\/?s={search_term_string}\"},\"query-input\":{\"@type\":\"PropertyValueSpecification\",\"valueRequired\":true,\"valueName\":\"search_term_string\"}}],\"inLanguage\":\"en-US\"}]}<\/script>\n<!-- \/ Yoast SEO plugin. -->","yoast_head_json":{"title":"\u00dcber uns","description":"\u00dcber uns Das Ocean Vida Beach &amp; Dive Resort ist unter deutsch\/ schweizerischer Leitung. Die Inhaber Sven und Fabienne sind im Jahr 2005 nach","robots":{"index":"noindex","follow":"follow","max-snippet":"max-snippet:-1","max-image-preview":"max-image-preview:large","max-video-preview":"max-video-preview:-1"},"twitter_misc":{"Est. reading time":"1 minute"},"schema":{"@context":"https:\/\/schema.org","@graph":[{"@type":"WebPage","@id":"http:\/\/ocean-vida.com\/de\/aboutus\/","url":"http:\/\/ocean-vida.com\/de\/aboutus\/","name":"\u00dcber uns","isPartOf":{"@id":"http:\/\/ocean-vida.com\/de\/#website"},"datePublished":"2013-07-24T05:35:13+00:00","dateModified":"2019-06-27T06:37:49+00:00","description":"\u00dcber uns Das Ocean Vida Beach &amp; Dive Resort ist unter deutsch\/ schweizerischer Leitung. Die Inhaber Sven und Fabienne sind im Jahr 2005 nach","breadcrumb":{"@id":"http:\/\/ocean-vida.com\/de\/aboutus\/#breadcrumb"},"inLanguage":"en-US","potentialAction":[{"@type":"ReadAction","target":["http:\/\/ocean-vida.com\/de\/aboutus\/"]}]},{"@type":"BreadcrumbList","@id":"http:\/\/ocean-vida.com\/de\/aboutus\/#breadcrumb","itemListElement":[{"@type":"ListItem","position":1,"name":"Home","item":"http:\/\/ocean-vida.com\/de\/"},{"@type":"ListItem","position":2,"name":"\u00dcber uns"}]},{"@type":"WebSite","@id":"http:\/\/ocean-vida.com\/de\/#website","url":"http:\/\/ocean-vida.com\/de\/","name":"Ocean Vida - German","description":"Beach and Dive Resort","potentialAction":[{"@type":"SearchAction","target":{"@type":"EntryPoint","urlTemplate":"http:\/\/ocean-vida.com\/de\/?s={search_term_string}"},"query-input":{"@type":"PropertyValueSpecification","valueRequired":true,"valueName":"search_term_string"}}],"inLanguage":"en-US"}]}},"_links":{"self":[{"href":"http:\/\/ocean-vida.com\/de\/wp-json\/wp\/v2\/pages\/14","targetHints":{"allow":["GET"]}}],"collection":[{"href":"http:\/\/ocean-vida.com\/de\/wp-json\/wp\/v2\/pages"}],"about":[{"href":"http:\/\/ocean-vida.com\/de\/wp-json\/wp\/v2\/types\/page"}],"author":[{"embeddable":true,"href":"http:\/\/ocean-vida.com\/de\/wp-json\/wp\/v2\/users\/1"}],"replies":[{"embeddable":true,"href":"http:\/\/ocean-vida.com\/de\/wp-json\/wp\/v2\/comments?post=14"}],"version-history":[{"count":17,"href":"http:\/\/ocean-vida.com\/de\/wp-json\/wp\/v2\/pages\/14\/revisions"}],"predecessor-version":[{"id":584,"href":"http:\/\/ocean-vida.com\/de\/wp-json\/wp\/v2\/pages\/14\/revisions\/584"}],"wp:attachment":[{"href":"http:\/\/ocean-vida.com\/de\/wp-json\/wp\/v2\/media?parent=14"}],"curies":[{"name":"wp","href":"https:\/\/api.w.org\/{rel}","templated":true}]}}