{"id":126,"date":"2013-09-19T07:43:37","date_gmt":"2013-09-19T07:43:37","guid":{"rendered":"http:\/\/ocean-vida.com\/de\/?page_id=126"},"modified":"2013-09-19T07:53:12","modified_gmt":"2013-09-19T07:53:12","slug":"chill-out-area","status":"publish","type":"page","link":"http:\/\/ocean-vida.com\/de\/food-drinks\/chill-out-area\/","title":{"rendered":"Chill Out Area"},"content":{"rendered":"<h2>Chill Out Area<\/h2>\n<p>Zwischen 15.00 Uhr und 23.00 Uhr k\u00f6nnen Sie in Sitzs\u00e4cken oder an kleinen Tischen am Strand relaxen. Lampions h\u00e4ngen in den Palmen und sorgen f\u00fcr eine perfekte Belichtung. Es ist eine unvergessliche und einmalige Atmosph\u00e4re auf ganz Malapascua. Ein \u201eMuss\u201c f\u00fcr jeden der auf Malapascua seinen Urlaub verbringt.<\/p>\n\n\t\t<style type=\"text\/css\">\n\t\t\t#gallery-1 {\n\t\t\t\tmargin: auto;\n\t\t\t}\n\t\t\t#gallery-1 .gallery-item {\n\t\t\t\tfloat: left;\n\t\t\t\tmargin-top: 10px;\n\t\t\t\ttext-align: center;\n\t\t\t\twidth: 50%;\n\t\t\t}\n\t\t\t#gallery-1 img {\n\t\t\t\tborder: 2px solid #cfcfcf;\n\t\t\t}\n\t\t\t#gallery-1 .gallery-caption {\n\t\t\t\tmargin-left: 0;\n\t\t\t}\n\t\t\t\/* see gallery_shortcode() in wp-includes\/media.php *\/\n\t\t<\/style>\n\t\t<div id='gallery-1' class='gallery galleryid-126 gallery-columns-2 gallery-size-medium'><dl class='gallery-item'>\n\t\t\t<dt class='gallery-icon landscape'>\n\t\t\t\t<a href='http:\/\/ocean-vida.com\/de\/files\/2013\/09\/Chill-Out-Area-Ocean-Vida.jpg' rel=\"lightbox[126]\"><img loading=\"lazy\" decoding=\"async\" width=\"300\" height=\"214\" src=\"http:\/\/ocean-vida.com\/de\/files\/2013\/09\/Chill-Out-Area-Ocean-Vida-300x214.jpg\" class=\"attachment-medium size-medium\" alt=\"Chill-Out-Area-Ocean-Vida\" \/><\/a>\n\t\t\t<\/dt><\/dl><dl class='gallery-item'>\n\t\t\t<dt class='gallery-icon landscape'>\n\t\t\t\t<a href='http:\/\/ocean-vida.com\/de\/files\/2013\/09\/Malapascua-Ocean-Vida.jpg' rel=\"lightbox[126]\"><img loading=\"lazy\" decoding=\"async\" width=\"300\" height=\"214\" src=\"http:\/\/ocean-vida.com\/de\/files\/2013\/09\/Malapascua-Ocean-Vida-300x214.jpg\" class=\"attachment-medium size-medium\" alt=\"\" \/><\/a>\n\t\t\t<\/dt><\/dl><br style=\"clear: both\" \/><dl class='gallery-item'>\n\t\t\t<dt class='gallery-icon landscape'>\n\t\t\t\t<a href='http:\/\/ocean-vida.com\/de\/files\/2013\/09\/Sunset-Chill-Out-Area-Ocean-Vida.jpg' rel=\"lightbox[126]\"><img loading=\"lazy\" decoding=\"async\" width=\"300\" height=\"214\" src=\"http:\/\/ocean-vida.com\/de\/files\/2013\/09\/Sunset-Chill-Out-Area-Ocean-Vida-300x214.jpg\" class=\"attachment-medium size-medium\" alt=\"\" \/><\/a>\n\t\t\t<\/dt><\/dl><dl class='gallery-item'>\n\t\t\t<dt class='gallery-icon landscape'>\n\t\t\t\t<a href='http:\/\/ocean-vida.com\/de\/files\/2013\/09\/Sunset-Chill-Out-Area-2-Ocean-Vida.jpg' rel=\"lightbox[126]\"><img loading=\"lazy\" decoding=\"async\" width=\"300\" height=\"214\" src=\"http:\/\/ocean-vida.com\/de\/files\/2013\/09\/Sunset-Chill-Out-Area-2-Ocean-Vida-300x214.jpg\" class=\"attachment-medium size-medium\" alt=\"\" \/><\/a>\n\t\t\t<\/dt><\/dl><br style=\"clear: both\" \/><dl class='gallery-item'>\n\t\t\t<dt class='gallery-icon landscape'>\n\t\t\t\t<a href='http:\/\/ocean-vida.com\/de\/files\/2013\/09\/Malapascua-Ocean-Vida-2.jpg' rel=\"lightbox[126]\"><img loading=\"lazy\" decoding=\"async\" width=\"300\" height=\"214\" src=\"http:\/\/ocean-vida.com\/de\/files\/2013\/09\/Malapascua-Ocean-Vida-2-300x214.jpg\" class=\"attachment-medium size-medium\" alt=\"\" \/><\/a>\n\t\t\t<\/dt><\/dl><dl class='gallery-item'>\n\t\t\t<dt class='gallery-icon landscape'>\n\t\t\t\t<a href='http:\/\/ocean-vida.com\/de\/files\/2013\/09\/Night-Time-Ocean-Vida.jpg' rel=\"lightbox[126]\"><img loading=\"lazy\" decoding=\"async\" width=\"300\" height=\"214\" src=\"http:\/\/ocean-vida.com\/de\/files\/2013\/09\/Night-Time-Ocean-Vida-300x214.jpg\" class=\"attachment-medium size-medium\" alt=\"Night-Time-Ocean-Vida\" \/><\/a>\n\t\t\t<\/dt><\/dl><br style=\"clear: both\" \/>\n\t\t<\/div>\n\n","protected":false},"excerpt":{"rendered":"<p>Chill Out Area Zwischen 15.00 Uhr und 23.00 Uhr k\u00f6nnen Sie in Sitzs\u00e4cken oder an kleinen Tischen am Strand relaxen. Lampions h\u00e4ngen in den Palmen und sorgen f\u00fcr eine perfekte Belichtung. Es ist eine unvergessliche und einmalige Atmosph\u00e4re auf ganz Malapascua. Ein \u201eMuss\u201c f\u00fcr jeden der auf Malapascua seinen Urlaub verbringt.<\/p>\n","protected":false},"author":1,"featured_media":0,"parent":29,"menu_order":3,"comment_status":"open","ping_status":"open","template":"page-fullwidth.php","meta":{"footnotes":""},"class_list":["post-126","page","type-page","status-publish","hentry"],"yoast_head":"<!-- This site is optimized with the Yoast SEO plugin v26.4 - https:\/\/yoast.com\/wordpress\/plugins\/seo\/ -->\n<title>Chill Out Area<\/title>\n<meta name=\"description\" content=\"Chill Out Area Zwischen 15.00 Uhr und 23.00 Uhr k\u00f6nnen Sie in Sitzs\u00e4cken oder an kleinen Tischen am Strand relaxen. Lampions h\u00e4ngen in den Palmen und\" \/>\n<meta name=\"robots\" content=\"noindex, follow, max-snippet:-1, max-image-preview:large, max-video-preview:-1\" \/>\n<script type=\"application\/ld+json\" class=\"yoast-schema-graph\">{\"@context\":\"https:\/\/schema.org\",\"@graph\":[{\"@type\":\"WebPage\",\"@id\":\"http:\/\/ocean-vida.com\/de\/food-drinks\/chill-out-area\/\",\"url\":\"http:\/\/ocean-vida.com\/de\/food-drinks\/chill-out-area\/\",\"name\":\"Chill Out Area\",\"isPartOf\":{\"@id\":\"http:\/\/ocean-vida.com\/de\/#website\"},\"datePublished\":\"2013-09-19T07:43:37+00:00\",\"dateModified\":\"2013-09-19T07:53:12+00:00\",\"description\":\"Chill Out Area Zwischen 15.00 Uhr und 23.00 Uhr k\u00f6nnen Sie in Sitzs\u00e4cken oder an kleinen Tischen am Strand relaxen. Lampions h\u00e4ngen in den Palmen und\",\"breadcrumb\":{\"@id\":\"http:\/\/ocean-vida.com\/de\/food-drinks\/chill-out-area\/#breadcrumb\"},\"inLanguage\":\"en-US\",\"potentialAction\":[{\"@type\":\"ReadAction\",\"target\":[\"http:\/\/ocean-vida.com\/de\/food-drinks\/chill-out-area\/\"]}]},{\"@type\":\"BreadcrumbList\",\"@id\":\"http:\/\/ocean-vida.com\/de\/food-drinks\/chill-out-area\/#breadcrumb\",\"itemListElement\":[{\"@type\":\"ListItem\",\"position\":1,\"name\":\"Home\",\"item\":\"http:\/\/ocean-vida.com\/de\/\"},{\"@type\":\"ListItem\",\"position\":2,\"name\":\"Food &#038; Drinks\",\"item\":\"http:\/\/ocean-vida.com\/de\/food-drinks\/\"},{\"@type\":\"ListItem\",\"position\":3,\"name\":\"Chill Out Area\"}]},{\"@type\":\"WebSite\",\"@id\":\"http:\/\/ocean-vida.com\/de\/#website\",\"url\":\"http:\/\/ocean-vida.com\/de\/\",\"name\":\"Ocean Vida - German\",\"description\":\"Beach and Dive Resort\",\"potentialAction\":[{\"@type\":\"SearchAction\",\"target\":{\"@type\":\"EntryPoint\",\"urlTemplate\":\"http:\/\/ocean-vida.com\/de\/?s={search_term_string}\"},\"query-input\":{\"@type\":\"PropertyValueSpecification\",\"valueRequired\":true,\"valueName\":\"search_term_string\"}}],\"inLanguage\":\"en-US\"}]}<\/script>\n<!-- \/ Yoast SEO plugin. -->","yoast_head_json":{"title":"Chill Out Area","description":"Chill Out Area Zwischen 15.00 Uhr und 23.00 Uhr k\u00f6nnen Sie in Sitzs\u00e4cken oder an kleinen Tischen am Strand relaxen. Lampions h\u00e4ngen in den Palmen und","robots":{"index":"noindex","follow":"follow","max-snippet":"max-snippet:-1","max-image-preview":"max-image-preview:large","max-video-preview":"max-video-preview:-1"},"schema":{"@context":"https:\/\/schema.org","@graph":[{"@type":"WebPage","@id":"http:\/\/ocean-vida.com\/de\/food-drinks\/chill-out-area\/","url":"http:\/\/ocean-vida.com\/de\/food-drinks\/chill-out-area\/","name":"Chill Out Area","isPartOf":{"@id":"http:\/\/ocean-vida.com\/de\/#website"},"datePublished":"2013-09-19T07:43:37+00:00","dateModified":"2013-09-19T07:53:12+00:00","description":"Chill Out Area Zwischen 15.00 Uhr und 23.00 Uhr k\u00f6nnen Sie in Sitzs\u00e4cken oder an kleinen Tischen am Strand relaxen. Lampions h\u00e4ngen in den Palmen und","breadcrumb":{"@id":"http:\/\/ocean-vida.com\/de\/food-drinks\/chill-out-area\/#breadcrumb"},"inLanguage":"en-US","potentialAction":[{"@type":"ReadAction","target":["http:\/\/ocean-vida.com\/de\/food-drinks\/chill-out-area\/"]}]},{"@type":"BreadcrumbList","@id":"http:\/\/ocean-vida.com\/de\/food-drinks\/chill-out-area\/#breadcrumb","itemListElement":[{"@type":"ListItem","position":1,"name":"Home","item":"http:\/\/ocean-vida.com\/de\/"},{"@type":"ListItem","position":2,"name":"Food &#038; Drinks","item":"http:\/\/ocean-vida.com\/de\/food-drinks\/"},{"@type":"ListItem","position":3,"name":"Chill Out Area"}]},{"@type":"WebSite","@id":"http:\/\/ocean-vida.com\/de\/#website","url":"http:\/\/ocean-vida.com\/de\/","name":"Ocean Vida - German","description":"Beach and Dive Resort","potentialAction":[{"@type":"SearchAction","target":{"@type":"EntryPoint","urlTemplate":"http:\/\/ocean-vida.com\/de\/?s={search_term_string}"},"query-input":{"@type":"PropertyValueSpecification","valueRequired":true,"valueName":"search_term_string"}}],"inLanguage":"en-US"}]}},"_links":{"self":[{"href":"http:\/\/ocean-vida.com\/de\/wp-json\/wp\/v2\/pages\/126","targetHints":{"allow":["GET"]}}],"collection":[{"href":"http:\/\/ocean-vida.com\/de\/wp-json\/wp\/v2\/pages"}],"about":[{"href":"http:\/\/ocean-vida.com\/de\/wp-json\/wp\/v2\/types\/page"}],"author":[{"embeddable":true,"href":"http:\/\/ocean-vida.com\/de\/wp-json\/wp\/v2\/users\/1"}],"replies":[{"embeddable":true,"href":"http:\/\/ocean-vida.com\/de\/wp-json\/wp\/v2\/comments?post=126"}],"version-history":[{"count":4,"href":"http:\/\/ocean-vida.com\/de\/wp-json\/wp\/v2\/pages\/126\/revisions"}],"predecessor-version":[{"id":129,"href":"http:\/\/ocean-vida.com\/de\/wp-json\/wp\/v2\/pages\/126\/revisions\/129"}],"up":[{"embeddable":true,"href":"http:\/\/ocean-vida.com\/de\/wp-json\/wp\/v2\/pages\/29"}],"wp:attachment":[{"href":"http:\/\/ocean-vida.com\/de\/wp-json\/wp\/v2\/media?parent=126"}],"curies":[{"name":"wp","href":"https:\/\/api.w.org\/{rel}","templated":true}]}}