{"id":117,"date":"2013-09-19T07:32:52","date_gmt":"2013-09-19T07:32:52","guid":{"rendered":"http:\/\/ocean-vida.com\/de\/?page_id=117"},"modified":"2015-05-11T11:24:31","modified_gmt":"2015-05-11T11:24:31","slug":"beach-bar","status":"publish","type":"page","link":"http:\/\/ocean-vida.com\/de\/food-drinks\/beach-bar\/","title":{"rendered":"Beach Bar"},"content":{"rendered":"<h2>Beach Bar<\/h2>\n<p>An 365 Tagen im Jahr ist unsere Beach-Bar in der Zeit von 8.00 bis 23.00 Uhr ge\u00f6ffnet.<br \/>\nEine gro\u00dfe Auswahl von Softdrinks, Fruchts\u00e4ften sowie frischem Kokosnusssaft bis hin zu unseren empfehlenswerten Cocktails sind den ganzen Tag \u00fcber erh\u00e4ltlich.<\/p>\n\n\t\t<style type=\"text\/css\">\n\t\t\t#gallery-1 {\n\t\t\t\tmargin: auto;\n\t\t\t}\n\t\t\t#gallery-1 .gallery-item {\n\t\t\t\tfloat: left;\n\t\t\t\tmargin-top: 10px;\n\t\t\t\ttext-align: center;\n\t\t\t\twidth: 33%;\n\t\t\t}\n\t\t\t#gallery-1 img {\n\t\t\t\tborder: 2px solid #cfcfcf;\n\t\t\t}\n\t\t\t#gallery-1 .gallery-caption {\n\t\t\t\tmargin-left: 0;\n\t\t\t}\n\t\t\t\/* see gallery_shortcode() in wp-includes\/media.php *\/\n\t\t<\/style>\n\t\t<div id='gallery-1' class='gallery galleryid-117 gallery-columns-3 gallery-size-medium'><dl class='gallery-item'>\n\t\t\t<dt class='gallery-icon landscape'>\n\t\t\t\t<a href='http:\/\/ocean-vida.com\/de\/files\/2013\/09\/Beach-Bar-Ocean-Vida.jpg' rel=\"lightbox[117]\"><img loading=\"lazy\" decoding=\"async\" width=\"300\" height=\"214\" src=\"http:\/\/ocean-vida.com\/de\/files\/2013\/09\/Beach-Bar-Ocean-Vida-300x214.jpg\" class=\"attachment-medium size-medium\" alt=\"Beach-Bar-Ocean-Vida\" \/><\/a>\n\t\t\t<\/dt><\/dl><dl class='gallery-item'>\n\t\t\t<dt class='gallery-icon landscape'>\n\t\t\t\t<a href='http:\/\/ocean-vida.com\/de\/files\/2013\/09\/Sunset-Ocean-Vida1.jpg' rel=\"lightbox[117]\"><img loading=\"lazy\" decoding=\"async\" width=\"300\" height=\"214\" src=\"http:\/\/ocean-vida.com\/de\/files\/2013\/09\/Sunset-Ocean-Vida1-300x214.jpg\" class=\"attachment-medium size-medium\" alt=\"Ocean Vida Sunset\" \/><\/a>\n\t\t\t<\/dt><\/dl><dl class='gallery-item'>\n\t\t\t<dt class='gallery-icon landscape'>\n\t\t\t\t<a href='http:\/\/ocean-vida.com\/de\/files\/2013\/09\/cocktail-Ocean-Vida-Malapascua-v3.jpg' rel=\"lightbox[117]\"><img loading=\"lazy\" decoding=\"async\" width=\"300\" height=\"214\" src=\"http:\/\/ocean-vida.com\/de\/files\/2013\/09\/cocktail-Ocean-Vida-Malapascua-v3-300x214.jpg\" class=\"attachment-medium size-medium\" alt=\"\" \/><\/a>\n\t\t\t<\/dt><\/dl><br style=\"clear: both\" \/>\n\t\t<\/div>\n\n","protected":false},"excerpt":{"rendered":"<p>Beach Bar An 365 Tagen im Jahr ist unsere Beach-Bar in der Zeit von 8.00 bis 23.00 Uhr ge\u00f6ffnet. Eine gro\u00dfe Auswahl von Softdrinks, Fruchts\u00e4ften sowie frischem Kokosnusssaft bis hin zu unseren empfehlenswerten Cocktails sind den ganzen Tag \u00fcber erh\u00e4ltlich.<\/p>\n","protected":false},"author":1,"featured_media":0,"parent":29,"menu_order":2,"comment_status":"open","ping_status":"open","template":"","meta":{"footnotes":""},"class_list":["post-117","page","type-page","status-publish","hentry"],"yoast_head":"<!-- This site is optimized with the Yoast SEO plugin v26.4 - https:\/\/yoast.com\/wordpress\/plugins\/seo\/ -->\n<title>Beach Bar<\/title>\n<meta name=\"description\" content=\"Beach Bar An 365 Tagen im Jahr ist unsere Beach-Bar in der Zeit von 8.00 bis 23.00 Uhr ge\u00f6ffnet. Eine gro\u00dfe Auswahl von Softdrinks, Fruchts\u00e4ften sowie\" \/>\n<meta name=\"robots\" content=\"noindex, follow, max-snippet:-1, max-image-preview:large, max-video-preview:-1\" \/>\n<script type=\"application\/ld+json\" class=\"yoast-schema-graph\">{\"@context\":\"https:\/\/schema.org\",\"@graph\":[{\"@type\":\"WebPage\",\"@id\":\"http:\/\/ocean-vida.com\/de\/food-drinks\/beach-bar\/\",\"url\":\"http:\/\/ocean-vida.com\/de\/food-drinks\/beach-bar\/\",\"name\":\"Beach Bar\",\"isPartOf\":{\"@id\":\"http:\/\/ocean-vida.com\/de\/#website\"},\"datePublished\":\"2013-09-19T07:32:52+00:00\",\"dateModified\":\"2015-05-11T11:24:31+00:00\",\"description\":\"Beach Bar An 365 Tagen im Jahr ist unsere Beach-Bar in der Zeit von 8.00 bis 23.00 Uhr ge\u00f6ffnet. Eine gro\u00dfe Auswahl von Softdrinks, Fruchts\u00e4ften sowie\",\"breadcrumb\":{\"@id\":\"http:\/\/ocean-vida.com\/de\/food-drinks\/beach-bar\/#breadcrumb\"},\"inLanguage\":\"en-US\",\"potentialAction\":[{\"@type\":\"ReadAction\",\"target\":[\"http:\/\/ocean-vida.com\/de\/food-drinks\/beach-bar\/\"]}]},{\"@type\":\"BreadcrumbList\",\"@id\":\"http:\/\/ocean-vida.com\/de\/food-drinks\/beach-bar\/#breadcrumb\",\"itemListElement\":[{\"@type\":\"ListItem\",\"position\":1,\"name\":\"Home\",\"item\":\"http:\/\/ocean-vida.com\/de\/\"},{\"@type\":\"ListItem\",\"position\":2,\"name\":\"Food &#038; Drinks\",\"item\":\"http:\/\/ocean-vida.com\/de\/food-drinks\/\"},{\"@type\":\"ListItem\",\"position\":3,\"name\":\"Beach Bar\"}]},{\"@type\":\"WebSite\",\"@id\":\"http:\/\/ocean-vida.com\/de\/#website\",\"url\":\"http:\/\/ocean-vida.com\/de\/\",\"name\":\"Ocean Vida - German\",\"description\":\"Beach and Dive Resort\",\"potentialAction\":[{\"@type\":\"SearchAction\",\"target\":{\"@type\":\"EntryPoint\",\"urlTemplate\":\"http:\/\/ocean-vida.com\/de\/?s={search_term_string}\"},\"query-input\":{\"@type\":\"PropertyValueSpecification\",\"valueRequired\":true,\"valueName\":\"search_term_string\"}}],\"inLanguage\":\"en-US\"}]}<\/script>\n<!-- \/ Yoast SEO plugin. -->","yoast_head_json":{"title":"Beach Bar","description":"Beach Bar An 365 Tagen im Jahr ist unsere Beach-Bar in der Zeit von 8.00 bis 23.00 Uhr ge\u00f6ffnet. Eine gro\u00dfe Auswahl von Softdrinks, Fruchts\u00e4ften sowie","robots":{"index":"noindex","follow":"follow","max-snippet":"max-snippet:-1","max-image-preview":"max-image-preview:large","max-video-preview":"max-video-preview:-1"},"schema":{"@context":"https:\/\/schema.org","@graph":[{"@type":"WebPage","@id":"http:\/\/ocean-vida.com\/de\/food-drinks\/beach-bar\/","url":"http:\/\/ocean-vida.com\/de\/food-drinks\/beach-bar\/","name":"Beach Bar","isPartOf":{"@id":"http:\/\/ocean-vida.com\/de\/#website"},"datePublished":"2013-09-19T07:32:52+00:00","dateModified":"2015-05-11T11:24:31+00:00","description":"Beach Bar An 365 Tagen im Jahr ist unsere Beach-Bar in der Zeit von 8.00 bis 23.00 Uhr ge\u00f6ffnet. Eine gro\u00dfe Auswahl von Softdrinks, Fruchts\u00e4ften sowie","breadcrumb":{"@id":"http:\/\/ocean-vida.com\/de\/food-drinks\/beach-bar\/#breadcrumb"},"inLanguage":"en-US","potentialAction":[{"@type":"ReadAction","target":["http:\/\/ocean-vida.com\/de\/food-drinks\/beach-bar\/"]}]},{"@type":"BreadcrumbList","@id":"http:\/\/ocean-vida.com\/de\/food-drinks\/beach-bar\/#breadcrumb","itemListElement":[{"@type":"ListItem","position":1,"name":"Home","item":"http:\/\/ocean-vida.com\/de\/"},{"@type":"ListItem","position":2,"name":"Food &#038; Drinks","item":"http:\/\/ocean-vida.com\/de\/food-drinks\/"},{"@type":"ListItem","position":3,"name":"Beach Bar"}]},{"@type":"WebSite","@id":"http:\/\/ocean-vida.com\/de\/#website","url":"http:\/\/ocean-vida.com\/de\/","name":"Ocean Vida - German","description":"Beach and Dive Resort","potentialAction":[{"@type":"SearchAction","target":{"@type":"EntryPoint","urlTemplate":"http:\/\/ocean-vida.com\/de\/?s={search_term_string}"},"query-input":{"@type":"PropertyValueSpecification","valueRequired":true,"valueName":"search_term_string"}}],"inLanguage":"en-US"}]}},"_links":{"self":[{"href":"http:\/\/ocean-vida.com\/de\/wp-json\/wp\/v2\/pages\/117","targetHints":{"allow":["GET"]}}],"collection":[{"href":"http:\/\/ocean-vida.com\/de\/wp-json\/wp\/v2\/pages"}],"about":[{"href":"http:\/\/ocean-vida.com\/de\/wp-json\/wp\/v2\/types\/page"}],"author":[{"embeddable":true,"href":"http:\/\/ocean-vida.com\/de\/wp-json\/wp\/v2\/users\/1"}],"replies":[{"embeddable":true,"href":"http:\/\/ocean-vida.com\/de\/wp-json\/wp\/v2\/comments?post=117"}],"version-history":[{"count":7,"href":"http:\/\/ocean-vida.com\/de\/wp-json\/wp\/v2\/pages\/117\/revisions"}],"predecessor-version":[{"id":483,"href":"http:\/\/ocean-vida.com\/de\/wp-json\/wp\/v2\/pages\/117\/revisions\/483"}],"up":[{"embeddable":true,"href":"http:\/\/ocean-vida.com\/de\/wp-json\/wp\/v2\/pages\/29"}],"wp:attachment":[{"href":"http:\/\/ocean-vida.com\/de\/wp-json\/wp\/v2\/media?parent=117"}],"curies":[{"name":"wp","href":"https:\/\/api.w.org\/{rel}","templated":true}]}}